{"id":14297,"date":"2023-10-04T08:27:39","date_gmt":"2023-10-04T08:27:39","guid":{"rendered":"http:\/\/labostera.lt\/?post_type=product&#038;p=14297"},"modified":"2024-01-15T13:06:30","modified_gmt":"2024-01-15T13:06:30","slug":"precizines-svarstykles-gram-fc-series-precision-scales","status":"publish","type":"product","link":"https:\/\/labostera.lt\/lv\/priemones-ir-iranga\/laboratorine-iranga\/bendra-laboratorine-iranga\/svarstykles\/precizines-svarstykles\/precizines-svarstykles-gram-fc-series-precision-scales\/","title":{"rendered":"Prec\u012bzijas svari GRAM FC s\u0113rijas prec\u012bzijas svari"},"content":{"rendered":"<h2><strong>GRAM Precision SL FC s\u0113rijas prec\u012bzijas svari<\/strong><\/h2>\n<p>Prec\u012bzijas svaru raksturojums:<\/p>\n<ul>\n<li>Laboratorijas svaru kvalit\u0101tes kontrole;<\/li>\n<li>Apgaismots LCD displejs ar 17 mm cipariem;<\/li>\n<li>Sp\u0113ja apr\u0113\u0137in\u0101t, izmantojot nor\u0101d\u012bt\u0101s formulas, un izdruk\u0101t ar \u0101r\u0113ju printeri;<\/li>\n<li>Iesp\u0113ja izveidot savienojumu ar datoru, izmantojot RS232C, un eksport\u0113t rezult\u0101tus uz tabul\u0101m;<\/li>\n<li>Fiziskas pogas ar pamatfunkcij\u0101m;<\/li>\n<li>Kop\u0113j\u0101s taras apr\u0113\u0137in\u0101\u0161ana no produktiem;<\/li>\n<li>Produkta vien\u012bbu skait\u012b\u0161ana;<\/li>\n<li>Izgatavots no iztur\u012bgas ABS plastmasas, alum\u012bnija un ner\u016bs\u0113jo\u0161\u0101 t\u0113rauda.<\/li>\n<\/ul>\n<h3>Uzticami laboratorijas svari \u2013 <a href=\"http:\/\/labostera.lt\/lv\/product-brand\/gram-precision-s-l\/\" target=\"_blank\" rel=\"noopener\">GRAM Precision SL<\/a> FC s\u0113rijas prec\u012bzijas svari.<\/h3>\n<p>Vair\u0101k inform\u0101cijas: <strong><a href=\"https:\/\/gram-group.com\/product\/gram-fc\/\" target=\"_blank\" rel=\"noopener nofollow\">ra\u017eot\u0101ja t\u012bmek\u013ca vietn\u0113<\/a><\/strong> vai nos\u016btiet mums piepras\u012bjumu!<\/p>","protected":false},"excerpt":{"rendered":"<p><strong>Pied\u0101v\u0101jam pla\u0161u svaru izv\u0113li no Sp\u0101nijas ra\u017eot\u0101ja &quot;GRAM Precision SL&quot;<\/strong>, kura uz\u0146\u0113mums koncentr\u0113jas uz produktu un procesu efektivit\u0101tes nep\u0101rtrauktu uzlabo\u0161anu, cen\u0161oties pied\u0101v\u0101t lab\u0101kos tehnolo\u0123iskos risin\u0101jumus medic\u012bnas, tehniski zin\u0101tnisk\u0101s p\u0113tniec\u012bbas un r\u016bpniec\u012bbas nozar\u0113m kopum\u0101.<\/p>","protected":false},"featured_media":14302,"template":"","meta":[],"product_cat":[84,76,194,129],"product_tag":[193,192,191],"class_list":{"0":"post-14297","1":"product","2":"type-product","3":"status-publish","4":"has-post-thumbnail","6":"product_brand-gram-precision-s-l","7":"product_cat-bendra-laboratorine-iranga","8":"product_cat-laboratorine-iranga","9":"product_cat-precizines-svarstykles","10":"product_cat-svarstykles","11":"product_tag-gram-precision-s-l","12":"product_tag-precision-scales","13":"product_tag-precizines-svarstykles","15":"first","16":"onbackorder","17":"shipping-taxable","18":"purchasable","19":"product-type-variable"},"_links":{"self":[{"href":"https:\/\/labostera.lt\/lv\/wp-json\/wp\/v2\/product\/14297","targetHints":{"allow":["GET"]}}],"collection":[{"href":"https:\/\/labostera.lt\/lv\/wp-json\/wp\/v2\/product"}],"about":[{"href":"https:\/\/labostera.lt\/lv\/wp-json\/wp\/v2\/types\/product"}],"wp:featuredmedia":[{"embeddable":true,"href":"https:\/\/labostera.lt\/lv\/wp-json\/wp\/v2\/media\/14302"}],"wp:attachment":[{"href":"https:\/\/labostera.lt\/lv\/wp-json\/wp\/v2\/media?parent=14297"}],"wp:term":[{"taxonomy":"product_cat","embeddable":true,"href":"https:\/\/labostera.lt\/lv\/wp-json\/wp\/v2\/product_cat?post=14297"},{"taxonomy":"product_tag","embeddable":true,"href":"https:\/\/labostera.lt\/lv\/wp-json\/wp\/v2\/product_tag?post=14297"}],"curies":[{"name":"wp","href":"https:\/\/api.w.org\/{rel}","templated":true}]}}