{"id":14284,"date":"2023-10-04T07:52:10","date_gmt":"2023-10-04T07:52:10","guid":{"rendered":"http:\/\/labostera.lt\/?post_type=product&#038;p=14284"},"modified":"2024-01-15T12:55:41","modified_gmt":"2024-01-15T12:55:41","slug":"precizines-svarstykles-gram-ac-series-precision-scales","status":"publish","type":"product","link":"https:\/\/labostera.lt\/lv\/priemones-ir-iranga\/laboratorine-iranga\/bendra-laboratorine-iranga\/svarstykles\/precizines-svarstykles\/precizines-svarstykles-gram-ac-series-precision-scales\/","title":{"rendered":"Prec\u012bzijas svari GRAM AC s\u0113rijas prec\u012bzijas svari"},"content":{"rendered":"<h2><strong>\u201eGRAM Precision SL AC s\u0113rijas prec\u012bzijas svari<\/strong><\/h2>\n<p>Prec\u012bzijas svaru raksturojums:<\/p>\n<ul>\n<li>Laboratorijas svaru kvalit\u0101tes kontrole;<\/li>\n<li>Fiziskas pogas ar pamatfunkcij\u0101m;<\/li>\n<li>Izgatavots no iztur\u012bgas ABS plastmasas un ner\u016bs\u0113jo\u0161\u0101 t\u0113rauda.<\/li>\n<\/ul>\n<p>M\u016bsu AC s\u0113rijas svari ir ne tikai uzticami, bet ar\u012b moderni. Tie ir piem\u0113roti da\u017e\u0101d\u0101m r\u016bpniec\u012bbas nozar\u0113m, tostarp medic\u012bnai un tehniski zin\u0101tniskajiem p\u0113t\u012bjumiem. Tie pied\u0101v\u0101 ar\u012b iesp\u0113ju eksport\u0113t rezult\u0101tus tabul\u0101s, nodro\u0161inot j\u016bsu \u0113rt\u012bbas un efektivit\u0101ti.<br \/>\nSvariem ir ar\u012b iztur\u012bga konstrukcija, kas ne tikai nodro\u0161ina ilgu kalpo\u0161anas laiku, bet ar\u012b veicina to augsto iztur\u012bbu. To apliecina m\u016bsu ap\u0146em\u0161an\u0101s nodro\u0161in\u0101t kvalit\u0101ti.<\/p>\n<h3>Uzticami laboratorijas svari \u2013 <a href=\"http:\/\/labostera.lt\/lv\/product-brand\/gram-precision-s-l\/\" target=\"_blank\" rel=\"noopener\">GRAM Precision SL<\/a> AC s\u0113rijas prec\u012bzijas svari.<\/h3>\n<p>Vair\u0101k inform\u0101cijas: <strong><a href=\"https:\/\/gram-group.com\/product\/gram-ac\/\" target=\"_blank\" rel=\"noopener nofollow\">ra\u017eot\u0101ja t\u012bmek\u013ca vietn\u0113<\/a><\/strong> vai nos\u016btiet mums piepras\u012bjumu!<\/p>","protected":false},"excerpt":{"rendered":"<p><strong>Pied\u0101v\u0101jam pla\u0161u svaru izv\u0113li no Sp\u0101nijas ra\u017eot\u0101ja &quot;GRAM Precision SL&quot;<\/strong>, kura uz\u0146\u0113mums koncentr\u0113jas uz produktu un procesu efektivit\u0101tes nep\u0101rtrauktu uzlabo\u0161anu, cen\u0161oties pied\u0101v\u0101t lab\u0101kos tehnolo\u0123iskos risin\u0101jumus medic\u012bnas, tehniski zin\u0101tnisk\u0101s p\u0113tniec\u012bbas un r\u016bpniec\u012bbas nozar\u0113m kopum\u0101.<\/p>","protected":false},"featured_media":14287,"template":"","meta":[],"product_cat":[84,76,194,129],"product_tag":[193,192,191],"class_list":{"0":"post-14284","1":"product","2":"type-product","3":"status-publish","4":"has-post-thumbnail","6":"product_brand-gram-precision-s-l","7":"product_cat-bendra-laboratorine-iranga","8":"product_cat-laboratorine-iranga","9":"product_cat-precizines-svarstykles","10":"product_cat-svarstykles","11":"product_tag-gram-precision-s-l","12":"product_tag-precision-scales","13":"product_tag-precizines-svarstykles","15":"first","16":"onbackorder","17":"shipping-taxable","18":"purchasable","19":"product-type-variable"},"_links":{"self":[{"href":"https:\/\/labostera.lt\/lv\/wp-json\/wp\/v2\/product\/14284","targetHints":{"allow":["GET"]}}],"collection":[{"href":"https:\/\/labostera.lt\/lv\/wp-json\/wp\/v2\/product"}],"about":[{"href":"https:\/\/labostera.lt\/lv\/wp-json\/wp\/v2\/types\/product"}],"wp:featuredmedia":[{"embeddable":true,"href":"https:\/\/labostera.lt\/lv\/wp-json\/wp\/v2\/media\/14287"}],"wp:attachment":[{"href":"https:\/\/labostera.lt\/lv\/wp-json\/wp\/v2\/media?parent=14284"}],"wp:term":[{"taxonomy":"product_cat","embeddable":true,"href":"https:\/\/labostera.lt\/lv\/wp-json\/wp\/v2\/product_cat?post=14284"},{"taxonomy":"product_tag","embeddable":true,"href":"https:\/\/labostera.lt\/lv\/wp-json\/wp\/v2\/product_tag?post=14284"}],"curies":[{"name":"wp","href":"https:\/\/api.w.org\/{rel}","templated":true}]}}