{"id":14190,"date":"2023-10-03T07:39:51","date_gmt":"2023-10-03T07:39:51","guid":{"rendered":"http:\/\/labostera.lt\/?post_type=product&#038;p=14190"},"modified":"2024-01-18T07:10:06","modified_gmt":"2024-01-18T07:10:06","slug":"kraujo-plazmos-inkubatorius-kw-blood-line-plasma-incubator","status":"publish","type":"product","link":"https:\/\/labostera.lt\/lv\/priemones-ir-iranga\/laboratorine-iranga\/bendra-laboratorine-iranga\/inkubatoriai-ir-klimatines-kameros\/kraujo-plazmos-inkubatorius-kw-blood-line-plasma-incubator\/","title":{"rendered":"Asins plazmas inkubators KW asins l\u012bnijas plazmas inkubators"},"content":{"rendered":"<h2><strong>\u201eKW Apparecchi Scientifici Srl\u201d Blood Line asins plazmas inkubators<\/strong><\/h2>\n<p>Asins plazmas inkubatoru raksturojums:<\/p>\n<ul>\n<li>Ier\u012bces ar medic\u012bnisko sertifik\u0101tu <strong>ES 2017\/745 MDR I klase<\/strong>, asins plazmas inkub\u0101cijai un krat\u012b\u0161anai;<\/li>\n<li>Apr\u012bkots ar sensoru trauksmi;<\/li>\n<li>Da\u017e\u0101du veidu krat\u0101mie maisi\u0146iem no 24 l\u012bdz 180 gabaliem;<\/li>\n<li>Asins plazmas inkubatori ir izgatavoti no ner\u016bs\u0113jo\u0161\u0101 t\u0113rauda, herm\u0113tiskumu nodro\u0161ina PUR putas vai miner\u0101lvate;<\/li>\n<li>Pla\u0161s da\u017e\u0101du veidu, izm\u0113ru un dizainu kl\u0101sts, lai apmierin\u0101tu j\u016bsu \u012bpa\u0161\u0101s vajadz\u012bbas.<\/li>\n<\/ul>\n<h3>Tiek nodro\u0161in\u0101ta efekt\u012bva asins plazmas inkub\u0101cija \u2013 <a href=\"http:\/\/labostera.lt\/lv\/product-brand\/kw-apparecchi-scientifici-s-r-l\/\" target=\"_blank\" rel=\"noopener\">KW zin\u0101tnisk\u0101 iek\u0101rta Srl<\/a> Asins l\u012bnija \u2013 asins plazmas inkubatori.<\/h3>\n<p>Vair\u0101k inform\u0101cijas: <strong><a href=\"https:\/\/www.kwkw.it\/en\/products\/blood-line\/\" target=\"_blank\" rel=\"noopener nofollow\">ra\u017eot\u0101ja t\u012bmek\u013ca vietn\u0113<\/a><\/strong> vai nos\u016btiet mums piepras\u012bjumu!<\/p>","protected":false},"excerpt":{"rendered":"<p><strong>Pied\u0101v\u0101jam pla\u0161u ledusskapju un sald\u0113tavu izv\u0113li no It\u0101lijas ra\u017eot\u0101ja &quot;KW Apparecchi Scientifici Srl&quot;\u201e<\/strong>, kura uz\u0146\u0113mums koncentr\u0113jas uz produktu un procesu efektivit\u0101tes nep\u0101rtrauktu uzlabo\u0161anu, cen\u0161oties pied\u0101v\u0101t lab\u0101kos tehnolo\u0123iskos risin\u0101jumus medic\u012bnas, tehniski zin\u0101tnisk\u0101s p\u0113tniec\u012bbas un r\u016bpniec\u012bbas nozar\u0113m kopum\u0101.<\/p>","protected":false},"featured_media":14192,"template":"","meta":[],"product_cat":[84,117,76,77],"product_tag":[175,186,188,615,616,165,172,173],"class_list":{"0":"post-14190","1":"product","2":"type-product","3":"status-publish","4":"has-post-thumbnail","6":"product_brand-kw-apparecchi-scientifici-s-r-l","7":"product_cat-bendra-laboratorine-iranga","8":"product_cat-inkubatoriai-ir-klimatines-kameros","9":"product_cat-laboratorine-iranga","10":"product_cat-medicinines-priemones-ir-iranga","11":"product_tag-blood-line","12":"product_tag-incubators","13":"product_tag-inkubatoriai","14":"product_tag-kraujo-plazmos-inkubatoriai","15":"product_tag-kraujo-plazmos-inkubatorius","16":"product_tag-kw-apparecchi-scientifici-s-r-l","17":"product_tag-plasma","18":"product_tag-plazma","20":"first","21":"onbackorder","22":"shipping-taxable","23":"purchasable","24":"product-type-variable"},"_links":{"self":[{"href":"https:\/\/labostera.lt\/lv\/wp-json\/wp\/v2\/product\/14190","targetHints":{"allow":["GET"]}}],"collection":[{"href":"https:\/\/labostera.lt\/lv\/wp-json\/wp\/v2\/product"}],"about":[{"href":"https:\/\/labostera.lt\/lv\/wp-json\/wp\/v2\/types\/product"}],"wp:featuredmedia":[{"embeddable":true,"href":"https:\/\/labostera.lt\/lv\/wp-json\/wp\/v2\/media\/14192"}],"wp:attachment":[{"href":"https:\/\/labostera.lt\/lv\/wp-json\/wp\/v2\/media?parent=14190"}],"wp:term":[{"taxonomy":"product_cat","embeddable":true,"href":"https:\/\/labostera.lt\/lv\/wp-json\/wp\/v2\/product_cat?post=14190"},{"taxonomy":"product_tag","embeddable":true,"href":"https:\/\/labostera.lt\/lv\/wp-json\/wp\/v2\/product_tag?post=14190"}],"curies":[{"name":"wp","href":"https:\/\/api.w.org\/{rel}","templated":true}]}}