{"id":14186,"date":"2023-10-03T06:54:32","date_gmt":"2023-10-03T06:54:32","guid":{"rendered":"http:\/\/labostera.lt\/?post_type=product&#038;p=14186"},"modified":"2024-01-16T13:33:16","modified_gmt":"2024-01-16T13:33:16","slug":"kraujo-plazmos-ir-kamieniniu-lasteliu-atitirpdytuvas-kw-blood-line-plasma-and-stem-cells-thawer","status":"publish","type":"product","link":"https:\/\/labostera.lt\/lv\/priemones-ir-iranga\/laboratorine-iranga\/bendra-laboratorine-iranga\/plazmos-atitirpdytuvai\/kraujo-plazmos-ir-kamieniniu-lasteliu-atitirpdytuvas-kw-blood-line-plasma-and-stem-cells-thawer\/","title":{"rendered":"KW asins l\u012bnijas plazmas un cilmes \u0161\u016bnu atkaus\u0113t\u0101js"},"content":{"rendered":"<h2><strong>KW Apparecchi Scientifici Srl Blood Line asins plazmas un cilmes \u0161\u016bnu atkaus\u0113t\u0101js<\/strong><\/h2>\n<p>Asins plazmas un cilmes \u0161\u016bnu atkaus\u0113t\u0101ju raksturojums:<\/p>\n<ul>\n<li>Sald\u0113\u0161anas iek\u0101rtas ar medic\u012bnisko sertifik\u0101tu <strong>ES 2017\/745 MDR I klase<\/strong>, paredz\u0113ts asins plazmas un cilmes \u0161\u016bnu atkaus\u0113\u0161anai.<\/li>\n<li>Temperat\u016bras diapazons: <strong>no -90\u00b0C<\/strong> l\u012bdz <strong>+4\u00b0C<\/strong>.<\/li>\n<li>Asins plazmas un cilmes \u0161\u016bnu atkaus\u0113t\u0101jiem ir perfekti izol\u0113tas strukt\u016bras, kas nodro\u0161ina stabilu un dro\u0161u temperat\u016bras kontroli.<\/li>\n<li>Produkti ir izgatavoti no ner\u016bs\u0113jo\u0161\u0101 t\u0113rauda un antibakteri\u0101las plastmasas, nodro\u0161inot higi\u0113nu un iztur\u012bbu.<\/li>\n<li>Pla\u0161s da\u017e\u0101du veidu, izm\u0113ru un dizainu kl\u0101sts \u013cauj izv\u0113l\u0113ties optim\u0101lo modeli, \u0146emot v\u0113r\u0101 konkr\u0113t\u0101s vajadz\u012bbas.<\/li>\n<li>Ier\u012bces konstrukcija atvieglo atsevi\u0161\u0137u plazmas maisi\u0146u sausu atkaus\u0113\u0161anu, nodro\u0161inot maksim\u0101lu dro\u0161\u012bbu un caursp\u012bd\u012bgumu.<\/li>\n<li>Piln\u012bga plazmas maisi\u0146u un sild\u012b\u0161anas \u016bdens atdal\u012b\u0161ana nodro\u0161ina, ka katra atkaus\u0113\u0161anas proced\u016bra ir efekt\u012bva un kontrol\u0113ta.<\/li>\n<li>\u0112rta t\u012br\u012b\u0161ana \u2013 kabatas ir viegli iz\u0146emt un mazg\u0101t, un ner\u016bs\u0113jo\u0161ais t\u0113rauds un antibakteri\u0101la plastmasa samazina bakt\u0113riju aug\u0161anas risku.<\/li>\n<\/ul>\n<h3>Dro\u0161a atkaus\u0113\u0161ana ir garant\u0113ta \u2013 <a href=\"http:\/\/labostera.lt\/lv\/product-brand\/kw-apparecchi-scientifici-s-r-l\/\" target=\"_blank\" rel=\"noopener\">KW zin\u0101tnisk\u0101 iek\u0101rta Srl<\/a> Blood Line \u2013 asins plazmas un cilmes \u0161\u016bnu atkaus\u0113t\u0101ji.<\/h3>\n<p>Vair\u0101k inform\u0101cijas: <strong><a href=\"https:\/\/www.kwkw.it\/en\/products\/blood-line\/\" target=\"_blank\" rel=\"noopener nofollow\">ra\u017eot\u0101ja t\u012bmek\u013ca vietn\u0113<\/a><\/strong> vai nos\u016btiet mums piepras\u012bjumu!<\/p>","protected":false},"excerpt":{"rendered":"<p><strong>KW Apparecchi Scientifici Srl Blood Line asins plazmas un cilmes \u0161\u016bnu atkaus\u0113t\u0101ji ir medic\u012bniskas klases ier\u012bces, kas paredz\u0113tas asins plazmas un cilmes \u0161\u016bnu atkaus\u0113\u0161anai un ir veidoti ar it\u0101\u013cu dizainu.<\/strong> Tiem ir piln\u012bga plazmas maisi\u0146u un sild\u012b\u0161anas \u016bdens atdal\u012b\u0161ana, nodro\u0161inot maksim\u0101lu dro\u0161\u012bbu. Viegli t\u012br\u0101mas kabatas un \u0113rta lieto\u0161ana, savuk\u0101rt ra\u017eo\u0161an\u0101 izmantotais ner\u016bs\u0113jo\u0161ais t\u0113rauds un antibakteri\u0101l\u0101 plastmasa nodro\u0161ina iztur\u012bbu.<\/p>","protected":false},"featured_media":14187,"template":"","meta":[],"product_cat":[84,76,77,230],"product_tag":[168,178,175,177,601,600,165,172,173,176,169],"class_list":{"0":"post-14186","1":"product","2":"type-product","3":"status-publish","4":"has-post-thumbnail","6":"product_brand-kw-apparecchi-scientifici-s-r-l","7":"product_cat-bendra-laboratorine-iranga","8":"product_cat-laboratorine-iranga","9":"product_cat-medicinines-priemones-ir-iranga","10":"product_cat-plazmos-atitirpdytuvai","11":"product_tag-atitirpdytuvai","12":"product_tag-atsildytuvas","13":"product_tag-blood-line","14":"product_tag-kamienines-lasteles","15":"product_tag-kraujo-plazmos-ir-kamieniniu-lasteliu-atitirpdytuvai","16":"product_tag-kraujo-plazmos-ir-kamieniniu-lasteliu-atitirpdytuvas","17":"product_tag-kw-apparecchi-scientifici-s-r-l","18":"product_tag-plasma","19":"product_tag-plazma","20":"product_tag-stem-cells","21":"product_tag-thawers","23":"first","24":"onbackorder","25":"shipping-taxable","26":"purchasable","27":"product-type-variable"},"_links":{"self":[{"href":"https:\/\/labostera.lt\/lv\/wp-json\/wp\/v2\/product\/14186","targetHints":{"allow":["GET"]}}],"collection":[{"href":"https:\/\/labostera.lt\/lv\/wp-json\/wp\/v2\/product"}],"about":[{"href":"https:\/\/labostera.lt\/lv\/wp-json\/wp\/v2\/types\/product"}],"wp:featuredmedia":[{"embeddable":true,"href":"https:\/\/labostera.lt\/lv\/wp-json\/wp\/v2\/media\/14187"}],"wp:attachment":[{"href":"https:\/\/labostera.lt\/lv\/wp-json\/wp\/v2\/media?parent=14186"}],"wp:term":[{"taxonomy":"product_cat","embeddable":true,"href":"https:\/\/labostera.lt\/lv\/wp-json\/wp\/v2\/product_cat?post=14186"},{"taxonomy":"product_tag","embeddable":true,"href":"https:\/\/labostera.lt\/lv\/wp-json\/wp\/v2\/product_tag?post=14186"}],"curies":[{"name":"wp","href":"https:\/\/api.w.org\/{rel}","templated":true}]}}