{"id":14183,"date":"2023-10-03T06:33:57","date_gmt":"2023-10-03T06:33:57","guid":{"rendered":"http:\/\/labostera.lt\/?post_type=product&#038;p=14183"},"modified":"2024-01-16T13:30:31","modified_gmt":"2024-01-16T13:30:31","slug":"saldiklis-kw-blood-line-plasma-and-shock-plasma-freezer","status":"publish","type":"product","link":"https:\/\/labostera.lt\/lv\/priemones-ir-iranga\/laboratorine-iranga\/bendra-laboratorine-iranga\/saldymo-iranga\/saldikliai\/saldiklis-kw-blood-line-plasma-and-shock-plasma-freezer\/","title":{"rendered":"Sald\u0113tava KW Blood Line plazmas un \u0161oka plazmas sald\u0113tava"},"content":{"rendered":"<h2><strong>KW Apparecchi Scientifici Srl Blood Line sald\u0113tava<\/strong><\/h2>\n<p>Sald\u0113tavu raksturojums:<\/p>\n<ul>\n<li>Ar it\u0101\u013cu dizainu, <a href=\"http:\/\/labostera.lt\/lv\/product-brand\/kw-apparecchi-scientifici-s-r-l\/\" target=\"_blank\" rel=\"noopener\">KW zin\u0101tnisk\u0101 iek\u0101rta Srl<\/a> Blood Line sald\u0113\u0161anas iek\u0101rtas ir medic\u012bniskas klases sald\u0113\u0161anas risin\u0101jums temperat\u016brai no -90\u00b0C l\u012bdz +4\u00b0C.<\/li>\n<li>\u0160\u012bm sald\u0113\u0161anas iek\u0101rt\u0101m ir medic\u012bniskais sertifik\u0101ts 93\/42\u20132007\/47\/CE IIa klasei asins plazmas, biolo\u0123isko materi\u0101lu un z\u0101\u013cu uzglab\u0101\u0161anai. To temperat\u016bras diapazons no -90\u00b0C l\u012bdz +4\u00b0C nodro\u0161ina dro\u0161u un uzticamu uzglab\u0101\u0161anu.<\/li>\n<li>Produkti ir perfekti izol\u0113tas konstrukcijas, kas izgatavotas no ner\u016bs\u0113jo\u0161\u0101 t\u0113rauda, un pied\u0101v\u0101 pla\u0161u da\u017e\u0101du veidu, izm\u0113ru un dizainu izv\u0113li, lai apmierin\u0101tu j\u016bsu \u012bpa\u0161\u0101s vajadz\u012bbas.<\/li>\n<\/ul>\n<h3>Dro\u0161a un uzticama asins plazmas, biolo\u0123isko materi\u0101lu un z\u0101\u013cu uzglab\u0101\u0161ana \u2013 <a href=\"http:\/\/labostera.lt\/lv\/product-brand\/kw-apparecchi-scientifici-s-r-l\/\" target=\"_blank\" rel=\"noopener\">KW zin\u0101tnisk\u0101 iek\u0101rta Srl<\/a> Asinsl\u012bnija \u2013 sald\u0113tavas!<\/h3>\n<p>Vair\u0101k inform\u0101cijas: <strong><a href=\"https:\/\/www.kwkw.it\/en\/products\/blood-line\/\" target=\"_blank\" rel=\"noopener nofollow\">ra\u017eot\u0101ja t\u012bmek\u013ca vietn\u0113<\/a><\/strong> vai nos\u016btiet mums piepras\u012bjumu!<\/p>","protected":false},"excerpt":{"rendered":"<p><strong>KW Apparecchi Scientifici Srl Blood Line sald\u0113tavas ar it\u0101\u013cu dizainu ir medic\u012bniskas klases sald\u0113\u0161anas risin\u0101jums no -90\u00b0C l\u012bdz +4\u00b0C.<\/strong> Sald\u0113tav\u0101m ir medic\u012bniskais sertifik\u0101ts 93\/42\u20132007\/47\/CE IIa klasei, kas nodro\u0161ina dro\u0161u asins plazmas, biolo\u0123isko materi\u0101lu un z\u0101\u013cu uzglab\u0101\u0161anu. Produkti ir perfekti izol\u0113tas konstrukcijas, kas izgatavotas no ner\u016bs\u0113jo\u0161\u0101 t\u0113rauda, un pied\u0101v\u0101 pla\u0161u da\u017e\u0101du veidu, izm\u0113ru un dizainu izv\u0113li, lai atbilstu j\u016bsu \u012bpa\u0161aj\u0101m vajadz\u012bb\u0101m.<\/p>","protected":false},"featured_media":14185,"template":"","meta":[],"product_cat":[84,76,77,227,128],"product_tag":[171,175,170,165,166,172,174,173,160,592],"class_list":{"0":"post-14183","1":"product","2":"type-product","3":"status-publish","4":"has-post-thumbnail","6":"product_brand-kw-apparecchi-scientifici-s-r-l","7":"product_cat-bendra-laboratorine-iranga","8":"product_cat-laboratorine-iranga","9":"product_cat-medicinines-priemones-ir-iranga","10":"product_cat-saldikliai","11":"product_cat-saldymo-iranga","12":"product_tag-blood-bank","13":"product_tag-blood-line","14":"product_tag-freezers","15":"product_tag-kw-apparecchi-scientifici-s-r-l","16":"product_tag-medicininiai-saldikliai","17":"product_tag-plasma","18":"product_tag-plasma-freezers","19":"product_tag-plazma","20":"product_tag-saldikliai","21":"product_tag-saldiklis","23":"first","24":"onbackorder","25":"shipping-taxable","26":"purchasable","27":"product-type-variable"},"_links":{"self":[{"href":"https:\/\/labostera.lt\/lv\/wp-json\/wp\/v2\/product\/14183","targetHints":{"allow":["GET"]}}],"collection":[{"href":"https:\/\/labostera.lt\/lv\/wp-json\/wp\/v2\/product"}],"about":[{"href":"https:\/\/labostera.lt\/lv\/wp-json\/wp\/v2\/types\/product"}],"wp:featuredmedia":[{"embeddable":true,"href":"https:\/\/labostera.lt\/lv\/wp-json\/wp\/v2\/media\/14185"}],"wp:attachment":[{"href":"https:\/\/labostera.lt\/lv\/wp-json\/wp\/v2\/media?parent=14183"}],"wp:term":[{"taxonomy":"product_cat","embeddable":true,"href":"https:\/\/labostera.lt\/lv\/wp-json\/wp\/v2\/product_cat?post=14183"},{"taxonomy":"product_tag","embeddable":true,"href":"https:\/\/labostera.lt\/lv\/wp-json\/wp\/v2\/product_tag?post=14183"}],"curies":[{"name":"wp","href":"https:\/\/api.w.org\/{rel}","templated":true}]}}