{"id":14180,"date":"2023-10-03T06:11:54","date_gmt":"2023-10-03T06:11:54","guid":{"rendered":"http:\/\/labostera.lt\/?post_type=product&#038;p=14180"},"modified":"2024-05-07T16:43:54","modified_gmt":"2024-05-07T13:43:54","slug":"laboratorinis-saldytuvas-kraujo-bankams-kw-blood-line-blood-bank-refrigerator","status":"publish","type":"product","link":"https:\/\/labostera.lt\/lv\/priemones-ir-iranga\/laboratorine-iranga\/bendra-laboratorine-iranga\/saldymo-iranga\/saldytuvai\/laboratorinis-saldytuvas-kraujo-bankams-kw-blood-line-blood-bank-refrigerator\/","title":{"rendered":"Laboratorijas ledusskapis asins bank\u0101m KW Blood Line asins bankas ledusskapis"},"content":{"rendered":"<h2><strong>KW Apparecchi Scientifici Srl Blood Line ledusskapis<\/strong><\/h2>\n<p>Ledusskapja raksturlielumi:<\/p>\n<ul>\n<li>Ar it\u0101\u013cu dizainu, <a href=\"http:\/\/labostera.lt\/lv\/product-brand\/kw-apparecchi-scientifici-s-r-l\/\" target=\"_blank\" rel=\"noopener\">KW zin\u0101tnisk\u0101 iek\u0101rta Srl<\/a> Blood Line ledusskapji ir sald\u0113\u0161anas iek\u0101rtas, kas sertific\u0113tas medic\u012bniskiem nol\u016bkiem.<\/li>\n<li>\u0160\u012bs sald\u0113\u0161anas iek\u0101rtas, kur\u0101m ir medic\u012bniskais sertifik\u0101ts 93\/42 \u2013 2007\/47\/CE IIa klase, ir paredz\u0113tas asins, biolo\u0123isko materi\u0101lu un z\u0101\u013cu uzglab\u0101\u0161anai. To temperat\u016bras diapazons +4\u00b0C \u00b12\u00b0C nodro\u0161ina dro\u0161u uzglab\u0101\u0161anu.<\/li>\n<li>Produkti ir perfekti izol\u0113tas konstrukcijas, kas izgatavotas no ner\u016bs\u0113jo\u0161\u0101 t\u0113rauda, un pied\u0101v\u0101 pla\u0161u da\u017e\u0101du veidu, izm\u0113ru un dizainu izv\u0113li, lai apmierin\u0101tu j\u016bsu \u012bpa\u0161\u0101s vajadz\u012bbas.<\/li>\n<li>KW Blood Line sald\u0113\u0161anas iek\u0101rta nodro\u0161ina dro\u0161u un dro\u0161u asins, biolo\u0123isko materi\u0101lu un z\u0101\u013cu uzglab\u0101\u0161anu.<\/li>\n<\/ul>\n<h3>Dro\u0161a un sertific\u0113ta asins, biolo\u0123isko materi\u0101lu un z\u0101\u013cu uzglab\u0101\u0161ana \u2013 <a href=\"http:\/\/labostera.lt\/lv\/product-brand\/kw-apparecchi-scientifici-s-r-l\/\" target=\"_blank\" rel=\"noopener\">KW zin\u0101tnisk\u0101 iek\u0101rta Srl<\/a> Blood Line \u2013 ledusskapji!<\/h3>\n<p>Vair\u0101k inform\u0101cijas: <strong><a href=\"https:\/\/www.kwkw.it\/en\/products\/blood-line\/\" target=\"_blank\" rel=\"noopener nofollow\">ra\u017eot\u0101ja t\u012bmek\u013ca vietn\u0113<\/a><\/strong> vai nos\u016btiet mums piepras\u012bjumu!<\/p>","protected":false},"excerpt":{"rendered":"<p><strong>KW Apparecchi Scientifici Srl Blood Line ledusskapji ir sertific\u0113ti medic\u012bniskiem nol\u016bkiem un tiem ir it\u0101\u013cu dizains.<\/strong> Temperat\u016bras diapazons no +4\u00b0C \u00b12\u00b0C nodro\u0161ina dro\u0161u asins, biolo\u0123isko materi\u0101lu un z\u0101\u013cu uzglab\u0101\u0161anu. Produkti ir perfekti izol\u0113tas konstrukcijas, kas izgatavotas no ner\u016bs\u0113jo\u0161\u0101 t\u0113rauda, un pied\u0101v\u0101 pla\u0161u da\u017e\u0101du veidu, izm\u0113ru un dizainu izv\u0113li, lai atbilstu j\u016bsu \u012bpa\u0161aj\u0101m vajadz\u012bb\u0101m.<\/p>","protected":false},"featured_media":14181,"template":"","meta":[],"product_cat":[84,76,77,128,228],"product_tag":[171,175,165,167,598,182,159,594],"class_list":{"0":"post-14180","1":"product","2":"type-product","3":"status-publish","4":"has-post-thumbnail","6":"product_brand-kw-apparecchi-scientifici-s-r-l","7":"product_cat-bendra-laboratorine-iranga","8":"product_cat-laboratorine-iranga","9":"product_cat-medicinines-priemones-ir-iranga","10":"product_cat-saldymo-iranga","11":"product_cat-saldytuvai","12":"product_tag-blood-bank","13":"product_tag-blood-line","14":"product_tag-kw-apparecchi-scientifici-s-r-l","15":"product_tag-medicininiai-saldytuvai","16":"product_tag-medicininis-saldytuvas","17":"product_tag-refrigerators","18":"product_tag-saldytuvai","19":"product_tag-saldytuvas","21":"first","22":"onbackorder","23":"shipping-taxable","24":"product-type-variable"},"_links":{"self":[{"href":"https:\/\/labostera.lt\/lv\/wp-json\/wp\/v2\/product\/14180","targetHints":{"allow":["GET"]}}],"collection":[{"href":"https:\/\/labostera.lt\/lv\/wp-json\/wp\/v2\/product"}],"about":[{"href":"https:\/\/labostera.lt\/lv\/wp-json\/wp\/v2\/types\/product"}],"wp:featuredmedia":[{"embeddable":true,"href":"https:\/\/labostera.lt\/lv\/wp-json\/wp\/v2\/media\/14181"}],"wp:attachment":[{"href":"https:\/\/labostera.lt\/lv\/wp-json\/wp\/v2\/media?parent=14180"}],"wp:term":[{"taxonomy":"product_cat","embeddable":true,"href":"https:\/\/labostera.lt\/lv\/wp-json\/wp\/v2\/product_cat?post=14180"},{"taxonomy":"product_tag","embeddable":true,"href":"https:\/\/labostera.lt\/lv\/wp-json\/wp\/v2\/product_tag?post=14180"}],"curies":[{"name":"wp","href":"https:\/\/api.w.org\/{rel}","templated":true}]}}