{"id":14172,"date":"2023-10-02T12:17:57","date_gmt":"2023-10-02T12:17:57","guid":{"rendered":"http:\/\/labostera.lt\/?post_type=product&#038;p=14172"},"modified":"2024-01-16T13:27:20","modified_gmt":"2024-01-16T13:27:20","slug":"ledo-masina-kw-blue-line-ice-maker","status":"publish","type":"product","link":"https:\/\/labostera.lt\/lv\/priemones-ir-iranga\/laboratorine-iranga\/bendra-laboratorine-iranga\/saldymo-iranga\/ledo-masinos\/ledo-masina-kw-blue-line-ice-maker\/","title":{"rendered":"Ledus autom\u0101ts KW Blue Line ledus autom\u0101ts"},"content":{"rendered":"<h2><strong>KW Apparecchi Scientifici Srl Blue Line ledus ma\u0161\u012bnas<\/strong><\/h2>\n<p>Ledus ma\u0161\u012bnas raksturlielumi:<\/p>\n<ul>\n<li>Izbaudiet augstu efektivit\u0101ti ar <a href=\"http:\/\/labostera.lt\/lv\/product-brand\/kw-apparecchi-scientifici-s-r-l\/\" target=\"_blank\" rel=\"noopener\">KW zin\u0101tnisk\u0101 iek\u0101rta Srl<\/a> Zil\u0101s l\u012bnijas ledus ma\u0161\u012bnas. M\u016bsu ledus ma\u0161\u012bnas ir paredz\u0113tas ledus gabali\u0146u vai sasmalcin\u0101ta ledus p\u0101rslu ra\u017eo\u0161anai, un t\u0101m ir augstas kvalit\u0101tes ner\u016bs\u0113jo\u0161\u0101 t\u0113rauda korpuss.<\/li>\n<li>Gaisa vai \u016bdens kondens\u0101cijas iesp\u0113ja, herm\u0113tisks kompresors ar HFC aukstuma\u0123entu nodro\u0161ina efekt\u012bvu ledus ra\u017eo\u0161anas procesu.<\/li>\n<li>M\u0113s pied\u0101v\u0101jam pla\u0161u ledus autom\u0101tu izv\u0113li da\u017e\u0101dos veidos, izm\u0113ros un dizainos, lai j\u016bs var\u0113tu atrast ide\u0101lu ledus autom\u0101tu, kas atbilst j\u016bsu \u012bpa\u0161aj\u0101m vajadz\u012bb\u0101m. M\u016bsu produkti ir ide\u0101ls risin\u0101jums medic\u012bnas, tehnisk\u0101s p\u0113tniec\u012bbas un r\u016bpniec\u012bbas nozar\u0113m.<\/li>\n<\/ul>\n<h3>Atrodiet ide\u0101lo ledus autom\u0101tu ar <a href=\"http:\/\/labostera.lt\/lv\/product-brand\/kw-apparecchi-scientifici-s-r-l\/\" target=\"_blank\" rel=\"noopener\">KW zin\u0101tnisk\u0101 iek\u0101rta Srl<\/a> Blue Line \u2013 kvalitat\u012bvs ledus ra\u017eo\u0161anas risin\u0101jums!<\/h3>\n<p>Vair\u0101k inform\u0101cijas: <strong><a href=\"https:\/\/www.kwkw.it\/en\/products\/blue-line\/\" target=\"_blank\" rel=\"noopener nofollow\">ra\u017eot\u0101ja t\u012bmek\u013ca vietn\u0113<\/a><\/strong> vai nos\u016btiet mums piepras\u012bjumu!<\/p>","protected":false},"excerpt":{"rendered":"<p><strong>Izbaudiet it\u0101\u013cu kvalit\u0101tes ledus ma\u0161\u012bnas no KW Apparecchi Scientifici Srl<\/strong>, kura uz\u0146\u0113mums koncentr\u0113jas uz produktu un procesu efektivit\u0101tes nep\u0101rtrauktu uzlabo\u0161anu. Lab\u0101kie tehnolo\u0123iskie risin\u0101jumi medic\u012bnas, p\u0113tniec\u012bbas un r\u016bpniec\u012bbas nozar\u0113m. Atrodiet sav\u0101m vajadz\u012bb\u0101m piem\u0113rot\u0101ko ledus autom\u0101tu.<\/p>","protected":false},"featured_media":14173,"template":"","meta":[],"product_cat":[84,76,229,128],"product_tag":[179,184,185,183,165,599,161],"class_list":{"0":"post-14172","1":"product","2":"type-product","3":"status-publish","4":"has-post-thumbnail","6":"product_brand-kw-apparecchi-scientifici-s-r-l","7":"product_cat-bendra-laboratorine-iranga","8":"product_cat-laboratorine-iranga","9":"product_cat-ledo-masinos","10":"product_cat-saldymo-iranga","11":"product_tag-blue-line","12":"product_tag-cubes","13":"product_tag-flakes","14":"product_tag-ice-makers","15":"product_tag-kw-apparecchi-scientifici-s-r-l","16":"product_tag-ledo-masina","17":"product_tag-ledo-masinos","19":"first","20":"onbackorder","21":"shipping-taxable","22":"purchasable","23":"product-type-variable"},"_links":{"self":[{"href":"https:\/\/labostera.lt\/lv\/wp-json\/wp\/v2\/product\/14172","targetHints":{"allow":["GET"]}}],"collection":[{"href":"https:\/\/labostera.lt\/lv\/wp-json\/wp\/v2\/product"}],"about":[{"href":"https:\/\/labostera.lt\/lv\/wp-json\/wp\/v2\/types\/product"}],"wp:featuredmedia":[{"embeddable":true,"href":"https:\/\/labostera.lt\/lv\/wp-json\/wp\/v2\/media\/14173"}],"wp:attachment":[{"href":"https:\/\/labostera.lt\/lv\/wp-json\/wp\/v2\/media?parent=14172"}],"wp:term":[{"taxonomy":"product_cat","embeddable":true,"href":"https:\/\/labostera.lt\/lv\/wp-json\/wp\/v2\/product_cat?post=14172"},{"taxonomy":"product_tag","embeddable":true,"href":"https:\/\/labostera.lt\/lv\/wp-json\/wp\/v2\/product_tag?post=14172"}],"curies":[{"name":"wp","href":"https:\/\/api.w.org\/{rel}","templated":true}]}}