{"id":14169,"date":"2023-10-02T11:59:09","date_gmt":"2023-10-02T11:59:09","guid":{"rendered":"http:\/\/labostera.lt\/?post_type=product&#038;p=14169"},"modified":"2024-05-07T16:44:30","modified_gmt":"2024-05-07T13:44:30","slug":"laboratorinis-saldytuvas-ir-saldiklis-kw-blue-line-combined-refrigerator-and-freezer","status":"publish","type":"product","link":"https:\/\/labostera.lt\/lv\/priemones-ir-iranga\/laboratorine-iranga\/bendra-laboratorine-iranga\/saldymo-iranga\/saldikliai\/laboratorinis-saldytuvas-ir-saldiklis-kw-blue-line-combined-refrigerator-and-freezer\/","title":{"rendered":"Laboratorijas ledusskapis un sald\u0113tava KW Blue Line kombin\u0113tais ledusskapis un sald\u0113tava"},"content":{"rendered":"<h2><strong>KW Apparecchi Scientifici Srl Blue Line apvienotais ledusskapis un sald\u0113tava<\/strong><\/h2>\n<p>Ledusskapju un sald\u0113tavu raksturojums:<\/p>\n<ul>\n<li>Izbaudiet augstu efektivit\u0101ti ar <a href=\"http:\/\/labostera.lt\/lv\/product-brand\/kw-apparecchi-scientifici-s-r-l\/\" target=\"_blank\" rel=\"noopener\">KW zin\u0101tnisk\u0101 iek\u0101rta Srl<\/a> Blue Line ledusskapji un sald\u0113tavas. M\u016bsu ledusskapji ir paredz\u0113ti \u0101tri boj\u0101jo\u0161os produktu, rea\u0123entu, biolo\u0123isko materi\u0101lu un farmaceitisko l\u012bdzek\u013cu uzglab\u0101\u0161anai zem\u0101 un \u013coti zem\u0101 temperat\u016br\u0101.<\/li>\n<li>Temperat\u016bras diapazons: no <strong>0\u00b0C<\/strong> l\u012bdz <strong>+15\u00b0C<\/strong> ledusskapja un no <strong>-22\u00b0C<\/strong> l\u012bdz <strong>-10\u00b0C<\/strong> sald\u0113tava.<\/li>\n<li>M\u016bsu ledusskapjiem un sald\u0113tav\u0101m ir perfekti izol\u0113tas konstrukcijas, kas izgatavotas no augstas kvalit\u0101tes ner\u016bs\u0113jo\u0161\u0101 t\u0113rauda. Tas nodro\u0161ina dro\u0161\u012bbu un uzticam\u012bbu, pareizi uzglab\u0101jot j\u016bsu v\u0113rt\u012bgos materi\u0101lus.<\/li>\n<li>M\u0113s pied\u0101v\u0101jam pla\u0161u da\u017e\u0101du veidu, izm\u0113ru un dizainu ledusskapi vai sald\u0113tavu izv\u0113li, lai j\u016bs var\u0113tu izv\u0113l\u0113ties tie\u0161i sav\u0101m vajadz\u012bb\u0101m atbilsto\u0161u. M\u016bsu produkti ir ide\u0101ls risin\u0101jums medic\u012bnas, tehnisk\u0101s p\u0113tniec\u012bbas un r\u016bpniec\u012bbas nozar\u0113m.<\/li>\n<li>Pla\u0161s da\u017e\u0101du veidu, izm\u0113ru un dizainu kl\u0101sts, lai apmierin\u0101tu j\u016bsu \u012bpa\u0161\u0101s vajadz\u012bbas.<\/li>\n<\/ul>\n<h3>Nodro\u0161iniet uzticam\u012bbu un efektivit\u0101ti ar <a href=\"http:\/\/labostera.lt\/lv\/product-brand\/kw-apparecchi-scientifici-s-r-l\/\" target=\"_blank\" rel=\"noopener\">KW zin\u0101tnisk\u0101 iek\u0101rta Srl<\/a> Blue Line ledusskapji un sald\u0113tavas \u2013 j\u016bsu produktu dro\u0161ai uzglab\u0101\u0161anai.<\/h3>\n<p>Vair\u0101k inform\u0101cijas: <b><a href=\"https:\/\/www.kwkw.it\/en\/products\/blue-line\/\" target=\"_blank\" rel=\"noopener nofollow\">ra\u017eot\u0101ja t\u012bmek\u013ca vietn\u0113<\/a><\/b> vai nos\u016btiet mums piepras\u012bjumu!<\/p>","protected":false},"excerpt":{"rendered":"<p><strong>Izbaudiet it\u0101\u013cu kvalit\u0101tes ledusskapjus un sald\u0113tavas no KW Apparecchi Scientifici Srl<\/strong>, kura uz\u0146\u0113mums koncentr\u0113jas uz produktu un procesu efektivit\u0101tes nep\u0101rtrauktu uzlabo\u0161anu. Lab\u0101kie tehnolo\u0123iskie risin\u0101jumi medic\u012bnas, p\u0113tniec\u012bbas un r\u016bpniec\u012bbas nozar\u0113m. Izv\u0113lieties uzticamas sald\u0113\u0161anas iek\u0101rtas, kas atbilst j\u016bsu augst\u0101kajiem standartiem.<\/p>","protected":false},"featured_media":14170,"template":"","meta":[],"product_cat":[84,76,227,128,228],"product_tag":[179,170,165,182,160,592,159,594],"class_list":{"0":"post-14169","1":"product","2":"type-product","3":"status-publish","4":"has-post-thumbnail","6":"product_brand-kw-apparecchi-scientifici-s-r-l","7":"product_cat-bendra-laboratorine-iranga","8":"product_cat-laboratorine-iranga","9":"product_cat-saldikliai","10":"product_cat-saldymo-iranga","11":"product_cat-saldytuvai","12":"product_tag-blue-line","13":"product_tag-freezers","14":"product_tag-kw-apparecchi-scientifici-s-r-l","15":"product_tag-refrigerators","16":"product_tag-saldikliai","17":"product_tag-saldiklis","18":"product_tag-saldytuvai","19":"product_tag-saldytuvas","21":"first","22":"onbackorder","23":"shipping-taxable","24":"purchasable","25":"product-type-variable"},"_links":{"self":[{"href":"https:\/\/labostera.lt\/lv\/wp-json\/wp\/v2\/product\/14169","targetHints":{"allow":["GET"]}}],"collection":[{"href":"https:\/\/labostera.lt\/lv\/wp-json\/wp\/v2\/product"}],"about":[{"href":"https:\/\/labostera.lt\/lv\/wp-json\/wp\/v2\/types\/product"}],"wp:featuredmedia":[{"embeddable":true,"href":"https:\/\/labostera.lt\/lv\/wp-json\/wp\/v2\/media\/14170"}],"wp:attachment":[{"href":"https:\/\/labostera.lt\/lv\/wp-json\/wp\/v2\/media?parent=14169"}],"wp:term":[{"taxonomy":"product_cat","embeddable":true,"href":"https:\/\/labostera.lt\/lv\/wp-json\/wp\/v2\/product_cat?post=14169"},{"taxonomy":"product_tag","embeddable":true,"href":"https:\/\/labostera.lt\/lv\/wp-json\/wp\/v2\/product_tag?post=14169"}],"curies":[{"name":"wp","href":"https:\/\/api.w.org\/{rel}","templated":true}]}}