{"id":14165,"date":"2023-10-02T11:45:00","date_gmt":"2023-10-02T11:45:00","guid":{"rendered":"http:\/\/labostera.lt\/?post_type=product&#038;p=14165"},"modified":"2024-05-07T16:44:44","modified_gmt":"2024-05-07T13:44:44","slug":"laboratorinis-saldytuvas-kw-blue-line-refrigerator","status":"publish","type":"product","link":"https:\/\/labostera.lt\/lv\/priemones-ir-iranga\/laboratorine-iranga\/bendra-laboratorine-iranga\/saldymo-iranga\/saldytuvai\/laboratorinis-saldytuvas-kw-blue-line-refrigerator\/","title":{"rendered":"Laboratorijas ledusskapis KW Blue Line ledusskapis"},"content":{"rendered":"<h2><strong>&quot;KW Apparecchi Scientifici Srl&quot; Blue Line ledusskapis<\/strong><\/h2>\n<p>Ledusskapja raksturlielumi<\/p>\n<ul>\n<li>Izbaudiet augstu efektivit\u0101ti ar <a href=\"http:\/\/labostera.lt\/lv\/product-brand\/kw-apparecchi-scientifici-s-r-l\/\" target=\"_blank\" rel=\"noopener\">KW zin\u0101tnisk\u0101 iek\u0101rta Srl<\/a> Zil\u0101s l\u012bnijas ledusskapji. M\u016bsu ledusskapji ir paredz\u0113ti \u0101tri boj\u0101jo\u0161os produktu, rea\u0123entu, biolo\u0123isko materi\u0101lu un farmaceitisko l\u012bdzek\u013cu uzglab\u0101\u0161anai zem\u0101 un \u013coti zem\u0101 temperat\u016br\u0101.<\/li>\n<li>M\u016bsu ledusskapim ir perfekti izol\u0113tas konstrukcijas, kas izgatavotas no augstas kvalit\u0101tes ner\u016bs\u0113jo\u0161\u0101 t\u0113rauda. Tas nodro\u0161ina dro\u0161\u012bbu un uzticam\u012bbu, pareizi uzglab\u0101jot j\u016bsu v\u0113rt\u012bgos materi\u0101lus.<\/li>\n<li>M\u0113s pied\u0101v\u0101jam pla\u0161u da\u017e\u0101du veidu, izm\u0113ru un dizainu ledusskapi kl\u0101stu, lai j\u016bs var\u0113tu izv\u0113l\u0113ties tie\u0161i sav\u0101m vajadz\u012bb\u0101m atbilsto\u0161u. M\u016bsu produkti ir ide\u0101ls risin\u0101jums medic\u012bnas, tehnisk\u0101s p\u0113tniec\u012bbas un r\u016bpniec\u012bbas nozar\u0113m.<\/li>\n<\/ul>\n<h3>Nodro\u0161iniet uzticam\u012bbu un efektivit\u0101ti ar <a href=\"http:\/\/labostera.lt\/lv\/product-brand\/kw-apparecchi-scientifici-s-r-l\/\" target=\"_blank\" rel=\"noopener\">KW zin\u0101tnisk\u0101 iek\u0101rta Srl<\/a> Blue Line ledusskapji \u2013 j\u016bsu produktu dro\u0161ai uzglab\u0101\u0161anai.<\/h3>\n<p>Vair\u0101k inform\u0101cijas: <b><a href=\"https:\/\/www.kwkw.it\/en\/products\/blue-line\/\" target=\"_blank\" rel=\"noopener nofollow\">ra\u017eot\u0101ja t\u012bmek\u013ca vietn\u0113<\/a><\/b> vai nos\u016btiet mums piepras\u012bjumu!<\/p>","protected":false},"excerpt":{"rendered":"<p><strong>Izbaudiet it\u0101\u013cu kvalit\u0101tes ledusskapjus un sald\u0113tavas no KW Apparecchi Scientifici Srl<\/strong>, kura uz\u0146\u0113mums koncentr\u0113jas uz produktu un procesu efektivit\u0101tes nep\u0101rtrauktu uzlabo\u0161anu. Lab\u0101kie tehnolo\u0123iskie risin\u0101jumi medic\u012bnas, p\u0113tniec\u012bbas un r\u016bpniec\u012bbas nozar\u0113m. Izv\u0113lieties uzticamas sald\u0113\u0161anas iek\u0101rtas, kas atbilst j\u016bsu augst\u0101kajiem standartiem.<\/p>","protected":false},"featured_media":14168,"template":"","meta":[],"product_cat":[84,76,128,228],"product_tag":[179,165,182,159,594],"class_list":{"0":"post-14165","1":"product","2":"type-product","3":"status-publish","4":"has-post-thumbnail","6":"product_brand-kw-apparecchi-scientifici-s-r-l","7":"product_cat-bendra-laboratorine-iranga","8":"product_cat-laboratorine-iranga","9":"product_cat-saldymo-iranga","10":"product_cat-saldytuvai","11":"product_tag-blue-line","12":"product_tag-kw-apparecchi-scientifici-s-r-l","13":"product_tag-refrigerators","14":"product_tag-saldytuvai","15":"product_tag-saldytuvas","17":"first","18":"onbackorder","19":"shipping-taxable","20":"purchasable","21":"product-type-variable"},"_links":{"self":[{"href":"https:\/\/labostera.lt\/lv\/wp-json\/wp\/v2\/product\/14165","targetHints":{"allow":["GET"]}}],"collection":[{"href":"https:\/\/labostera.lt\/lv\/wp-json\/wp\/v2\/product"}],"about":[{"href":"https:\/\/labostera.lt\/lv\/wp-json\/wp\/v2\/types\/product"}],"wp:featuredmedia":[{"embeddable":true,"href":"https:\/\/labostera.lt\/lv\/wp-json\/wp\/v2\/media\/14168"}],"wp:attachment":[{"href":"https:\/\/labostera.lt\/lv\/wp-json\/wp\/v2\/media?parent=14165"}],"wp:term":[{"taxonomy":"product_cat","embeddable":true,"href":"https:\/\/labostera.lt\/lv\/wp-json\/wp\/v2\/product_cat?post=14165"},{"taxonomy":"product_tag","embeddable":true,"href":"https:\/\/labostera.lt\/lv\/wp-json\/wp\/v2\/product_tag?post=14165"}],"curies":[{"name":"wp","href":"https:\/\/api.w.org\/{rel}","templated":true}]}}