{"id":14156,"date":"2023-10-02T06:57:30","date_gmt":"2023-10-02T06:57:30","guid":{"rendered":"http:\/\/labostera.lt\/?post_type=product&#038;p=14156"},"modified":"2024-01-16T13:21:04","modified_gmt":"2024-01-16T13:21:04","slug":"saldiklis-kw-blue-line-freezer","status":"publish","type":"product","link":"https:\/\/labostera.lt\/lv\/priemones-ir-iranga\/laboratorine-iranga\/bendra-laboratorine-iranga\/saldymo-iranga\/saldikliai\/saldiklis-kw-blue-line-freezer\/","title":{"rendered":"Sald\u0113tava KW Blue Line sald\u0113tava"},"content":{"rendered":"<h2><strong>\u201e&quot;KW Apparecchi Scientifici Srl&quot; Blue Line sald\u0113tava<\/strong><\/h2>\n<p>Sald\u0113tavu raksturojums:<\/p>\n<ul>\n<li>Izbaudiet augstu efektivit\u0101ti ar <a href=\"http:\/\/labostera.lt\/lv\/product-brand\/kw-apparecchi-scientifici-s-r-l\/\" target=\"_blank\" rel=\"noopener\">KW zin\u0101tnisk\u0101 iek\u0101rta Srl<\/a> Blue Line sald\u0113tavas. M\u016bsu sald\u0113tavas ir \u012bpa\u0161i paredz\u0113tas \u0101tri boj\u0101jo\u0161os produktu, rea\u0123entu, biolo\u0123isko materi\u0101lu un farmaceitisko l\u012bdzek\u013cu uzglab\u0101\u0161anai zem\u0101 un \u013coti zem\u0101 temperat\u016br\u0101.<\/li>\n<li>M\u016bsu sald\u0113tav\u0101m ir perfekti izol\u0113tas konstrukcijas, kas izgatavotas no augstas kvalit\u0101tes ner\u016bs\u0113jo\u0161\u0101 t\u0113rauda, nodro\u0161inot dro\u0161\u012bbu un uzticam\u012bbu, pareizi uzglab\u0101jot j\u016bsu v\u0113rt\u012bgos materi\u0101lus.<\/li>\n<li>M\u0113s pied\u0101v\u0101jam pla\u0161u da\u017e\u0101du veidu, izm\u0113ru un dizainu sald\u0113tavu izv\u0113li, lai j\u016bs var\u0113tu izv\u0113l\u0113ties tie\u0161i sav\u0101m vajadz\u012bb\u0101m atbilsto\u0161u sald\u0113tavu. M\u016bsu produkti ir ide\u0101ls risin\u0101jums zin\u0101tniskajiem p\u0113t\u012bjumiem, medic\u012bnai un cit\u0101m jom\u0101m, kur\u0101m nepiecie\u0161amas uzticamas sald\u0113\u0161anas iek\u0101rtas.<\/li>\n<li>Apskati ar\u012b p\u0101r\u0113jos <a href=\"http:\/\/labostera.lt\/lv\/product-brand\/kw-apparecchi-scientifici-s-r-l\/\" target=\"_blank\" rel=\"noopener\">KW zin\u0101tnisk\u0101 iek\u0101rta Srl<\/a> produktus, lai pareizi apr\u012bkotu savu laboratoriju.<\/li>\n<\/ul>\n<h3>Nodro\u0161iniet uzticam\u012bbu un efektivit\u0101ti ar <a href=\"http:\/\/labostera.lt\/lv\/product-brand\/kw-apparecchi-scientifici-s-r-l\/\" target=\"_blank\" rel=\"noopener\">KW zin\u0101tnisk\u0101 iek\u0101rta Srl<\/a> Blue Line sald\u0113tavas \u2013 j\u016bsu materi\u0101lu dro\u0161ai uzglab\u0101\u0161anai.<\/h3>\n<p>Vair\u0101k inform\u0101cijas: <b><a href=\"https:\/\/www.kwkw.it\/en\/products\/blue-line\/\" target=\"_blank\" rel=\"noopener nofollow\">Ra\u017eot\u0101ja t\u012bmek\u013ca vietn\u0113<\/a><\/b> vai nos\u016btiet mums piepras\u012bjumu!<\/p>","protected":false},"excerpt":{"rendered":"<p><strong>Izbaudiet KW Apparecchi Scientifici Srl Blue Line sald\u0113tavu izcilo veiktsp\u0113ju<\/strong> \u2013 augstas kvalit\u0101tes ner\u016bs\u0113jo\u0161\u0101 t\u0113rauda sald\u0113tavas, kas paredz\u0113tas \u0101tri boj\u0101jo\u0161os produktu un v\u0113rt\u012bgu materi\u0101lu uzglab\u0101\u0161anai. Izv\u0113lieties uzticamu sald\u0113tavu savai laboratorijai vai medic\u012bnas iest\u0101dei, lai nodro\u0161in\u0101tu optim\u0101lu temperat\u016bras kontroli un materi\u0101lu ilgtermi\u0146a dro\u0161\u012bbu. Ieg\u016bstiet it\u0101\u013cu kvalit\u0101ti un tehnolo\u0123isko izcil\u012bbu!<\/p>","protected":false},"featured_media":14158,"template":"","meta":[],"product_cat":[84,76,227,128],"product_tag":[179,170,165,160,592],"class_list":{"0":"post-14156","1":"product","2":"type-product","3":"status-publish","4":"has-post-thumbnail","6":"product_brand-kw-apparecchi-scientifici-s-r-l","7":"product_cat-bendra-laboratorine-iranga","8":"product_cat-laboratorine-iranga","9":"product_cat-saldikliai","10":"product_cat-saldymo-iranga","11":"product_tag-blue-line","12":"product_tag-freezers","13":"product_tag-kw-apparecchi-scientifici-s-r-l","14":"product_tag-saldikliai","15":"product_tag-saldiklis","17":"first","18":"onbackorder","19":"shipping-taxable","20":"purchasable","21":"product-type-variable"},"_links":{"self":[{"href":"https:\/\/labostera.lt\/lv\/wp-json\/wp\/v2\/product\/14156","targetHints":{"allow":["GET"]}}],"collection":[{"href":"https:\/\/labostera.lt\/lv\/wp-json\/wp\/v2\/product"}],"about":[{"href":"https:\/\/labostera.lt\/lv\/wp-json\/wp\/v2\/types\/product"}],"wp:featuredmedia":[{"embeddable":true,"href":"https:\/\/labostera.lt\/lv\/wp-json\/wp\/v2\/media\/14158"}],"wp:attachment":[{"href":"https:\/\/labostera.lt\/lv\/wp-json\/wp\/v2\/media?parent=14156"}],"wp:term":[{"taxonomy":"product_cat","embeddable":true,"href":"https:\/\/labostera.lt\/lv\/wp-json\/wp\/v2\/product_cat?post=14156"},{"taxonomy":"product_tag","embeddable":true,"href":"https:\/\/labostera.lt\/lv\/wp-json\/wp\/v2\/product_tag?post=14156"}],"curies":[{"name":"wp","href":"https:\/\/api.w.org\/{rel}","templated":true}]}}