{"id":7172,"date":"2021-01-04T04:01:31","date_gmt":"2021-01-04T04:01:31","guid":{"rendered":"https:\/\/demo4.drfuri.com\/razzi\/?page_id=7172"},"modified":"2021-01-04T04:01:31","modified_gmt":"2021-01-04T04:01:31","slug":"product-loop-style","status":"publish","type":"page","link":"https:\/\/labostera.lt\/lv\/product-loop-style\/","title":{"rendered":"Produkta cilpas stils"},"content":{"rendered":"<div data-elementor-type=\"wp-page\" data-elementor-id=\"7172\" class=\"elementor elementor-7172\">\n\t\t\t\t\t\t<section class=\"elementor-section elementor-top-section elementor-element elementor-element-af82215 elementor-section-boxed elementor-section-height-default elementor-section-height-default\" data-id=\"af82215\" data-element_type=\"section\" data-e-type=\"section\">\n\t\t\t\t\t\t<div class=\"elementor-container elementor-column-gap-extended\">\n\t\t\t\t\t<div class=\"elementor-column elementor-col-100 elementor-top-column elementor-element elementor-element-08e802b\" data-id=\"08e802b\" data-element_type=\"column\" data-e-type=\"column\">\n\t\t\t<div class=\"elementor-widget-wrap elementor-element-populated\">\n\t\t\t\t\t\t<div class=\"elementor-element elementor-element-231a15e elementor-widget elementor-widget-heading\" data-id=\"231a15e\" data-element_type=\"widget\" data-e-type=\"widget\" data-widget_type=\"heading.default\">\n\t\t\t\t<div class=\"elementor-widget-container\">\n\t\t\t\t\t<h4 class=\"elementor-heading-title elementor-size-default\">Produkta cilpas stils<\/h4>\t\t\t\t<\/div>\n\t\t\t\t<\/div>\n\t\t\t\t<div class=\"elementor-element elementor-element-949469f elementor-widget elementor-widget-spacer\" data-id=\"949469f\" data-element_type=\"widget\" data-e-type=\"widget\" data-widget_type=\"spacer.default\">\n\t\t\t\t<div class=\"elementor-widget-container\">\n\t\t\t\t\t\t\t<div class=\"elementor-spacer\">\n\t\t\t<div class=\"elementor-spacer-inner\"><\/div>\n\t\t<\/div>\n\t\t\t\t\t\t<\/div>\n\t\t\t\t<\/div>\n\t\t\t\t<div class=\"elementor-element elementor-element-5a9b28d elementor-widget elementor-widget-text-editor\" data-id=\"5a9b28d\" data-element_type=\"widget\" data-e-type=\"widget\" data-widget_type=\"text-editor.default\">\n\t\t\t\t<div class=\"elementor-widget-container\">\n\t\t\t\t\t\t\t\t\t<p>Razzi atbalsta 9 da\u017e\u0101dus stilus produktu att\u0113lo\u0161anai veikala lap\u0101.<\/p>\t\t\t\t\t\t\t\t<\/div>\n\t\t\t\t<\/div>\n\t\t\t\t<div class=\"elementor-element elementor-element-7b0e823 elementor-widget elementor-widget-spacer\" data-id=\"7b0e823\" data-element_type=\"widget\" data-e-type=\"widget\" data-widget_type=\"spacer.default\">\n\t\t\t\t<div class=\"elementor-widget-container\">\n\t\t\t\t\t\t\t<div class=\"elementor-spacer\">\n\t\t\t<div class=\"elementor-spacer-inner\"><\/div>\n\t\t<\/div>\n\t\t\t\t\t\t<\/div>\n\t\t\t\t<\/div>\n\t\t\t\t<div class=\"elementor-element elementor-element-6c50ff9 elementor-widget elementor-widget-razzi-products-grid\" data-id=\"6c50ff9\" data-element_type=\"widget\" data-e-type=\"widget\" data-settings=\"{&quot;per_page&quot;:8,&quot;columns&quot;:4,&quot;products&quot;:&quot;recent&quot;}\" data-widget_type=\"razzi-products-grid.default\">\n\t\t\t\t<div class=\"elementor-widget-container\">\n\t\t\t\t\t\t\t<div class=\"razzi-products-grid woocommerce\">\r\n\t\t\t<div class=\"product-content\"><ul class=\"products columns-4\">\n<li class=\"product type-product post-22159 status-publish first instock product_cat-laboratoriniai-baldai has-post-thumbnail shipping-taxable product-type-simple\">\n\t<a href=\"https:\/\/labostera.lt\/lv\/priemones-ir-iranga\/laboratorine-iranga\/laboratoriniai-baldai\/mokykliniai-laboratoriniai-baldai\/\" class=\"woocommerce-LoopProduct-link woocommerce-loop-product__link\"><img fetchpriority=\"high\" decoding=\"async\" width=\"500\" height=\"500\" src=\"https:\/\/labostera.lt\/wp-content\/uploads\/2025\/09\/stl-demonstracyniy-ostrvniy-41-01000-jpg.webp\" class=\"attachment-woocommerce_thumbnail size-woocommerce_thumbnail\" alt=\"Mokykliniai laboratoriniai baldai\" srcset=\"https:\/\/labostera.lt\/wp-content\/uploads\/2025\/09\/stl-demonstracyniy-ostrvniy-41-01000-jpg.webp 500w, https:\/\/labostera.lt\/wp-content\/uploads\/2025\/09\/stl-demonstracyniy-ostrvniy-41-01000-jpg-300x300.webp 300w, https:\/\/labostera.lt\/wp-content\/uploads\/2025\/09\/stl-demonstracyniy-ostrvniy-41-01000-jpg-150x150.webp 150w, https:\/\/labostera.lt\/wp-content\/uploads\/2025\/09\/stl-demonstracyniy-ostrvniy-41-01000-jpg-12x12.webp 12w, https:\/\/labostera.lt\/wp-content\/uploads\/2025\/09\/stl-demonstracyniy-ostrvniy-41-01000-jpg-100x100.webp 100w\" sizes=\"(max-width: 500px) 100vw, 500px\" \/><h2 class=\"woocommerce-loop-product__title\">Skolas laboratorijas m\u0113beles<\/h2><\/a><\/li>\n<li class=\"product type-product post-22099 status-publish instock product_cat-laboratoriniai-baldai has-post-thumbnail shipping-taxable product-type-simple\">\n\t<a href=\"https:\/\/labostera.lt\/lv\/priemones-ir-iranga\/laboratorine-iranga\/laboratoriniai-baldai\/laboratorines-sandeliavimo-lentynos\/\" class=\"woocommerce-LoopProduct-link woocommerce-loop-product__link\"><img decoding=\"async\" width=\"500\" height=\"500\" src=\"https:\/\/labostera.lt\/wp-content\/uploads\/2025\/09\/stellazh-laboratornyy-03-08711-jpg.webp\" class=\"attachment-woocommerce_thumbnail size-woocommerce_thumbnail\" alt=\"Laboratorin\u0117s sand\u0117liavimo lentynos\" srcset=\"https:\/\/labostera.lt\/wp-content\/uploads\/2025\/09\/stellazh-laboratornyy-03-08711-jpg.webp 500w, https:\/\/labostera.lt\/wp-content\/uploads\/2025\/09\/stellazh-laboratornyy-03-08711-jpg-300x300.webp 300w, https:\/\/labostera.lt\/wp-content\/uploads\/2025\/09\/stellazh-laboratornyy-03-08711-jpg-150x150.webp 150w, https:\/\/labostera.lt\/wp-content\/uploads\/2025\/09\/stellazh-laboratornyy-03-08711-jpg-12x12.webp 12w, https:\/\/labostera.lt\/wp-content\/uploads\/2025\/09\/stellazh-laboratornyy-03-08711-jpg-100x100.webp 100w\" sizes=\"(max-width: 500px) 100vw, 500px\" \/><h2 class=\"woocommerce-loop-product__title\">Laboratorijas uzglab\u0101\u0161anas plaukti<\/h2><\/a><\/li>\n<li class=\"product type-product post-22098 status-publish instock product_cat-laboratoriniai-baldai has-post-thumbnail shipping-taxable product-type-simple\">\n\t<a href=\"https:\/\/labostera.lt\/lv\/priemones-ir-iranga\/laboratorine-iranga\/laboratoriniai-baldai\/laboratorines-spintos-reagentams\/\" class=\"woocommerce-LoopProduct-link woocommerce-loop-product__link\"><img decoding=\"async\" width=\"500\" height=\"500\" src=\"https:\/\/labostera.lt\/wp-content\/uploads\/2025\/09\/shkaf-dlya-lvzh-02-01911-jpg.webp\" class=\"attachment-woocommerce_thumbnail size-woocommerce_thumbnail\" alt=\"Laboratorin\u0117s spintos reagentams\" srcset=\"https:\/\/labostera.lt\/wp-content\/uploads\/2025\/09\/shkaf-dlya-lvzh-02-01911-jpg.webp 500w, https:\/\/labostera.lt\/wp-content\/uploads\/2025\/09\/shkaf-dlya-lvzh-02-01911-jpg-300x300.webp 300w, https:\/\/labostera.lt\/wp-content\/uploads\/2025\/09\/shkaf-dlya-lvzh-02-01911-jpg-150x150.webp 150w, https:\/\/labostera.lt\/wp-content\/uploads\/2025\/09\/shkaf-dlya-lvzh-02-01911-jpg-12x12.webp 12w, https:\/\/labostera.lt\/wp-content\/uploads\/2025\/09\/shkaf-dlya-lvzh-02-01911-jpg-100x100.webp 100w\" sizes=\"(max-width: 500px) 100vw, 500px\" \/><h2 class=\"woocommerce-loop-product__title\">Laboratorijas skapji rea\u0123entiem<\/h2><\/a><\/li>\n<li class=\"product type-product post-22097 status-publish last instock product_cat-laboratoriniai-baldai has-post-thumbnail shipping-taxable product-type-simple\">\n\t<a href=\"https:\/\/labostera.lt\/lv\/priemones-ir-iranga\/laboratorine-iranga\/laboratoriniai-baldai\/laboratorines-spintos\/\" class=\"woocommerce-LoopProduct-link woocommerce-loop-product__link\"><img loading=\"lazy\" decoding=\"async\" width=\"500\" height=\"500\" src=\"https:\/\/labostera.lt\/wp-content\/uploads\/2025\/09\/shkaf-dlya-reaktivov-02-01622.jpg\" class=\"attachment-woocommerce_thumbnail size-woocommerce_thumbnail\" alt=\"Laboratorin\u0117s spintos\" srcset=\"https:\/\/labostera.lt\/wp-content\/uploads\/2025\/09\/shkaf-dlya-reaktivov-02-01622.jpg 500w, https:\/\/labostera.lt\/wp-content\/uploads\/2025\/09\/shkaf-dlya-reaktivov-02-01622-300x300.jpg 300w, https:\/\/labostera.lt\/wp-content\/uploads\/2025\/09\/shkaf-dlya-reaktivov-02-01622-150x150.jpg 150w, https:\/\/labostera.lt\/wp-content\/uploads\/2025\/09\/shkaf-dlya-reaktivov-02-01622-12x12.jpg 12w, https:\/\/labostera.lt\/wp-content\/uploads\/2025\/09\/shkaf-dlya-reaktivov-02-01622-100x100.jpg 100w\" sizes=\"(max-width: 500px) 100vw, 500px\" \/><h2 class=\"woocommerce-loop-product__title\">Laboratorijas skapji<\/h2><\/a><\/li>\n<li class=\"product type-product post-22096 status-publish first instock product_cat-laboratoriniai-baldai has-post-thumbnail shipping-taxable product-type-simple\">\n\t<a href=\"https:\/\/labostera.lt\/lv\/priemones-ir-iranga\/laboratorine-iranga\/laboratoriniai-baldai\/mobilios-laboratorines-spinteles\/\" class=\"woocommerce-LoopProduct-link woocommerce-loop-product__link\"><img loading=\"lazy\" decoding=\"async\" width=\"500\" height=\"500\" src=\"https:\/\/labostera.lt\/wp-content\/uploads\/2025\/09\/tumba-laboratornaya-na-kolesah-01-02712-jpg.webp\" class=\"attachment-woocommerce_thumbnail size-woocommerce_thumbnail\" alt=\"Mobilios laboratorin\u0117s spintel\u0117s\" srcset=\"https:\/\/labostera.lt\/wp-content\/uploads\/2025\/09\/tumba-laboratornaya-na-kolesah-01-02712-jpg.webp 500w, https:\/\/labostera.lt\/wp-content\/uploads\/2025\/09\/tumba-laboratornaya-na-kolesah-01-02712-jpg-300x300.webp 300w, https:\/\/labostera.lt\/wp-content\/uploads\/2025\/09\/tumba-laboratornaya-na-kolesah-01-02712-jpg-150x150.webp 150w, https:\/\/labostera.lt\/wp-content\/uploads\/2025\/09\/tumba-laboratornaya-na-kolesah-01-02712-jpg-12x12.webp 12w, https:\/\/labostera.lt\/wp-content\/uploads\/2025\/09\/tumba-laboratornaya-na-kolesah-01-02712-jpg-100x100.webp 100w\" sizes=\"(max-width: 500px) 100vw, 500px\" \/><h2 class=\"woocommerce-loop-product__title\">Mobil\u0101s laboratorijas skapji<\/h2><\/a><\/li>\n<li class=\"product type-product post-22095 status-publish instock product_cat-laboratoriniai-baldai has-post-thumbnail shipping-taxable product-type-simple\">\n\t<a href=\"https:\/\/labostera.lt\/lv\/priemones-ir-iranga\/laboratorine-iranga\/laboratoriniai-baldai\/laboratorines-spinteles\/\" class=\"woocommerce-LoopProduct-link woocommerce-loop-product__link\"><img loading=\"lazy\" decoding=\"async\" width=\"500\" height=\"500\" src=\"https:\/\/labostera.lt\/wp-content\/uploads\/2025\/09\/shuhlyady-dlya-stolov-laboratornyh-01-22774-jpg.webp\" class=\"attachment-woocommerce_thumbnail size-woocommerce_thumbnail\" alt=\"Laboratorin\u0117s spintel\u0117s\" srcset=\"https:\/\/labostera.lt\/wp-content\/uploads\/2025\/09\/shuhlyady-dlya-stolov-laboratornyh-01-22774-jpg.webp 500w, https:\/\/labostera.lt\/wp-content\/uploads\/2025\/09\/shuhlyady-dlya-stolov-laboratornyh-01-22774-jpg-300x300.webp 300w, https:\/\/labostera.lt\/wp-content\/uploads\/2025\/09\/shuhlyady-dlya-stolov-laboratornyh-01-22774-jpg-150x150.webp 150w, https:\/\/labostera.lt\/wp-content\/uploads\/2025\/09\/shuhlyady-dlya-stolov-laboratornyh-01-22774-jpg-12x12.webp 12w, https:\/\/labostera.lt\/wp-content\/uploads\/2025\/09\/shuhlyady-dlya-stolov-laboratornyh-01-22774-jpg-100x100.webp 100w\" sizes=\"(max-width: 500px) 100vw, 500px\" \/><h2 class=\"woocommerce-loop-product__title\">Laboratorijas skapji<\/h2><\/a><\/li>\n<li class=\"product type-product post-22094 status-publish instock product_cat-laboratoriniai-baldai has-post-thumbnail shipping-taxable product-type-simple\">\n\t<a href=\"https:\/\/labostera.lt\/lv\/priemones-ir-iranga\/laboratorine-iranga\/laboratoriniai-baldai\/antivibracinis-laboratorinis-stalas\/\" class=\"woocommerce-LoopProduct-link woocommerce-loop-product__link\"><img loading=\"lazy\" decoding=\"async\" width=\"500\" height=\"500\" src=\"https:\/\/labostera.lt\/wp-content\/uploads\/2025\/09\/stol-dlya-analiticheskih-vesov-01-07541nov-jpg.webp\" class=\"attachment-woocommerce_thumbnail size-woocommerce_thumbnail\" alt=\"Antivibracinis laboratorinis stalas\" srcset=\"https:\/\/labostera.lt\/wp-content\/uploads\/2025\/09\/stol-dlya-analiticheskih-vesov-01-07541nov-jpg.webp 500w, https:\/\/labostera.lt\/wp-content\/uploads\/2025\/09\/stol-dlya-analiticheskih-vesov-01-07541nov-jpg-300x300.webp 300w, https:\/\/labostera.lt\/wp-content\/uploads\/2025\/09\/stol-dlya-analiticheskih-vesov-01-07541nov-jpg-150x150.webp 150w, https:\/\/labostera.lt\/wp-content\/uploads\/2025\/09\/stol-dlya-analiticheskih-vesov-01-07541nov-jpg-12x12.webp 12w, https:\/\/labostera.lt\/wp-content\/uploads\/2025\/09\/stol-dlya-analiticheskih-vesov-01-07541nov-jpg-100x100.webp 100w\" sizes=\"(max-width: 500px) 100vw, 500px\" \/><h2 class=\"woocommerce-loop-product__title\">Vibr\u0101ciju sl\u0101p\u0113jo\u0161s laboratorijas galds<\/h2><\/a><\/li>\n<li class=\"product type-product post-22093 status-publish last instock product_cat-laboratoriniai-baldai has-post-thumbnail shipping-taxable product-type-simple\">\n\t<a href=\"https:\/\/labostera.lt\/lv\/priemones-ir-iranga\/laboratorine-iranga\/laboratoriniai-baldai\/laboratorinis-stalas\/\" class=\"woocommerce-LoopProduct-link woocommerce-loop-product__link\"><img loading=\"lazy\" decoding=\"async\" width=\"500\" height=\"500\" src=\"https:\/\/labostera.lt\/wp-content\/uploads\/2025\/09\/stol-laboratornyy-peredvizhnoy-01-19-511-jpg.webp\" class=\"attachment-woocommerce_thumbnail size-woocommerce_thumbnail\" alt=\"Laboratorinis stalas\" srcset=\"https:\/\/labostera.lt\/wp-content\/uploads\/2025\/09\/stol-laboratornyy-peredvizhnoy-01-19-511-jpg.webp 500w, https:\/\/labostera.lt\/wp-content\/uploads\/2025\/09\/stol-laboratornyy-peredvizhnoy-01-19-511-jpg-300x300.webp 300w, https:\/\/labostera.lt\/wp-content\/uploads\/2025\/09\/stol-laboratornyy-peredvizhnoy-01-19-511-jpg-150x150.webp 150w, https:\/\/labostera.lt\/wp-content\/uploads\/2025\/09\/stol-laboratornyy-peredvizhnoy-01-19-511-jpg-12x12.webp 12w, https:\/\/labostera.lt\/wp-content\/uploads\/2025\/09\/stol-laboratornyy-peredvizhnoy-01-19-511-jpg-100x100.webp 100w\" sizes=\"(max-width: 500px) 100vw, 500px\" \/><h2 class=\"woocommerce-loop-product__title\">Laboratorijas galds<\/h2><\/a><\/li>\n<\/ul>\n<\/div>\t\t<\/div>\r\n\t\t\t\t\t\t<\/div>\n\t\t\t\t<\/div>\n\t\t\t\t\t<\/div>\n\t\t<\/div>\n\t\t\t\t\t<\/div>\n\t\t<\/section>\n\t\t\t\t<\/div>","protected":false},"excerpt":{"rendered":"<p>Product Loop Style Razzi supports 9 different styles for displaying products on the shop page. Add to cart Quick View Wishlist Living Room VASAGLE Comfortable Sofa &pound;&nbsp;36.85 Add to cart Add to cart Quick View Wishlist Sale! Arm Chairs GUBI Ronde Pendant &pound;&nbsp;56.87 &pound;&nbsp;32.50 Add to cart Add to cart Quick View Wishlist Sale! Arm [&hellip;]<\/p>\n","protected":false},"author":1,"featured_media":0,"parent":0,"menu_order":0,"comment_status":"closed","ping_status":"closed","template":"","meta":{"footnotes":""},"class_list":["post-7172","page","type-page","status-publish","hentry"],"_links":{"self":[{"href":"https:\/\/labostera.lt\/lv\/wp-json\/wp\/v2\/pages\/7172","targetHints":{"allow":["GET"]}}],"collection":[{"href":"https:\/\/labostera.lt\/lv\/wp-json\/wp\/v2\/pages"}],"about":[{"href":"https:\/\/labostera.lt\/lv\/wp-json\/wp\/v2\/types\/page"}],"author":[{"embeddable":true,"href":"https:\/\/labostera.lt\/lv\/wp-json\/wp\/v2\/users\/1"}],"replies":[{"embeddable":true,"href":"https:\/\/labostera.lt\/lv\/wp-json\/wp\/v2\/comments?post=7172"}],"version-history":[{"count":0,"href":"https:\/\/labostera.lt\/lv\/wp-json\/wp\/v2\/pages\/7172\/revisions"}],"wp:attachment":[{"href":"https:\/\/labostera.lt\/lv\/wp-json\/wp\/v2\/media?parent=7172"}],"curies":[{"name":"wp","href":"https:\/\/api.w.org\/{rel}","templated":true}]}}