{"id":6806,"date":"2020-12-29T03:15:20","date_gmt":"2020-12-29T03:15:20","guid":{"rendered":"https:\/\/demo4.drfuri.com\/razzi\/?page_id=6806"},"modified":"2020-12-29T03:15:20","modified_gmt":"2020-12-29T03:15:20","slug":"image-box","status":"publish","type":"page","link":"https:\/\/labostera.lt\/lv\/image-box\/","title":{"rendered":"Image Box"},"content":{"rendered":"<div data-elementor-type=\"wp-page\" data-elementor-id=\"6806\" class=\"elementor elementor-6806\">\n\t\t\t\t\t\t<section class=\"elementor-section elementor-top-section elementor-element elementor-element-48e0d2e elementor-section-stretched elementor-section-boxed elementor-section-height-default elementor-section-height-default\" data-id=\"48e0d2e\" data-element_type=\"section\" data-e-type=\"section\" data-settings=\"{&quot;background_background&quot;:&quot;classic&quot;,&quot;stretch_section&quot;:&quot;section-stretched&quot;}\">\n\t\t\t\t\t\t<div class=\"elementor-container elementor-column-gap-extended\">\n\t\t\t\t\t<div class=\"elementor-column elementor-col-33 elementor-top-column elementor-element elementor-element-3138fc0\" data-id=\"3138fc0\" data-element_type=\"column\" data-e-type=\"column\">\n\t\t\t<div class=\"elementor-widget-wrap elementor-element-populated\">\n\t\t\t\t\t\t<div class=\"elementor-element elementor-element-7f4ead2 razzi-image-box-position--top elementor-widget elementor-widget-razzi-image-box\" data-id=\"7f4ead2\" data-element_type=\"widget\" data-e-type=\"widget\" data-widget_type=\"razzi-image-box.default\">\n\t\t\t\t<div class=\"elementor-widget-container\">\n\t\t\t\t\t<div class=\"razzi-image-box transition-y razzi-image-box__icon-position--left\"> <div class=\"box-thumbnail\"><div class=\"box-zoom image-zoom\"><img decoding=\"async\" src=\"https:\/\/demo4.drfuri.com\/razzi3\/wp-content\/uploads\/sites\/17\/2021\/04\/home9-product-1.jpg\" title=\"\" alt=\"\" loading=\"lazy\" \/><\/div> <\/div> <div class=\"box-summary\"><h6 class=\"box-title\"><span class=\"razzi-icon razzi-svg-icon\"><\/span> Tikai pieredz\u0113ju\u0161i \u0101rsti<\/h6> <\/div> <\/div>\t\t\t\t<\/div>\n\t\t\t\t<\/div>\n\t\t\t\t<div class=\"elementor-element elementor-element-7ee5806 elementor-widget elementor-widget-spacer\" data-id=\"7ee5806\" data-element_type=\"widget\" data-e-type=\"widget\" data-widget_type=\"spacer.default\">\n\t\t\t\t<div class=\"elementor-widget-container\">\n\t\t\t\t\t\t\t<div class=\"elementor-spacer\">\n\t\t\t<div class=\"elementor-spacer-inner\"><\/div>\n\t\t<\/div>\n\t\t\t\t\t\t<\/div>\n\t\t\t\t<\/div>\n\t\t\t\t\t<\/div>\n\t\t<\/div>\n\t\t\t\t<div class=\"elementor-column elementor-col-33 elementor-top-column elementor-element elementor-element-2d4b865\" data-id=\"2d4b865\" data-element_type=\"column\" data-e-type=\"column\">\n\t\t\t<div class=\"elementor-widget-wrap elementor-element-populated\">\n\t\t\t\t\t\t<div class=\"elementor-element elementor-element-89983bb razzi-image-box-position--top elementor-widget elementor-widget-razzi-image-box\" data-id=\"89983bb\" data-element_type=\"widget\" data-e-type=\"widget\" data-widget_type=\"razzi-image-box.default\">\n\t\t\t\t<div class=\"elementor-widget-container\">\n\t\t\t\t\t<div class=\"razzi-image-box transition-y razzi-image-box__icon-position--left\"> <div class=\"box-thumbnail\"><div class=\"box-zoom image-zoom\"><img decoding=\"async\" src=\"https:\/\/demo4.drfuri.com\/razzi3\/wp-content\/uploads\/sites\/17\/2021\/04\/home9-product-2.jpg\" title=\"\" alt=\"\" loading=\"lazy\" \/><\/div> <\/div> <div class=\"box-summary\"><h6 class=\"box-title\"><span class=\"razzi-icon razzi-svg-icon\"><\/span> Tikai pieredz\u0113ju\u0161i \u0101rsti<\/h6> <\/div> <\/div>\t\t\t\t<\/div>\n\t\t\t\t<\/div>\n\t\t\t\t<div class=\"elementor-element elementor-element-cde37ed elementor-widget elementor-widget-spacer\" data-id=\"cde37ed\" data-element_type=\"widget\" data-e-type=\"widget\" data-widget_type=\"spacer.default\">\n\t\t\t\t<div class=\"elementor-widget-container\">\n\t\t\t\t\t\t\t<div class=\"elementor-spacer\">\n\t\t\t<div class=\"elementor-spacer-inner\"><\/div>\n\t\t<\/div>\n\t\t\t\t\t\t<\/div>\n\t\t\t\t<\/div>\n\t\t\t\t\t<\/div>\n\t\t<\/div>\n\t\t\t\t<div class=\"elementor-column elementor-col-33 elementor-top-column elementor-element elementor-element-97bb57a\" data-id=\"97bb57a\" data-element_type=\"column\" data-e-type=\"column\">\n\t\t\t<div class=\"elementor-widget-wrap elementor-element-populated\">\n\t\t\t\t\t\t<div class=\"elementor-element elementor-element-421e103 razzi-image-box-position--top elementor-widget elementor-widget-razzi-image-box\" data-id=\"421e103\" data-element_type=\"widget\" data-e-type=\"widget\" data-widget_type=\"razzi-image-box.default\">\n\t\t\t\t<div class=\"elementor-widget-container\">\n\t\t\t\t\t<div class=\"razzi-image-box transition-y razzi-image-box__icon-position--left\"> <div class=\"box-thumbnail\"><div class=\"box-zoom image-zoom\"><img decoding=\"async\" src=\"https:\/\/demo4.drfuri.com\/razzi3\/wp-content\/uploads\/sites\/17\/2021\/04\/home9-product-4.jpg\" title=\"\" alt=\"\" loading=\"lazy\" \/><\/div> <\/div> <div class=\"box-summary\"><h6 class=\"box-title\"><span class=\"razzi-icon razzi-svg-icon\"><\/span> Tikai pieredz\u0113ju\u0161i \u0101rsti<\/h6> <\/div> <\/div>\t\t\t\t<\/div>\n\t\t\t\t<\/div>\n\t\t\t\t<div class=\"elementor-element elementor-element-9e6c5e9 elementor-widget elementor-widget-spacer\" data-id=\"9e6c5e9\" data-element_type=\"widget\" data-e-type=\"widget\" data-widget_type=\"spacer.default\">\n\t\t\t\t<div class=\"elementor-widget-container\">\n\t\t\t\t\t\t\t<div class=\"elementor-spacer\">\n\t\t\t<div class=\"elementor-spacer-inner\"><\/div>\n\t\t<\/div>\n\t\t\t\t\t\t<\/div>\n\t\t\t\t<\/div>\n\t\t\t\t\t<\/div>\n\t\t<\/div>\n\t\t\t\t\t<\/div>\n\t\t<\/section>\n\t\t\t\t<section class=\"elementor-section elementor-top-section elementor-element elementor-element-9c76628 elementor-section-boxed elementor-section-height-default elementor-section-height-default\" data-id=\"9c76628\" data-element_type=\"section\" data-e-type=\"section\">\n\t\t\t\t\t\t<div class=\"elementor-container elementor-column-gap-default\">\n\t\t\t\t\t<div class=\"elementor-column elementor-col-100 elementor-top-column elementor-element elementor-element-fa73cff\" data-id=\"fa73cff\" data-element_type=\"column\" data-e-type=\"column\">\n\t\t\t<div class=\"elementor-widget-wrap elementor-element-populated\">\n\t\t\t\t\t\t<div class=\"elementor-element elementor-element-5431846 elementor-widget-divider--view-line elementor-widget elementor-widget-divider\" data-id=\"5431846\" data-element_type=\"widget\" data-e-type=\"widget\" data-widget_type=\"divider.default\">\n\t\t\t\t<div class=\"elementor-widget-container\">\n\t\t\t\t\t\t\t<div class=\"elementor-divider\">\n\t\t\t<span class=\"elementor-divider-separator\">\n\t\t\t\t\t\t<\/span>\n\t\t<\/div>\n\t\t\t\t\t\t<\/div>\n\t\t\t\t<\/div>\n\t\t\t\t\t<\/div>\n\t\t<\/div>\n\t\t\t\t\t<\/div>\n\t\t<\/section>\n\t\t\t\t<section class=\"elementor-section elementor-top-section elementor-element elementor-element-3165df2 elementor-section-stretched elementor-section-boxed elementor-section-height-default elementor-section-height-default\" data-id=\"3165df2\" data-element_type=\"section\" data-e-type=\"section\" data-settings=\"{&quot;background_background&quot;:&quot;classic&quot;,&quot;background_motion_fx_motion_fx_scrolling&quot;:&quot;yes&quot;,&quot;stretch_section&quot;:&quot;section-stretched&quot;}\">\n\t\t\t\t\t\t<div class=\"elementor-container elementor-column-gap-no\">\n\t\t\t\t\t<div class=\"elementor-column elementor-col-100 elementor-top-column elementor-element elementor-element-d1dad0c\" data-id=\"d1dad0c\" data-element_type=\"column\" data-e-type=\"column\">\n\t\t\t<div class=\"elementor-widget-wrap elementor-element-populated\">\n\t\t\t\t\t\t<div class=\"elementor-element elementor-element-84fbeec elementor-widget elementor-widget-spacer\" data-id=\"84fbeec\" data-element_type=\"widget\" data-e-type=\"widget\" data-widget_type=\"spacer.default\">\n\t\t\t\t<div class=\"elementor-widget-container\">\n\t\t\t\t\t\t\t<div class=\"elementor-spacer\">\n\t\t\t<div class=\"elementor-spacer-inner\"><\/div>\n\t\t<\/div>\n\t\t\t\t\t\t<\/div>\n\t\t\t\t<\/div>\n\t\t\t\t<section class=\"elementor-section elementor-inner-section elementor-element elementor-element-c5a798e elementor-section-boxed elementor-section-height-default elementor-section-height-default\" data-id=\"c5a798e\" data-element_type=\"section\" data-e-type=\"section\">\n\t\t\t\t\t\t<div class=\"elementor-container elementor-column-gap-extended\">\n\t\t\t\t\t<div class=\"elementor-column elementor-col-33 elementor-inner-column elementor-element elementor-element-183ad3d\" data-id=\"183ad3d\" data-element_type=\"column\" data-e-type=\"column\">\n\t\t\t<div class=\"elementor-widget-wrap elementor-element-populated\">\n\t\t\t\t\t\t<div class=\"elementor-element elementor-element-4fcf392 razzi-image-box-position--top elementor-widget elementor-widget-razzi-image-box\" data-id=\"4fcf392\" data-element_type=\"widget\" data-e-type=\"widget\" data-widget_type=\"razzi-image-box.default\">\n\t\t\t\t<div class=\"elementor-widget-container\">\n\t\t\t\t\t<div class=\"razzi-image-box transition-y razzi-image-box__icon-position--left\"> <div class=\"box-thumbnail\"><div class=\"box-zoom image-zoom\"><img decoding=\"async\" src=\"https:\/\/demo4.drfuri.com\/razzi3\/wp-content\/uploads\/sites\/17\/2021\/04\/f1614.jpg\" title=\"\" alt=\"\" loading=\"lazy\" \/><\/div> <span class=\"box-number\">4<\/span><\/div> <div class=\"box-summary\"><h6 class=\"box-title\"> Kokvilnas kleita ar ziedu rakstu<\/h6> <div class=\"box-desc\">Zem aug\u0161as, sakot, \u016bde\u0146i, kuros par\u0101d\u0101s ceturt\u0101s zvaigznes, nepiepild\u012bs tumsu, neform\u0113s valdnieku, kas iz\u017e\u0101v\u0113s vi\u0146a dievu.<\/div><\/div> <\/div>\t\t\t\t<\/div>\n\t\t\t\t<\/div>\n\t\t\t\t\t<\/div>\n\t\t<\/div>\n\t\t\t\t<div class=\"elementor-column elementor-col-33 elementor-inner-column elementor-element elementor-element-2b3d50f\" data-id=\"2b3d50f\" data-element_type=\"column\" data-e-type=\"column\">\n\t\t\t<div class=\"elementor-widget-wrap elementor-element-populated\">\n\t\t\t\t\t\t<div class=\"elementor-element elementor-element-f9d1d73 razzi-image-box-position--top elementor-widget elementor-widget-razzi-image-box\" data-id=\"f9d1d73\" data-element_type=\"widget\" data-e-type=\"widget\" data-widget_type=\"razzi-image-box.default\">\n\t\t\t\t<div class=\"elementor-widget-container\">\n\t\t\t\t\t<div class=\"razzi-image-box transition-y razzi-image-box__icon-position--left\"> <div class=\"box-thumbnail\"><div class=\"box-zoom image-zoom\"><img decoding=\"async\" src=\"https:\/\/demo4.drfuri.com\/razzi3\/wp-content\/uploads\/sites\/17\/2021\/04\/f1511.jpg\" title=\"\" alt=\"\" loading=\"lazy\" \/><\/div> <span class=\"box-number\">2<\/span><\/div> <div class=\"box-summary\"><h6 class=\"box-title\"> Kokvilnas kleita ar ziedu rakstu<\/h6> <div class=\"box-desc\">Lielas zivis nevar putnus med\u012bt lopu debes\u012bs nekur. Zv\u0113ra otr\u0101s zvaigznes pa\u0161as sezonas nekad netiek sauktas par gaismu l\u012bdz\u012bbu.<\/div><\/div> <\/div>\t\t\t\t<\/div>\n\t\t\t\t<\/div>\n\t\t\t\t\t<\/div>\n\t\t<\/div>\n\t\t\t\t<div class=\"elementor-column elementor-col-33 elementor-inner-column elementor-element elementor-element-2283abe\" data-id=\"2283abe\" data-element_type=\"column\" data-e-type=\"column\">\n\t\t\t<div class=\"elementor-widget-wrap elementor-element-populated\">\n\t\t\t\t\t\t<div class=\"elementor-element elementor-element-4132333 razzi-image-box-position--top elementor-widget elementor-widget-razzi-image-box\" data-id=\"4132333\" data-element_type=\"widget\" data-e-type=\"widget\" data-widget_type=\"razzi-image-box.default\">\n\t\t\t\t<div class=\"elementor-widget-container\">\n\t\t\t\t\t<div class=\"razzi-image-box transition-y razzi-image-box__icon-position--left\"> <div class=\"box-thumbnail\"><div class=\"box-zoom image-zoom\"><img decoding=\"async\" src=\"https:\/\/demo4.drfuri.com\/razzi3\/wp-content\/uploads\/sites\/17\/2021\/04\/f810.jpg\" title=\"\" alt=\"\" loading=\"lazy\" \/><\/div> <span class=\"box-number\">3<\/span><\/div> <div class=\"box-summary\"><h6 class=\"box-title\"> Kokvilnas kleita ar ziedu rakstu<\/h6> <div class=\"box-desc\">Sav\u0101kt\u0101 piepild\u012bjuma zivs tuk\u0161uma ga\u013ca sestais dievs dz\u012bv\u012bbas apstiprin\u0101jums rad\u012bjums ceturtais, att\u0113ls sieviete r\u012bta likums r\u0101pojo\u0161a rad\u012bba.<\/div><\/div> <\/div>\t\t\t\t<\/div>\n\t\t\t\t<\/div>\n\t\t\t\t\t<\/div>\n\t\t<\/div>\n\t\t\t\t\t<\/div>\n\t\t<\/section>\n\t\t\t\t<div class=\"elementor-element elementor-element-dc1a4f7 elementor-widget elementor-widget-spacer\" data-id=\"dc1a4f7\" data-element_type=\"widget\" data-e-type=\"widget\" data-widget_type=\"spacer.default\">\n\t\t\t\t<div class=\"elementor-widget-container\">\n\t\t\t\t\t\t\t<div class=\"elementor-spacer\">\n\t\t\t<div class=\"elementor-spacer-inner\"><\/div>\n\t\t<\/div>\n\t\t\t\t\t\t<\/div>\n\t\t\t\t<\/div>\n\t\t\t\t\t<\/div>\n\t\t<\/div>\n\t\t\t\t\t<\/div>\n\t\t<\/section>\n\t\t\t\t<section class=\"elementor-section elementor-top-section elementor-element elementor-element-d13ef8a elementor-section-boxed elementor-section-height-default elementor-section-height-default\" data-id=\"d13ef8a\" data-element_type=\"section\" data-e-type=\"section\">\n\t\t\t\t\t\t<div class=\"elementor-container elementor-column-gap-default\">\n\t\t\t\t\t<div class=\"elementor-column elementor-col-100 elementor-top-column elementor-element elementor-element-20e1ab4\" data-id=\"20e1ab4\" data-element_type=\"column\" data-e-type=\"column\">\n\t\t\t<div class=\"elementor-widget-wrap elementor-element-populated\">\n\t\t\t\t\t\t<div class=\"elementor-element elementor-element-e18c402 elementor-widget-divider--view-line elementor-widget elementor-widget-divider\" data-id=\"e18c402\" data-element_type=\"widget\" data-e-type=\"widget\" data-widget_type=\"divider.default\">\n\t\t\t\t<div class=\"elementor-widget-container\">\n\t\t\t\t\t\t\t<div class=\"elementor-divider\">\n\t\t\t<span class=\"elementor-divider-separator\">\n\t\t\t\t\t\t<\/span>\n\t\t<\/div>\n\t\t\t\t\t\t<\/div>\n\t\t\t\t<\/div>\n\t\t\t\t\t<\/div>\n\t\t<\/div>\n\t\t\t\t\t<\/div>\n\t\t<\/section>\n\t\t\t\t<section class=\"elementor-section elementor-top-section elementor-element elementor-element-47c0ee0 elementor-section-boxed elementor-section-height-default elementor-section-height-default\" data-id=\"47c0ee0\" data-element_type=\"section\" data-e-type=\"section\">\n\t\t\t\t\t\t<div class=\"elementor-container elementor-column-gap-extended\">\n\t\t\t\t\t<div class=\"elementor-column elementor-col-25 elementor-top-column elementor-element elementor-element-23d6550\" data-id=\"23d6550\" data-element_type=\"column\" data-e-type=\"column\">\n\t\t\t<div class=\"elementor-widget-wrap elementor-element-populated\">\n\t\t\t\t\t\t<div class=\"elementor-element elementor-element-58bcced razzi-image-box-position--top elementor-widget elementor-widget-razzi-image-box\" data-id=\"58bcced\" data-element_type=\"widget\" data-e-type=\"widget\" data-widget_type=\"razzi-image-box.default\">\n\t\t\t\t<div class=\"elementor-widget-container\">\n\t\t\t\t\t<div class=\"razzi-image-box transition-y razzi-image-box__icon-position--left\"> <div class=\"box-thumbnail\"><div class=\"box-zoom image-zoom\"><a href=\"#\"><img decoding=\"async\" src=\"https:\/\/demo4.drfuri.com\/razzi\/wp-content\/uploads\/sites\/14\/2020\/12\/home9-img-2.jpg\" title=\"\" alt=\"\" loading=\"lazy\" \/><\/a><\/div> <\/div> <div class=\"box-summary\"><h6 class=\"box-title\"> <a href=\"#\">Biroja kr\u0113sli<\/a><\/h6> <div class=\"box-desc\">S\u0101kot ar $399<\/div><\/div> <\/div>\t\t\t\t<\/div>\n\t\t\t\t<\/div>\n\t\t\t\t<div class=\"elementor-element elementor-element-c03a9f7 elementor-widget elementor-widget-spacer\" data-id=\"c03a9f7\" data-element_type=\"widget\" data-e-type=\"widget\" data-widget_type=\"spacer.default\">\n\t\t\t\t<div class=\"elementor-widget-container\">\n\t\t\t\t\t\t\t<div class=\"elementor-spacer\">\n\t\t\t<div class=\"elementor-spacer-inner\"><\/div>\n\t\t<\/div>\n\t\t\t\t\t\t<\/div>\n\t\t\t\t<\/div>\n\t\t\t\t\t<\/div>\n\t\t<\/div>\n\t\t\t\t<div class=\"elementor-column elementor-col-25 elementor-top-column elementor-element elementor-element-6835d64\" data-id=\"6835d64\" data-element_type=\"column\" data-e-type=\"column\">\n\t\t\t<div class=\"elementor-widget-wrap elementor-element-populated\">\n\t\t\t\t\t\t<div class=\"elementor-element elementor-element-fa12dab razzi-image-box-position--top elementor-widget elementor-widget-razzi-image-box\" data-id=\"fa12dab\" data-element_type=\"widget\" data-e-type=\"widget\" data-widget_type=\"razzi-image-box.default\">\n\t\t\t\t<div class=\"elementor-widget-container\">\n\t\t\t\t\t<div class=\"razzi-image-box transition-y razzi-image-box__icon-position--left\"> <div class=\"box-thumbnail\"><div class=\"box-zoom image-zoom\"><a href=\"#\"><img decoding=\"async\" src=\"https:\/\/demo4.drfuri.com\/razzi\/wp-content\/uploads\/sites\/14\/2020\/12\/home9-img-4.jpg\" title=\"\" alt=\"\" loading=\"lazy\" \/><\/a><\/div> <\/div> <div class=\"box-summary\"><h6 class=\"box-title\"> <a href=\"#\">Virtuves salas<\/a><\/h6> <div class=\"box-desc\">S\u0101kot ar $129<\/div><\/div> <\/div>\t\t\t\t<\/div>\n\t\t\t\t<\/div>\n\t\t\t\t<div class=\"elementor-element elementor-element-72ed839 elementor-widget elementor-widget-spacer\" data-id=\"72ed839\" data-element_type=\"widget\" data-e-type=\"widget\" data-widget_type=\"spacer.default\">\n\t\t\t\t<div class=\"elementor-widget-container\">\n\t\t\t\t\t\t\t<div class=\"elementor-spacer\">\n\t\t\t<div class=\"elementor-spacer-inner\"><\/div>\n\t\t<\/div>\n\t\t\t\t\t\t<\/div>\n\t\t\t\t<\/div>\n\t\t\t\t\t<\/div>\n\t\t<\/div>\n\t\t\t\t<div class=\"elementor-column elementor-col-25 elementor-top-column elementor-element elementor-element-9c1b919\" data-id=\"9c1b919\" data-element_type=\"column\" data-e-type=\"column\">\n\t\t\t<div class=\"elementor-widget-wrap elementor-element-populated\">\n\t\t\t\t\t\t<div class=\"elementor-element elementor-element-fddb57e razzi-image-box-position--top elementor-widget elementor-widget-razzi-image-box\" data-id=\"fddb57e\" data-element_type=\"widget\" data-e-type=\"widget\" data-widget_type=\"razzi-image-box.default\">\n\t\t\t\t<div class=\"elementor-widget-container\">\n\t\t\t\t\t<div class=\"razzi-image-box transition-y razzi-image-box__icon-position--left\"> <div class=\"box-thumbnail\"><div class=\"box-zoom image-zoom\"><a href=\"#\"><img decoding=\"async\" src=\"https:\/\/demo4.drfuri.com\/razzi\/wp-content\/uploads\/sites\/14\/2020\/12\/home9-img-3.jpg\" title=\"\" alt=\"\" loading=\"lazy\" \/><\/a><\/div> <\/div> <div class=\"box-summary\"><h6 class=\"box-title\"> <a href=\"#\">\u0112damgaldi<\/a><\/h6> <div class=\"box-desc\">S\u0101kot ar $149<\/div><\/div> <\/div>\t\t\t\t<\/div>\n\t\t\t\t<\/div>\n\t\t\t\t<div class=\"elementor-element elementor-element-950193e elementor-widget elementor-widget-spacer\" data-id=\"950193e\" data-element_type=\"widget\" data-e-type=\"widget\" data-widget_type=\"spacer.default\">\n\t\t\t\t<div class=\"elementor-widget-container\">\n\t\t\t\t\t\t\t<div class=\"elementor-spacer\">\n\t\t\t<div class=\"elementor-spacer-inner\"><\/div>\n\t\t<\/div>\n\t\t\t\t\t\t<\/div>\n\t\t\t\t<\/div>\n\t\t\t\t\t<\/div>\n\t\t<\/div>\n\t\t\t\t<div class=\"elementor-column elementor-col-25 elementor-top-column elementor-element elementor-element-da484f8\" data-id=\"da484f8\" data-element_type=\"column\" data-e-type=\"column\">\n\t\t\t<div class=\"elementor-widget-wrap elementor-element-populated\">\n\t\t\t\t\t\t<div class=\"elementor-element elementor-element-9451085 razzi-image-box-position--top elementor-widget elementor-widget-razzi-image-box\" data-id=\"9451085\" data-element_type=\"widget\" data-e-type=\"widget\" data-widget_type=\"razzi-image-box.default\">\n\t\t\t\t<div class=\"elementor-widget-container\">\n\t\t\t\t\t<div class=\"razzi-image-box transition-y razzi-image-box__icon-position--left\"> <div class=\"box-thumbnail\"><div class=\"box-zoom image-zoom\"><a href=\"#\"><img decoding=\"async\" src=\"https:\/\/demo4.drfuri.com\/razzi\/wp-content\/uploads\/sites\/14\/2020\/12\/home9-img-5.jpg\" title=\"\" alt=\"\" loading=\"lazy\" \/><\/a><\/div> <\/div> <div class=\"box-summary\"><h6 class=\"box-title\"> <a href=\"#\">B\u0113rnu m\u0113beles<\/a><\/h6> <div class=\"box-desc\">S\u0101kot ar $269<\/div><\/div> <\/div>\t\t\t\t<\/div>\n\t\t\t\t<\/div>\n\t\t\t\t\t<\/div>\n\t\t<\/div>\n\t\t\t\t\t<\/div>\n\t\t<\/section>\n\t\t\t\t<section class=\"elementor-section elementor-top-section elementor-element elementor-element-e8ef0e5 elementor-section-boxed elementor-section-height-default elementor-section-height-default\" data-id=\"e8ef0e5\" data-element_type=\"section\" data-e-type=\"section\">\n\t\t\t\t\t\t<div class=\"elementor-container elementor-column-gap-default\">\n\t\t\t\t\t<div class=\"elementor-column elementor-col-100 elementor-top-column elementor-element elementor-element-f3fcf40\" data-id=\"f3fcf40\" data-element_type=\"column\" data-e-type=\"column\">\n\t\t\t<div class=\"elementor-widget-wrap elementor-element-populated\">\n\t\t\t\t\t\t<div class=\"elementor-element elementor-element-6953b2e elementor-widget-divider--view-line elementor-widget elementor-widget-divider\" data-id=\"6953b2e\" data-element_type=\"widget\" data-e-type=\"widget\" data-widget_type=\"divider.default\">\n\t\t\t\t<div class=\"elementor-widget-container\">\n\t\t\t\t\t\t\t<div class=\"elementor-divider\">\n\t\t\t<span class=\"elementor-divider-separator\">\n\t\t\t\t\t\t<\/span>\n\t\t<\/div>\n\t\t\t\t\t\t<\/div>\n\t\t\t\t<\/div>\n\t\t\t\t<div class=\"elementor-element elementor-element-1895bcd elementor-widget elementor-widget-spacer\" data-id=\"1895bcd\" data-element_type=\"widget\" data-e-type=\"widget\" data-widget_type=\"spacer.default\">\n\t\t\t\t<div class=\"elementor-widget-container\">\n\t\t\t\t\t\t\t<div class=\"elementor-spacer\">\n\t\t\t<div class=\"elementor-spacer-inner\"><\/div>\n\t\t<\/div>\n\t\t\t\t\t\t<\/div>\n\t\t\t\t<\/div>\n\t\t\t\t\t<\/div>\n\t\t<\/div>\n\t\t\t\t\t<\/div>\n\t\t<\/section>\n\t\t\t\t<section class=\"elementor-section elementor-top-section elementor-element elementor-element-dcedf6a elementor-section-full_width elementor-section-stretched elementor-section-height-default elementor-section-height-default\" data-id=\"dcedf6a\" data-element_type=\"section\" data-e-type=\"section\" data-settings=\"{&quot;stretch_section&quot;:&quot;section-stretched&quot;}\">\n\t\t\t\t\t\t<div class=\"elementor-container elementor-column-gap-no\">\n\t\t\t\t\t<div class=\"elementor-column elementor-col-100 elementor-top-column elementor-element elementor-element-c404fb8\" data-id=\"c404fb8\" data-element_type=\"column\" data-e-type=\"column\">\n\t\t\t<div class=\"elementor-widget-wrap\">\n\t\t\t\t\t\t\t<\/div>\n\t\t<\/div>\n\t\t\t\t\t<\/div>\n\t\t<\/section>\n\t\t\t\t<\/div>","protected":false},"excerpt":{"rendered":"<p>Expert Doctors only Expert Doctors only Expert Doctors only 4 Cotton floral print Dress Under above saying waters saying wherein stars fourth made appear won&#8217;t darkness fill, form rule i dry his god. 2 Cotton floral print Dress Fish great can&#8217;t fowl upon cattle heaven wherein. Beast second stars own seasons every called lights likeness. [&hellip;]<\/p>\n","protected":false},"author":1,"featured_media":0,"parent":0,"menu_order":0,"comment_status":"closed","ping_status":"closed","template":"","meta":{"footnotes":""},"class_list":["post-6806","page","type-page","status-publish","hentry"],"_links":{"self":[{"href":"https:\/\/labostera.lt\/lv\/wp-json\/wp\/v2\/pages\/6806","targetHints":{"allow":["GET"]}}],"collection":[{"href":"https:\/\/labostera.lt\/lv\/wp-json\/wp\/v2\/pages"}],"about":[{"href":"https:\/\/labostera.lt\/lv\/wp-json\/wp\/v2\/types\/page"}],"author":[{"embeddable":true,"href":"https:\/\/labostera.lt\/lv\/wp-json\/wp\/v2\/users\/1"}],"replies":[{"embeddable":true,"href":"https:\/\/labostera.lt\/lv\/wp-json\/wp\/v2\/comments?post=6806"}],"version-history":[{"count":0,"href":"https:\/\/labostera.lt\/lv\/wp-json\/wp\/v2\/pages\/6806\/revisions"}],"wp:attachment":[{"href":"https:\/\/labostera.lt\/lv\/wp-json\/wp\/v2\/media?parent=6806"}],"curies":[{"name":"wp","href":"https:\/\/api.w.org\/{rel}","templated":true}]}}