{"id":6529,"date":"2020-12-25T10:09:52","date_gmt":"2020-12-25T10:09:52","guid":{"rendered":"https:\/\/demo4.drfuri.com\/razzi\/?page_id=6529"},"modified":"2020-12-25T10:09:52","modified_gmt":"2020-12-25T10:09:52","slug":"pricing-table","status":"publish","type":"page","link":"https:\/\/labostera.lt\/lv\/pricing-table\/","title":{"rendered":"Pricing Table"},"content":{"rendered":"<h2>Pamata<\/h2>\n<p>$29.00 \/par vienu<\/p>\n<p>To sauc par dz\u012bvi, nesauc tumsu par garu<br \/>\nbag\u0101t\u012bgi t\u0101 Kur.<\/p>\n<ul>\n<li>L\u016bk, rad\u012bbas l\u012bdz\u012bb\u0101 <\/li>\n<li>Lai b\u016btu paredz\u0113ts lido\u0161anai <\/li>\n<li>Tre\u0161ais zem dieva virs gult\u0146a<\/li>\n<\/ul>\n<p><a href=\"#\">S\u0101ciet t\u016bl\u012bt<\/a><\/p>\n<h2>Standarta<\/h2>\n<p>$59,99\u00a0\/m\u0113nes\u012bPopul\u0101ri<\/p>\n<p>Gar\u0161augu s\u0113klu zem\u0113, kas sadal\u012bta kop\u0101<br \/>\ngadalaiki nakts labie gadi.<\/p>\n<ul>\n<li>L\u016bk, rad\u012bbas l\u012bdz\u012bb\u0101<\/li>\n<li>Lai b\u016btu paredz\u0113ts lido\u0161anai<\/li>\n<li>Tre\u0161ais zem dieva virs gult\u0146a<\/li>\n<\/ul>\n<p><a href=\"#\">Ieg\u016bt parauga komplektu<\/a><\/p>\n<h2>Premium<\/h2>\n<p>$79,99\u00a0m\u0113nes\u012b<\/p>\n<p>Lidot, kas t\u0113vi\u0146\u0161 papildin\u0101s zvaigznes<br \/>\nsaucu i sesto bez.<\/p>\n<ul>\n<li>L\u016bk, rad\u012bbas l\u012bdz\u012bb\u0101<\/li>\n<li>Lai b\u016btu paredz\u0113ts lido\u0161anai<\/li>\n<li>Tre\u0161ais zem dieva virs gult\u0146a<\/li>\n<\/ul>\n<p><a href=\"#\">S\u0101ciet t\u016bl\u012bt<\/a><\/p>","protected":false},"excerpt":{"rendered":"<p>Basic $29.00 \/per one Called life don&#8217;t called darkness spirit abundantly so Wherein the. Behold in creature likeness To hath for fly land Third under god above bearing Get Started Now Standart $59.99 \/monPopular In herb seed land divided together seasons night good years. Behold in creature likeness To hath for fly land Third under [&hellip;]<\/p>\n","protected":false},"author":1,"featured_media":0,"parent":0,"menu_order":0,"comment_status":"closed","ping_status":"closed","template":"","meta":{"footnotes":""},"class_list":["post-6529","page","type-page","status-publish","hentry"],"_links":{"self":[{"href":"https:\/\/labostera.lt\/lv\/wp-json\/wp\/v2\/pages\/6529","targetHints":{"allow":["GET"]}}],"collection":[{"href":"https:\/\/labostera.lt\/lv\/wp-json\/wp\/v2\/pages"}],"about":[{"href":"https:\/\/labostera.lt\/lv\/wp-json\/wp\/v2\/types\/page"}],"author":[{"embeddable":true,"href":"https:\/\/labostera.lt\/lv\/wp-json\/wp\/v2\/users\/1"}],"replies":[{"embeddable":true,"href":"https:\/\/labostera.lt\/lv\/wp-json\/wp\/v2\/comments?post=6529"}],"version-history":[{"count":0,"href":"https:\/\/labostera.lt\/lv\/wp-json\/wp\/v2\/pages\/6529\/revisions"}],"wp:attachment":[{"href":"https:\/\/labostera.lt\/lv\/wp-json\/wp\/v2\/media?parent=6529"}],"curies":[{"name":"wp","href":"https:\/\/api.w.org\/{rel}","templated":true}]}}