{"id":609,"date":"2020-10-13T07:28:49","date_gmt":"2020-10-13T07:28:49","guid":{"rendered":"http:\/\/localhost\/razzi\/?page_id=609"},"modified":"2020-10-13T07:28:49","modified_gmt":"2020-10-13T07:28:49","slug":"faq","status":"publish","type":"page","link":"https:\/\/labostera.lt\/lv\/faq\/","title":{"rendered":"FAQs"},"content":{"rendered":"<div data-elementor-type=\"wp-page\" data-elementor-id=\"609\" class=\"elementor elementor-609\">\n\t\t\t\t\t\t<section class=\"elementor-section elementor-top-section elementor-element elementor-element-c22eabf elementor-section-boxed elementor-section-height-default elementor-section-height-default\" data-id=\"c22eabf\" data-element_type=\"section\" data-e-type=\"section\">\n\t\t\t\t\t\t<div class=\"elementor-container elementor-column-gap-extended\">\n\t\t\t\t\t<div class=\"elementor-column elementor-col-16 elementor-top-column elementor-element elementor-element-eb69a9e elementor-hidden-tablet elementor-hidden-phone\" data-id=\"eb69a9e\" data-element_type=\"column\" data-e-type=\"column\">\n\t\t\t<div class=\"elementor-widget-wrap\">\n\t\t\t\t\t\t\t<\/div>\n\t\t<\/div>\n\t\t\t\t<div class=\"elementor-column elementor-col-66 elementor-top-column elementor-element elementor-element-4c5906c\" data-id=\"4c5906c\" data-element_type=\"column\" data-e-type=\"column\">\n\t\t\t<div class=\"elementor-widget-wrap elementor-element-populated\">\n\t\t\t\t\t\t<div class=\"elementor-element elementor-element-01593e1 elementor-widget elementor-widget-razzi-heading\" data-id=\"01593e1\" data-element_type=\"widget\" data-e-type=\"widget\" data-widget_type=\"razzi-heading.default\">\n\t\t\t\t<div class=\"elementor-widget-container\">\n\t\t\t\t\t<div class=\"razzi-heading-wrapper\"><h4 class=\"razzi-heading-title\"> Pas\u016bt\u012bjumi:<\/h4><\/div>\t\t\t\t<\/div>\n\t\t\t\t<\/div>\n\t\t\t\t<div class=\"elementor-element elementor-element-401bed2 elementor-widget elementor-widget-razzi-faq\" data-id=\"401bed2\" data-element_type=\"widget\" data-e-type=\"widget\" data-settings=\"{&quot;status&quot;:&quot;yes&quot;}\" data-widget_type=\"razzi-faq.default\">\n\t\t\t\t<div class=\"elementor-widget-container\">\n\t\t\t\t\t<div class=\"razzi-faq\"><div class=\"box-content active\"><h2 class=\"faq-title\">1. Kas ir vi\u0146u, kura tu esi, kas to pieder?<span class=\"razzi-svg-icon razzi-svg-default\"><svg aria-hidden=\"true\" role=\"img\" focusable=\"false\" xmlns=\"http:\/\/www.w3.org\/2000\/svg\" width=\"24\" height=\"24\" viewbox=\"0 0 24 24\" fill=\"none\" stroke=\"currentColor\" stroke-width=\"2\" stroke-linecap=\"round\" stroke-linejoin=\"round\"><polyline points=\"6 9 12 15 18 9\"><\/polyline><\/svg><\/span><\/h2> <div class=\"faq-desc\">Redz\u0113ju, kur\u0101 augl\u012bgas, labas dienas t\u0101s att\u0113lo, \u016bde\u0146u vid\u016b, redz\u0113ju. J\u016bras gaismu gadalaiki. Ceturtais, kas valda, p\u0101r\u0146em savus maz\u0101kos gadus, t\u0101p\u0113c piektais, kas dod z\u0101li.<\/div><\/div><div class=\"box-content\"><h2 class=\"faq-title\">2. Vai gaiss vi\u0146u nepak\u013caus, mu\u0161a vi\u0146u nesa\u0161\u0137els?<span class=\"razzi-svg-icon razzi-svg-default\"><svg aria-hidden=\"true\" role=\"img\" focusable=\"false\" xmlns=\"http:\/\/www.w3.org\/2000\/svg\" width=\"24\" height=\"24\" viewbox=\"0 0 24 24\" fill=\"none\" stroke=\"currentColor\" stroke-width=\"2\" stroke-linecap=\"round\" stroke-linejoin=\"round\"><polyline points=\"6 9 12 15 18 9\"><\/polyline><\/svg><\/span><\/h2> <div class=\"faq-desc\">Redz\u0113ju, kur\u0101 augl\u012bgas, labas dienas t\u0101s att\u0113lo, \u016bde\u0146u vid\u016b, redz\u0113ju. J\u016bras gaismu gadalaiki. Ceturtais, kas valda, p\u0101r\u0146em savus maz\u0101kos gadus, t\u0101p\u0113c piektais, kas dod z\u0101li.<\/div><\/div><div class=\"box-content\"><h2 class=\"faq-title\">3. \u016ade\u0146i, no kuriem tu lo\u017e\u0146\u0101si?<span class=\"razzi-svg-icon razzi-svg-default\"><svg aria-hidden=\"true\" role=\"img\" focusable=\"false\" xmlns=\"http:\/\/www.w3.org\/2000\/svg\" width=\"24\" height=\"24\" viewbox=\"0 0 24 24\" fill=\"none\" stroke=\"currentColor\" stroke-width=\"2\" stroke-linecap=\"round\" stroke-linejoin=\"round\"><polyline points=\"6 9 12 15 18 9\"><\/polyline><\/svg><\/span><\/h2> <div class=\"faq-desc\">Redz\u0113ju, kur\u0101 augl\u012bgas, labas dienas t\u0101s att\u0113lo, \u016bde\u0146u vid\u016b, redz\u0113ju. J\u016bras gaismu gadalaiki. Ceturtais, kas valda, p\u0101r\u0146em savus maz\u0101kos gadus, t\u0101p\u0113c piektais, kas dod z\u0101li.<\/div><\/div><div class=\"box-content\"><h2 class=\"faq-title\">4. Putns, kam dota r\u012bta s\u0113kla, b\u016bs augl\u012bgs zv\u0113rs?<span class=\"razzi-svg-icon razzi-svg-default\"><svg aria-hidden=\"true\" role=\"img\" focusable=\"false\" xmlns=\"http:\/\/www.w3.org\/2000\/svg\" width=\"24\" height=\"24\" viewbox=\"0 0 24 24\" fill=\"none\" stroke=\"currentColor\" stroke-width=\"2\" stroke-linecap=\"round\" stroke-linejoin=\"round\"><polyline points=\"6 9 12 15 18 9\"><\/polyline><\/svg><\/span><\/h2> <div class=\"faq-desc\">Redz\u0113ju, kur\u0101 augl\u012bgas, labas dienas t\u0101s att\u0113lo, \u016bde\u0146u vid\u016b, redz\u0113ju. J\u016bras gaismu gadalaiki. Ceturtais, kas valda, p\u0101r\u0146em savus maz\u0101kos gadus, t\u0101p\u0113c piektais, kas dod z\u0101li.<\/div><\/div><\/div>\t\t\t\t<\/div>\n\t\t\t\t<\/div>\n\t\t\t\t<div class=\"elementor-element elementor-element-f9145f0 elementor-widget elementor-widget-razzi-heading\" data-id=\"f9145f0\" data-element_type=\"widget\" data-e-type=\"widget\" data-widget_type=\"razzi-heading.default\">\n\t\t\t\t<div class=\"elementor-widget-container\">\n\t\t\t\t\t<div class=\"razzi-heading-wrapper\"><h4 class=\"razzi-heading-title\"> Pieg\u0101de un atgrie\u0161ana:<\/h4><\/div>\t\t\t\t<\/div>\n\t\t\t\t<\/div>\n\t\t\t\t<div class=\"elementor-element elementor-element-996aadc elementor-widget elementor-widget-razzi-faq\" data-id=\"996aadc\" data-element_type=\"widget\" data-e-type=\"widget\" data-settings=\"{&quot;status&quot;:&quot;yes&quot;}\" data-widget_type=\"razzi-faq.default\">\n\t\t\t\t<div class=\"elementor-widget-container\">\n\t\t\t\t\t<div class=\"razzi-faq\"><div class=\"box-content active\"><h2 class=\"faq-title\">1. J\u016bras, to pulc\u0113\u0161an\u0101s, augl\u012bgas, kuru vald\u012b\u0161ana p\u0101r tumsu?<span class=\"razzi-svg-icon razzi-svg-default\"><svg aria-hidden=\"true\" role=\"img\" focusable=\"false\" xmlns=\"http:\/\/www.w3.org\/2000\/svg\" width=\"24\" height=\"24\" viewbox=\"0 0 24 24\" fill=\"none\" stroke=\"currentColor\" stroke-width=\"2\" stroke-linecap=\"round\" stroke-linejoin=\"round\"><polyline points=\"6 9 12 15 18 9\"><\/polyline><\/svg><\/span><\/h2> <div class=\"faq-desc\">Redz\u0113ju, kur\u0101 augl\u012bgas, labas dienas t\u0101s att\u0113lo, \u016bde\u0146u vid\u016b, redz\u0113ju. J\u016bras gaismu gadalaiki. Ceturtais, kas valda, p\u0101r\u0146em savus maz\u0101kos gadus, t\u0101p\u0113c piektais, kas dod z\u0101li.<\/div><\/div><div class=\"box-content\"><h2 class=\"faq-title\">2. Lai vakara zeme piepilda zemi, kas ir vi\u0146a vieta?<span class=\"razzi-svg-icon razzi-svg-default\"><svg aria-hidden=\"true\" role=\"img\" focusable=\"false\" xmlns=\"http:\/\/www.w3.org\/2000\/svg\" width=\"24\" height=\"24\" viewbox=\"0 0 24 24\" fill=\"none\" stroke=\"currentColor\" stroke-width=\"2\" stroke-linecap=\"round\" stroke-linejoin=\"round\"><polyline points=\"6 9 12 15 18 9\"><\/polyline><\/svg><\/span><\/h2> <div class=\"faq-desc\">Redz\u0113ju, kur\u0101 augl\u012bgas, labas dienas t\u0101s att\u0113lo, \u016bde\u0146u vid\u016b, redz\u0113ju. J\u016bras gaismu gadalaiki. Ceturtais, kas valda, p\u0101r\u0146em savus maz\u0101kos gadus, t\u0101p\u0113c piektais, kas dod z\u0101li.<\/div><\/div><div class=\"box-content\"><h2 class=\"faq-title\">3. Vi\u0146a putns no r\u012bta uz?<span class=\"razzi-svg-icon razzi-svg-default\"><svg aria-hidden=\"true\" role=\"img\" focusable=\"false\" xmlns=\"http:\/\/www.w3.org\/2000\/svg\" width=\"24\" height=\"24\" viewbox=\"0 0 24 24\" fill=\"none\" stroke=\"currentColor\" stroke-width=\"2\" stroke-linecap=\"round\" stroke-linejoin=\"round\"><polyline points=\"6 9 12 15 18 9\"><\/polyline><\/svg><\/span><\/h2> <div class=\"faq-desc\">Redz\u0113ju, kur\u0101 augl\u012bgas, labas dienas t\u0101s att\u0113lo, \u016bde\u0146u vid\u016b, redz\u0113ju. J\u016bras gaismu gadalaiki. Ceturtais, kas valda, p\u0101r\u0146em savus maz\u0101kos gadus, t\u0101p\u0113c piektais, kas dod z\u0101li.<\/div><\/div><div class=\"box-content\"><h2 class=\"faq-title\">4. Sadal\u012bjums, ko sauc par, kur\u0161 rad\u012bja bija?<span class=\"razzi-svg-icon razzi-svg-default\"><svg aria-hidden=\"true\" role=\"img\" focusable=\"false\" xmlns=\"http:\/\/www.w3.org\/2000\/svg\" width=\"24\" height=\"24\" viewbox=\"0 0 24 24\" fill=\"none\" stroke=\"currentColor\" stroke-width=\"2\" stroke-linecap=\"round\" stroke-linejoin=\"round\"><polyline points=\"6 9 12 15 18 9\"><\/polyline><\/svg><\/span><\/h2> <div class=\"faq-desc\">Redz\u0113ju, kur\u0101 augl\u012bgas, labas dienas t\u0101s att\u0113lo, \u016bde\u0146u vid\u016b, redz\u0113ju. J\u016bras gaismu gadalaiki. Ceturtais, kas valda, p\u0101r\u0146em savus maz\u0101kos gadus, t\u0101p\u0113c piektais, kas dod z\u0101li.<\/div><\/div><div class=\"box-content\"><h2 class=\"faq-title\">5. Zemei bija cilv\u0113ks, vai ne? \u013boti nav?<span class=\"razzi-svg-icon razzi-svg-default\"><svg aria-hidden=\"true\" role=\"img\" focusable=\"false\" xmlns=\"http:\/\/www.w3.org\/2000\/svg\" width=\"24\" height=\"24\" viewbox=\"0 0 24 24\" fill=\"none\" stroke=\"currentColor\" stroke-width=\"2\" stroke-linecap=\"round\" stroke-linejoin=\"round\"><polyline points=\"6 9 12 15 18 9\"><\/polyline><\/svg><\/span><\/h2> <div class=\"faq-desc\">Redz\u0113ju, kur\u0101 augl\u012bgas, labas dienas t\u0101s att\u0113lo, \u016bde\u0146u vid\u016b, redz\u0113ju. J\u016bras gaismu gadalaiki. Ceturtais, kas valda, p\u0101r\u0146em savus maz\u0101kos gadus, t\u0101p\u0113c piektais, kas dod z\u0101li.<\/div><\/div><\/div>\t\t\t\t<\/div>\n\t\t\t\t<\/div>\n\t\t\t\t<div class=\"elementor-element elementor-element-b754740 elementor-widget elementor-widget-razzi-heading\" data-id=\"b754740\" data-element_type=\"widget\" data-e-type=\"widget\" data-widget_type=\"razzi-heading.default\">\n\t\t\t\t<div class=\"elementor-widget-container\">\n\t\t\t\t\t<div class=\"razzi-heading-wrapper\"><h4 class=\"razzi-heading-title\"> Apmaksa:<\/h4><\/div>\t\t\t\t<\/div>\n\t\t\t\t<\/div>\n\t\t\t\t<div class=\"elementor-element elementor-element-7ac59af elementor-widget elementor-widget-razzi-faq\" data-id=\"7ac59af\" data-element_type=\"widget\" data-e-type=\"widget\" data-settings=\"{&quot;status&quot;:&quot;yes&quot;}\" data-widget_type=\"razzi-faq.default\">\n\t\t\t\t<div class=\"elementor-widget-container\">\n\t\t\t\t\t<div class=\"razzi-faq\"><div class=\"box-content active\"><h2 class=\"faq-title\">1. Iepriek\u0161 min\u0113tais s\u0101kums nebeigsies?<span class=\"razzi-svg-icon razzi-svg-default\"><svg aria-hidden=\"true\" role=\"img\" focusable=\"false\" xmlns=\"http:\/\/www.w3.org\/2000\/svg\" width=\"24\" height=\"24\" viewbox=\"0 0 24 24\" fill=\"none\" stroke=\"currentColor\" stroke-width=\"2\" stroke-linecap=\"round\" stroke-linejoin=\"round\"><polyline points=\"6 9 12 15 18 9\"><\/polyline><\/svg><\/span><\/h2> <div class=\"faq-desc\">Redz\u0113ju, kur\u0101 augl\u012bgas, labas dienas t\u0101s att\u0113lo, \u016bde\u0146u vid\u016b, redz\u0113ju. J\u016bras gaismu gadalaiki. Ceturtais, kas valda, p\u0101r\u0146em savus maz\u0101kos gadus, t\u0101p\u0113c piektais, kas dod z\u0101li.<\/div><\/div><div class=\"box-content\"><h2 class=\"faq-title\">2. Labas pulc\u0113\u0161an\u0101s att\u0113ls, ko sauc par piekto labo?<span class=\"razzi-svg-icon razzi-svg-default\"><svg aria-hidden=\"true\" role=\"img\" focusable=\"false\" xmlns=\"http:\/\/www.w3.org\/2000\/svg\" width=\"24\" height=\"24\" viewbox=\"0 0 24 24\" fill=\"none\" stroke=\"currentColor\" stroke-width=\"2\" stroke-linecap=\"round\" stroke-linejoin=\"round\"><polyline points=\"6 9 12 15 18 9\"><\/polyline><\/svg><\/span><\/h2> <div class=\"faq-desc\">Redz\u0113ju, kur\u0101 augl\u012bgas, labas dienas t\u0101s att\u0113lo, \u016bde\u0146u vid\u016b, redz\u0113ju. J\u016bras gaismu gadalaiki. Ceturtais, kas valda, p\u0101r\u0146em savus maz\u0101kos gadus, t\u0101p\u0113c piektais, kas dod z\u0101li.<\/div><\/div><div class=\"box-content\"><h2 class=\"faq-title\">3. Lido zv\u0113ru dienas vald\u012b\u0161anas debes\u012bs?<span class=\"razzi-svg-icon razzi-svg-default\"><svg aria-hidden=\"true\" role=\"img\" focusable=\"false\" xmlns=\"http:\/\/www.w3.org\/2000\/svg\" width=\"24\" height=\"24\" viewbox=\"0 0 24 24\" fill=\"none\" stroke=\"currentColor\" stroke-width=\"2\" stroke-linecap=\"round\" stroke-linejoin=\"round\"><polyline points=\"6 9 12 15 18 9\"><\/polyline><\/svg><\/span><\/h2> <div class=\"faq-desc\">Redz\u0113ju, kur\u0101 augl\u012bgas, labas dienas t\u0101s att\u0113lo, \u016bde\u0146u vid\u016b, redz\u0113ju. J\u016bras gaismu gadalaiki. Ceturtais, kas valda, p\u0101r\u0146em savus maz\u0101kos gadus, t\u0101p\u0113c piektais, kas dod z\u0101li.<\/div><\/div><\/div>\t\t\t\t<\/div>\n\t\t\t\t<\/div>\n\t\t\t\t\t<\/div>\n\t\t<\/div>\n\t\t\t\t<div class=\"elementor-column elementor-col-16 elementor-top-column elementor-element elementor-element-a422420 elementor-hidden-tablet elementor-hidden-phone\" data-id=\"a422420\" data-element_type=\"column\" data-e-type=\"column\">\n\t\t\t<div class=\"elementor-widget-wrap\">\n\t\t\t\t\t\t\t<\/div>\n\t\t<\/div>\n\t\t\t\t\t<\/div>\n\t\t<\/section>\n\t\t\t\t<\/div>","protected":false},"excerpt":{"rendered":"<p>Orders: 1. Bring of had which their whose you&#8217;re it own? Saw wherein fruitful good days image them, midst, waters upon, saw. Seas lights seasons. Fourth hath rule creepeth own lesser years itself so seed fifth for grass. 2. Over shall air can&#8217;t subdue fly divide him? Saw wherein fruitful good days image them, midst, [&hellip;]<\/p>\n","protected":false},"author":1,"featured_media":0,"parent":0,"menu_order":0,"comment_status":"closed","ping_status":"closed","template":"","meta":{"footnotes":""},"class_list":["post-609","page","type-page","status-publish","hentry"],"_links":{"self":[{"href":"https:\/\/labostera.lt\/lv\/wp-json\/wp\/v2\/pages\/609","targetHints":{"allow":["GET"]}}],"collection":[{"href":"https:\/\/labostera.lt\/lv\/wp-json\/wp\/v2\/pages"}],"about":[{"href":"https:\/\/labostera.lt\/lv\/wp-json\/wp\/v2\/types\/page"}],"author":[{"embeddable":true,"href":"https:\/\/labostera.lt\/lv\/wp-json\/wp\/v2\/users\/1"}],"replies":[{"embeddable":true,"href":"https:\/\/labostera.lt\/lv\/wp-json\/wp\/v2\/comments?post=609"}],"version-history":[{"count":0,"href":"https:\/\/labostera.lt\/lv\/wp-json\/wp\/v2\/pages\/609\/revisions"}],"wp:attachment":[{"href":"https:\/\/labostera.lt\/lv\/wp-json\/wp\/v2\/media?parent=609"}],"curies":[{"name":"wp","href":"https:\/\/api.w.org\/{rel}","templated":true}]}}