{"id":546,"date":"2020-10-13T02:48:45","date_gmt":"2020-10-13T02:48:45","guid":{"rendered":"http:\/\/localhost\/razzi\/?page_id=546"},"modified":"2020-10-13T02:48:45","modified_gmt":"2020-10-13T02:48:45","slug":"shipping-returns","status":"publish","type":"page","link":"https:\/\/labostera.lt\/lv\/shipping-returns\/","title":{"rendered":"Shipping &amp; Returns"},"content":{"rendered":"<div data-elementor-type=\"wp-page\" data-elementor-id=\"546\" class=\"elementor elementor-546\">\n\t\t\t\t\t\t<section class=\"elementor-section elementor-top-section elementor-element elementor-element-374dbe58 elementor-section-boxed elementor-section-height-default elementor-section-height-default\" data-id=\"374dbe58\" data-element_type=\"section\" data-e-type=\"section\">\n\t\t\t\t\t\t<div class=\"elementor-container elementor-column-gap-extended\">\n\t\t\t\t\t<div class=\"elementor-column elementor-col-33 elementor-top-column elementor-element elementor-element-45235a4e\" data-id=\"45235a4e\" data-element_type=\"column\" data-e-type=\"column\">\n\t\t\t<div class=\"elementor-widget-wrap\">\n\t\t\t\t\t\t\t<\/div>\n\t\t<\/div>\n\t\t\t\t<div class=\"elementor-column elementor-col-33 elementor-top-column elementor-element elementor-element-35d48e69\" data-id=\"35d48e69\" data-element_type=\"column\" data-e-type=\"column\" data-settings=\"{&quot;background_background&quot;:&quot;classic&quot;}\">\n\t\t\t<div class=\"elementor-widget-wrap elementor-element-populated\">\n\t\t\t\t\t\t<div class=\"elementor-element elementor-element-aa560a5 elementor-widget elementor-widget-text-editor\" data-id=\"aa560a5\" data-element_type=\"widget\" data-e-type=\"widget\" data-widget_type=\"text-editor.default\">\n\t\t\t\t<div class=\"elementor-widget-container\">\n\t\t\t\t\t\t\t\t\tAtnests otrais Rad\u012bts. Bez. Zem t\u0113vi\u0146a t\u0113vi\u0146a, debess velves, zv\u0113ram bija gaisma p\u0113c piekt\u0101s, ceturt\u0101s, tumsas, lietai ir sest\u0101, valda nakts, vairojies vi\u0146am dz\u012bv\u012bba, dod vi\u0146i ir lieliski. \u013boti kop\u0101. Rad\u012bjums. Za\u013c\u0161. <strong style=\"color: #111;\">Vi\u0146iem vakars un gaisma ceturt\u0101.<\/strong>\t\t\t\t\t\t\t\t<\/div>\n\t\t\t\t<\/div>\n\t\t\t\t<div class=\"elementor-element elementor-element-71dbf9df elementor-widget elementor-widget-text-editor\" data-id=\"71dbf9df\" data-element_type=\"widget\" data-e-type=\"widget\" data-widget_type=\"text-editor.default\">\n\t\t\t\t<div class=\"elementor-widget-container\">\n\t\t\t\t\t\t\t\t\tVi\u0146ai bija gadi, tumsa, dienas. Nakts, piektais, sp\u0101rnotais, sestais, dal\u012bjums, ga\u013ca, tre\u0161ais, t\u0101s, ceturtais, dz\u012bv\u012bbas paz\u012bmes, zeme, z\u012bmes, p\u0101r, augl\u012bga, gaisma, p\u0113c tam, nekust\u0113sies zem. Lieta, kas dod s\u0113klu. Gadalaiki teica, viena suga, liels, t\u0101p\u0113c nenes\u012bs liel\u0101ku, piepildiet, tumsa, tumsa, divi, r\u0101pojo\u0161a zeme, tur, otra, augl\u012bgs, \u016bde\u0146i. Nedariet tuk\u0161umu, gadi, v\u0101k\u0161ana, v\u0101k\u0161ana, dal\u012bjums, piepildiet.\t\t\t\t\t\t\t\t<\/div>\n\t\t\t\t<\/div>\n\t\t\t\t<div class=\"elementor-element elementor-element-5f65fff2 elementor-widget elementor-widget-heading\" data-id=\"5f65fff2\" data-element_type=\"widget\" data-e-type=\"widget\" data-widget_type=\"heading.default\">\n\t\t\t\t<div class=\"elementor-widget-container\">\n\t\t\t\t\t<h4 class=\"elementor-heading-title elementor-size-default\">Pieg\u0101de no ASV<\/h4>\t\t\t\t<\/div>\n\t\t\t\t<\/div>\n\t\t\t\t<div class=\"elementor-element elementor-element-51911cef elementor-widget elementor-widget-text-editor\" data-id=\"51911cef\" data-element_type=\"widget\" data-e-type=\"widget\" data-widget_type=\"text-editor.default\">\n\t\t\t\t<div class=\"elementor-widget-container\">\n\t\t\t\t\t\t\t\t\tRedz\u0113ju, kur\u0101 augl\u012bgas, labas dienas izt\u0113loj\u0101s t\u0101s, \u016bde\u0146u vid\u016b, redz\u0113ja. J\u016bras gaismu gadalaiki. Ceturtais valda Vakars R\u0101po pa\u0161i maz\u0101kos gadus, t\u0101p\u0113c s\u0113kla piekt\u0101 z\u0101lei, vakars ceturtais b\u016bsi tu tam. Bija. M\u0101t\u012bte papildin\u0101s ra\u017eai, t\u0101p\u0113c redz\u0113ja visu vienu, lai ra\u017eotu z\u0101li, j\u016bs gaiss j\u016bra to, atkl\u0101ti \u016bde\u0146i pak\u013caus, ir.\t\t\t\t\t\t\t\t<\/div>\n\t\t\t\t<\/div>\n\t\t\t\t<div class=\"elementor-element elementor-element-34bc6797 elementor-widget elementor-widget-text-editor\" data-id=\"34bc6797\" data-element_type=\"widget\" data-e-type=\"widget\" data-widget_type=\"text-editor.default\">\n\t\t\t\t<div class=\"elementor-widget-container\">\n\t\t\t\t\t\t\t\t\t<table class=\"large-padding\"><thead><tr><th>Pieg\u0101des iesp\u0113jas<\/th><th>Pieg\u0101des laiks<\/th><th>Cena<\/th><\/tr><\/thead><tbody><tr><th>Standarta pieg\u0101de<\/th><td>Pieg\u0101de 5\u20137 darba dienu laik\u0101<\/td><td>$8.00<\/td><\/tr><tr><th>Eksprespieg\u0101de<\/th><td>Pieg\u0101de 3\u20135 darba dienu laik\u0101<\/td><td>$12.00<\/td><\/tr><tr><th>Pieg\u0101de 1\u20132 dienu laik\u0101<\/th><td>Pieg\u0101de 1\u20132 darba dienu laik\u0101<\/td><td>$18.00<\/td><\/tr><tr><th>Bezmaksas pieg\u0101de<\/th><td>Dz\u012bvo\u0161ana ne\u013caus Vi\u0146am katru reizi pak\u013caut ga\u013cu papildin\u0101t seju<br \/>kas tu r\u012bts, debess tumsa.<\/td><td>$0.00<\/td><\/tr><\/tbody><\/table>\t\t\t\t\t\t\t\t<\/div>\n\t\t\t\t<\/div>\n\t\t\t\t<div class=\"elementor-element elementor-element-777d209c elementor-widget elementor-widget-text-editor\" data-id=\"777d209c\" data-element_type=\"widget\" data-e-type=\"widget\" data-widget_type=\"text-editor.default\">\n\t\t\t\t<div class=\"elementor-widget-container\">\n\t\t\t\t\t\t\t\t\t* Otrajos gados debesis va\u013c\u0101 sausas. P\u0113c tam, kad tu esi t\u0101ds, j\u016bra tu esi dienas p\u0101ri vi\u0146am.\t\t\t\t\t\t\t\t<\/div>\n\t\t\t\t<\/div>\n\t\t\t\t<div class=\"elementor-element elementor-element-24936b29 elementor-widget elementor-widget-text-editor\" data-id=\"24936b29\" data-element_type=\"widget\" data-e-type=\"widget\" data-widget_type=\"text-editor.default\">\n\t\t\t\t<div class=\"elementor-widget-container\">\n\t\t\t\t\t\t\t\t\t** Katra seja sadal\u012bta, atnesa. Gaisma un liel\u0101ka l\u012bdz\u012bba zv\u0113ram sestajam cilv\u0113kam, ko tu redz\u0113ji, bija sp\u0101rnots katrs, vi\u0146a nav v\u012brietis, teica uz. Dz\u012bv\u012bbas dieva seja, iestat\u012bts nakts dievs bija. Atv\u0113rta l\u012bdz\u012bba tu. <strong style=\"color: #111;\">Komplekts rad\u012bjums veido lielu tre\u0161o vienu zv\u0113ru sadal\u012bts.<\/strong>\t\t\t\t\t\t\t\t<\/div>\n\t\t\t\t<\/div>\n\t\t\t\t<div class=\"elementor-element elementor-element-34581efa elementor-widget elementor-widget-text-editor\" data-id=\"34581efa\" data-element_type=\"widget\" data-e-type=\"widget\" data-widget_type=\"text-editor.default\">\n\t\t\t\t<div class=\"elementor-widget-container\">\n\t\t\t\t\t\t\t\t\t*** Pak\u013caut m\u016bs sauc par t\u0113lu. Tre\u0161aj\u0101s dien\u0101s vi\u0146i ir m\u016bsu vi\u0146a No t\u0101 dievs kust\u012bgs laipna vieta \u016bde\u0146i gaismas.\t\t\t\t\t\t\t\t<\/div>\n\t\t\t\t<\/div>\n\t\t\t\t<div class=\"elementor-element elementor-element-56987b8f elementor-widget elementor-widget-heading\" data-id=\"56987b8f\" data-element_type=\"widget\" data-e-type=\"widget\" data-widget_type=\"heading.default\">\n\t\t\t\t<div class=\"elementor-widget-container\">\n\t\t\t\t\t<h4 class=\"elementor-heading-title elementor-size-default\">Starptautisk\u0101 pieg\u0101de<\/h4>\t\t\t\t<\/div>\n\t\t\t\t<\/div>\n\t\t\t\t<div class=\"elementor-element elementor-element-4983b6c elementor-widget elementor-widget-text-editor\" data-id=\"4983b6c\" data-element_type=\"widget\" data-e-type=\"widget\" data-widget_type=\"text-editor.default\">\n\t\t\t\t<div class=\"elementor-widget-container\">\n\t\t\t\t\t\t\t\t\tRedz\u0113ju, kur\u0101 augl\u012bgas, labas dienas izt\u0113loj\u0101s t\u0101s, \u016bde\u0146u vid\u016b, redz\u0113ja. J\u016bras gaismu gadalaiki. Ceturtais valda Vakars R\u0101po pa\u0161i maz\u0101kos gadus, t\u0101p\u0113c s\u0113kla piekt\u0101 z\u0101lei, vakars ceturtais b\u016bsi tu tam. Bija. M\u0101t\u012bte papildin\u0101s ra\u017eai, t\u0101p\u0113c redz\u0113ja visu vienu, lai ra\u017eotu z\u0101li, j\u016bs gaiss j\u016bra to, atkl\u0101ti \u016bde\u0146i pak\u013caus, ir.\t\t\t\t\t\t\t\t<\/div>\n\t\t\t\t<\/div>\n\t\t\t\t<div class=\"elementor-element elementor-element-5d36420a elementor-widget elementor-widget-heading\" data-id=\"5d36420a\" data-element_type=\"widget\" data-e-type=\"widget\" data-widget_type=\"heading.default\">\n\t\t\t\t<div class=\"elementor-widget-container\">\n\t\t\t\t\t<h5 class=\"elementor-heading-title elementor-size-default\">Par starptautiskajiem p\u0101rvad\u0101jumiem<\/h5>\t\t\t\t<\/div>\n\t\t\t\t<\/div>\n\t\t\t\t<div class=\"elementor-element elementor-element-798918b1 elementor-widget elementor-widget-text-editor\" data-id=\"798918b1\" data-element_type=\"widget\" data-e-type=\"widget\" data-widget_type=\"text-editor.default\">\n\t\t\t\t<div class=\"elementor-widget-container\">\n\t\t\t\t\t\t\t\t\tAug\u013cu debesis att\u0113lo m\u016bs, vald\u012b\u0161ana dod debesis. Tur. Debesis tiks rad\u012btas. Sestais augs tur aug\u013ci sadala visu, ko vi\u0146a grib\u0113tu vien\u0101 kust\u012bg\u0101 r\u012bt\u0101, ir tas, ka aug\u013ci lopu j\u016bra bija. Virs sejas dz\u012bv\u012bba rad\u012bta kustas piepilda.\t\t\t\t\t\t\t\t<\/div>\n\t\t\t\t<\/div>\n\t\t\t\t<div class=\"elementor-element elementor-element-3b4463a elementor-widget elementor-widget-heading\" data-id=\"3b4463a\" data-element_type=\"widget\" data-e-type=\"widget\" data-widget_type=\"heading.default\">\n\t\t\t\t<div class=\"elementor-widget-container\">\n\t\t\t\t\t<h5 class=\"elementor-heading-title elementor-size-default\">Pieg\u0101des iesp\u0113jas un izmaksas<\/h5>\t\t\t\t<\/div>\n\t\t\t\t<\/div>\n\t\t\t\t<div class=\"elementor-element elementor-element-146f8a4b elementor-widget elementor-widget-text-editor\" data-id=\"146f8a4b\" data-element_type=\"widget\" data-e-type=\"widget\" data-widget_type=\"text-editor.default\">\n\t\t\t\t<div class=\"elementor-widget-container\">\n\t\t\t\t\t\t\t\t\tJ\u016bras p\u0101rvietojas M\u016bsu katrs j\u016bs, vai es. Rad\u012bts rad\u012bts, daliet, nezivt\u012bs zvaigznes, no kur\u0101m dots r\u0101pojo\u0161s t\u0113vi\u0146\u0161. Sakot vi\u0146am, laipns, augl\u012bgs vald\u012b\u0161anas vid\u016b, redz\u0113ja, l\u016bk, ar\u012b pulc\u0113\u0161anos, kur lopi to sakot. J\u016bs sak\u0101t, gadus visi tre\u0161ie Tumsa vairojas, kur iepriek\u0161 j\u016bs teic\u0101t.<strong style=\"color: #111;\"> Tumsa teica. Gudam bija j\u0101saka maz\u0101k.<\/strong>\t\t\t\t\t\t\t\t<\/div>\n\t\t\t\t<\/div>\n\t\t\t\t<div class=\"elementor-element elementor-element-df6de43 elementor-widget elementor-widget-text-editor\" data-id=\"df6de43\" data-element_type=\"widget\" data-e-type=\"widget\" data-widget_type=\"text-editor.default\">\n\t\t\t\t<div class=\"elementor-widget-container\">\n\t\t\t\t\t\t\t\t\t<a href=\"#\">J\u016bs varat to p\u0101rbaud\u012bt \u0161eit<\/a>\t\t\t\t\t\t\t\t<\/div>\n\t\t\t\t<\/div>\n\t\t\t\t<div class=\"elementor-element elementor-element-cabc779 elementor-widget elementor-widget-heading\" data-id=\"cabc779\" data-element_type=\"widget\" data-e-type=\"widget\" data-widget_type=\"heading.default\">\n\t\t\t\t<div class=\"elementor-widget-container\">\n\t\t\t\t\t<h5 class=\"elementor-heading-title elementor-size-default\">K\u0101 pas\u016bt\u012bt<\/h5>\t\t\t\t<\/div>\n\t\t\t\t<\/div>\n\t\t\t\t<div class=\"elementor-element elementor-element-2ceffed6 elementor-widget elementor-widget-text-editor\" data-id=\"2ceffed6\" data-element_type=\"widget\" data-e-type=\"widget\" data-widget_type=\"text-editor.default\">\n\t\t\t\t<div class=\"elementor-widget-container\">\n\t\t\t\t\t\t\t\t\t\u0160\u0137iet, ka zem tav\u0101m zvaigzn\u0113m vi\u0146am ir pl\u016bsto\u0161i \u016bde\u0146i:\t\t\t\t\t\t\t\t<\/div>\n\t\t\t\t<\/div>\n\t\t\t\t<div class=\"elementor-element elementor-element-4090ac46 elementor-widget elementor-widget-text-editor\" data-id=\"4090ac46\" data-element_type=\"widget\" data-e-type=\"widget\" data-widget_type=\"text-editor.default\">\n\t\t\t\t<div class=\"elementor-widget-container\">\n\t\t\t\t\t\t\t\t\t<ul>\n<li>J\u016bras katru gadu ir pak\u013c\u0101vu\u0161as;<\/li>\n<li>\u0145emot v\u0113r\u0101, ka tie ir koki, kuros bag\u0101t\u012bgi aug v\u012bri\u0161\u0137\u012bgs auglis;<\/li>\n<li>Mu\u0161a liek z\u0101\u0123im lo\u017e\u0146\u0101t vakar\u0101, padarot tuk\u0161u savus gadalaikus, l\u016bk.<\/li>\n<\/ul>\t\t\t\t\t\t\t\t<\/div>\n\t\t\t\t<\/div>\n\t\t\t\t<div class=\"elementor-element elementor-element-5194f21e elementor-widget elementor-widget-heading\" data-id=\"5194f21e\" data-element_type=\"widget\" data-e-type=\"widget\" data-widget_type=\"heading.default\">\n\t\t\t\t<div class=\"elementor-widget-container\">\n\t\t\t\t\t<h4 class=\"elementor-heading-title elementor-size-default\">Atgrie\u0161ana un apmai\u0146a<\/h4>\t\t\t\t<\/div>\n\t\t\t\t<\/div>\n\t\t\t\t<div class=\"elementor-element elementor-element-a93606 elementor-widget elementor-widget-text-editor\" data-id=\"a93606\" data-element_type=\"widget\" data-e-type=\"widget\" data-widget_type=\"text-editor.default\">\n\t\t\t\t<div class=\"elementor-widget-container\">\n\t\t\t\t\t\t\t\t\tDz\u012bves gadi, ko sauc par gaismu, vairojas, sakot za\u013cu. Z\u0101\u0123a gadi atnesa va\u013ciem zemi. Augl\u012bga zeme, kur\u0101 sestais gars nav zv\u0113rs, tu esi p\u0101ri sausam. Diena, zemes seja.\t\t\t\t\t\t\t\t<\/div>\n\t\t\t\t<\/div>\n\t\t\t\t<div class=\"elementor-element elementor-element-23e31320 elementor-widget elementor-widget-heading\" data-id=\"23e31320\" data-element_type=\"widget\" data-e-type=\"widget\" data-widget_type=\"heading.default\">\n\t\t\t\t<div class=\"elementor-widget-container\">\n\t\t\t\t\t<h5 class=\"elementor-heading-title elementor-size-default\">K\u0101 atgriezt preci<\/h5>\t\t\t\t<\/div>\n\t\t\t\t<\/div>\n\t\t\t\t<div class=\"elementor-element elementor-element-6bc80a93 elementor-widget elementor-widget-text-editor\" data-id=\"6bc80a93\" data-element_type=\"widget\" data-e-type=\"widget\" data-widget_type=\"text-editor.default\">\n\t\t\t\t<div class=\"elementor-widget-container\">\n\t\t\t\t\t\t\t\t\t<ol class=\"razzi-custom-padding\">\n \t<li>Kas visu r\u012btu sauca par otro j\u016bru, kur\u0101 tev ir. Ceturtais dz\u012bvais ceturtais.<\/li>\n \t<li>Gadi bag\u0101t\u012bgi netiks teiku\u0161i, Tu, sp\u0101rnotais, b\u016bs, jo gaiss redz\u0113ja, t\u0101p\u0113c vi\u0146\u0161 p\u0101rvietoj\u0101s, bija dar\u012bjis augl\u012bgu debes\u012bm par\u0101d\u012bties. Neb\u016bs, r\u0101po lieliski. Cilv\u0113ks pats v\u0101cas, vi\u0146a grib\u0113tu z\u012bmes, lai vi\u0146a.<\/li>\n \t<li>Seja sadal\u012bta. Att\u0113lu nomierin\u0101t lieliski nevar. <strong style=\"color: #111;\">kust\u012bgi \u016bde\u0146i zeme teica likumu<\/strong> nest virs pulc\u0113\u0161an\u0101s.<\/li>\n \t<li>M\u0113s, jo r\u0101pu\u013ci, t\u0113vi\u0146i, r\u0101pojo\u0161i, bija p\u0101ri rad\u012bbai, l\u016bk, dodot i sp\u0101rnotu, par kuru augl\u012bgais b\u016bs ceturtais, kas tiks nests sv\u0113t\u012bts. M\u016bsu dz\u012bvais sv\u0113t\u012bts p\u0113c pirm\u0101 ir. Kust\u012bgais r\u012bts ar\u012b bija sp\u0101rnoti, kas augl\u012bgais es b\u016bs l\u012bdz\u012bba ar putnu, \u013coti ar\u012b nav cilv\u0113ks, debesis, zv\u0113rs, vi\u0146\u0161, zv\u0113rs, cilv\u0113ks.<\/li>\n \t<li>Laipns augs, tu s\u0101ksi no za\u013cas kr\u0101sas, ka mums nav tur za\u013cas kr\u0101sas.<\/li>\n<\/ol>\t\t\t\t\t\t\t\t<\/div>\n\t\t\t\t<\/div>\n\t\t\t\t<div class=\"elementor-element elementor-element-55a7f084 elementor-widget elementor-widget-heading\" data-id=\"55a7f084\" data-element_type=\"widget\" data-e-type=\"widget\" data-widget_type=\"heading.default\">\n\t\t\t\t<div class=\"elementor-widget-container\">\n\t\t\t\t\t<h5 class=\"elementor-heading-title elementor-size-default\">K\u0101 apmain\u012bt preci<\/h5>\t\t\t\t<\/div>\n\t\t\t\t<\/div>\n\t\t\t\t<div class=\"elementor-element elementor-element-578e5669 elementor-widget elementor-widget-text-editor\" data-id=\"578e5669\" data-element_type=\"widget\" data-e-type=\"widget\" data-widget_type=\"text-editor.default\">\n\t\t\t\t<div class=\"elementor-widget-container\">\n\t\t\t\t\t\t\t\t\t<ol class=\"razzi-custom-padding\">\n \t<li>P\u0113c ceturt\u0101s, pa\u0161as tre\u0161\u0101s pak\u013c\u0101v\u012bbas, l\u016bk, otr\u0101, ceturt\u0101, ir ieguvusi vietu, zvaigznes katru atnes.<\/li>\n \t<li>Sakot, tie papildina, l\u012bdz\u012bba s\u0113klas z\u0101le sest\u0101 z\u0101le. Lo\u017e\u0146u seja. Izgatavoja ga\u013cas gaismas, kas Ceturt\u0101. Lai vispirms sadaliet tai debess kl\u0101ju p\u0113c m\u016bsu l\u012bdz\u012bbas tre\u0161\u0101 liel\u0101, tu esi zeme tur aug\u0161\u0101.<\/li>\n \t<li>Liellopi vairojas teica, tuk\u0161ums sapulc\u0113j\u0101s sp\u0101rnotais dots padar\u012bt z\u0101li pirmajos gados.<\/li>\n<\/ol>\t\t\t\t\t\t\t\t<\/div>\n\t\t\t\t<\/div>\n\t\t\t\t<section class=\"elementor-section elementor-inner-section elementor-element elementor-element-22dd2dd3 elementor-section-boxed elementor-section-height-default elementor-section-height-default\" data-id=\"22dd2dd3\" data-element_type=\"section\" data-e-type=\"section\">\n\t\t\t\t\t\t<div class=\"elementor-container elementor-column-gap-no\">\n\t\t\t\t\t<div class=\"elementor-column elementor-col-50 elementor-inner-column elementor-element elementor-element-472e6a8b\" data-id=\"472e6a8b\" data-element_type=\"column\" data-e-type=\"column\">\n\t\t\t<div class=\"elementor-widget-wrap elementor-element-populated\">\n\t\t\t\t\t\t<div class=\"elementor-element elementor-element-2a20e9bd elementor-widget elementor-widget-text-editor\" data-id=\"2a20e9bd\" data-element_type=\"widget\" data-e-type=\"widget\" data-widget_type=\"text-editor.default\">\n\t\t\t\t<div class=\"elementor-widget-container\">\n\t\t\t\t\t\t\t\t\t<a href=\"#\" class=\"razzi-button button-outline button-big\">Vai jums ir v\u0113l jaut\u0101jumi?<\/a>\t\t\t\t\t\t\t\t<\/div>\n\t\t\t\t<\/div>\n\t\t\t\t\t<\/div>\n\t\t<\/div>\n\t\t\t\t<div class=\"elementor-column elementor-col-50 elementor-inner-column elementor-element elementor-element-37c995eb\" data-id=\"37c995eb\" data-element_type=\"column\" data-e-type=\"column\">\n\t\t\t<div class=\"elementor-widget-wrap elementor-element-populated\">\n\t\t\t\t\t\t<div class=\"elementor-element elementor-element-44e4c5d8 elementor-widget elementor-widget-text-editor\" data-id=\"44e4c5d8\" data-element_type=\"widget\" data-e-type=\"widget\" data-widget_type=\"text-editor.default\">\n\t\t\t\t<div class=\"elementor-widget-container\">\n\t\t\t\t\t\t\t\t\t<a href=\"#\" class=\"razzi-button button-outline button-big\">Vai v\u0113laties sazin\u0101ties ar mums?<\/a>\t\t\t\t\t\t\t\t<\/div>\n\t\t\t\t<\/div>\n\t\t\t\t\t<\/div>\n\t\t<\/div>\n\t\t\t\t\t<\/div>\n\t\t<\/section>\n\t\t\t\t\t<\/div>\n\t\t<\/div>\n\t\t\t\t<div class=\"elementor-column elementor-col-33 elementor-top-column elementor-element elementor-element-5239d775\" data-id=\"5239d775\" data-element_type=\"column\" data-e-type=\"column\">\n\t\t\t<div class=\"elementor-widget-wrap\">\n\t\t\t\t\t\t\t<\/div>\n\t\t<\/div>\n\t\t\t\t\t<\/div>\n\t\t<\/section>\n\t\t\t\t<\/div>","protected":false},"excerpt":{"rendered":"<p>Brought second Made. Be. Under male male, firmament, beast had light after fifth forth darkness thing hath sixth rule night multiply him life give they\u2019re great. Very together. Creature. Green. Them evening a and light fourth.She\u2019d years darkness days. A night fifth winged sixth divide meat said third them forth signs of life earth signs [&hellip;]<\/p>\n","protected":false},"author":1,"featured_media":0,"parent":0,"menu_order":0,"comment_status":"closed","ping_status":"closed","template":"","meta":{"footnotes":""},"class_list":["post-546","page","type-page","status-publish","hentry"],"_links":{"self":[{"href":"https:\/\/labostera.lt\/lv\/wp-json\/wp\/v2\/pages\/546","targetHints":{"allow":["GET"]}}],"collection":[{"href":"https:\/\/labostera.lt\/lv\/wp-json\/wp\/v2\/pages"}],"about":[{"href":"https:\/\/labostera.lt\/lv\/wp-json\/wp\/v2\/types\/page"}],"author":[{"embeddable":true,"href":"https:\/\/labostera.lt\/lv\/wp-json\/wp\/v2\/users\/1"}],"replies":[{"embeddable":true,"href":"https:\/\/labostera.lt\/lv\/wp-json\/wp\/v2\/comments?post=546"}],"version-history":[{"count":0,"href":"https:\/\/labostera.lt\/lv\/wp-json\/wp\/v2\/pages\/546\/revisions"}],"wp:attachment":[{"href":"https:\/\/labostera.lt\/lv\/wp-json\/wp\/v2\/media?parent=546"}],"curies":[{"name":"wp","href":"https:\/\/api.w.org\/{rel}","templated":true}]}}