{"id":2,"date":"2023-07-11T15:31:05","date_gmt":"2023-07-11T15:31:05","guid":{"rendered":"http:\/\/labostera.lt\/?page_id=2"},"modified":"2023-07-11T15:31:05","modified_gmt":"2023-07-11T15:31:05","slug":"sample-page","status":"publish","type":"page","link":"https:\/\/labostera.lt\/lv\/sample-page\/","title":{"rendered":"Sample Page"},"content":{"rendered":"<p>\u0160\u012b ir lapas piem\u0113rs. Tas at\u0161\u0137iras no emu\u0101ra ieraksta, jo tas paliks vienuviet un tiks par\u0101d\u012bts j\u016bsu vietnes navig\u0101cij\u0101 (vairum\u0101 t\u0113mu). Liel\u0101k\u0101 da\u013ca cilv\u0113ku s\u0101k ar lapu \u201cPar mums\u201d, kas iepaz\u012bstina vi\u0146us ar potenci\u0101lajiem vietnes apmekl\u0113t\u0101jiem. Tas var\u0113tu teikt kaut ko l\u012bdz\u012bgu \u0161im:<\/p>\n\n\n\n<blockquote class=\"wp-block-quote is-layout-flow wp-block-quote-is-layout-flow\"><p>Sveiki! Dien\u0101 esmu velosip\u0113distu kurjers, nakt\u012b topo\u0161ais aktieris, un \u0161\u012b ir mana t\u012bmek\u013ca vietne. Es dz\u012bvoju Losand\u017eelos\u0101, man ir lielisks suns v\u0101rd\u0101 D\u017eeks, un man gar\u0161o pi\u00f1a coladas. (Un iek\u013c\u016bst liet\u016b.)<\/p><\/blockquote>\n\n\n\n<p>...vai kaut kas taml\u012bdz\u012bgs:<\/p>\n\n\n\n<blockquote class=\"wp-block-quote is-layout-flow wp-block-quote-is-layout-flow\"><p>Uz\u0146\u0113mums XYZ Doohickey Company tika dibin\u0101ts 1971. gad\u0101 un kop\u0161 t\u0101 laika nodro\u0161ina sabiedr\u012bbai kvalitat\u012bvus doohickeys. XYZ atrodas Gotemas pils\u0113t\u0101, nodarbina vair\u0101k nek\u0101 2000 cilv\u0113ku un dara vis\u0101das lieliskas lietas Gotemas kopienas lab\u0101.<\/p><\/blockquote>\n\n\n\n<p>K\u0101 jaunam WordPress lietot\u0101jam jums vajadz\u0113tu doties uz <a href=\"http:\/\/labostera.lt\/wp-admin\/\">j\u016bsu inform\u0101cijas panelis<\/a> lai dz\u0113stu \u0161o lapu un izveidotu jaunas lapas savam saturam. Izklaid\u0113jies!<\/p>","protected":false},"excerpt":{"rendered":"<p>This is an example page. It&#8217;s different from a blog post because it will stay in one place and will show up in your site navigation (in most themes). Most people start with an About page that introduces them to potential site visitors. It might say something like this: Hi there! I&#8217;m a bike messenger [&hellip;]<\/p>\n","protected":false},"author":1,"featured_media":0,"parent":0,"menu_order":0,"comment_status":"closed","ping_status":"open","template":"","meta":{"footnotes":""},"class_list":["post-2","page","type-page","status-publish","hentry"],"_links":{"self":[{"href":"https:\/\/labostera.lt\/lv\/wp-json\/wp\/v2\/pages\/2","targetHints":{"allow":["GET"]}}],"collection":[{"href":"https:\/\/labostera.lt\/lv\/wp-json\/wp\/v2\/pages"}],"about":[{"href":"https:\/\/labostera.lt\/lv\/wp-json\/wp\/v2\/types\/page"}],"author":[{"embeddable":true,"href":"https:\/\/labostera.lt\/lv\/wp-json\/wp\/v2\/users\/1"}],"replies":[{"embeddable":true,"href":"https:\/\/labostera.lt\/lv\/wp-json\/wp\/v2\/comments?post=2"}],"version-history":[{"count":0,"href":"https:\/\/labostera.lt\/lv\/wp-json\/wp\/v2\/pages\/2\/revisions"}],"wp:attachment":[{"href":"https:\/\/labostera.lt\/lv\/wp-json\/wp\/v2\/media?parent=2"}],"curies":[{"name":"wp","href":"https:\/\/api.w.org\/{rel}","templated":true}]}}