{"id":17561,"date":"2024-01-11T13:17:41","date_gmt":"2024-01-11T13:17:41","guid":{"rendered":"http:\/\/labostera.lt\/?page_id=17561"},"modified":"2024-01-12T14:06:31","modified_gmt":"2024-01-12T14:06:31","slug":"elementor-17561","status":"publish","type":"page","link":"https:\/\/labostera.lt\/lv\/elementor-17561\/","title":{"rendered":"Elementor #17561"},"content":{"rendered":"<div data-elementor-type=\"wp-page\" data-elementor-id=\"17561\" class=\"elementor elementor-17561\">\n\t\t\t\t\t\t<section class=\"elementor-section elementor-top-section elementor-element elementor-element-a66ac4c elementor-section-boxed elementor-section-height-default elementor-section-height-default\" data-id=\"a66ac4c\" data-element_type=\"section\" data-e-type=\"section\">\n\t\t\t\t\t\t<div class=\"elementor-container elementor-column-gap-extended\">\n\t\t\t\t\t<div class=\"elementor-column elementor-col-50 elementor-top-column elementor-element elementor-element-3b71501\" data-id=\"3b71501\" data-element_type=\"column\" data-e-type=\"column\">\n\t\t\t<div class=\"elementor-widget-wrap elementor-element-populated\">\n\t\t\t\t\t\t<div class=\"elementor-element elementor-element-e7a838f elementor-widget elementor-widget-image\" data-id=\"e7a838f\" data-element_type=\"widget\" data-e-type=\"widget\" data-widget_type=\"image.default\">\n\t\t\t\t<div class=\"elementor-widget-container\">\n\t\t\t\t\t\t\t\t\t\t\t\t\t\t\t<img fetchpriority=\"high\" decoding=\"async\" width=\"1000\" height=\"667\" src=\"https:\/\/labostera.lt\/wp-content\/uploads\/2023\/07\/analysis-g14eebe62e_1920-1.jpg\" class=\"attachment-2048x2048 size-2048x2048 wp-image-13701\" alt=\"\" srcset=\"https:\/\/labostera.lt\/wp-content\/uploads\/2023\/07\/analysis-g14eebe62e_1920-1.jpg 1000w, https:\/\/labostera.lt\/wp-content\/uploads\/2023\/07\/analysis-g14eebe62e_1920-1-570x380.jpg 570w, https:\/\/labostera.lt\/wp-content\/uploads\/2023\/07\/analysis-g14eebe62e_1920-1-600x400.jpg 600w, https:\/\/labostera.lt\/wp-content\/uploads\/2023\/07\/analysis-g14eebe62e_1920-1-300x200.jpg 300w, https:\/\/labostera.lt\/wp-content\/uploads\/2023\/07\/analysis-g14eebe62e_1920-1-768x512.jpg 768w\" sizes=\"(max-width: 1000px) 100vw, 1000px\" \/>\t\t\t\t\t\t\t\t\t\t\t\t\t\t\t<\/div>\n\t\t\t\t<\/div>\n\t\t\t\t\t<\/div>\n\t\t<\/div>\n\t\t\t\t<div class=\"elementor-column elementor-col-50 elementor-top-column elementor-element elementor-element-3e762fc\" data-id=\"3e762fc\" data-element_type=\"column\" data-e-type=\"column\">\n\t\t\t<div class=\"elementor-widget-wrap elementor-element-populated\">\n\t\t\t\t\t\t<div class=\"elementor-element elementor-element-356181d elementor-widget elementor-widget-heading\" data-id=\"356181d\" data-element_type=\"widget\" data-e-type=\"widget\" data-widget_type=\"heading.default\">\n\t\t\t\t<div class=\"elementor-widget-container\">\n\t\t\t\t\t<h6 class=\"elementor-heading-title elementor-size-default\">labradors<\/h6>\t\t\t\t<\/div>\n\t\t\t\t<\/div>\n\t\t\t\t<div class=\"elementor-element elementor-element-365f6e7 elementor-widget elementor-widget-heading\" data-id=\"365f6e7\" data-element_type=\"widget\" data-e-type=\"widget\" data-widget_type=\"heading.default\">\n\t\t\t\t<div class=\"elementor-widget-container\">\n\t\t\t\t\t<h3 class=\"elementor-heading-title elementor-size-default\">Par mums<\/h3>\t\t\t\t<\/div>\n\t\t\t\t<\/div>\n\t\t\t\t<div class=\"elementor-element elementor-element-292af05 elementor-widget elementor-widget-text-editor\" data-id=\"292af05\" data-element_type=\"widget\" data-e-type=\"widget\" data-widget_type=\"text-editor.default\">\n\t\t\t\t<div class=\"elementor-widget-container\">\n\t\t\t\t\t\t\t\t\t<p><strong>Sabiedr\u012bba ar ierobe\u017eotu atbild\u012bbu &quot;Labostera&quot; tika dibin\u0101ta 2005. gad\u0101.<\/strong>\u00a0Uz\u0146\u0113muma galven\u0101s darb\u012bbas jomas ir da\u017e\u0101du laboratorijas iek\u0101rtu pieg\u0101de p\u0113tniec\u012bbas, izgl\u012bt\u012bbas, vesel\u012bbas apr\u016bpes, tiesu medic\u012bnas iest\u0101d\u0113m, r\u016bpniec\u012bbas uz\u0146\u0113mumiem un cit\u0101m iest\u0101d\u0113m valst\u012b. Veicam pieg\u0101d\u0101to iek\u0101rtu uzst\u0101d\u012b\u0161anu, garantijas apkopi un remontu, sniedzam apkopes pakalpojumus, k\u0101 ar\u012b veicam iek\u0101rtu atjauno\u0161anas un automatiz\u0101cijas darbus. Sniedzam konsult\u0101cijas, organiz\u0113jam semin\u0101rus un apm\u0101c\u012bbas gan Lietuv\u0101, gan \u0101rzem\u0113s.<\/p><p>\u00a0<\/p>\t\t\t\t\t\t\t\t<\/div>\n\t\t\t\t<\/div>\n\t\t\t\t\t<\/div>\n\t\t<\/div>\n\t\t\t\t\t<\/div>\n\t\t<\/section>\n\t\t\t\t<section class=\"elementor-section elementor-top-section elementor-element elementor-element-173f64f elementor-section-boxed elementor-section-height-default elementor-section-height-default\" data-id=\"173f64f\" data-element_type=\"section\" data-e-type=\"section\">\n\t\t\t\t\t\t<div class=\"elementor-container elementor-column-gap-default\">\n\t\t\t\t\t<div class=\"elementor-column elementor-col-100 elementor-top-column elementor-element elementor-element-63a9eb1\" data-id=\"63a9eb1\" data-element_type=\"column\" data-e-type=\"column\">\n\t\t\t<div class=\"elementor-widget-wrap elementor-element-populated\">\n\t\t\t\t\t\t<div class=\"elementor-element elementor-element-ec81d86 elementor-widget elementor-widget-heading\" data-id=\"ec81d86\" data-element_type=\"widget\" data-e-type=\"widget\" data-widget_type=\"heading.default\">\n\t\t\t\t<div class=\"elementor-widget-container\">\n\t\t\t\t\t<h3 class=\"elementor-heading-title elementor-size-default\">Sektori<br><\/h3>\t\t\t\t<\/div>\n\t\t\t\t<\/div>\n\t\t\t\t\t<\/div>\n\t\t<\/div>\n\t\t\t\t\t<\/div>\n\t\t<\/section>\n\t\t\t\t<section class=\"elementor-section elementor-top-section elementor-element elementor-element-d4c473f elementor-section-boxed elementor-section-height-default elementor-section-height-default\" data-id=\"d4c473f\" data-element_type=\"section\" data-e-type=\"section\">\n\t\t\t\t\t\t<div class=\"elementor-container elementor-column-gap-default\">\n\t\t\t\t\t<div class=\"elementor-column elementor-col-25 elementor-top-column elementor-element elementor-element-7fc8f8e\" data-id=\"7fc8f8e\" data-element_type=\"column\" data-e-type=\"column\">\n\t\t\t<div class=\"elementor-widget-wrap elementor-element-populated\">\n\t\t\t\t\t\t<div class=\"elementor-element elementor-element-f983300 elementor-view-default elementor-position-top elementor-vertical-align-top elementor-widget elementor-widget-razzi-icon-box\" data-id=\"f983300\" data-element_type=\"widget\" data-e-type=\"widget\" data-widget_type=\"razzi-icon-box.default\">\n\t\t\t\t<div class=\"elementor-widget-container\">\n\t\t\t\t\t\t\t<div class=\"razzi-icon-box\">\r\n\t\t\t\t\t\t<div class=\"razzi-icon-box__icon\">\r\n\t\t\t\t<span class=\"razzi-svg-icon razzi-icon__icon elementor-animation-\" >\r\n\t\t\t\t<i aria-hidden=\"true\" class=\"far fa-hospital\"><\/i>\t\t\t\t<\/span>\r\n\t\t\t<\/div>\r\n\t\t\t\t\t\t<div class=\"razzi-icon-box__content\">\r\n\t\t\t\t<div class=\"razzi-icon-box__item\">\r\n\t\t\t\t\t<h5 class=\"razzi-icon-box__title\">\r\n\t\t\t\t\t\t<span  >\r\n\t\t\t\t\t\t\tMedic\u012bna\t\t\t\t\t\t<\/span>\r\n\t\t\t\t\t<\/h5>\r\n\t\t\t\t\t\t\t\t\t\t\t<p class=\"razzi-icon-box__description\">\r\n\t\t\t\t\t\t\tVesel\u012bbas apr\u016bpes iest\u0101\u017eu un specializ\u0113ta vesel\u012bbas apr\u016bpes apr\u012bkojuma uzst\u0101d\u012b\u0161ana, uztur\u0113\u0161ana un ekspluat\u0101cija atbilsto\u0161i katra klienta \u012bpa\u0161aj\u0101m vajadz\u012bb\u0101m\t\t\t\t\t\t<\/p>\r\n\t\t\t\t\t\t\t\t\t<\/div>\r\n\t\t\t\t\t\t\t<\/div>\r\n\t\t<\/div>\r\n\t\t\t\t\t\t<\/div>\n\t\t\t\t<\/div>\n\t\t\t\t\t<\/div>\n\t\t<\/div>\n\t\t\t\t<div class=\"elementor-column elementor-col-25 elementor-top-column elementor-element elementor-element-106cb0a\" data-id=\"106cb0a\" data-element_type=\"column\" data-e-type=\"column\">\n\t\t\t<div class=\"elementor-widget-wrap elementor-element-populated\">\n\t\t\t\t\t\t<div class=\"elementor-element elementor-element-d274589 elementor-view-default elementor-position-top elementor-vertical-align-top elementor-widget elementor-widget-razzi-icon-box\" data-id=\"d274589\" data-element_type=\"widget\" data-e-type=\"widget\" data-widget_type=\"razzi-icon-box.default\">\n\t\t\t\t<div class=\"elementor-widget-container\">\n\t\t\t\t\t\t\t<div class=\"razzi-icon-box\">\r\n\t\t\t\t\t\t<div class=\"razzi-icon-box__icon\">\r\n\t\t\t\t<span class=\"razzi-svg-icon razzi-icon__icon elementor-animation-\" >\r\n\t\t\t\t<i aria-hidden=\"true\" class=\"fas fa-graduation-cap\"><\/i>\t\t\t\t<\/span>\r\n\t\t\t<\/div>\r\n\t\t\t\t\t\t<div class=\"razzi-icon-box__content\">\r\n\t\t\t\t<div class=\"razzi-icon-box__item\">\r\n\t\t\t\t\t<h5 class=\"razzi-icon-box__title\">\r\n\t\t\t\t\t\t<span  >\r\n\t\t\t\t\t\t\tIzgl\u012bt\u012bba\t\t\t\t\t\t<\/span>\r\n\t\t\t\t\t<\/h5>\r\n\t\t\t\t\t\t\t\t\t\t\t<p class=\"razzi-icon-box__description\">\r\n\t\t\t\t\t\t\tPal\u012bdz\u0113t m\u016bsu da\u017e\u0101dajiem klientiem izstr\u0101d\u0101t izgl\u012bt\u012bbas risin\u0101jumus, s\u0101kot no konkr\u0113ta projekta koncepcijas l\u012bdz turpm\u0101kam atbalstam, piem\u0113ram, uzraudz\u012bbai un vad\u012bbai.\t\t\t\t\t\t<\/p>\r\n\t\t\t\t\t\t\t\t\t<\/div>\r\n\t\t\t\t\t\t\t<\/div>\r\n\t\t<\/div>\r\n\t\t\t\t\t\t<\/div>\n\t\t\t\t<\/div>\n\t\t\t\t\t<\/div>\n\t\t<\/div>\n\t\t\t\t<div class=\"elementor-column elementor-col-25 elementor-top-column elementor-element elementor-element-711e546\" data-id=\"711e546\" data-element_type=\"column\" data-e-type=\"column\">\n\t\t\t<div class=\"elementor-widget-wrap elementor-element-populated\">\n\t\t\t\t\t\t<div class=\"elementor-element elementor-element-39061bb elementor-view-default elementor-position-top elementor-vertical-align-top elementor-widget elementor-widget-razzi-icon-box\" data-id=\"39061bb\" data-element_type=\"widget\" data-e-type=\"widget\" data-widget_type=\"razzi-icon-box.default\">\n\t\t\t\t<div class=\"elementor-widget-container\">\n\t\t\t\t\t\t\t<div class=\"razzi-icon-box\">\r\n\t\t\t\t\t\t<div class=\"razzi-icon-box__icon\">\r\n\t\t\t\t<span class=\"razzi-svg-icon razzi-icon__icon elementor-animation-\" >\r\n\t\t\t\t<i aria-hidden=\"true\" class=\"fas fa-flask\"><\/i>\t\t\t\t<\/span>\r\n\t\t\t<\/div>\r\n\t\t\t\t\t\t<div class=\"razzi-icon-box__content\">\r\n\t\t\t\t<div class=\"razzi-icon-box__item\">\r\n\t\t\t\t\t<h5 class=\"razzi-icon-box__title\">\r\n\t\t\t\t\t\t<span  >\r\n\t\t\t\t\t\t\tLaboratorijas\t\t\t\t\t\t<\/span>\r\n\t\t\t\t\t<\/h5>\r\n\t\t\t\t\t\t\t\t\t\t\t<p class=\"razzi-icon-box__description\">\r\n\t\t\t\t\t\t\tM\u0113s pied\u0101v\u0101jam saviem klientiem pla\u0161u risin\u0101jumu kl\u0101stu \u2013 s\u0101kot no gataviem projektiem l\u012bdz \u012bpa\u0161iem klientu piepras\u012bjumiem, un vienm\u0113r sniedzam past\u0101v\u012bgu atbalstu, ja nepiecie\u0161ams.\t\t\t\t\t\t<\/p>\r\n\t\t\t\t\t\t\t\t\t<\/div>\r\n\t\t\t\t\t\t\t<\/div>\r\n\t\t<\/div>\r\n\t\t\t\t\t\t<\/div>\n\t\t\t\t<\/div>\n\t\t\t\t\t<\/div>\n\t\t<\/div>\n\t\t\t\t<div class=\"elementor-column elementor-col-25 elementor-top-column elementor-element elementor-element-2c23f35\" data-id=\"2c23f35\" data-element_type=\"column\" data-e-type=\"column\">\n\t\t\t<div class=\"elementor-widget-wrap elementor-element-populated\">\n\t\t\t\t\t\t<div class=\"elementor-element elementor-element-875b35c elementor-view-default elementor-position-top elementor-vertical-align-top elementor-widget elementor-widget-razzi-icon-box\" data-id=\"875b35c\" data-element_type=\"widget\" data-e-type=\"widget\" data-widget_type=\"razzi-icon-box.default\">\n\t\t\t\t<div class=\"elementor-widget-container\">\n\t\t\t\t\t\t\t<div class=\"razzi-icon-box\">\r\n\t\t\t\t\t\t<div class=\"razzi-icon-box__icon\">\r\n\t\t\t\t<span class=\"razzi-svg-icon razzi-icon__icon elementor-animation-\" >\r\n\t\t\t\t<i aria-hidden=\"true\" class=\"fas fa-warehouse\"><\/i>\t\t\t\t<\/span>\r\n\t\t\t<\/div>\r\n\t\t\t\t\t\t<div class=\"razzi-icon-box__content\">\r\n\t\t\t\t<div class=\"razzi-icon-box__item\">\r\n\t\t\t\t\t<h5 class=\"razzi-icon-box__title\">\r\n\t\t\t\t\t\t<span  >\r\n\t\t\t\t\t\t\tR\u016bpniec\u012bba\t\t\t\t\t\t<\/span>\r\n\t\t\t\t\t<\/h5>\r\n\t\t\t\t\t\t\t\t\t\t\t<p class=\"razzi-icon-box__description\">\r\n\t\t\t\t\t\t\tLorem ipsum dolor sit amet, consectetur adipiscing elit. Ut elit tellus, luctus, nec ullamcorper mattis, pulvinar dapibus leo.\t\t\t\t\t\t<\/p>\r\n\t\t\t\t\t\t\t\t\t<\/div>\r\n\t\t\t\t\t\t\t<\/div>\r\n\t\t<\/div>\r\n\t\t\t\t\t\t<\/div>\n\t\t\t\t<\/div>\n\t\t\t\t\t<\/div>\n\t\t<\/div>\n\t\t\t\t\t<\/div>\n\t\t<\/section>\n\t\t\t\t<\/div>","protected":false},"excerpt":{"rendered":"<p>labostera Apie mus U\u017edaroji akcin\u0117 bendrov\u0117 Labostera \u012fsteigta 2005 metais.\u00a0Bendrov\u0117s pagrindin\u0117s veiklos kryptys yra \u012fvairios laboratorin\u0117s \u012frangos tiekimas mokslini\u0173 tyrim\u0173, mokymo, sveikatos prie\u017ei\u016bros, teismo medicinos \u012fstaigoms, pramon\u0117s \u012fmon\u0117ms ir kitoms \u0161alies institucijoms. Atliekame pateiktos \u012frangos montavim\u0105, garantin\u012f aptarnavim\u0105 ir remont\u0105, teikiame serviso paslaugas, vykdome \u012frengim\u0173 renovacijos ir automatizavimo darbus. Konsultuojame, organizuojame seminarus ir mokymus tiek [&hellip;]<\/p>\n","protected":false},"author":1,"featured_media":0,"parent":0,"menu_order":0,"comment_status":"closed","ping_status":"closed","template":"","meta":{"footnotes":""},"class_list":["post-17561","page","type-page","status-publish","hentry"],"_links":{"self":[{"href":"https:\/\/labostera.lt\/lv\/wp-json\/wp\/v2\/pages\/17561","targetHints":{"allow":["GET"]}}],"collection":[{"href":"https:\/\/labostera.lt\/lv\/wp-json\/wp\/v2\/pages"}],"about":[{"href":"https:\/\/labostera.lt\/lv\/wp-json\/wp\/v2\/types\/page"}],"author":[{"embeddable":true,"href":"https:\/\/labostera.lt\/lv\/wp-json\/wp\/v2\/users\/1"}],"replies":[{"embeddable":true,"href":"https:\/\/labostera.lt\/lv\/wp-json\/wp\/v2\/comments?post=17561"}],"version-history":[{"count":0,"href":"https:\/\/labostera.lt\/lv\/wp-json\/wp\/v2\/pages\/17561\/revisions"}],"wp:attachment":[{"href":"https:\/\/labostera.lt\/lv\/wp-json\/wp\/v2\/media?parent=17561"}],"curies":[{"name":"wp","href":"https:\/\/api.w.org\/{rel}","templated":true}]}}