{"id":13724,"date":"2023-08-25T06:48:34","date_gmt":"2023-08-25T06:48:34","guid":{"rendered":"http:\/\/labostera.lt\/?page_id=13724"},"modified":"2024-06-20T11:49:17","modified_gmt":"2024-06-20T08:49:17","slug":"apie-mus","status":"publish","type":"page","link":"https:\/\/labostera.lt\/lv\/apie-mus\/","title":{"rendered":"Par mums"},"content":{"rendered":"<div data-elementor-type=\"wp-page\" data-elementor-id=\"13724\" class=\"elementor elementor-13724\">\n\t\t\t\t\t\t<section class=\"elementor-section elementor-top-section elementor-element elementor-element-7b47085 elementor-section-boxed elementor-section-height-default elementor-section-height-default\" data-id=\"7b47085\" data-element_type=\"section\" data-e-type=\"section\">\n\t\t\t\t\t\t<div class=\"elementor-container elementor-column-gap-extended\">\n\t\t\t\t\t<div class=\"elementor-column elementor-col-50 elementor-top-column elementor-element elementor-element-5e4b26c\" data-id=\"5e4b26c\" data-element_type=\"column\" data-e-type=\"column\">\n\t\t\t<div class=\"elementor-widget-wrap elementor-element-populated\">\n\t\t\t\t\t\t<div class=\"elementor-element elementor-element-aeba711 elementor-widget elementor-widget-image\" data-id=\"aeba711\" data-element_type=\"widget\" data-e-type=\"widget\" data-widget_type=\"image.default\">\n\t\t\t\t<div class=\"elementor-widget-container\">\n\t\t\t\t\t\t\t\t\t\t\t\t\t\t\t<img fetchpriority=\"high\" decoding=\"async\" width=\"1000\" height=\"667\" src=\"https:\/\/labostera.lt\/wp-content\/uploads\/2023\/07\/analysis-g14eebe62e_1920-1.jpg\" class=\"attachment-2048x2048 size-2048x2048 wp-image-13701\" alt=\"\" srcset=\"https:\/\/labostera.lt\/wp-content\/uploads\/2023\/07\/analysis-g14eebe62e_1920-1.jpg 1000w, https:\/\/labostera.lt\/wp-content\/uploads\/2023\/07\/analysis-g14eebe62e_1920-1-570x380.jpg 570w, https:\/\/labostera.lt\/wp-content\/uploads\/2023\/07\/analysis-g14eebe62e_1920-1-600x400.jpg 600w, https:\/\/labostera.lt\/wp-content\/uploads\/2023\/07\/analysis-g14eebe62e_1920-1-300x200.jpg 300w, https:\/\/labostera.lt\/wp-content\/uploads\/2023\/07\/analysis-g14eebe62e_1920-1-768x512.jpg 768w\" sizes=\"(max-width: 1000px) 100vw, 1000px\" \/>\t\t\t\t\t\t\t\t\t\t\t\t\t\t\t<\/div>\n\t\t\t\t<\/div>\n\t\t\t\t\t<\/div>\n\t\t<\/div>\n\t\t\t\t<div class=\"elementor-column elementor-col-50 elementor-top-column elementor-element elementor-element-d89ad85\" data-id=\"d89ad85\" data-element_type=\"column\" data-e-type=\"column\">\n\t\t\t<div class=\"elementor-widget-wrap elementor-element-populated\">\n\t\t\t\t\t\t<div class=\"elementor-element elementor-element-98656bd elementor-widget elementor-widget-heading\" data-id=\"98656bd\" data-element_type=\"widget\" data-e-type=\"widget\" data-widget_type=\"heading.default\">\n\t\t\t\t<div class=\"elementor-widget-container\">\n\t\t\t\t\t<h6 class=\"elementor-heading-title elementor-size-default\">labradors<\/h6>\t\t\t\t<\/div>\n\t\t\t\t<\/div>\n\t\t\t\t<div class=\"elementor-element elementor-element-978b85a elementor-widget elementor-widget-heading\" data-id=\"978b85a\" data-element_type=\"widget\" data-e-type=\"widget\" data-widget_type=\"heading.default\">\n\t\t\t\t<div class=\"elementor-widget-container\">\n\t\t\t\t\t<h3 class=\"elementor-heading-title elementor-size-default\">Par mums<\/h3>\t\t\t\t<\/div>\n\t\t\t\t<\/div>\n\t\t\t\t<div class=\"elementor-element elementor-element-78da9ee elementor-widget elementor-widget-text-editor\" data-id=\"78da9ee\" data-element_type=\"widget\" data-e-type=\"widget\" data-widget_type=\"text-editor.default\">\n\t\t\t\t<div class=\"elementor-widget-container\">\n\t\t\t\t\t\t\t\t\t<p>Kop\u0161 2005. gada Labostera ir izc\u0113lusies k\u0101 medic\u012bnas, laboratorijas, p\u0113tniec\u012bbas un izgl\u012bt\u012bbas iek\u0101rtu pieg\u0101des, uzst\u0101d\u012b\u0161anas un apkopes eksperti. Labostera komanda, kas sast\u0101v no speci\u0101listiem ar daudzu gadu pieredzi, pal\u012bdz nodro\u0161in\u0101t j\u016bsu projektu veiksm\u012bgu \u012bsteno\u0161anu un iek\u0101rtu nevainojamu darb\u012bbu.<\/p><p>Tas vienm\u0113r sniedz saviem klientiem vispus\u012bgas konsult\u0101cijas un organiz\u0113 semin\u0101rus un apm\u0101c\u012bbas gan Lietuv\u0101, gan \u0101rzem\u0113s. M\u0113s ne tikai cen\u0161amies izpild\u012bt j\u016bsu cer\u012bbas, bet ar\u012b cen\u0161amies t\u0101s p\u0101rsniegt, nodro\u0161inot apr\u012bkojumu un pakalpojumus, kas ir \u012bpa\u0161i piel\u0101goti j\u016bsu unik\u0101laj\u0101m vajadz\u012bb\u0101m.<\/p><p>Laboster unik\u0101lu padara m\u016bsu elast\u012bba un past\u0101v\u012bg\u0101 klientu vajadz\u012bbu priorit\u0101\u0161u noteik\u0161ana. M\u0113s sadarbojamies ar jums, lai nodro\u0161in\u0101tu inovat\u012bvus risin\u0101jumus un piel\u0101gotos main\u012bgajai tehnolo\u0123iju pasaulei. Uzticieties mums, un kop\u0101 m\u0113s rad\u012bsim n\u0101kotni un iekarosim jaunus tehnolo\u0123iskos apv\u0101r\u0161\u0146us.<\/p>\t\t\t\t\t\t\t\t<\/div>\n\t\t\t\t<\/div>\n\t\t\t\t\t<\/div>\n\t\t<\/div>\n\t\t\t\t\t<\/div>\n\t\t<\/section>\n\t\t\t\t<section class=\"elementor-section elementor-top-section elementor-element elementor-element-fa70e26 elementor-section-boxed elementor-section-height-default elementor-section-height-default\" data-id=\"fa70e26\" data-element_type=\"section\" data-e-type=\"section\" data-settings=\"{&quot;background_background&quot;:&quot;classic&quot;}\">\n\t\t\t\t\t\t<div class=\"elementor-container elementor-column-gap-no\">\n\t\t\t\t\t<div class=\"elementor-column elementor-col-100 elementor-top-column elementor-element elementor-element-02c5c87\" data-id=\"02c5c87\" data-element_type=\"column\" data-e-type=\"column\">\n\t\t\t<div class=\"elementor-widget-wrap elementor-element-populated\">\n\t\t\t\t\t\t<div class=\"elementor-element elementor-element-995526c elementor-widget elementor-widget-heading\" data-id=\"995526c\" data-element_type=\"widget\" data-e-type=\"widget\" data-widget_type=\"heading.default\">\n\t\t\t\t<div class=\"elementor-widget-container\">\n\t\t\t\t\t<h3 class=\"elementor-heading-title elementor-size-default\">Sertifik\u0101ti<\/h3>\t\t\t\t<\/div>\n\t\t\t\t<\/div>\n\t\t\t\t<section class=\"elementor-section elementor-inner-section elementor-element elementor-element-0908ff2 elementor-section-boxed elementor-section-height-default elementor-section-height-default\" data-id=\"0908ff2\" data-element_type=\"section\" data-e-type=\"section\">\n\t\t\t\t\t\t<div class=\"elementor-container elementor-column-gap-extended\">\n\t\t\t\t\t<div class=\"elementor-column elementor-col-25 elementor-inner-column elementor-element elementor-element-b5ac904\" data-id=\"b5ac904\" data-element_type=\"column\" data-e-type=\"column\">\n\t\t\t<div class=\"elementor-widget-wrap\">\n\t\t\t\t\t\t\t<\/div>\n\t\t<\/div>\n\t\t\t\t<div class=\"elementor-column elementor-col-25 elementor-inner-column elementor-element elementor-element-ff5dfa8\" data-id=\"ff5dfa8\" data-element_type=\"column\" data-e-type=\"column\">\n\t\t\t<div class=\"elementor-widget-wrap elementor-element-populated\">\n\t\t\t\t\t\t<div class=\"elementor-element elementor-element-40fe181 elementor-widget elementor-widget-image\" data-id=\"40fe181\" data-element_type=\"widget\" data-e-type=\"widget\" data-widget_type=\"image.default\">\n\t\t\t\t<div class=\"elementor-widget-container\">\n\t\t\t\t\t\t\t\t\t\t\t\t\t\t\t<img decoding=\"async\" width=\"640\" height=\"896\" src=\"https:\/\/labostera.lt\/wp-content\/uploads\/2024\/06\/SETIKA-14001.jpg\" class=\"attachment-large size-large wp-image-21477\" alt=\"\" srcset=\"https:\/\/labostera.lt\/wp-content\/uploads\/2024\/06\/SETIKA-14001.jpg 650w, https:\/\/labostera.lt\/wp-content\/uploads\/2024\/06\/SETIKA-14001-570x798.jpg 570w, https:\/\/labostera.lt\/wp-content\/uploads\/2024\/06\/SETIKA-14001-600x840.jpg 600w, https:\/\/labostera.lt\/wp-content\/uploads\/2024\/06\/SETIKA-14001-214x300.jpg 214w, https:\/\/labostera.lt\/wp-content\/uploads\/2024\/06\/SETIKA-14001-9x12.jpg 9w\" sizes=\"(max-width: 640px) 100vw, 640px\" \/>\t\t\t\t\t\t\t\t\t\t\t\t\t\t\t<\/div>\n\t\t\t\t<\/div>\n\t\t\t\t<div class=\"elementor-element elementor-element-d2f036d elementor-align-center elementor-widget elementor-widget-razzi-button\" data-id=\"d2f036d\" data-element_type=\"widget\" data-e-type=\"widget\" data-widget_type=\"razzi-button.default\">\n\t\t\t\t<div class=\"elementor-widget-container\">\n\t\t\t\t\t        <a href=\"http:\/\/labostera.lt\/wp-content\/uploads\/2023\/03\/Aplinkos-apsaugos-politika.pdf\" class=\"razzi-button-link razzi-button\">\n\t\t\t\t\t\t\t\t\t<span class=\"razzi-button-text\">Vides aizsardz\u012bbas politika<\/span>        <\/a>\n\t\t\t\t\t\t<\/div>\n\t\t\t\t<\/div>\n\t\t\t\t\t<\/div>\n\t\t<\/div>\n\t\t\t\t<div class=\"elementor-column elementor-col-25 elementor-inner-column elementor-element elementor-element-ac1c027\" data-id=\"ac1c027\" data-element_type=\"column\" data-e-type=\"column\">\n\t\t\t<div class=\"elementor-widget-wrap elementor-element-populated\">\n\t\t\t\t\t\t<div class=\"elementor-element elementor-element-d0161b5 elementor-widget elementor-widget-image\" data-id=\"d0161b5\" data-element_type=\"widget\" data-e-type=\"widget\" data-widget_type=\"image.default\">\n\t\t\t\t<div class=\"elementor-widget-container\">\n\t\t\t\t\t\t\t\t\t\t\t\t\t\t\t<img decoding=\"async\" width=\"300\" height=\"162\" src=\"https:\/\/labostera.lt\/wp-content\/uploads\/2024\/06\/ISO-14001-R-300x162.jpg\" class=\"attachment-medium size-medium wp-image-21478\" alt=\"\" srcset=\"https:\/\/labostera.lt\/wp-content\/uploads\/2024\/06\/ISO-14001-R-300x162.jpg 300w, https:\/\/labostera.lt\/wp-content\/uploads\/2024\/06\/ISO-14001-R-570x307.jpg 570w, https:\/\/labostera.lt\/wp-content\/uploads\/2024\/06\/ISO-14001-R-600x323.jpg 600w, https:\/\/labostera.lt\/wp-content\/uploads\/2024\/06\/ISO-14001-R-768x414.jpg 768w, https:\/\/labostera.lt\/wp-content\/uploads\/2024\/06\/ISO-14001-R-18x10.jpg 18w, https:\/\/labostera.lt\/wp-content\/uploads\/2024\/06\/ISO-14001-R.jpg 923w\" sizes=\"(max-width: 300px) 100vw, 300px\" \/>\t\t\t\t\t\t\t\t\t\t\t\t\t\t\t<\/div>\n\t\t\t\t<\/div>\n\t\t\t\t\t<\/div>\n\t\t<\/div>\n\t\t\t\t<div class=\"elementor-column elementor-col-25 elementor-inner-column elementor-element elementor-element-cad9556\" data-id=\"cad9556\" data-element_type=\"column\" data-e-type=\"column\">\n\t\t\t<div class=\"elementor-widget-wrap\">\n\t\t\t\t\t\t\t<\/div>\n\t\t<\/div>\n\t\t\t\t\t<\/div>\n\t\t<\/section>\n\t\t\t\t\t<\/div>\n\t\t<\/div>\n\t\t\t\t\t<\/div>\n\t\t<\/section>\n\t\t\t\t<section class=\"elementor-section elementor-top-section elementor-element elementor-element-a4101bc elementor-section-boxed elementor-section-height-default elementor-section-height-default\" data-id=\"a4101bc\" data-element_type=\"section\" data-e-type=\"section\" data-settings=\"{&quot;background_background&quot;:&quot;classic&quot;}\">\n\t\t\t\t\t\t<div class=\"elementor-container elementor-column-gap-no\">\n\t\t\t\t\t<div class=\"elementor-column elementor-col-100 elementor-top-column elementor-element elementor-element-8731af0\" data-id=\"8731af0\" data-element_type=\"column\" data-e-type=\"column\">\n\t\t\t<div class=\"elementor-widget-wrap elementor-element-populated\">\n\t\t\t\t\t\t<div class=\"elementor-element elementor-element-2f24401 elementor-widget elementor-widget-heading\" data-id=\"2f24401\" data-element_type=\"widget\" data-e-type=\"widget\" data-widget_type=\"heading.default\">\n\t\t\t\t<div class=\"elementor-widget-container\">\n\t\t\t\t\t<h3 class=\"elementor-heading-title elementor-size-default\">P\u0101rst\u0101v\u0113tie ra\u017eot\u0101ji<\/h3>\t\t\t\t<\/div>\n\t\t\t\t<\/div>\n\t\t\t\t<div class=\"elementor-element elementor-element-01c54bf elementor-widget elementor-widget-razzi-brands-carousel\" data-id=\"01c54bf\" data-element_type=\"widget\" data-e-type=\"widget\" data-settings=\"{&quot;infinite&quot;:&quot;yes&quot;,&quot;slidesToShow&quot;:6,&quot;slidesToShow_tablet&quot;:4,&quot;slidesToShow_mobile&quot;:2,&quot;slidesToScroll&quot;:3,&quot;slidesToScroll_tablet&quot;:2,&quot;slidesToScroll_mobile&quot;:1,&quot;autoplay_speed&quot;:1000}\" data-widget_type=\"razzi-brands-carousel.default\">\n\t\t\t\t<div class=\"elementor-widget-container\">\n\t\t\t\t\t\t\t<div class=\"razzi-brands-carousel razzi-swiper-carousel-elementor navigation-arrows navigation-tablet-arrows navigation-mobile-arrows\">\r\n\t\t\t<div class=\"list-brands__wrapper swiper-container\" >\r\n\t\t\t\t<div class=\"list-brands swiper-wrapper\" >\r\n\t\t\t\t\t<div class=\"brand-item swiper-slide\"><a href=\"https:\/\/labostera.lt\/lv\/product-brand\/erler-zimmer-gmbh-co-kg\/\"><img loading=\"lazy\" decoding=\"async\" width=\"150\" height=\"150\" src=\"https:\/\/labostera.lt\/wp-content\/uploads\/2024\/02\/ERLER-ZIMMER_Logo-150x150.png\" class=\"attachment-thumbnail size-thumbnail wp-image-18409\" alt=\"ERLER-ZIMMER_Logo\" srcset=\"https:\/\/labostera.lt\/wp-content\/uploads\/2024\/02\/ERLER-ZIMMER_Logo-150x150.png 150w, https:\/\/labostera.lt\/wp-content\/uploads\/2024\/02\/ERLER-ZIMMER_Logo-570x570.png 570w, https:\/\/labostera.lt\/wp-content\/uploads\/2024\/02\/ERLER-ZIMMER_Logo-100x100.png 100w, https:\/\/labostera.lt\/wp-content\/uploads\/2024\/02\/ERLER-ZIMMER_Logo-600x600.png 600w, https:\/\/labostera.lt\/wp-content\/uploads\/2024\/02\/ERLER-ZIMMER_Logo-300x300.png 300w, https:\/\/labostera.lt\/wp-content\/uploads\/2024\/02\/ERLER-ZIMMER_Logo-768x768.png 768w, https:\/\/labostera.lt\/wp-content\/uploads\/2024\/02\/ERLER-ZIMMER_Logo.png 1000w\" sizes=\"(max-width: 150px) 100vw, 150px\" \/><\/a><\/div><div class=\"brand-item swiper-slide\"><a href=\"https:\/\/labostera.lt\/lv\/product-brand\/gram-precision-s-l\/\"><img loading=\"lazy\" decoding=\"async\" width=\"150\" height=\"150\" src=\"https:\/\/labostera.lt\/wp-content\/uploads\/2023\/10\/gram-logo-150x150.png\" class=\"attachment-thumbnail size-thumbnail wp-image-14197\" alt=\"GRAM Logo\" srcset=\"https:\/\/labostera.lt\/wp-content\/uploads\/2023\/10\/gram-logo-150x150.png 150w, https:\/\/labostera.lt\/wp-content\/uploads\/2023\/10\/gram-logo-100x100.png 100w, https:\/\/labostera.lt\/wp-content\/uploads\/2023\/10\/gram-logo.png 200w\" sizes=\"(max-width: 150px) 100vw, 150px\" \/><\/a><\/div><div class=\"brand-item swiper-slide\"><a href=\"https:\/\/labostera.lt\/lv\/product-brand\/seba-hydrometrie-gmbh-and-co-kg\/\"><img loading=\"lazy\" decoding=\"async\" width=\"150\" height=\"150\" src=\"https:\/\/labostera.lt\/wp-content\/uploads\/2023\/11\/logo-150x150.png\" class=\"attachment-thumbnail size-thumbnail wp-image-16430\" alt=\"SEBA logo\" srcset=\"https:\/\/labostera.lt\/wp-content\/uploads\/2023\/11\/logo-150x150.png 150w, https:\/\/labostera.lt\/wp-content\/uploads\/2023\/11\/logo-100x100.png 100w, https:\/\/labostera.lt\/wp-content\/uploads\/2023\/11\/logo.png 160w\" sizes=\"(max-width: 150px) 100vw, 150px\" \/><\/a><\/div><div class=\"brand-item swiper-slide\"><a href=\"https:\/\/labostera.lt\/lv\/product-brand\/delta-t-devices-ltd\/\"><img loading=\"lazy\" decoding=\"async\" width=\"150\" height=\"150\" src=\"https:\/\/labostera.lt\/wp-content\/uploads\/2024\/01\/delta-t-logo-150x150.png\" class=\"attachment-thumbnail size-thumbnail wp-image-18036\" alt=\"Delta-T Logo\" srcset=\"https:\/\/labostera.lt\/wp-content\/uploads\/2024\/01\/delta-t-logo-150x150.png 150w, https:\/\/labostera.lt\/wp-content\/uploads\/2024\/01\/delta-t-logo-570x570.png 570w, https:\/\/labostera.lt\/wp-content\/uploads\/2024\/01\/delta-t-logo-100x100.png 100w, https:\/\/labostera.lt\/wp-content\/uploads\/2024\/01\/delta-t-logo-600x600.png 600w, https:\/\/labostera.lt\/wp-content\/uploads\/2024\/01\/delta-t-logo-300x300.png 300w, https:\/\/labostera.lt\/wp-content\/uploads\/2024\/01\/delta-t-logo-768x768.png 768w, https:\/\/labostera.lt\/wp-content\/uploads\/2024\/01\/delta-t-logo.png 1000w\" sizes=\"(max-width: 150px) 100vw, 150px\" \/><\/a><\/div><div class=\"brand-item swiper-slide\"><a href=\"https:\/\/labostera.lt\/lv\/product-brand\/smc-espana-s-a-u\/\"><img loading=\"lazy\" decoding=\"async\" width=\"150\" height=\"150\" src=\"https:\/\/labostera.lt\/wp-content\/uploads\/2023\/11\/SMC-LOGO-150x150.png\" class=\"attachment-thumbnail size-thumbnail wp-image-16629\" alt=\"SMC Espa\u00f1a S.A.U.\" srcset=\"https:\/\/labostera.lt\/wp-content\/uploads\/2023\/11\/SMC-LOGO-150x150.png 150w, https:\/\/labostera.lt\/wp-content\/uploads\/2023\/11\/SMC-LOGO-570x570.png 570w, https:\/\/labostera.lt\/wp-content\/uploads\/2023\/11\/SMC-LOGO-100x100.png 100w, https:\/\/labostera.lt\/wp-content\/uploads\/2023\/11\/SMC-LOGO-600x600.png 600w, https:\/\/labostera.lt\/wp-content\/uploads\/2023\/11\/SMC-LOGO-300x300.png 300w, https:\/\/labostera.lt\/wp-content\/uploads\/2023\/11\/SMC-LOGO.png 650w\" sizes=\"(max-width: 150px) 100vw, 150px\" \/><\/a><\/div><div class=\"brand-item swiper-slide\"><a href=\"https:\/\/labostera.lt\/lv\/product-brand\/lamy-rheology-instruments\/\"><img loading=\"lazy\" decoding=\"async\" width=\"150\" height=\"150\" src=\"https:\/\/labostera.lt\/wp-content\/uploads\/2024\/01\/Lamy-Logo-a-150x150.png\" class=\"attachment-thumbnail size-thumbnail wp-image-17521\" alt=\"Lamy Rheology Logo\" srcset=\"https:\/\/labostera.lt\/wp-content\/uploads\/2024\/01\/Lamy-Logo-a-150x150.png 150w, https:\/\/labostera.lt\/wp-content\/uploads\/2024\/01\/Lamy-Logo-a-100x100.png 100w, https:\/\/labostera.lt\/wp-content\/uploads\/2024\/01\/Lamy-Logo-a-300x300.png 300w, https:\/\/labostera.lt\/wp-content\/uploads\/2024\/01\/Lamy-Logo-a.png 528w\" sizes=\"(max-width: 150px) 100vw, 150px\" \/><\/a><\/div><div class=\"brand-item swiper-slide\"><a href=\"https:\/\/labostera.lt\/lv\/product-brand\/walter-bai-ag\/\"><img loading=\"lazy\" decoding=\"async\" width=\"150\" height=\"150\" src=\"https:\/\/labostera.lt\/wp-content\/uploads\/2025\/01\/download-2.jpg\" class=\"attachment-thumbnail size-thumbnail wp-image-21975\" alt=\"\" srcset=\"https:\/\/labostera.lt\/wp-content\/uploads\/2025\/01\/download-2.jpg 150w, https:\/\/labostera.lt\/wp-content\/uploads\/2025\/01\/download-2-12x12.jpg 12w, https:\/\/labostera.lt\/wp-content\/uploads\/2025\/01\/download-2-100x100.jpg 100w\" sizes=\"(max-width: 150px) 100vw, 150px\" \/><\/a><\/div><div class=\"brand-item swiper-slide\"><a href=\"https:\/\/labostera.lt\/lv\/product-brand\/ortoalresa-alvarez-redondo-s-a\/\"><img loading=\"lazy\" decoding=\"async\" width=\"150\" height=\"150\" src=\"https:\/\/labostera.lt\/wp-content\/uploads\/2023\/11\/ortoalresa-logo-150x150.png\" class=\"attachment-thumbnail size-thumbnail wp-image-16552\" alt=\"ORTOALRESA Alvarez Redondo, S.A logo\" srcset=\"https:\/\/labostera.lt\/wp-content\/uploads\/2023\/11\/ortoalresa-logo-150x150.png 150w, https:\/\/labostera.lt\/wp-content\/uploads\/2023\/11\/ortoalresa-logo-570x570.png 570w, https:\/\/labostera.lt\/wp-content\/uploads\/2023\/11\/ortoalresa-logo-100x100.png 100w, https:\/\/labostera.lt\/wp-content\/uploads\/2023\/11\/ortoalresa-logo-600x600.png 600w, https:\/\/labostera.lt\/wp-content\/uploads\/2023\/11\/ortoalresa-logo-300x300.png 300w, https:\/\/labostera.lt\/wp-content\/uploads\/2023\/11\/ortoalresa-logo-768x768.png 768w, https:\/\/labostera.lt\/wp-content\/uploads\/2023\/11\/ortoalresa-logo.png 1000w\" sizes=\"(max-width: 150px) 100vw, 150px\" \/><\/a><\/div><div class=\"brand-item swiper-slide\"><a href=\"https:\/\/labostera.lt\/lv\/product-brand\/bioair-s-p-a\/\"><img loading=\"lazy\" decoding=\"async\" width=\"150\" height=\"150\" src=\"https:\/\/labostera.lt\/wp-content\/uploads\/2024\/01\/bioair-logo-150x150.png\" class=\"attachment-thumbnail size-thumbnail wp-image-18206\" alt=\"Bioair logo\" srcset=\"https:\/\/labostera.lt\/wp-content\/uploads\/2024\/01\/bioair-logo-150x150.png 150w, https:\/\/labostera.lt\/wp-content\/uploads\/2024\/01\/bioair-logo-570x570.png 570w, https:\/\/labostera.lt\/wp-content\/uploads\/2024\/01\/bioair-logo-100x100.png 100w, https:\/\/labostera.lt\/wp-content\/uploads\/2024\/01\/bioair-logo-600x600.png 600w, https:\/\/labostera.lt\/wp-content\/uploads\/2024\/01\/bioair-logo-300x300.png 300w, https:\/\/labostera.lt\/wp-content\/uploads\/2024\/01\/bioair-logo-768x768.png 768w, https:\/\/labostera.lt\/wp-content\/uploads\/2024\/01\/bioair-logo.png 1000w\" sizes=\"(max-width: 150px) 100vw, 150px\" \/><\/a><\/div>\t\t\t\t<\/div>\r\n\t\t\t<\/div>\r\n\t\t\t<span class=\"razzi-svg-icon rz-swiper-button-prev rz-swiper-button\"><svg aria-hidden=\"true\" role=\"img\" focusable=\"false\" xmlns=\"http:\/\/www.w3.org\/2000\/svg\" width=\"24\" height=\"24\" viewbox=\"0 0 24 24\" fill=\"none\" stroke=\"currentColor\" stroke-width=\"2\" stroke-linecap=\"round\" stroke-linejoin=\"round\"><polyline points=\"15 18 9 12 15 6\"><\/polyline><\/svg><\/span>\t\t\t<span class=\"razzi-svg-icon rz-swiper-button-next rz-swiper-button\"><svg aria-hidden=\"true\" role=\"img\" focusable=\"false\" xmlns=\"http:\/\/www.w3.org\/2000\/svg\" width=\"24\" height=\"24\" viewbox=\"0 0 24 24\" fill=\"none\" stroke=\"currentColor\" stroke-width=\"2\" stroke-linecap=\"round\" stroke-linejoin=\"round\"><polyline points=\"9 18 15 12 9 6\"><\/polyline><\/svg><\/span>\t\t\t<div class=\"swiper-pagination\"><\/div>\r\n\t\t<\/div>\r\n\t\t\t\t\t\t<\/div>\n\t\t\t\t<\/div>\n\t\t\t\t\t<\/div>\n\t\t<\/div>\n\t\t\t\t\t<\/div>\n\t\t<\/section>\n\t\t\t\t<\/div>","protected":false},"excerpt":{"rendered":"<p>labostera Apie mus Jau nuo 2005 met\u0173 Labostera i\u0161siskiria kaip ekspertai medicinin\u0117s, laboratorin\u0117s, tyrim\u0173 ir mokymo \u012frangos tiekime, montavime ir prie\u017ei\u016broje. Labosteros komanda, susidedanti i\u0161 specialist\u0173 su ilgamete patirtimi, kas padeda u\u017etikrinti, kad j\u016bs\u0173 projektai b\u016bt\u0173 \u012fgyvendinti s\u0117kmingai, o \u012franga veikt\u0173 nepriekai\u0161tingai. Savo klientams visada suteikia i\u0161samias konsultacijas bei organizuoja seminarus ir mokymus tiek Lietuvoje, [&hellip;]<\/p>\n","protected":false},"author":1,"featured_media":0,"parent":0,"menu_order":0,"comment_status":"closed","ping_status":"closed","template":"","meta":{"footnotes":""},"class_list":["post-13724","page","type-page","status-publish","hentry"],"_links":{"self":[{"href":"https:\/\/labostera.lt\/lv\/wp-json\/wp\/v2\/pages\/13724","targetHints":{"allow":["GET"]}}],"collection":[{"href":"https:\/\/labostera.lt\/lv\/wp-json\/wp\/v2\/pages"}],"about":[{"href":"https:\/\/labostera.lt\/lv\/wp-json\/wp\/v2\/types\/page"}],"author":[{"embeddable":true,"href":"https:\/\/labostera.lt\/lv\/wp-json\/wp\/v2\/users\/1"}],"replies":[{"embeddable":true,"href":"https:\/\/labostera.lt\/lv\/wp-json\/wp\/v2\/comments?post=13724"}],"version-history":[{"count":4,"href":"https:\/\/labostera.lt\/lv\/wp-json\/wp\/v2\/pages\/13724\/revisions"}],"predecessor-version":[{"id":21482,"href":"https:\/\/labostera.lt\/lv\/wp-json\/wp\/v2\/pages\/13724\/revisions\/21482"}],"wp:attachment":[{"href":"https:\/\/labostera.lt\/lv\/wp-json\/wp\/v2\/media?parent=13724"}],"curies":[{"name":"wp","href":"https:\/\/api.w.org\/{rel}","templated":true}]}}