{"id":22093,"date":"2025-09-04T14:00:16","date_gmt":"2025-09-04T11:00:16","guid":{"rendered":"https:\/\/labostera.lt\/?post_type=product&#038;p=22093"},"modified":"2025-09-04T14:22:15","modified_gmt":"2025-09-04T11:22:15","slug":"laboratorinis-stalas","status":"publish","type":"product","link":"https:\/\/labostera.lt\/en\/priemones-ir-iranga\/laboratorine-iranga\/laboratoriniai-baldai\/laboratorinis-stalas\/","title":{"rendered":"Laboratory table"},"content":{"rendered":"<p data-start=\"841\" data-end=\"1377\">Laboratorinis stalas \u2013 profesionalus sprendimas laboratorijoms, kurioms reikia tvirt\u0173 ir patikim\u0173 darbo pavir\u0161i\u0173. Konstrukcija \u2013 c- arba u-formos frame\u2018as, padengtas milteliniu b\u016bdu \u2013 u\u017etikrina didel\u012f patikimum\u0105 ir ilgaam\u017ei\u0161kum\u0105.\u00a0Stalvir\u0161i\u0173 med\u017eiag\u0173 pasirinkimas leid\u017eia pritaikyti stalus pagal j\u016bs\u0173 darbo specifik\u0105: galima rinktis med\u017eiagas, atsparias chemijai, auk\u0161tai temperat\u016brai ar mechanic\u00adni\u0173 apkrov\u0173 poveikiui, taip u\u017etikrinant efektyvum\u0105 ir saugum\u0105.<\/p>\n<p><strong><a href=\"https:\/\/labostera.lt\/wp-content\/uploads\/2025\/05\/2025-Laboratoriniu-baldu-katalogas.pdf\">Laboratorini\u0173 bald\u0173 katalogas<\/a><\/p>\n<p><\/strong><\/p>\n<p data-start=\"200\" data-end=\"526\">Laboratoriniai stalai yra pagrindin\u0117 darbo vieta daugelyje laboratorij\u0173. Jie u\u017etikrina patog\u0173 ir organizuot\u0105 darb\u0105, nes turi ai\u0161ki\u0105 konstrukcij\u0105 ir gali b\u016bti pritaikomi pagal atliekamus tyrimus. Stalvir\u0161iai parenkami pagal naudojamas chemines med\u017eiagas ar fizinius kr\u016bvius, tod\u0117l darbo vieta visada yra saugi ir funkcionali.<\/p>\n<p data-start=\"528\" data-end=\"793\">Tokie stalai gali b\u016bti komplektuojami su spintel\u0117mis, lentynomis arba papildomais priedais, leid\u017eian\u010diais i\u0161naudoti erdv\u0119 efektyviai. D\u0117l modulini\u0173 sprendim\u0173 laboratorinis stalas lengvai integruojamas \u012f bendr\u0105 bald\u0173 sistem\u0105, tod\u0117l darbo erdv\u0117 i\u0161lieka ergonomi\u0161ka.<\/p>\n<p data-start=\"1379\" data-end=\"1404\">Stalvir\u0161iai pagaminti i\u0161:<\/p>\n<ul data-start=\"1406\" data-end=\"2617\">\n<li data-start=\"1406\" data-end=\"1523\">\n<p data-start=\"1408\" data-end=\"1523\">Laminuotos faneros \u2013 dr\u0117gnai ir mechanikai atspari, apsaugota PVC juostele.<\/p>\n<\/li>\n<li data-start=\"1524\" data-end=\"1711\">\n<p data-start=\"1526\" data-end=\"1711\">Keramikini\u0173 plyteli\u0173 (300\u00d7300 mm) \u2013 auk\u0161to atsparumo cheminiam, termo ir mechaniniam poveikiui; dekoratyvin\u0117, bet ne tinka dinami\u0161kiems kr\u016bviams <span class=\"\" data-state=\"closed\"><span class=\"ms-1 inline-flex max-w-full items-center relative top-[-0.094rem] animate-[show_150ms_ease-in]\" data-testid=\"webpage-citation-pill\"><a class=\"flex h-4.5 overflow-hidden rounded-xl px-2 text-[9px] font-medium text-token-text-secondary! bg-[#F4F4F4]! dark:bg-[#303030]! transition-colors duration-150 ease-in-out\" href=\"https:\/\/labexpert.com.ua\/en\/materials\/?utm_source=chatgpt.com\" target=\"_blank\" rel=\"noopener\"><span class=\"relative start-0 bottom-0 flex h-full w-full items-center\"><span class=\"flex h-4 w-full items-center justify-between overflow-hidden\"><span class=\"max-w-full grow truncate overflow-hidden text-center\">labexpert.com.ua<\/span><\/span><\/span><\/a><\/span><\/span>.<\/p>\n<\/li>\n<li data-start=\"1712\" data-end=\"1830\">\n<p data-start=\"1714\" data-end=\"1830\">Ner\u016bdijan\u010dio plieno \u2013 higieni\u0161kas, atsparus daugeliui cheminiams med\u017eiagoms.<\/p>\n<\/li>\n<li data-start=\"1831\" data-end=\"2053\">\n<p data-start=\"1833\" data-end=\"2053\">Epoksidin\u0117s dervos Durcon (USA) \u2013 vientisa, nesuyran\u010dio pavir\u0161iaus med\u017eiaga, auk\u0161tas cheminis ir temperat\u016brinis (iki 200 \u00b0C) atsparumas, savaime gesianti, maisto kontaktui tinkama.<\/p>\n<\/li>\n<li data-start=\"2054\" data-end=\"2347\">\n<p data-start=\"2056\" data-end=\"2347\">Auk\u0161to sl\u0117gio laminatas SPC \u2013 atsparus iki 180 \u00b0C, agresyvioms med\u017eiagoms, nusid\u0117v\u0117jimui; atsparus vandeniui ir garams, savaime gesinantis, be laidumo statinei \u012ftampai; maistui saugus; nugaros kra\u0161tas be per\u0117mio, galimas polimero kra\u0161teli\u0173 montavimas.<\/p>\n<\/li>\n<li data-start=\"2054\" data-end=\"2347\">\n<p data-start=\"2056\" data-end=\"2347\">Dirbtinis kvarcas \u2013 ~95 % kvarco, 5 % dervos; lygi, ilgaam\u017e\u0117 med\u017eiaga, atspari cheminiams poveikiams ir auk\u0161tai temperat\u016brai (iki 300 \u00b0C); be por\u0173; maistui saugi; nugaros kra\u0161tas be per\u0117mio, galimas polimero kra\u0161teli\u0173 montavimas.<\/p>\n<\/li>\n<\/ul>\n<p data-start=\"2619\" data-end=\"2771\">Kaina konkurencinga, ypa\u010d lyginant su med\u017eio plok\u0161\u010di\u0173 baldais (pagal katalogo nurodym\u0105). Tai profesionalus sprendimas be nereikalingo i\u0161laid\u0173 papildymo.<\/p>\n<p data-start=\"2773\" data-end=\"2801\"><strong data-start=\"2773\" data-end=\"2801\">Galim\u0173 variacij\u0173 lentel\u0117<\/strong><\/p>\n<div class=\"_tableContainer_1rjym_1\">\n<div class=\"_tableWrapper_1rjym_13 group flex w-fit flex-col-reverse\" tabindex=\"-1\">\n<table class=\"w-fit min-w-(--thread-content-width)\" data-start=\"2803\" data-end=\"3500\">\n<thead data-start=\"2803\" data-end=\"2866\">\n<tr data-start=\"2803\" data-end=\"2866\">\n<th data-start=\"2803\" data-end=\"2815\" data-col-size=\"sm\">Variantas<\/th>\n<th data-start=\"2815\" data-end=\"2830\" data-col-size=\"sm\">Konstrukcija<\/th>\n<th data-start=\"2830\" data-end=\"2852\" data-col-size=\"sm\">Stalvir\u0161io med\u017eiaga<\/th>\n<th data-start=\"2852\" data-end=\"2866\" data-col-size=\"md\">Privalumai<\/th>\n<\/tr>\n<\/thead>\n<tbody data-start=\"2932\" data-end=\"3500\">\n<tr data-start=\"2932\" data-end=\"3054\">\n<td data-start=\"2932\" data-end=\"2953\" data-col-size=\"sm\">Pagrindinis stalas<\/td>\n<td data-start=\"2953\" data-end=\"2993\" data-col-size=\"sm\">C arba U formos metalin\u0117 konstrukcija<\/td>\n<td data-start=\"2993\" data-end=\"3012\" data-col-size=\"sm\">Laminuota fanera<\/td>\n<td data-col-size=\"md\" data-start=\"3012\" data-end=\"3054\">Labai geras kainos ir kokyb\u0117s santykis<\/td>\n<\/tr>\n<tr data-start=\"3055\" data-end=\"3168\">\n<td data-start=\"3055\" data-end=\"3082\" data-col-size=\"sm\">Chemijai atspari versija<\/td>\n<td data-start=\"3082\" data-end=\"3099\" data-col-size=\"sm\">C arba U frame<\/td>\n<td data-start=\"3099\" data-end=\"3125\" data-col-size=\"sm\">Durcon epoksidin\u0117 derva<\/td>\n<td data-col-size=\"md\" data-start=\"3125\" data-end=\"3168\">Auk\u0161tas cheminis atsparumas, iki 200 \u00b0C<\/td>\n<\/tr>\n<tr data-start=\"3169\" data-end=\"3283\">\n<td data-start=\"3169\" data-end=\"3196\" data-col-size=\"sm\">Kar\u0161\u010diui atspari versija<\/td>\n<td data-start=\"3196\" data-end=\"3213\" data-col-size=\"sm\">C arba U frame<\/td>\n<td data-col-size=\"sm\" data-start=\"3213\" data-end=\"3233\">Dirbtinis kvarcas<\/td>\n<td data-col-size=\"md\" data-start=\"3233\" data-end=\"3283\">Atsparumas iki 300 \u00b0C ir ilgalaikis patvarumas<\/td>\n<\/tr>\n<tr data-start=\"3284\" data-end=\"3406\">\n<td data-start=\"3284\" data-end=\"3317\" data-col-size=\"sm\">Mechaninei apkrovai tvirtesnis<\/td>\n<td data-col-size=\"sm\" data-start=\"3317\" data-end=\"3334\">C arba U frame<\/td>\n<td data-col-size=\"sm\" data-start=\"3334\" data-end=\"3355\">Keramin\u0117s plytel\u0117s<\/td>\n<td data-col-size=\"md\" data-start=\"3355\" data-end=\"3406\">Stiprus atsparumas cheminiam ir termo poveikiui<\/td>\n<\/tr>\n<tr data-start=\"3407\" data-end=\"3500\">\n<td data-start=\"3407\" data-end=\"3429\" data-col-size=\"sm\">Higininis variantas<\/td>\n<td data-col-size=\"sm\" data-start=\"3429\" data-end=\"3446\">C arba U frame<\/td>\n<td data-col-size=\"sm\" data-start=\"3446\" data-end=\"3469\">Ner\u016bdijantis plienas<\/td>\n<td data-col-size=\"md\" data-start=\"3469\" data-end=\"3500\">Lengvas valymas, higieninis<\/td>\n<\/tr>\n<\/tbody>\n<\/table>\n<\/div>\n<\/div>\n<p>&nbsp;<\/p>\n","protected":false},"excerpt":{"rendered":"<p>Laboratory table with a sturdy metal structure, which can be manufactured in a C or U shape, ensuring reliability and ergonomics. Available tabletop materials: laminated plywood, ceramic tiles, stainless steel, Durcon epoxy resins, high-pressure laminate, artificial quartz. Tabletops are selected based on chemical, thermal and mechanical resistance. The price is competitive compared to wood panel furniture (catalog setting).<\/p>","protected":false},"featured_media":22118,"template":"","meta":[],"product_cat":[1104],"product_tag":[],"class_list":{"0":"post-22093","1":"product","2":"type-product","3":"status-publish","4":"has-post-thumbnail","6":"product_brand-labexpert","7":"product_cat-laboratoriniai-baldai","9":"first","10":"instock","11":"shipping-taxable","12":"product-type-simple"},"_links":{"self":[{"href":"https:\/\/labostera.lt\/en\/wp-json\/wp\/v2\/product\/22093","targetHints":{"allow":["GET"]}}],"collection":[{"href":"https:\/\/labostera.lt\/en\/wp-json\/wp\/v2\/product"}],"about":[{"href":"https:\/\/labostera.lt\/en\/wp-json\/wp\/v2\/types\/product"}],"wp:featuredmedia":[{"embeddable":true,"href":"https:\/\/labostera.lt\/en\/wp-json\/wp\/v2\/media\/22118"}],"wp:attachment":[{"href":"https:\/\/labostera.lt\/en\/wp-json\/wp\/v2\/media?parent=22093"}],"wp:term":[{"taxonomy":"product_cat","embeddable":true,"href":"https:\/\/labostera.lt\/en\/wp-json\/wp\/v2\/product_cat?post=22093"},{"taxonomy":"product_tag","embeddable":true,"href":"https:\/\/labostera.lt\/en\/wp-json\/wp\/v2\/product_tag?post=22093"}],"curies":[{"name":"wp","href":"https:\/\/api.w.org\/{rel}","templated":true}]}}