{"id":20527,"date":"2024-04-10T09:01:41","date_gmt":"2024-04-10T06:01:41","guid":{"rendered":"http:\/\/labostera.lt\/?post_type=product&#038;p=20527"},"modified":"2024-10-18T15:19:36","modified_gmt":"2024-10-18T12:19:36","slug":"lipnus-zaizdu-muliazai-erler-zimmer-self-adhesive-wound-moulages","status":"publish","type":"product","link":"https:\/\/labostera.lt\/en\/priemones-ir-iranga\/mokymo-priemones-ir-iranga\/modeliai-manekenai-muliazai\/lipnus-zaizdu-muliazai-erler-zimmer-self-adhesive-wound-moulages\/","title":{"rendered":"Erler-Zimmer Self-Adhesive Wound Moulages"},"content":{"rendered":"<h2><strong>\u201eErler-Zimmer GmbH & Co. KG\u201d lipn\u016bs \u017eaizd\u0173 mulia\u017eai<\/strong>:<\/h2>\n<p>These adhesive wound models are an excellent tool for demonstrations and practice, representing various stages and sizes of wounds. All materials used are dermatologically safe.<\/p>\n<ul>\n<li>PW002A \u2013 Eksudacin\u0117 faz\u0117, ma\u017ea, venin\u0117<\/li>\n<li>PW002B \u2013 Granuliacijos faz\u0117, ma\u017ea, venin\u0117<\/li>\n<li>PW002C \u2013 Epitelizacijos faz\u0117, ma\u017ea, venin\u0117<\/li>\n<li>PW003A \u2013 Eksudacin\u0117 faz\u0117, didel\u0117, venin\u0117<\/li>\n<li>PW003B \u2013 Granuliacijos faz\u0117, didel\u0117, venin\u0117<\/li>\n<li>PW003C \u2013 Epitelizacijos faz\u0117, didel\u0117, venin\u0117<\/li>\n<li>PW004A \u2013 Eksudacin\u0117 faz\u0117, ma\u017ea, arterin\u0117<\/li>\n<li>PW004B \u2013 Granuliacijos faz\u0117, ma\u017ea, arterin\u0117<\/li>\n<li>PW004C \u2013 Epitelizacijos faz\u0117, ma\u017ea, arterin\u0117<\/li>\n<li>PW005A \u2013 Eksudacin\u0117 faz\u0117, didel\u0117, arterin\u0117<\/li>\n<li>PW005B \u2013 Granuliacijos faz\u0117, didel\u0117, arterin\u0117<\/li>\n<li>PW005C \u2013 Epitelizacijos faz\u0117, didel\u0117, arterin\u0117<\/li>\n<\/ul>\n<h3>Lipn\u016bs \u017eaizd\u0173 mulia\u017eai \u2013 <a href=\"http:\/\/labostera.lt\/en\/product-brand\/erler-zimmer-gmbh-co-kg\/\">Erler-Zimmer Anatomy Group<\/a><\/h3>\n<p>More information: <a href=\"https:\/\/erler-zimmer.de\/en\/Wound-moulage-venous-leg-ulcer-small-exudation-phase\/PW002A\" target=\"_blank\" rel=\"noopener nofollow\">on the manufacturer&#039;s website<\/a> or send us an inquiry!<\/p>","protected":false},"excerpt":{"rendered":"<p>Erler-Zimmer Adhesive Wound Models \u2013 Adhesive venous and arterial wound models of various phases and sizes. Great tool for demonstrations and practice.<\/p>","protected":false},"featured_media":20540,"template":"","meta":[],"product_cat":[75,79],"product_tag":[692,960,831,832,829,830,577,690,833,490],"class_list":{"0":"post-20527","1":"product","2":"type-product","3":"status-publish","4":"has-post-thumbnail","6":"product_brand-erler-zimmer-gmbh-co-kg","7":"product_cat-modeliai-manekenai-muliazai","8":"product_cat-mokymo-priemones-ir-iranga","9":"product_tag-erler-zimmer-gmbh-co-kg","10":"product_tag-lipnus-zaizdu-muliazai","11":"product_tag-medical-models","12":"product_tag-medical-simulators","13":"product_tag-medicininiai-modeliai","14":"product_tag-medicininiai-simuliatoriai","15":"product_tag-modeliai","16":"product_tag-models","17":"product_tag-simulatoriai","18":"product_tag-simulators","20":"first","21":"onbackorder","22":"shipping-taxable","23":"purchasable","24":"product-type-variable"},"_links":{"self":[{"href":"https:\/\/labostera.lt\/en\/wp-json\/wp\/v2\/product\/20527","targetHints":{"allow":["GET"]}}],"collection":[{"href":"https:\/\/labostera.lt\/en\/wp-json\/wp\/v2\/product"}],"about":[{"href":"https:\/\/labostera.lt\/en\/wp-json\/wp\/v2\/types\/product"}],"wp:featuredmedia":[{"embeddable":true,"href":"https:\/\/labostera.lt\/en\/wp-json\/wp\/v2\/media\/20540"}],"wp:attachment":[{"href":"https:\/\/labostera.lt\/en\/wp-json\/wp\/v2\/media?parent=20527"}],"wp:term":[{"taxonomy":"product_cat","embeddable":true,"href":"https:\/\/labostera.lt\/en\/wp-json\/wp\/v2\/product_cat?post=20527"},{"taxonomy":"product_tag","embeddable":true,"href":"https:\/\/labostera.lt\/en\/wp-json\/wp\/v2\/product_tag?post=20527"}],"curies":[{"name":"wp","href":"https:\/\/api.w.org\/{rel}","templated":true}]}}