{"id":20443,"date":"2024-04-04T15:57:28","date_gmt":"2024-04-04T12:57:28","guid":{"rendered":"http:\/\/labostera.lt\/?post_type=product&#038;p=20443"},"modified":"2024-10-18T15:16:55","modified_gmt":"2024-10-18T12:16:55","slug":"seklidziu-savityros-modelis-erler-zimmer-testicle-self-examination-model","status":"publish","type":"product","link":"https:\/\/labostera.lt\/en\/priemones-ir-iranga\/mokymo-priemones-ir-iranga\/modeliai-manekenai-muliazai\/seklidziu-savityros-modelis-erler-zimmer-testicle-self-examination-model\/","title":{"rendered":"Erler-Zimmer Testicle Self Examination Model"},"content":{"rendered":"<h2><strong>\u201eErler-Zimmer GmbH & Co. KG\u201d s\u0117klid\u017ei\u0173 savityros modelis<\/strong>:<\/h2>\n<ul>\n<li>Model R10065:<\/li>\n<li>Made of soft material, this life-size model has 2 bumps on each testicle.<\/li>\n<li>Perfect for teaching the testicular self-examination (TSE) method.<\/li>\n<li>Comes with a carrying bag.<\/li>\n<\/ul>\n<h3>S\u0117klid\u017ei\u0173 savityros modeliai \u2013 <a href=\"http:\/\/labostera.lt\/en\/product-brand\/erler-zimmer-gmbh-co-kg\/\">Erler-Zimmer Anatomy Group<\/a><\/h3>\n<p>More information: <a href=\"https:\/\/erler-zimmer.de\/en\/Testicle-Self-Examination-Model\/R10065\" target=\"_blank\" rel=\"noopener nofollow\">on the manufacturer&#039;s website<\/a> or send us an inquiry!<\/p>","protected":false},"excerpt":{"rendered":"<p>Erler-Zimmer Testicular Self-Examination Model \u2013 Life-size model with 2 nodules in each testicle, suitable for teaching the Testicular Self-Examination (TSE) method.<\/p>","protected":false},"featured_media":20445,"template":"","meta":[],"product_cat":[75,79],"product_tag":[692,831,832,829,830,577,690,935,833,490],"class_list":{"0":"post-20443","1":"product","2":"type-product","3":"status-publish","4":"has-post-thumbnail","6":"product_brand-erler-zimmer-gmbh-co-kg","7":"product_cat-modeliai-manekenai-muliazai","8":"product_cat-mokymo-priemones-ir-iranga","9":"product_tag-erler-zimmer-gmbh-co-kg","10":"product_tag-medical-models","11":"product_tag-medical-simulators","12":"product_tag-medicininiai-modeliai","13":"product_tag-medicininiai-simuliatoriai","14":"product_tag-modeliai","15":"product_tag-models","16":"product_tag-seklidziu-savityros-modeliai","17":"product_tag-simulatoriai","18":"product_tag-simulators","20":"first","21":"onbackorder","22":"shipping-taxable","23":"purchasable","24":"product-type-simple"},"_links":{"self":[{"href":"https:\/\/labostera.lt\/en\/wp-json\/wp\/v2\/product\/20443","targetHints":{"allow":["GET"]}}],"collection":[{"href":"https:\/\/labostera.lt\/en\/wp-json\/wp\/v2\/product"}],"about":[{"href":"https:\/\/labostera.lt\/en\/wp-json\/wp\/v2\/types\/product"}],"wp:featuredmedia":[{"embeddable":true,"href":"https:\/\/labostera.lt\/en\/wp-json\/wp\/v2\/media\/20445"}],"wp:attachment":[{"href":"https:\/\/labostera.lt\/en\/wp-json\/wp\/v2\/media?parent=20443"}],"wp:term":[{"taxonomy":"product_cat","embeddable":true,"href":"https:\/\/labostera.lt\/en\/wp-json\/wp\/v2\/product_cat?post=20443"},{"taxonomy":"product_tag","embeddable":true,"href":"https:\/\/labostera.lt\/en\/wp-json\/wp\/v2\/product_tag?post=20443"}],"curies":[{"name":"wp","href":"https:\/\/api.w.org\/{rel}","templated":true}]}}