{"id":19869,"date":"2024-03-05T13:04:02","date_gmt":"2024-03-05T11:04:02","guid":{"rendered":"http:\/\/labostera.lt\/?post_type=product&#038;p=19869"},"modified":"2024-10-18T15:21:46","modified_gmt":"2024-10-18T12:21:46","slug":"cholelitiazes-tulzies-akmenliges-3d-modelis-erler-zimmer-cholelithiasis-gallstones-3d-printed-model","status":"publish","type":"product","link":"https:\/\/labostera.lt\/en\/priemones-ir-iranga\/mokymo-priemones-ir-iranga\/modeliai-manekenai-muliazai\/cholelitiazes-tulzies-akmenliges-3d-modelis-erler-zimmer-cholelithiasis-gallstones-3d-printed-model\/","title":{"rendered":"Cholelithiasis Gallstones 3D Model Erler-Zimmer Cholelithiasis Gallstones 3D Printed Model"},"content":{"rendered":"<h2><strong>\u201eErler-Zimmer GmbH & Co. KG\u201d cholelitiaz\u0117s tul\u017eies akmenlig\u0117s 3D modelis<\/strong>:<\/h2>\n<ul>\n<li>Model Number: MP2075<\/li>\n<li>Clinical history:<br \/>\nA middle-aged woman was evaluated for recurrent episodes of epigastric pain. Endoscopy did not reveal any gastric ulcers. Cholangiogram showed a non-functioning gallbladder. Unfortunately, the patient died later after this procedure from myocardial infarction.<\/li>\n<li>Pathology:<br \/>\nThe specimen is a section of liver with attached gallbladder that has been opened to reveal six large, multi-branched mixed cysts. This is a specimen of cholelithiasis (gallstones).<\/li>\n<li>Additional information:<br \/>\nGallstones are a mixture of cholesterol, calcium salts, bilirubin, protein, and mucus. They are more common in people of fair skin. Risk factors include age (over 50 years) and female gender, along with genetic factors, pregnancy, diabetes, and dyslipidemia. Lifestyle factors such as rapid weight loss and certain medications (e.g., erythromycin, ampicillin, octreotide, cephalosporin) may also promote the formation of gallstones.<\/li>\n<\/ul>\n<h3>Cholelitiaz\u0117s tul\u017eies akmenlig\u0117s 3D modeliai \u2013 <a href=\"http:\/\/labostera.lt\/en\/product-brand\/erler-zimmer-gmbh-co-kg\/\">Erler-Zimmer Anatomy Group<\/a><\/h3>\n<p>More information: <a href=\"https:\/\/erler-zimmer.de\/shop\/en\/11406\" target=\"_blank\" rel=\"noopener nofollow\">on the manufacturer&#039;s website<\/a> or send us an inquiry!<\/p>","protected":false},"excerpt":{"rendered":"<p>Erler-Zimmer Cholelithiasis Gallstones 3D Model \u2013 A middle-aged woman was examined for repeated episodes of epigastric pain.<\/p>","protected":false},"featured_media":19870,"template":"","meta":[],"product_cat":[75,79],"product_tag":[729,728,789,692,577,690],"class_list":{"0":"post-19869","1":"product","2":"type-product","3":"status-publish","4":"has-post-thumbnail","6":"product_brand-erler-zimmer-gmbh-co-kg","7":"product_cat-modeliai-manekenai-muliazai","8":"product_cat-mokymo-priemones-ir-iranga","9":"product_tag-3d-printed-models","10":"product_tag-3d-spausdinti-modeliai","11":"product_tag-cholelitiazes-tulzies-akmenliges-modeliai","12":"product_tag-erler-zimmer-gmbh-co-kg","13":"product_tag-modeliai","14":"product_tag-models","16":"first","17":"onbackorder","18":"shipping-taxable","19":"purchasable","20":"product-type-simple"},"_links":{"self":[{"href":"https:\/\/labostera.lt\/en\/wp-json\/wp\/v2\/product\/19869","targetHints":{"allow":["GET"]}}],"collection":[{"href":"https:\/\/labostera.lt\/en\/wp-json\/wp\/v2\/product"}],"about":[{"href":"https:\/\/labostera.lt\/en\/wp-json\/wp\/v2\/types\/product"}],"wp:featuredmedia":[{"embeddable":true,"href":"https:\/\/labostera.lt\/en\/wp-json\/wp\/v2\/media\/19870"}],"wp:attachment":[{"href":"https:\/\/labostera.lt\/en\/wp-json\/wp\/v2\/media?parent=19869"}],"wp:term":[{"taxonomy":"product_cat","embeddable":true,"href":"https:\/\/labostera.lt\/en\/wp-json\/wp\/v2\/product_cat?post=19869"},{"taxonomy":"product_tag","embeddable":true,"href":"https:\/\/labostera.lt\/en\/wp-json\/wp\/v2\/product_tag?post=19869"}],"curies":[{"name":"wp","href":"https:\/\/api.w.org\/{rel}","templated":true}]}}