{"id":19799,"date":"2024-03-01T09:45:39","date_gmt":"2024-03-01T07:45:39","guid":{"rendered":"http:\/\/labostera.lt\/?post_type=product&#038;p=19799"},"modified":"2024-10-18T15:22:03","modified_gmt":"2024-10-18T12:22:03","slug":"plysusios-krutines-lastos-aortos-aneurizmos-3d-modelis-erler-zimmer-ruptured-thoracic-aortic-aneurysm-3d-printed-model","status":"publish","type":"product","link":"https:\/\/labostera.lt\/en\/priemones-ir-iranga\/mokymo-priemones-ir-iranga\/modeliai-manekenai-muliazai\/plysusios-krutines-lastos-aortos-aneurizmos-3d-modelis-erler-zimmer-ruptured-thoracic-aortic-aneurysm-3d-printed-model\/","title":{"rendered":"Erler-Zimmer Ruptured Thoracic Aortic Aneurysm 3D Printed Model"},"content":{"rendered":"<h2><strong>&#8222;Erler-Zimmer GmbH &amp; Co. KG&#8221; Ply\u0161usios kr\u016btin\u0117s l\u0105stos aortos aneurizmos 3D modelis<\/strong>:<\/h2>\n<ul>\n<li>Modelio numeris: MP2043<\/li>\n<li>Klinikin\u0117 istorija:<br \/>\n\u0160io preparato klinikini\u0173 duomen\u0173 n\u0117ra.<\/li>\n<li>Patologija:<br \/>\n\u0160irdis rodo abu skilvelius i\u0161 nugaros pus\u0117s. Thoracin\u0117 aortos pakilimo dalies yra ry\u0161ki saksulin\u0117 i\u0161sipl\u0117timas, kuriame matomi keletas ateroskleroz\u0117s plok\u0161teli\u0173 ir u\u017epakalin\u0117je dalyje matyti ply\u0161imas (identifikuotas tamsiai d\u0117vint). Abi kameros yra hipertrofuotos. Koronarin\u0117s arterijos kartu su aortos ir tarpvy\u017ed\u017ei\u0173 vo\u017etuvais yra normal\u016bs. Tai yra ply\u0161usios aortos pakilimo aneurizmos pavyzdys.<\/li>\n<li>Papildoma informacija:<br \/>\nAortos pakilimo i\u0161sipl\u0117timas yra da\u017enas atsitiktinis atradimas, atliktas transtorakin\u0117s echokardiografijos, skirtos nesusijusiems tikslams.<br \/>\nThoracin\u0117 aorta suskirstyta \u012f 3 dalis: pakilim\u0105, lank\u0105 ir nusileidim\u0105. Pakilimo aorta prasideda u\u017e aortos vo\u017etuvo ir baigiasi tiesiai prie vir\u0161utinio \u0161onkaulio arterijos (brachiocefalinio kamieno). Ji yra ma\u017edaug 5 cm ilgio ir sudaryta i\u0161 dviej\u0173 skirting\u0173 segment\u0173. Apatinis segmentas, vadinamas aortos \u0161aknimi, apima koronarinius sinusus ir sinusotubulin\u012f jungt\u012f (STJ). Vir\u0161utinis segmentas, vadinamas tubulin\u0117s aortos pakilimu, prasideda nuo STJ ir t\u0119siasi iki aortos arkos (vir\u0161utinio \u0161onkaulio arterijos). Daugiau nei 50% kr\u016btin\u0117s aortos aneurizm\u0173 lokalizuota pakilimo aortoje, kuria gali b\u016bti paveikti arba aortos \u0161aknis, arba tubulinis aortos segmentas.<br \/>\nAneurizmas apibr\u0117\u017eiamas kaip lokalizuotas aortos i\u0161sipl\u0117timas, vir\u0161ijantis 50% numatytosios (steb\u0117tojo skersmens santykis su tik\u0117tina = 1,5). Aneurizm\u0105 reikia skirti nuo ektazijos, kuri rei\u0161kia difuzin\u012f aortos i\u0161sipl\u0117tim\u0105, ma\u017eesn\u012f nei 50% normalaus aortos skersmens. Skai\u010diuojama, kad pakilimo kr\u016btin\u0117s aortos aneurizm\u0173 atvej\u0173 da\u017enis yra apie 10 atvej\u0173 100 000 \u017emogaus met\u0173[1].<\/li>\n<li>Nuoroda:<br \/>\n1. Saliba ir kt. (2015). Int J Cardiol Heart Vasc. 6: 91-100.<\/li>\n<\/ul>\n<h3>Ply\u0161usios kr\u016btin\u0117s l\u0105stos aortos aneurizmos 3D modeliai &#8211; <a href=\"http:\/\/labostera.lt\/product-brand\/erler-zimmer-gmbh-co-kg\/\">Erler-Zimmer anatomijos grup\u0117<\/a><\/h3>\n<p>Daugiau informacijos: <a href=\"https:\/\/erler-zimmer.de\/shop\/en\/11384\" target=\"_blank\" rel=\"noopener nofollow\">gamintojo svetain\u0117je<\/a> arba si\u0173skite u\u017eklaus\u0105 mums!<\/p>\n","protected":false},"excerpt":{"rendered":"<p>Erler-Zimmer Ruptured Thoracic Aortic Aneurysm 3D Model \u2013 A detailed model of cardiac pathology.<\/p>","protected":false},"featured_media":19800,"template":"","meta":[],"product_cat":[75,79],"product_tag":[729,728,692,577,690,770],"class_list":{"0":"post-19799","1":"product","2":"type-product","3":"status-publish","4":"has-post-thumbnail","6":"product_brand-erler-zimmer-gmbh-co-kg","7":"product_cat-modeliai-manekenai-muliazai","8":"product_cat-mokymo-priemones-ir-iranga","9":"product_tag-3d-printed-models","10":"product_tag-3d-spausdinti-modeliai","11":"product_tag-erler-zimmer-gmbh-co-kg","12":"product_tag-modeliai","13":"product_tag-models","14":"product_tag-plysusios-krutines-lastos-aortos-aneurizmos-modeliai","16":"first","17":"onbackorder","18":"shipping-taxable","19":"purchasable","20":"product-type-simple"},"_links":{"self":[{"href":"https:\/\/labostera.lt\/en\/wp-json\/wp\/v2\/product\/19799","targetHints":{"allow":["GET"]}}],"collection":[{"href":"https:\/\/labostera.lt\/en\/wp-json\/wp\/v2\/product"}],"about":[{"href":"https:\/\/labostera.lt\/en\/wp-json\/wp\/v2\/types\/product"}],"wp:featuredmedia":[{"embeddable":true,"href":"https:\/\/labostera.lt\/en\/wp-json\/wp\/v2\/media\/19800"}],"wp:attachment":[{"href":"https:\/\/labostera.lt\/en\/wp-json\/wp\/v2\/media?parent=19799"}],"wp:term":[{"taxonomy":"product_cat","embeddable":true,"href":"https:\/\/labostera.lt\/en\/wp-json\/wp\/v2\/product_cat?post=19799"},{"taxonomy":"product_tag","embeddable":true,"href":"https:\/\/labostera.lt\/en\/wp-json\/wp\/v2\/product_tag?post=19799"}],"curies":[{"name":"wp","href":"https:\/\/api.w.org\/{rel}","templated":true}]}}