{"id":18885,"date":"2024-02-08T11:36:16","date_gmt":"2024-02-08T09:36:16","guid":{"rendered":"http:\/\/labostera.lt\/?post_type=product&#038;p=18885"},"modified":"2024-02-09T13:05:06","modified_gmt":"2024-02-09T11:05:06","slug":"zmogaus-implanto-modelis-erler-zimmer-human-implant-model","status":"publish","type":"product","link":"https:\/\/labostera.lt\/en\/priemones-ir-iranga\/mokymo-priemones-ir-iranga\/modeliai-manekenai-muliazai\/zmogaus-implanto-modelis-erler-zimmer-human-implant-model\/","title":{"rendered":"Erler-Zimmer Human Implant Model"},"content":{"rendered":"<h2><strong>\u201eErler-Zimmer GmbH & Co. KG\u201d \u017emogaus implanto modelis<\/strong>:<\/h2>\n<ul>\n<li><strong>Model 1115<\/strong>: \u012esp\u016bdingas modelis, rodantis tris suma\u017eintus \u0161launikaulio modelius. \u0160io modelio dalis yra sveikas \u0161launikaulys, o dalis \u2013 su ligomis ir implantuotas \u0161launikaulys. Visi modeliai yra judami, dubens kaulai ir \u0161launikauliai gali b\u016bti atskirti, implantas gali b\u016bti pa\u0161alintas i\u0161 \u0161launikaulio. Pateikiama ant akrilo stendo. Dydis: 34 x 12 x 19 cm, svoris: 1,1 kg.<\/li>\n<li><strong>Model 1118<\/strong>: The hip joint with Birmingham Hip implants is shown in depth. The implants can be removed, allowing the doctor to explain their function to the patient. The model is easy to remove from the stand and disassemble. Presented on an acrylic stand. Size: 16 x 13 x 29 cm, weight: 0.9 kg.<\/li>\n<li><strong>Model 1125<\/strong>: \u012esp\u016bdingas modelis, rodantis tris suma\u017eintus kelio modelius. \u0160io modelio dalis yra sveikas kelio s\u0105narys, o dalis \u2013 su ligomis ir kelio implantuotas s\u0105narys. Visi modeliai yra judami, vir\u0161utinis ir apatinis kojos gali b\u016bti atskirti. Pateikiama ant akrilo stendo. Dydis: 34 x 11,5 x 16 cm, svoris: 0,4 kg.<\/li>\n<\/ul>\n<h3>\u017dmogaus implanto modeliai \u2013 <a href=\"http:\/\/labostera.lt\/en\/product-brand\/erler-zimmer-gmbh-co-kg\/\">Erler-Zimmer Anatomy Group<\/a><\/h3>\n<p>More information: <a href=\"https:\/\/erler-zimmer.de\/shop\/en\/shop\/anatomical-models\/skeleton-models\/\" target=\"_blank\" rel=\"noopener nofollow\">on the manufacturer&#039;s website<\/a> or send us an inquiry!<\/p>","protected":false},"excerpt":{"rendered":"<p>Erler-Zimmer Human Implant Model \u2013 Impressive models of the femur and knee joint with implants. A great learning tool.<\/p>","protected":false},"featured_media":18898,"template":"","meta":[],"product_cat":[75,79],"product_tag":[692,705,704,577,690],"class_list":{"0":"post-18885","1":"product","2":"type-product","3":"status-publish","4":"has-post-thumbnail","6":"product_brand-erler-zimmer-gmbh-co-kg","7":"product_cat-modeliai-manekenai-muliazai","8":"product_cat-mokymo-priemones-ir-iranga","9":"product_tag-erler-zimmer-gmbh-co-kg","10":"product_tag-implantai","11":"product_tag-implanto-modeliai","12":"product_tag-modeliai","13":"product_tag-models","15":"first","16":"onbackorder","17":"shipping-taxable","18":"purchasable","19":"product-type-variable"},"_links":{"self":[{"href":"https:\/\/labostera.lt\/en\/wp-json\/wp\/v2\/product\/18885","targetHints":{"allow":["GET"]}}],"collection":[{"href":"https:\/\/labostera.lt\/en\/wp-json\/wp\/v2\/product"}],"about":[{"href":"https:\/\/labostera.lt\/en\/wp-json\/wp\/v2\/types\/product"}],"wp:featuredmedia":[{"embeddable":true,"href":"https:\/\/labostera.lt\/en\/wp-json\/wp\/v2\/media\/18898"}],"wp:attachment":[{"href":"https:\/\/labostera.lt\/en\/wp-json\/wp\/v2\/media?parent=18885"}],"wp:term":[{"taxonomy":"product_cat","embeddable":true,"href":"https:\/\/labostera.lt\/en\/wp-json\/wp\/v2\/product_cat?post=18885"},{"taxonomy":"product_tag","embeddable":true,"href":"https:\/\/labostera.lt\/en\/wp-json\/wp\/v2\/product_tag?post=18885"}],"curies":[{"name":"wp","href":"https:\/\/api.w.org\/{rel}","templated":true}]}}