{"id":18334,"date":"2024-02-01T10:51:13","date_gmt":"2024-02-01T08:51:13","guid":{"rendered":"http:\/\/labostera.lt\/?post_type=product&#038;p=18334"},"modified":"2024-02-01T12:41:31","modified_gmt":"2024-02-01T10:41:31","slug":"traukos-spinta-cruma-classic-series-ductless-fume-hood","status":"publish","type":"product","link":"https:\/\/labostera.lt\/en\/priemones-ir-iranga\/laboratorine-iranga\/bendra-laboratorine-iranga\/laminarai-ir-traukos-spintos\/traukos-spinta-cruma-classic-series-ductless-fume-hood\/","title":{"rendered":"Hood Cruma Classic Series Ductless Fume Hood"},"content":{"rendered":"<h2><strong>\u201eCruma \u2013 Diantech Solutions S.L.\u201d Classic series traukos spinta<\/strong><\/h2>\n<p>Classic serijos be kanal\u0173 filtravimo traukos spintos yra ideali aplinkos u\u017eter\u0161t\u0173 duj\u0173 ir\/arba kiet\u0173 daleli\u0173\/aerozoli\u0173 pa\u0161alinimui i\u0161 darbo vietos paprastai ir efektyviai. Saugios, efektyvios ir ekonomin\u0117s \u2013 jos apsaugo tiek naudotoj\u0105, tiek aplink\u0105.<\/p>\n<p>This series is delivered unassembled, so it can be easily installed in any laboratory (despite narrow corridors, crowded staircases or hard-to-reach areas, etc.), significantly reducing transportation costs.<\/p>\n<p>All Classic series models use the new Cruma-developed and patented filtration system (patent pending), which ensures that polluting gases, fumes and particles generated inside are retained, constantly renewing the laboratory air. The main benefits provided are:<\/p>\n<h3>Personnel Safety and Environmental Protection<\/h3>\n<p>In addition to fully protecting the person handling the material in the cabinet, chemical toxins are not released into the environment, but remain in the cabinet thanks to various activated carbon filters.<\/p>\n<h3>Economical Savings and Easy to Set Up<\/h3>\n<p>There is no need for expensive work to install pipes to bring the gas outside, which means no additional costs and no need to stop the laboratory operating at full capacity.<\/p>\n<h3>Flexible<\/h3>\n<p>They can be used in areas where it is difficult to extract contaminated air, such as the lower floors of a building, and they can be easily moved to different locations when needed.<\/p>\n<h3>Energy Saving<\/h3>\n<p>Unlike traditional fume cupboards, our fume cupboards do not use air conditioning units inside the laboratory, which significantly reduces energy consumption. The extracted air is not drawn outside, but is recirculated within the laboratory without introducing contaminants.<\/p>\n<h3>Characteristics<\/h3>\n<ul>\n<li>New LCD screen 127x34mm size<\/li>\n<li>Continuous monitoring of air speed<\/li>\n<li>Type of filter installed, operating hours, expiration date, and more<\/li>\n<li>Door opening warning via electronic photodetector<\/li>\n<li>Reverse counter<\/li>\n<li>Clock and calendar<\/li>\n<\/ul>\n<h3>New features and components<\/h3>\n<ul>\n<li>Initial air flow cycle and final emptying cycle<\/li>\n<li>Error LED indicator<\/li>\n<li>Microprocessor-controlled air flow<\/li>\n<li>Activated carbon filters with electronic chip<\/li>\n<li>LED lighting<\/li>\n<\/ul>\n<h3>New alerts and planned alerts<\/h3>\n<ul>\n<li>Door open warning<\/li>\n<li>Door opening disable mode warning<\/li>\n<li>60-hour filter warning<\/li>\n<li>Next validation warning<\/li>\n<li>Few hours of filter life warning<\/li>\n<li>Reverse counter<\/li>\n<li>Filter out of service signal (by hours)<\/li>\n<li>Filter out of date alarm (by date)<\/li>\n<li>Temperature warning<\/li>\n<li>Device without filter signal<\/li>\n<li>Low barrier signal<\/li>\n<\/ul>\n<h3>Management<\/h3>\n<p>General chemical analysis using small amounts of reagents or chemicals at room\/moderate temperatures in all types of laboratories:<br \/>\n\u2013 Mokslini\u0173 tyrim\u0173 laboratorijos<br \/>\n\u2013 Kokyb\u0117s kontrol\u0117s laboratorijos<br \/>\n\u2013 Klinikin\u0117s ir ligonin\u0117s laboratorijos<br \/>\n\u2013 Universiteto ir mokyklos laboratorijos<br \/>\n\u2013 \u2026Apibendrintai, bet kokiame laboratorijoje.<\/p>\n<h3>Breathe<\/h3>\n<p>The Classic series fume cupboards have been designed to reduce transportation costs, because once you receive them, all you have to do is take them out of their fantastic packaging, easily install them in the desired location, connect them to the power supply and start working. It&#039;s that simple, straightforward and hassle-free. Plus, they can be placed anywhere, because they can be dismantled!<\/p>\n<p>All Classic series fume cupboards use the new Cruma-developed and patented filtration system (Invention Patent No. 2397598), which protects the operator by trapping contaminated gases, fumes and particles generated inside, constantly renewing the laboratory air and preventing leaks that could contaminate the environment.<\/p>\n<h3>Traukos spintos \u2013 <a href=\"http:\/\/labostera.lt\/en\/product-brand\/cruma-diantech-solutions-s-l\/\">Cruma laboratory furniture group<\/a><\/h3>\n<p>More information: <strong><a href=\"https:\/\/cruma.es\/en\/ductless-fume-hoods-classic-range\/\" target=\"_blank\" rel=\"noopener nofollow\">on the manufacturer&#039;s website<\/a><\/strong> or send us an inquiry!<\/p>","protected":false},"excerpt":{"rendered":"<p>Cruma Classic \u2013 Fume Hood. Safe, efficient and economical fume hood that captures polluting gases and particles. Quick to install, flexible and energy-saving.<\/p>","protected":false},"featured_media":18345,"template":"","meta":[],"product_cat":[76,121],"product_tag":[676,678,677],"class_list":{"0":"post-18334","1":"product","2":"type-product","3":"status-publish","4":"has-post-thumbnail","6":"product_brand-cruma-diantech-solutions-s-l","7":"product_cat-laboratorine-iranga","8":"product_cat-laminarai-ir-traukos-spintos","9":"product_tag-cruma-diantech-solutions-s-l","10":"product_tag-ductless-fume-hoods","11":"product_tag-traukos-spintos","13":"first","14":"onbackorder","15":"shipping-taxable","16":"purchasable","17":"product-type-variable"},"_links":{"self":[{"href":"https:\/\/labostera.lt\/en\/wp-json\/wp\/v2\/product\/18334","targetHints":{"allow":["GET"]}}],"collection":[{"href":"https:\/\/labostera.lt\/en\/wp-json\/wp\/v2\/product"}],"about":[{"href":"https:\/\/labostera.lt\/en\/wp-json\/wp\/v2\/types\/product"}],"wp:featuredmedia":[{"embeddable":true,"href":"https:\/\/labostera.lt\/en\/wp-json\/wp\/v2\/media\/18345"}],"wp:attachment":[{"href":"https:\/\/labostera.lt\/en\/wp-json\/wp\/v2\/media?parent=18334"}],"wp:term":[{"taxonomy":"product_cat","embeddable":true,"href":"https:\/\/labostera.lt\/en\/wp-json\/wp\/v2\/product_cat?post=18334"},{"taxonomy":"product_tag","embeddable":true,"href":"https:\/\/labostera.lt\/en\/wp-json\/wp\/v2\/product_tag?post=18334"}],"curies":[{"name":"wp","href":"https:\/\/api.w.org\/{rel}","templated":true}]}}