{"id":18088,"date":"2024-01-25T16:02:06","date_gmt":"2024-01-25T14:02:06","guid":{"rendered":"http:\/\/labostera.lt\/?post_type=product&#038;p=18088"},"modified":"2024-01-30T14:10:01","modified_gmt":"2024-01-30T12:10:01","slug":"dirvozemio-dregmes-zondas-delta-t-pr2-profileprobe-soil-moisture-sensor","status":"publish","type":"product","link":"https:\/\/labostera.lt\/en\/priemones-ir-iranga\/laboratorine-iranga\/aplinkotyra\/dirvozemio-tyrimo-iranga\/dirvozemio-dregmes-zondas-delta-t-pr2-profileprobe-soil-moisture-sensor\/","title":{"rendered":"Soil Moisture Probe Delta-T PR2 ProfileProbe Soil Moisture Sensor"},"content":{"rendered":"<h2><strong>&#8222;Delta-T Devices Ltd.&#8221; PR2 ProfileProbe Dirvo\u017eemio Dr\u0117gm\u0117s Zondas<\/strong><\/h2>\n<ul>\n<li>Dirvo\u017eemio dr\u0117gm\u0117s profiliai iki 1 m gylyje<\/li>\n<li>Dviguba paskirtis &#8211; \u012frengtas ir ne\u0161iojamas<\/li>\n<li>Naudoti prieigos vamzdelius patogiam jutiklio \u012fterpimui ir i\u0161\u0117mimui<\/li>\n<li>SDI-12 s\u0105sajos galimyb\u0117<\/li>\n<\/ul>\n<p>Joks kitas dirvo\u017eemio dr\u0117gm\u0117s matavimo sistema negali leisti jums taip lengvai ir lankstiai steb\u0117ti j\u016bs\u0173 dirvo\u017eemio vandens profilius. \u012ediekite prieigos vamzdel\u012f \u012f dirv\u0105, \u012fki\u0161kite PR2 ProfileProbe ir paspauskite HH2 [Skaityti] mygtuk\u0105, kad rodyt\u0173 akimirkinius matavimus, arba prijunkite PR2 prie duomen\u0173 registravimo \u012frenginio (GP2 ar DL6) ir palikite sistem\u0105 \u012fra\u0161yti dirvo\u017eemio dr\u0117gm\u0117s poky\u010dius per laik\u0105.<\/p>\n<p>PR2 dirvo\u017eemio dr\u0117gm\u0117s jutiklis sukurtas remiantis patentuota jutiklio technologija, kuri suteikia beprecedent\u012f na\u0161um\u0105 visuose dirvo\u017eemio tipuose, minimalia \u012ftaka tiek druskai, tiek temperat\u016brai. PR2\/4 modelis matuoja dirvo\u017eemio dr\u0117gm\u0119 4 gylybi\u0173 iki 40 cm &#8211; PR2\/6 matuoja 6 gylybes iki 100 cm.<\/p>\n<p>Tiekiejamas su tiek analogine, tiek SDI-12 s\u0105saja PR2. Paspauskite \u010dia, nor\u0117dami gauti informacijos apie SDI-12 ProfileProbe.<\/p>\n<ul>\n<li>Labai patikimas ir lauko patikrintas instrumentas<\/li>\n<li>Dirvo\u017eemio dr\u0117gm\u0117s turinys &#8211; ne tik tendencijos<\/li>\n<li>I\u0161pakuokite sprendim\u0105 &#8211; tiekiamas su kalibravimais da\u017enai pasitaikantiems dirvo\u017eemio tipams<\/li>\n<li>Nesud\u0117tingas ne\u0161iojamas \u012ftaisas daugiausiai viet\u0173 matavimui<\/li>\n<\/ul>\n<h3>PR2 ProfileProbe yra prieinamas dvej\u0173 dyd\u017ei\u0173, kad b\u016bt\u0173 galima matuoti iki 40 cm arba 100 cm gyl\u012f.<\/h3>\n<p>PR2\/4 turi jutiklio elementus 10\/20\/30\/40 cm gylyje<\/p>\n<p>PR2\/6 turi jutiklio elementus 10\/20\/30\/40\/60 ir 100 cm gylyje<\/p>\n<h3>HH2 Matuoklis<\/h3>\n<p>HH2 yra universalus skaitymo \u012frenginys, suteikiantis lengv\u0105 ir patog\u0173 b\u016bd\u0105 rodyti ir saugoti ProfileProbe matavimus. Su HH2 ir PR2 kombinacija jutiklis gali b\u016bti perkeltas i\u0161 prieigos vamzd\u017eio \u012f prieigos vamzd\u012f, leid\u017eiant dideliam kiekiui dirvo\u017eemio dr\u0117gm\u0117s duomen\u0173 rinkti daugybe viet\u0173.<\/p>\n<h3>Duomen\u0173 registravimas<\/h3>\n<p>ProfileProbe yra prieinamas su analogine arba SDI-12 s\u0105saja.<\/p>\n<p>Analogue versijai u\u017esisakykite PR2\/4 ar PR2\/6.<\/p>\n<p>SDI-12 s\u0105sajos versijai u\u017esisakykite PR2\/4-SDI-12 arba PR2\/6-SDI-12.<\/p>\n<p>Atkreipkite d\u0117mes\u012f, kad analogini\u0173 ir SDI-12 jutikli\u0173 negalima mai\u0161yti tame pa\u010diame kabelio sistemoje.<\/p>\n<h3>Duomen\u0173 registravimo \u012frenginiai analoginiams ProfileProbe<\/h3>\n<p>Delta-T si\u016blo dvi tinkamas duomen\u0173 registravimo \u012frenginius. Abiem jie turi skirtus PR2 ProfileProbe \u012fvesties kanalus ir jungiklius:<\/p>\n<p>DL6 Duomen\u0173 Registravimas gali u\u017era\u0161yti vien\u0105 PR2\/6 ar vien\u0105 PR2\/4 ProfileProbe<\/p>\n<p>GP2 Duomen\u0173 Registravimas gali u\u017era\u0161yti iki dviej\u0173 PR2\/6 arba trij\u0173 PR2\/4<\/p>\n<h3>Duomen\u0173 registravimo \u012frenginiai SDI-12 ProfileProbe<\/h3>\n<p>PR2 SDI-12 idealiai tinka SDI-12 \u012fgalintam GP2 duomen\u0173 registravimo \u012frenginiui. Daug SDI-12 ProfileProbe gali b\u016bti prijungti prie vieno GP2 (tikrasis skai\u010dius priklauso nuo kabelio ilgio, galios ir kit\u0173 faktori\u0173).<\/p>\n<h3>Augerinimo ir i\u0161\u0117mimo komplektai &#8211; optimaliam Prieigos Vamzd\u017eio \u012frengimui<\/h3>\n<p>ProfileProbe naudojamas su prieigos vamzd\u017eiais, \u012fterptais \u012f dirbtinius duobes dirvo\u017eemyje &#8211; teisingas montavimas yra svarbus tiksliai matuojant dirvo\u017eemio dr\u0117gm\u0117s profilius. Montavimo tikslas yra sukurti optimal\u0173 kontakt\u0105 tarp dirvo\u017eemio ir prieigos vamzdelio sienos. Dirbtin\u0117s skyl\u0117s turi b\u016bti tiesios, lygios ir teisingo diametro.<\/p>\n<p>Delta-T iranki\u0173 komplektai pad\u0117s jums pasiekti geriausi\u0105 prieigos vamzd\u017eio \u012frengim\u0105 beveik bet kokioje dirvo\u017eemio r\u016b\u0161yje.<\/p>\n<h3>Dirvo\u017eemio Dr\u0117gm\u0117s Jutikliai &#8211; <a href=\"http:\/\/labostera.lt\/product-brand\/delta-t-devices-ltd\/\">Delta-T prietais\u0173 grup\u0117<\/a><\/h3>\n<p>Daugiau informacijos: <strong><a href=\"https:\/\/delta-t.co.uk\/product\/pr2\/\" target=\"_blank\" rel=\"noopener nofollow\">gamintojo svetain\u0117je<\/a><\/strong> arba si\u0173skite u\u017eklaus\u0105 mums!<\/p>\n","protected":false},"excerpt":{"rendered":"<p>Delta-T PR2 ProfileProbe Soil Moisture Probe \u2013 Reliable sensor with deep measurement capabilities up to 1 m depth.<\/p>","protected":false},"featured_media":18092,"template":"","meta":[],"product_cat":[83,107,76],"product_tag":[618,621,619,620],"class_list":{"0":"post-18088","1":"product","2":"type-product","3":"status-publish","4":"has-post-thumbnail","6":"product_brand-delta-t-devices-ltd","7":"product_cat-aplinkotyra","8":"product_cat-dirvozemio-tyrimo-iranga","9":"product_cat-laboratorine-iranga","10":"product_tag-delta-t-devices-ltd","11":"product_tag-dirvozemio-matuoklis","12":"product_tag-dregmes-matuokliai","13":"product_tag-moisture-meters","15":"first","16":"onbackorder","17":"shipping-taxable","18":"purchasable","19":"product-type-simple"},"_links":{"self":[{"href":"https:\/\/labostera.lt\/en\/wp-json\/wp\/v2\/product\/18088","targetHints":{"allow":["GET"]}}],"collection":[{"href":"https:\/\/labostera.lt\/en\/wp-json\/wp\/v2\/product"}],"about":[{"href":"https:\/\/labostera.lt\/en\/wp-json\/wp\/v2\/types\/product"}],"wp:featuredmedia":[{"embeddable":true,"href":"https:\/\/labostera.lt\/en\/wp-json\/wp\/v2\/media\/18092"}],"wp:attachment":[{"href":"https:\/\/labostera.lt\/en\/wp-json\/wp\/v2\/media?parent=18088"}],"wp:term":[{"taxonomy":"product_cat","embeddable":true,"href":"https:\/\/labostera.lt\/en\/wp-json\/wp\/v2\/product_cat?post=18088"},{"taxonomy":"product_tag","embeddable":true,"href":"https:\/\/labostera.lt\/en\/wp-json\/wp\/v2\/product_tag?post=18088"}],"curies":[{"name":"wp","href":"https:\/\/api.w.org\/{rel}","templated":true}]}}