{"id":17599,"date":"2024-01-11T12:49:41","date_gmt":"2024-01-11T12:49:41","guid":{"rendered":"http:\/\/labostera.lt\/?post_type=product&#038;p=17599"},"modified":"2024-01-23T18:06:53","modified_gmt":"2024-01-23T16:06:53","slug":"dinaminio-vaizdo-analizatorius-bettersize-instruments-bevision-d2-dynamic-image-analyzer","status":"publish","type":"product","link":"https:\/\/labostera.lt\/en\/priemones-ir-iranga\/laboratorine-iranga\/analitine-iranga\/medziagu-savybiu-nustatymo-prietaisai\/dinaminio-vaizdo-analizatorius-bettersize-instruments-bevision-d2-dynamic-image-analyzer\/","title":{"rendered":"Dynamic Image Analyzer Bettersize Instruments BeVision D2 Dynamic Image Analyzer"},"content":{"rendered":"<h2><strong>Bettersize Instruments Ltd. BeVision D2 Dynamic Image Analyzer<\/strong><\/h2>\n<p>BeVision D2 provides an efficient solution for size and shape analysis of dry, high-penetration powders or granules. BeVision D2 can measure tens of thousands of particles in three minutes. Combining a high-speed camera with a precision telecentric lens, BeVision D2 efficiently analyzes particle size and shape in the 30 - 10,000 \u03bcm range.<\/p>\n<ul>\n<li><strong>Features and benefits:<\/strong>\n<ul>\n<li>Measuring range: 30 \u2013 10,000 \u00b5m<\/li>\n<li>24 different particle size and shape parameters<\/li>\n<li>High sample throughput: Measure 10,000 particles in 3 minutes<\/li>\n<li>Exceptional reproduction<\/li>\n<li>Results are in accordance with ISO 9276-6<\/li>\n<li>Fully automated operation<\/li>\n<li>Powerful software provides comprehensive assessment<\/li>\n<li>Compared with sieving results<\/li>\n<\/ul>\n<\/li>\n<\/ul>\n<ol>\n<li><strong>Why choose the image analysis method?<\/strong>\n<ul>\n<li>Simple<br \/>\nCapture a photo of particles, identify them, then measure their size and shape. Every step of the image analysis is simple and straightforward.<\/li>\n<li>Shape analysis<br \/>\nBased on direct viewing of particles, it is possible to analyze not only the size of particles, but also their shape.<\/li>\n<li>Seeing is believing<br \/>\nThe image analysis method determines the size and shape of each individual particle and then reduces them statistically. The details of the particle size or shape distribution can be accurately presented.<\/li>\n<\/ul>\n<\/li>\n<li><strong>Why choose a dynamic image analysis method?<\/strong>\n<ul>\n<li>Efficiency<br \/>\nA uniform particle flow through the measurement zone helps achieve high measurement efficiency.<\/li>\n<li>Sensitivity to large particles<br \/>\nThe dynamic image analysis method is sensitive to large particles; it is even possible to estimate the size of large particles.<\/li>\n<li>Reliable results<br \/>\nThe maximum number of measured particles ensures the statistical significance of the measurement results.<\/li>\n<\/ul>\n<\/li>\n<li><strong>BeVision D2 Equipment: Guaranteed Accuracy and Efficiency for You<\/strong><br \/>\nTo achieve particle size and shape measurement across a wide range of applications, the BeVision D2 is equipped with a wide range of hardware. Depending on the properties of the sample material, selecting the best hardware helps to measure particle size and shape with optimal accuracy and efficiency.<br \/>\n<img fetchpriority=\"high\" decoding=\"async\" width=\"1000\" height=\"515\" class=\"aligncenter size-medium wp-image-17601\" src=\"http:\/\/labostera.lt\/wp-content\/uploads\/2024\/01\/bevision_d2_hardware.png\" alt=\"BeVision D2 Hardware\" srcset=\"https:\/\/labostera.lt\/wp-content\/uploads\/2024\/01\/bevision_d2_hardware.png 1000w, https:\/\/labostera.lt\/wp-content\/uploads\/2024\/01\/bevision_d2_hardware-570x294.png 570w, https:\/\/labostera.lt\/wp-content\/uploads\/2024\/01\/bevision_d2_hardware-600x309.png 600w, https:\/\/labostera.lt\/wp-content\/uploads\/2024\/01\/bevision_d2_hardware-300x155.png 300w, https:\/\/labostera.lt\/wp-content\/uploads\/2024\/01\/bevision_d2_hardware-768x396.png 768w\" sizes=\"(max-width: 1000px) 100vw, 1000px\" \/><\/li>\n<li><strong>Particle Size and Shape Parameters:<\/strong>\n<ul>\n<li><strong>Size parameters:<\/strong><br \/>\nEquivalent diameters: area equivalent diameter, perimeter equivalent diameter;<br \/>\nFerret diameters: maximum and minimum Ferret diameter, XLF (\u201clength\u201d);<br \/>\nMartin diameters: maximum and minimum Martin diameters;<br \/>\nLegendre ellipse: major and minor axes;<br \/>\n<img decoding=\"async\" width=\"1000\" height=\"845\" class=\"aligncenter size-medium wp-image-17597\" src=\"http:\/\/labostera.lt\/wp-content\/uploads\/2024\/01\/bevision_m1_size_parameters.jpg\" alt=\"BeVision M1 Size Parameters\" srcset=\"https:\/\/labostera.lt\/wp-content\/uploads\/2024\/01\/bevision_m1_size_parameters.jpg 1000w, https:\/\/labostera.lt\/wp-content\/uploads\/2024\/01\/bevision_m1_size_parameters-570x482.jpg 570w, https:\/\/labostera.lt\/wp-content\/uploads\/2024\/01\/bevision_m1_size_parameters-600x507.jpg 600w, https:\/\/labostera.lt\/wp-content\/uploads\/2024\/01\/bevision_m1_size_parameters-300x254.jpg 300w, https:\/\/labostera.lt\/wp-content\/uploads\/2024\/01\/bevision_m1_size_parameters-768x649.jpg 768w\" sizes=\"(max-width: 1000px) 100vw, 1000px\" \/><\/li>\n<li><strong>Form parameters:<\/strong><br \/>\nThe size of the difference in 2 directions: aspect ratio, L\/W ratio, ellipticity ratio;<br \/>\nFor roundness and upright shape: roundness, irregularity, density, expansion ratio, box ratio;<br \/>\nContour crack: crack, bulge, density;<br \/>\nFor longitudinal particles: elongation, straightness;<\/li>\n<\/ul>\n<\/li>\n<li><strong>BeVision Software: Visualize for Insights:<\/strong><br \/>\n<img decoding=\"async\" width=\"988\" height=\"782\" class=\"aligncenter size-medium wp-image-17602\" src=\"http:\/\/labostera.lt\/wp-content\/uploads\/2024\/01\/bevision_d2_applications.png\" alt=\"BeVision D2 Applications\" srcset=\"https:\/\/labostera.lt\/wp-content\/uploads\/2024\/01\/bevision_d2_applications.png 988w, https:\/\/labostera.lt\/wp-content\/uploads\/2024\/01\/bevision_d2_applications-570x451.png 570w, https:\/\/labostera.lt\/wp-content\/uploads\/2024\/01\/bevision_d2_applications-600x475.png 600w, https:\/\/labostera.lt\/wp-content\/uploads\/2024\/01\/bevision_d2_applications-300x237.png 300w, https:\/\/labostera.lt\/wp-content\/uploads\/2024\/01\/bevision_d2_applications-768x608.png 768w\" sizes=\"(max-width: 988px) 100vw, 988px\" \/><\/li>\n<\/ol>\n<h3>Analyzers \u2013 <a href=\"http:\/\/labostera.lt\/en\/product-brand\/bettersize-instruments-ltd\/\" target=\"_blank\" rel=\"noopener\">Bettersize<\/a><\/h3>\n<p>More information: <a href=\"https:\/\/www.bettersizeinstruments.com\/products\/bevision-d2-dynamic-image-analyzer\/\" target=\"_blank\" rel=\"noopener nofollow\">on the manufacturer&#039;s website<\/a> or send us an inquiry!<\/p>","protected":false},"excerpt":{"rendered":"<p>&#8222;Bettersize Instruments Ltd.&#8221; BeVision D2 dinaminio vaizdo analizatorius BeVision D2 suteikia efektyv\u0173 sprendim\u0105 d\u017ei\u016bviems, auk\u0161to skvarbumo milteliams ar granul\u0117ms dyd\u017eio ir formos analizei. BeVision D2 gali matuoti de\u0161imtis t\u016bkstan\u010di\u0173 daleli\u0173 per tris minutes. Kombinuojant greit\u0105 kamer\u0105 su tiksliu telecentriniu objektyvu, BeVision D2 efektyviai analizuoja daleli\u0173 dyd\u012f ir form\u0105 30 &#8211; 10,000 \u03bcm diapazone. Savyb\u0117s ir [&hellip;]<\/p>\n","protected":false},"featured_media":17600,"template":"","meta":[],"product_cat":[82,76,101],"product_tag":[565,572,573],"class_list":{"0":"post-17599","1":"product","2":"type-product","3":"status-publish","4":"has-post-thumbnail","6":"product_brand-bettersize-instruments-ltd","7":"product_cat-analitine-iranga","8":"product_cat-laboratorine-iranga","9":"product_cat-medziagu-savybiu-nustatymo-prietaisai","10":"product_tag-bettersize-instruments-ltd","11":"product_tag-dinaminio-vaizdo-analizatoriai","12":"product_tag-dynamic-image-analyzers","14":"first","15":"onbackorder","16":"shipping-taxable","17":"purchasable","18":"product-type-simple"},"_links":{"self":[{"href":"https:\/\/labostera.lt\/en\/wp-json\/wp\/v2\/product\/17599","targetHints":{"allow":["GET"]}}],"collection":[{"href":"https:\/\/labostera.lt\/en\/wp-json\/wp\/v2\/product"}],"about":[{"href":"https:\/\/labostera.lt\/en\/wp-json\/wp\/v2\/types\/product"}],"wp:featuredmedia":[{"embeddable":true,"href":"https:\/\/labostera.lt\/en\/wp-json\/wp\/v2\/media\/17600"}],"wp:attachment":[{"href":"https:\/\/labostera.lt\/en\/wp-json\/wp\/v2\/media?parent=17599"}],"wp:term":[{"taxonomy":"product_cat","embeddable":true,"href":"https:\/\/labostera.lt\/en\/wp-json\/wp\/v2\/product_cat?post=17599"},{"taxonomy":"product_tag","embeddable":true,"href":"https:\/\/labostera.lt\/en\/wp-json\/wp\/v2\/product_tag?post=17599"}],"curies":[{"name":"wp","href":"https:\/\/api.w.org\/{rel}","templated":true}]}}