{"id":17593,"date":"2024-01-11T12:12:48","date_gmt":"2024-01-11T12:12:48","guid":{"rendered":"http:\/\/labostera.lt\/?post_type=product&#038;p=17593"},"modified":"2024-01-23T18:07:50","modified_gmt":"2024-01-23T16:07:50","slug":"automatinio-statinio-vaizdo-analizatorius-bettersize-instruments-bevision-m1-automatic-static-image-analyzer","status":"publish","type":"product","link":"https:\/\/labostera.lt\/en\/priemones-ir-iranga\/laboratorine-iranga\/analitine-iranga\/medziagu-savybiu-nustatymo-prietaisai\/automatinio-statinio-vaizdo-analizatorius-bettersize-instruments-bevision-m1-automatic-static-image-analyzer\/","title":{"rendered":"Bettersize Instruments BeVision M1 Automatic Static Image Analyzer"},"content":{"rendered":"<h2><strong>Bettersize Instruments Ltd. BeVision M1 Automatic Static Image Analyzer<\/strong><\/h2>\n<p>BeVision M1 is an automated image scanning system designed specifically for the analysis of filter particle cleanliness. Equipped with a metallurgical microscope, programmable motorized stage, autofocus function and high-resolution CMOS, BeVision M1 can capture and identify each individual particle, automatically merging the images into a large overall image.<\/p>\n<ul>\n<li><strong>Features and benefits:<\/strong>\n<ul>\n<li>Measuring range: 1 to 10,000 \u00b5m<\/li>\n<li>Results are in accordance with ISO 9276-6<\/li>\n<li>High reproductive measurements<\/li>\n<li>High speed CCD camera<\/li>\n<li>Powerful software makes work easier<\/li>\n<li>Automatic sample stand with high position accuracy<\/li>\n<li>24 different particle size and shape parameters<\/li>\n<li>An important part of surface cleanliness measurements<\/li>\n<\/ul>\n<\/li>\n<\/ul>\n<ol>\n<li><strong>Why choose the image analysis method?<\/strong>\n<ul>\n<li>Simple<br \/>\nCapture a photo of particles, identify them, then measure their size and shape. Every step of the image analysis is simple and straightforward.<\/li>\n<li>Shape analysis<br \/>\nBased on direct viewing of particles, it is possible to analyze not only the size of particles, but also their shape.<\/li>\n<li>Seeing is believing<br \/>\nThe image analysis method determines the size and shape of each individual particle and then reduces them statistically. The details of the particle size or shape distribution can be accurately presented.<\/li>\n<\/ul>\n<\/li>\n<li><strong>Why choose the static image analysis method?<\/strong>\n<ul>\n<li>Clear view<br \/>\nIn static image analysis, microscopes and high-resolution cameras are specialized for high-quality particle images.<\/li>\n<li>Sensitivity to small particles<br \/>\nThe static image analysis method is sensitive to small particles; it is even possible to estimate the size of small particles.<\/li>\n<li>Small sample volume<br \/>\nFor the static image analysis method, a small sample volume is sufficient. A few drops of emulsion or a few micrograms of powder are sufficient for the measurement.<\/li>\n<\/ul>\n<\/li>\n<li><strong>Efficient scanning and panoramic mode<\/strong>\n<ol>\n<li><strong>Scan Mode<\/strong><br \/>\nThe BeVision M1&#039;s scanning mode workflow is to first capture a photo, then analyze the image as the stand moves, capture another photo when the stand reaches a new position, and repeat.<br \/>\nBeVision software displays results live during the scanning process. The scanning mode is widely used due to its efficiency and reliability.<br \/>\n<img fetchpriority=\"high\" decoding=\"async\" width=\"664\" height=\"476\" class=\"aligncenter size-medium wp-image-17594\" src=\"http:\/\/labostera.lt\/wp-content\/uploads\/2024\/01\/the_workflow_of_the_bevision_m1.jpg\" alt=\"Workflow of the BeVision M1\" srcset=\"https:\/\/labostera.lt\/wp-content\/uploads\/2024\/01\/the_workflow_of_the_bevision_m1.jpg 664w, https:\/\/labostera.lt\/wp-content\/uploads\/2024\/01\/the_workflow_of_the_bevision_m1-570x409.jpg 570w, https:\/\/labostera.lt\/wp-content\/uploads\/2024\/01\/the_workflow_of_the_bevision_m1-600x430.jpg 600w, https:\/\/labostera.lt\/wp-content\/uploads\/2024\/01\/the_workflow_of_the_bevision_m1-300x215.jpg 300w\" sizes=\"(max-width: 664px) 100vw, 664px\" \/><\/p>\n<ul>\n<li>Efficient and reliable scanning mode<br \/>\nThe automatic scanning process improves testing efficiency by simultaneously capturing images and moving the stand, increasing efficiency to the next level. The efficient scanning mode analyzes many particles in a single test, thus enhancing the statistical significance of the result.<br \/>\n<img decoding=\"async\" width=\"1000\" height=\"406\" class=\"aligncenter size-medium wp-image-17595\" src=\"http:\/\/labostera.lt\/wp-content\/uploads\/2024\/01\/efficient_and_reliable_scanning_mode.jpg\" alt=\"Efficient and Reliable Scanning Mode\" srcset=\"https:\/\/labostera.lt\/wp-content\/uploads\/2024\/01\/efficient_and_reliable_scanning_mode.jpg 1000w, https:\/\/labostera.lt\/wp-content\/uploads\/2024\/01\/efficient_and_reliable_scanning_mode-570x231.jpg 570w, https:\/\/labostera.lt\/wp-content\/uploads\/2024\/01\/efficient_and_reliable_scanning_mode-600x244.jpg 600w, https:\/\/labostera.lt\/wp-content\/uploads\/2024\/01\/efficient_and_reliable_scanning_mode-300x122.jpg 300w, https:\/\/labostera.lt\/wp-content\/uploads\/2024\/01\/efficient_and_reliable_scanning_mode-768x312.jpg 768w\" sizes=\"(max-width: 1000px) 100vw, 1000px\" \/><\/li>\n<\/ul>\n<\/li>\n<li><strong>Panoramic Mode<\/strong><br \/>\nPanorama mode is the stitching of individual images into a panorama before analysis. With a panorama, it is easy to measure the number of all particles in a region and the size and shape of each particle, even if the particle is large. Accurate particle counting is very important for different industries, such as the automotive or pharmaceutical industries.<\/p>\n<ul>\n<li><strong>Combining macrovision with microdetails<\/strong><br \/>\nBeVision M1 is designed with a panorama that records all particles that are emitted in the millimeter-level region and preserves their shape details. The clear panorama helps to accurately count particles in the macro region and analyze particle size and shape without any residue.<br \/>\n<img decoding=\"async\" width=\"577\" height=\"392\" class=\"aligncenter size-medium wp-image-17596\" src=\"http:\/\/labostera.lt\/wp-content\/uploads\/2024\/01\/bevision_m1_panoramic_mode_.jpg\" alt=\"BeVision M1 Panoramic Mode\" srcset=\"https:\/\/labostera.lt\/wp-content\/uploads\/2024\/01\/bevision_m1_panoramic_mode_.jpg 577w, https:\/\/labostera.lt\/wp-content\/uploads\/2024\/01\/bevision_m1_panoramic_mode_-570x387.jpg 570w, https:\/\/labostera.lt\/wp-content\/uploads\/2024\/01\/bevision_m1_panoramic_mode_-300x204.jpg 300w\" sizes=\"(max-width: 577px) 100vw, 577px\" \/><\/li>\n<\/ul>\n<\/li>\n<\/ol>\n<\/li>\n<li><strong>Particle Size and Shape Parameters:<\/strong>\n<ul>\n<li style=\"list-style-type: none;\">\n<ul>\n<li><strong>Size parameters:<\/strong><br \/>\nEquivalent diameters: area equivalent diameter, perimeter equivalent diameter;<br \/>\nFerret diameters: maximum and minimum Ferret diameter, XLF (\u201clength\u201d);<br \/>\nMartin diameters: maximum and minimum Martin diameters;<br \/>\nLegendre ellipse: major and minor axes;<br \/>\n<img loading=\"lazy\" decoding=\"async\" width=\"1000\" height=\"845\" class=\"aligncenter size-medium wp-image-17597\" src=\"http:\/\/labostera.lt\/wp-content\/uploads\/2024\/01\/bevision_m1_size_parameters.jpg\" alt=\"BeVision M1 Size Parameters\" srcset=\"https:\/\/labostera.lt\/wp-content\/uploads\/2024\/01\/bevision_m1_size_parameters.jpg 1000w, https:\/\/labostera.lt\/wp-content\/uploads\/2024\/01\/bevision_m1_size_parameters-570x482.jpg 570w, https:\/\/labostera.lt\/wp-content\/uploads\/2024\/01\/bevision_m1_size_parameters-600x507.jpg 600w, https:\/\/labostera.lt\/wp-content\/uploads\/2024\/01\/bevision_m1_size_parameters-300x254.jpg 300w, https:\/\/labostera.lt\/wp-content\/uploads\/2024\/01\/bevision_m1_size_parameters-768x649.jpg 768w\" sizes=\"(max-width: 1000px) 100vw, 1000px\" \/><\/li>\n<li><strong>Form parameters:<\/strong><br \/>\nThe size of the difference in 2 directions: aspect ratio, L\/W ratio, ellipticity ratio;<br \/>\nFor roundness and upright shape: roundness, irregularity, density, expansion ratio, box ratio;<br \/>\nContour crack: crack, bulge, density;<br \/>\nFor longitudinal particles: elongation, straightness;<br \/>\n<img loading=\"lazy\" decoding=\"async\" width=\"997\" height=\"1000\" class=\"aligncenter size-medium wp-image-17590\" src=\"http:\/\/labostera.lt\/wp-content\/uploads\/2024\/01\/shape-parameters.jpg\" alt=\"BeVision S1 Shape Parameters\" srcset=\"https:\/\/labostera.lt\/wp-content\/uploads\/2024\/01\/shape-parameters.jpg 997w, https:\/\/labostera.lt\/wp-content\/uploads\/2024\/01\/shape-parameters-570x572.jpg 570w, https:\/\/labostera.lt\/wp-content\/uploads\/2024\/01\/shape-parameters-100x100.jpg 100w, https:\/\/labostera.lt\/wp-content\/uploads\/2024\/01\/shape-parameters-600x602.jpg 600w, https:\/\/labostera.lt\/wp-content\/uploads\/2024\/01\/shape-parameters-300x300.jpg 300w, https:\/\/labostera.lt\/wp-content\/uploads\/2024\/01\/shape-parameters-150x150.jpg 150w, https:\/\/labostera.lt\/wp-content\/uploads\/2024\/01\/shape-parameters-768x770.jpg 768w\" sizes=\"(max-width: 997px) 100vw, 997px\" \/><\/li>\n<\/ul>\n<\/li>\n<\/ul>\n<\/li>\n<li><strong>BeVision Software: Visualize for Insights:<\/strong><br \/>\n<img loading=\"lazy\" decoding=\"async\" width=\"2213\" height=\"2614\" class=\"aligncenter size-medium wp-image-17589\" src=\"http:\/\/labostera.lt\/wp-content\/uploads\/2024\/01\/bevision_s1_bevision_software.png\" alt=\"BeVision S1 Software\" srcset=\"https:\/\/labostera.lt\/wp-content\/uploads\/2024\/01\/bevision_s1_bevision_software.png 2213w, https:\/\/labostera.lt\/wp-content\/uploads\/2024\/01\/bevision_s1_bevision_software-570x673.png 570w, https:\/\/labostera.lt\/wp-content\/uploads\/2024\/01\/bevision_s1_bevision_software-600x709.png 600w, https:\/\/labostera.lt\/wp-content\/uploads\/2024\/01\/bevision_s1_bevision_software-254x300.png 254w, https:\/\/labostera.lt\/wp-content\/uploads\/2024\/01\/bevision_s1_bevision_software-867x1024.png 867w, https:\/\/labostera.lt\/wp-content\/uploads\/2024\/01\/bevision_s1_bevision_software-768x907.png 768w, https:\/\/labostera.lt\/wp-content\/uploads\/2024\/01\/bevision_s1_bevision_software-1300x1536.png 1300w, https:\/\/labostera.lt\/wp-content\/uploads\/2024\/01\/bevision_s1_bevision_software-1734x2048.png 1734w\" sizes=\"(max-width: 2213px) 100vw, 2213px\" \/><\/li>\n<\/ol>\n<h3>Analyzers \u2013 <a href=\"http:\/\/labostera.lt\/en\/product-brand\/bettersize-instruments-ltd\/\" target=\"_blank\" rel=\"noopener\">Bettersize<\/a><\/h3>\n<p>More information: <a href=\"https:\/\/www.bettersizeinstruments.com\/products\/bevision-m1-image-scanning-particle-size-analyzer\/\" target=\"_blank\" rel=\"noopener nofollow\">on the manufacturer&#039;s website<\/a> or send us an inquiry!<\/p>","protected":false},"excerpt":{"rendered":"<p>&#8222;Bettersize Instruments Ltd.&#8221; BeVision M1 automatinio statinio vaizdo analizatorius BeVision M1 yra automatizuota vaizdo skenavimo sistema, skirta ypa\u010d tiktinai filtr\u0173 daleli\u0173 \u0161varumo analizei. Apr\u016bpinta metalurginiu mikroskopu, programuojamu motorizuotu stendu, automatinio fokusavimo funkcija ir auk\u0161tos rai\u0161kos CMOS, BeVision M1 gali u\u017efiksuoti ir atpa\u017einti kiekvien\u0105 atskir\u0105 dalel\u0119, automati\u0161kai suvedant vaizdus \u012f didel\u012f bendr\u0105 vaizd\u0105. Savyb\u0117s ir privalumai: [&hellip;]<\/p>\n","protected":false},"featured_media":17598,"template":"","meta":[],"product_cat":[82,76,101],"product_tag":[565,585,586],"class_list":{"0":"post-17593","1":"product","2":"type-product","3":"status-publish","4":"has-post-thumbnail","6":"product_brand-bettersize-instruments-ltd","7":"product_cat-analitine-iranga","8":"product_cat-laboratorine-iranga","9":"product_cat-medziagu-savybiu-nustatymo-prietaisai","10":"product_tag-bettersize-instruments-ltd","11":"product_tag-static-image-analyzers","12":"product_tag-statinio-vaizdo-analizatoriai","14":"first","15":"onbackorder","16":"shipping-taxable","17":"purchasable","18":"product-type-simple"},"_links":{"self":[{"href":"https:\/\/labostera.lt\/en\/wp-json\/wp\/v2\/product\/17593","targetHints":{"allow":["GET"]}}],"collection":[{"href":"https:\/\/labostera.lt\/en\/wp-json\/wp\/v2\/product"}],"about":[{"href":"https:\/\/labostera.lt\/en\/wp-json\/wp\/v2\/types\/product"}],"wp:featuredmedia":[{"embeddable":true,"href":"https:\/\/labostera.lt\/en\/wp-json\/wp\/v2\/media\/17598"}],"wp:attachment":[{"href":"https:\/\/labostera.lt\/en\/wp-json\/wp\/v2\/media?parent=17593"}],"wp:term":[{"taxonomy":"product_cat","embeddable":true,"href":"https:\/\/labostera.lt\/en\/wp-json\/wp\/v2\/product_cat?post=17593"},{"taxonomy":"product_tag","embeddable":true,"href":"https:\/\/labostera.lt\/en\/wp-json\/wp\/v2\/product_tag?post=17593"}],"curies":[{"name":"wp","href":"https:\/\/api.w.org\/{rel}","templated":true}]}}