{"id":17588,"date":"2024-01-11T11:10:30","date_gmt":"2024-01-11T11:10:30","guid":{"rendered":"http:\/\/labostera.lt\/?post_type=product&#038;p=17588"},"modified":"2024-01-23T17:52:27","modified_gmt":"2024-01-23T15:52:27","slug":"statinio-vaizdo-analizatorius-bettersize-instruments-bevision-s1-static-image-analyzer","status":"publish","type":"product","link":"https:\/\/labostera.lt\/en\/priemones-ir-iranga\/laboratorine-iranga\/analitine-iranga\/medziagu-savybiu-nustatymo-prietaisai\/statinio-vaizdo-analizatorius-bettersize-instruments-bevision-s1-static-image-analyzer\/","title":{"rendered":"Static Image Analyzer Bettersize Instruments BeVision S1 Static Image Analyzer"},"content":{"rendered":"<h2><strong>Bettersize Instruments Ltd. BeVision S1 Static Image Analyzer<\/strong><\/h2>\n<p>BeVision S1 combines light microscopy and image analysis techniques to provide clear and precise size and shape distributions of powders or suspensions. With a high magnification of 100x, BeVision S1 can effectively analyze and capture particles as small as 1\u03bcm.<\/p>\n<ul>\n<li><strong>Features and benefits:<\/strong>\n<ul>\n<li>Measuring range: 1 to 3,000 \u00b5m<\/li>\n<li>24 different particle size and shape parameters<\/li>\n<li>Models available for different applications<\/li>\n<li>Measurements in both dry and wet conditions<\/li>\n<li>Results are in accordance with ISO 9276-6<\/li>\n<li>A budget-friendly alternative to solution particle analysis<\/li>\n<li>Powerful software makes work easier<\/li>\n<li>Suitable reports for different evaluation options<\/li>\n<\/ul>\n<\/li>\n<\/ul>\n<ol>\n<li><strong>Why choose the image analysis method?<\/strong>\n<ul>\n<li>Simple<br \/>\nCapture a photo of particles, identify them, then measure their size and shape. Every step of the image analysis is simple and straightforward.<\/li>\n<li>Shape analysis<br \/>\nBased on direct viewing of particles, it is possible to analyze not only the size of particles, but also their shape.<\/li>\n<li>Seeing is believing<br \/>\nThe image analysis method determines the size and shape of each individual particle and then reduces them statistically. The details of the particle size or shape distribution can be accurately presented.<\/li>\n<\/ul>\n<\/li>\n<li><strong>Why choose the static image analysis method?<\/strong>\n<ul>\n<li>Clear view<br \/>\nIn static image analysis, microscopes and high-resolution cameras are specialized for high-quality particle images.<\/li>\n<li>Sensitivity to small particles<br \/>\nThe static image analysis method is sensitive to small particles; it is even possible to estimate the size of small particles.<\/li>\n<li>Small sample volume<br \/>\nFor the static image analysis method, a small sample volume is sufficient. A few drops of emulsion or a few micrograms of powder are sufficient for the measurement.<\/li>\n<\/ul>\n<\/li>\n<li><strong>Particle Size and Shape Parameters:<\/strong>\n<ul>\n<li><strong>Size parameters:<\/strong><br \/>\nEquivalent diameters: area equivalent diameter, perimeter equivalent diameter;<br \/>\nFerret diameters: maximum and minimum Ferret diameter, XLF (\u201clength\u201d);<br \/>\nMartin diameters: maximum and minimum Martin diameters;<br \/>\nLegendre ellipse: major and minor axes;<br \/>\n<img fetchpriority=\"high\" decoding=\"async\" width=\"1000\" height=\"845\" class=\"aligncenter size-medium wp-image-17591\" src=\"http:\/\/labostera.lt\/wp-content\/uploads\/2024\/01\/bevision_s1_size_parameters.jpg\" alt=\"BeVision S1 Size Parameters\" srcset=\"https:\/\/labostera.lt\/wp-content\/uploads\/2024\/01\/bevision_s1_size_parameters.jpg 1000w, https:\/\/labostera.lt\/wp-content\/uploads\/2024\/01\/bevision_s1_size_parameters-570x482.jpg 570w, https:\/\/labostera.lt\/wp-content\/uploads\/2024\/01\/bevision_s1_size_parameters-600x507.jpg 600w, https:\/\/labostera.lt\/wp-content\/uploads\/2024\/01\/bevision_s1_size_parameters-300x254.jpg 300w, https:\/\/labostera.lt\/wp-content\/uploads\/2024\/01\/bevision_s1_size_parameters-768x649.jpg 768w\" sizes=\"(max-width: 1000px) 100vw, 1000px\" \/><\/li>\n<li><strong>Form parameters:<\/strong><br \/>\nThe size of the difference in 2 directions: aspect ratio, L\/W ratio, ellipticity ratio;<br \/>\nFor roundness and upright shape: roundness, irregularity, density, expansion ratio, box ratio;<br \/>\nContour crack: crack, bulge, density;<br \/>\nFor longitudinal particles: elongation, straightness;<br \/>\n<img decoding=\"async\" width=\"997\" height=\"1000\" class=\"aligncenter size-medium wp-image-17590\" src=\"http:\/\/labostera.lt\/wp-content\/uploads\/2024\/01\/shape-parameters.jpg\" alt=\"BeVision S1 Shape Parameters\" srcset=\"https:\/\/labostera.lt\/wp-content\/uploads\/2024\/01\/shape-parameters.jpg 997w, https:\/\/labostera.lt\/wp-content\/uploads\/2024\/01\/shape-parameters-570x572.jpg 570w, https:\/\/labostera.lt\/wp-content\/uploads\/2024\/01\/shape-parameters-100x100.jpg 100w, https:\/\/labostera.lt\/wp-content\/uploads\/2024\/01\/shape-parameters-600x602.jpg 600w, https:\/\/labostera.lt\/wp-content\/uploads\/2024\/01\/shape-parameters-300x300.jpg 300w, https:\/\/labostera.lt\/wp-content\/uploads\/2024\/01\/shape-parameters-150x150.jpg 150w, https:\/\/labostera.lt\/wp-content\/uploads\/2024\/01\/shape-parameters-768x770.jpg 768w\" sizes=\"(max-width: 997px) 100vw, 997px\" \/><\/li>\n<\/ul>\n<\/li>\n<li><strong>BeVision Software: Visualize for Insights:<\/strong><br \/>\n<img decoding=\"async\" width=\"2213\" height=\"2614\" class=\"aligncenter size-medium wp-image-17589\" src=\"http:\/\/labostera.lt\/wp-content\/uploads\/2024\/01\/bevision_s1_bevision_software.png\" alt=\"BeVision S1 Software\" srcset=\"https:\/\/labostera.lt\/wp-content\/uploads\/2024\/01\/bevision_s1_bevision_software.png 2213w, https:\/\/labostera.lt\/wp-content\/uploads\/2024\/01\/bevision_s1_bevision_software-570x673.png 570w, https:\/\/labostera.lt\/wp-content\/uploads\/2024\/01\/bevision_s1_bevision_software-600x709.png 600w, https:\/\/labostera.lt\/wp-content\/uploads\/2024\/01\/bevision_s1_bevision_software-254x300.png 254w, https:\/\/labostera.lt\/wp-content\/uploads\/2024\/01\/bevision_s1_bevision_software-867x1024.png 867w, https:\/\/labostera.lt\/wp-content\/uploads\/2024\/01\/bevision_s1_bevision_software-768x907.png 768w, https:\/\/labostera.lt\/wp-content\/uploads\/2024\/01\/bevision_s1_bevision_software-1300x1536.png 1300w, https:\/\/labostera.lt\/wp-content\/uploads\/2024\/01\/bevision_s1_bevision_software-1734x2048.png 1734w\" sizes=\"(max-width: 2213px) 100vw, 2213px\" \/><\/li>\n<\/ol>\n<h3>Analyzers \u2013 <a href=\"http:\/\/labostera.lt\/en\/product-brand\/bettersize-instruments-ltd\/\" target=\"_blank\" rel=\"noopener\">Bettersize<\/a><\/h3>\n<p>More information: <a href=\"https:\/\/www.bettersizeinstruments.com\/products\/bevision-s1-image-particle-size-analyzer\/\" target=\"_blank\" rel=\"noopener nofollow\">on the manufacturer&#039;s website<\/a> or send us an inquiry!<\/p>","protected":false},"excerpt":{"rendered":"<p>&#8222;Bettersize Instruments Ltd.&#8221; BeVision S1 statinio vaizdo analizatorius BeVision S1 jungia \u0161viesiosios mikroskopijos ir vaizdo analiz\u0117s metodus, suteikianti ai\u0161kius ir tikslus milteli\u0173 ar suspensij\u0173 dyd\u017eio ir formos pasiskirstymus. Su did\u017eiuoju 100x tikslumu BeVision S1 galima efektyviai analizuoti ir u\u017efiksuoti net 1\u03bcm daleles. Savyb\u0117s ir privalumai: Matavimo diapazonas: nuo 1 iki 3,000 \u00b5m 24 skirtingi daleli\u0173 [&hellip;]<\/p>\n","protected":false},"featured_media":17592,"template":"","meta":[],"product_cat":[82,76,101],"product_tag":[565,585,586],"class_list":{"0":"post-17588","1":"product","2":"type-product","3":"status-publish","4":"has-post-thumbnail","6":"product_brand-bettersize-instruments-ltd","7":"product_cat-analitine-iranga","8":"product_cat-laboratorine-iranga","9":"product_cat-medziagu-savybiu-nustatymo-prietaisai","10":"product_tag-bettersize-instruments-ltd","11":"product_tag-static-image-analyzers","12":"product_tag-statinio-vaizdo-analizatoriai","14":"first","15":"onbackorder","16":"shipping-taxable","17":"purchasable","18":"product-type-simple"},"_links":{"self":[{"href":"https:\/\/labostera.lt\/en\/wp-json\/wp\/v2\/product\/17588","targetHints":{"allow":["GET"]}}],"collection":[{"href":"https:\/\/labostera.lt\/en\/wp-json\/wp\/v2\/product"}],"about":[{"href":"https:\/\/labostera.lt\/en\/wp-json\/wp\/v2\/types\/product"}],"wp:featuredmedia":[{"embeddable":true,"href":"https:\/\/labostera.lt\/en\/wp-json\/wp\/v2\/media\/17592"}],"wp:attachment":[{"href":"https:\/\/labostera.lt\/en\/wp-json\/wp\/v2\/media?parent=17588"}],"wp:term":[{"taxonomy":"product_cat","embeddable":true,"href":"https:\/\/labostera.lt\/en\/wp-json\/wp\/v2\/product_cat?post=17588"},{"taxonomy":"product_tag","embeddable":true,"href":"https:\/\/labostera.lt\/en\/wp-json\/wp\/v2\/product_tag?post=17588"}],"curies":[{"name":"wp","href":"https:\/\/api.w.org\/{rel}","templated":true}]}}