{"id":17584,"date":"2024-01-11T09:44:29","date_gmt":"2024-01-11T09:44:29","guid":{"rendered":"http:\/\/labostera.lt\/?post_type=product&#038;p=17584"},"modified":"2024-01-23T17:47:15","modified_gmt":"2024-01-23T15:47:15","slug":"automatinis-biriu-medziagu-charakteristikos-analizatorius-bettersize-instruments-powderpro-a1-automatic-powder-characteristic-analyzer","status":"publish","type":"product","link":"https:\/\/labostera.lt\/en\/priemones-ir-iranga\/laboratorine-iranga\/analitine-iranga\/medziagu-savybiu-nustatymo-prietaisai\/automatinis-biriu-medziagu-charakteristikos-analizatorius-bettersize-instruments-powderpro-a1-automatic-powder-characteristic-analyzer\/","title":{"rendered":"Bettersize Instruments PowderPro A1 Automatic Powder Characteristic Analyzer"},"content":{"rendered":"<h2><strong>Bettersize Instruments Ltd. PowderPro A1 Automatic Bulk Material Characterization Analyzer<\/strong><\/h2>\n<p>PowderPro A1 powder property tester integrates a variety of cutting-edge technologies, such as intelligent control via Wi-Fi, image processing technology and 3D electromagnetic vibration technology. It can measure the physical properties of powders in a fast, simple and accurate way. As a smart powder property tester, it is an indispensable tool for understanding and researching powder materials.<\/p>\n<ul>\n<li style=\"list-style-type: none;\"><strong>Features and benefits:<\/strong>\n<ul>\n<li>Compact design<\/li>\n<li>Multi-criteria management<\/li>\n<li>Convenient data output<\/li>\n<li>Smart data transfer<\/li>\n<li>Automated control and video technology<\/li>\n<\/ul>\n<\/li>\n<\/ul>\n<ul>\n<li style=\"list-style-type: none;\"><strong>PowderPro A1 Tester Features and Benefits:<\/strong>\n<ol>\n<li><strong>Parameters measured and calculated:<\/strong><br \/>\nAutomatically measures angle, landing angle, spatula angle, grain and texture density, dispersion, etc. Calculates angle of divergence, compression, uniformity, etc.<\/li>\n<li><strong>Measuring angles using the image method:<\/strong><br \/>\nPhotographic high-resolution CCD technology provides precise angle measurements.<\/li>\n<li><strong>Patented tilt vibration technology:<\/strong><br \/>\nEnsures smoothness of the powder surface and increases measurement accuracy.<\/li>\n<li><strong>Automated control technology:<\/strong><br \/>\nFully automatic control via PC or mobile device ensures ease of use and reliable results.<\/li>\n<li><strong>Compliance:<\/strong><br \/>\nASTM D6393-08\/D6393-14, ISO 3953:1993, USP32-NF27&lt;616&gt;, EP7.0 07\/2010:20934E.<\/li>\n<li><strong>Data communication:<\/strong><br \/>\nThe electronic scale automatically transmits weight data to the system.<\/li>\n<li><strong>Advanced technologies for density have become:<\/strong><br \/>\nVariable frequency and tilt vibration ensure consistent density, improving measurement accuracy.<\/li>\n<li><strong>Measurements:<\/strong>\n<ul>\n<li>Direction angle<br \/>\n<img fetchpriority=\"high\" decoding=\"async\" width=\"600\" height=\"131\" class=\"aligncenter size-medium wp-image-17585\" src=\"http:\/\/labostera.lt\/wp-content\/uploads\/2024\/01\/measure_angle_of_repose.jpg\" alt=\"Measure Angle of Repose\" srcset=\"https:\/\/labostera.lt\/wp-content\/uploads\/2024\/01\/measure_angle_of_repose.jpg 600w, https:\/\/labostera.lt\/wp-content\/uploads\/2024\/01\/measure_angle_of_repose-570x124.jpg 570w, https:\/\/labostera.lt\/wp-content\/uploads\/2024\/01\/measure_angle_of_repose-300x66.jpg 300w\" sizes=\"(max-width: 600px) 100vw, 600px\" \/><\/li>\n<li>Bulk and Compressed Bulk Density<br \/>\n<img decoding=\"async\" width=\"600\" height=\"285\" class=\"aligncenter size-medium wp-image-17586\" src=\"http:\/\/labostera.lt\/wp-content\/uploads\/2024\/01\/measure_bulk_density_and_tapped_density.jpg\" alt=\"Measure Bulk Density and Tapped Density\" srcset=\"https:\/\/labostera.lt\/wp-content\/uploads\/2024\/01\/measure_bulk_density_and_tapped_density.jpg 600w, https:\/\/labostera.lt\/wp-content\/uploads\/2024\/01\/measure_bulk_density_and_tapped_density-570x271.jpg 570w, https:\/\/labostera.lt\/wp-content\/uploads\/2024\/01\/measure_bulk_density_and_tapped_density-300x143.jpg 300w\" sizes=\"(max-width: 600px) 100vw, 600px\" \/><\/li>\n<\/ul>\n<\/li>\n<\/ol>\n<\/li>\n<\/ul>\n<h3>Analyzers \u2013 <a href=\"http:\/\/labostera.lt\/en\/product-brand\/bettersize-instruments-ltd\/\" target=\"_blank\" rel=\"noopener\">Bettersize<\/a><\/h3>\n<p>More information: <a href=\"https:\/\/www.bettersizeinstruments.com\/products\/powderpro-a1-powder-characterization\/\" target=\"_blank\" rel=\"noopener nofollow\">on the manufacturer&#039;s website<\/a> or send us an inquiry!<\/p>","protected":false},"excerpt":{"rendered":"<p>&#8222;Bettersize Instruments Ltd.&#8221; PowderPro A1 automatinio biri\u0173 med\u017eiag\u0173 charakteristikos analizatorius Pulverio savyb\u0117s testeris PowderPro A1 integruoja daugyb\u0119 naujausi\u0173 technologij\u0173, tokias kaip i\u0161manusis valdymas per Wi-Fi, vaizdo apdorojimo technologija ir 3D elektromagnetin\u0117 vibracijos technologij\u0105. Jis gali matuoti milteli\u0173 fizikines savybes greitu, paprastu ir tiksliu b\u016bdu. Kaip i\u0161manusis pulverio savybi\u0173 testeris, tai yra b\u016btinas \u012frankis, padedantis suprasti [&hellip;]<\/p>\n","protected":false},"featured_media":17587,"template":"","meta":[],"product_cat":[82,76,101],"product_tag":[565,582,581,578,579],"class_list":{"0":"post-17584","1":"product","2":"type-product","3":"status-publish","4":"has-post-thumbnail","6":"product_brand-bettersize-instruments-ltd","7":"product_cat-analitine-iranga","8":"product_cat-laboratorine-iranga","9":"product_cat-medziagu-savybiu-nustatymo-prietaisai","10":"product_tag-bettersize-instruments-ltd","11":"product_tag-bulk-density-analyzers","12":"product_tag-piltines-birios-medziagos-tankio-analizatoriai","13":"product_tag-suspaustos-birios-medziagos-tankio-analizatoriai","14":"product_tag-tap-density-analyzers","16":"first","17":"onbackorder","18":"shipping-taxable","19":"purchasable","20":"product-type-simple"},"_links":{"self":[{"href":"https:\/\/labostera.lt\/en\/wp-json\/wp\/v2\/product\/17584","targetHints":{"allow":["GET"]}}],"collection":[{"href":"https:\/\/labostera.lt\/en\/wp-json\/wp\/v2\/product"}],"about":[{"href":"https:\/\/labostera.lt\/en\/wp-json\/wp\/v2\/types\/product"}],"wp:featuredmedia":[{"embeddable":true,"href":"https:\/\/labostera.lt\/en\/wp-json\/wp\/v2\/media\/17587"}],"wp:attachment":[{"href":"https:\/\/labostera.lt\/en\/wp-json\/wp\/v2\/media?parent=17584"}],"wp:term":[{"taxonomy":"product_cat","embeddable":true,"href":"https:\/\/labostera.lt\/en\/wp-json\/wp\/v2\/product_cat?post=17584"},{"taxonomy":"product_tag","embeddable":true,"href":"https:\/\/labostera.lt\/en\/wp-json\/wp\/v2\/product_tag?post=17584"}],"curies":[{"name":"wp","href":"https:\/\/api.w.org\/{rel}","templated":true}]}}