{"id":17564,"date":"2024-01-10T14:23:43","date_gmt":"2024-01-10T14:23:43","guid":{"rendered":"http:\/\/labostera.lt\/?post_type=product&#038;p=17564"},"modified":"2024-01-23T17:42:29","modified_gmt":"2024-01-23T15:42:29","slug":"piltines-birios-medziagos-tankio-ir-srauto-greicio-analizatorius-bettersize-instruments-hflow-1-bulk-density-and-flow-rate-analyzer","status":"publish","type":"product","link":"https:\/\/labostera.lt\/en\/priemones-ir-iranga\/laboratorine-iranga\/analitine-iranga\/medziagu-savybiu-nustatymo-prietaisai\/piltines-birios-medziagos-tankio-ir-srauto-greicio-analizatorius-bettersize-instruments-hflow-1-bulk-density-and-flow-rate-analyzer\/","title":{"rendered":"Bettersize Instruments HFlow 1 Bulk Density and Flow Rate Analyzer"},"content":{"rendered":"<h2><strong>Bettersize Instruments Ltd. HFlow 1 Bulk Density and Flow Rate Analyzer<\/strong><\/h2>\n<p>The HFlow 1 Flow Rate Analyzer is a reliable and accurate instrument for measuring bulk density and flow rate in pharmaceutical and metal powders. It allows the sample to flow through a conventional Hall funnel, Carney funnel or Gustavsson funnel, providing accurate and reliable powder flow measurements. Compliant with USP, Ph. Eur., ASTM and ISO standards, it is ideal for use in laboratories and manufacturing plants that handle pharmaceutical and metal powders.<\/p>\n<ul>\n<li style=\"list-style-type: none;\"><strong>Features and benefits:<\/strong>\n<ul>\n<li>Measurement: Bulk density and flow rate of bulk material<\/li>\n<li>Technology: Flow velocity measuring funnel<\/li>\n<li>Three types of funnels: Hall (2.5 mm opening), Carney (5 mm opening) and Gustavsson (2.5 mm opening).<\/li>\n<\/ul>\n<\/li>\n<\/ul>\n<ol>\n<li><strong>Measurement: Bulk Density and Flow Rate<\/strong><br \/>\nThe HFlow 1 measures both bulk density and flow rate in pharmaceutical and metal powders, offering a choice of three standard funnels \u2013 Hall, Carney and Gustavsson. Compliant with USP, Ph. Eur., ASTM and ISO standards, it is adaptable to a wide range of applications, allowing customers to choose the one that best suits their measurement requirements.<\/li>\n<li><strong>Measurement Procedure<\/strong>\n<ul>\n<li>Bulk density of bulk material <img fetchpriority=\"high\" decoding=\"async\" width=\"1000\" height=\"350\" class=\"size-medium wp-image-17576 aligncenter\" src=\"http:\/\/labostera.lt\/wp-content\/uploads\/2024\/01\/bulk_density_measurement_procedure.jpg\" alt=\"Bulk Density Measurement Procedure\" srcset=\"https:\/\/labostera.lt\/wp-content\/uploads\/2024\/01\/bulk_density_measurement_procedure.jpg 1000w, https:\/\/labostera.lt\/wp-content\/uploads\/2024\/01\/bulk_density_measurement_procedure-570x200.jpg 570w, https:\/\/labostera.lt\/wp-content\/uploads\/2024\/01\/bulk_density_measurement_procedure-600x210.jpg 600w, https:\/\/labostera.lt\/wp-content\/uploads\/2024\/01\/bulk_density_measurement_procedure-300x105.jpg 300w, https:\/\/labostera.lt\/wp-content\/uploads\/2024\/01\/bulk_density_measurement_procedure-768x269.jpg 768w\" sizes=\"(max-width: 1000px) 100vw, 1000px\" \/><\/li>\n<li>Flow rate <img decoding=\"async\" width=\"1000\" height=\"360\" class=\"size-medium wp-image-17577 aligncenter\" src=\"http:\/\/labostera.lt\/wp-content\/uploads\/2024\/01\/flow_rate_measurement_procedure.jpg\" alt=\"Flow Rate Measurement Procedure\" srcset=\"https:\/\/labostera.lt\/wp-content\/uploads\/2024\/01\/flow_rate_measurement_procedure.jpg 1000w, https:\/\/labostera.lt\/wp-content\/uploads\/2024\/01\/flow_rate_measurement_procedure-570x205.jpg 570w, https:\/\/labostera.lt\/wp-content\/uploads\/2024\/01\/flow_rate_measurement_procedure-600x216.jpg 600w, https:\/\/labostera.lt\/wp-content\/uploads\/2024\/01\/flow_rate_measurement_procedure-300x108.jpg 300w, https:\/\/labostera.lt\/wp-content\/uploads\/2024\/01\/flow_rate_measurement_procedure-768x276.jpg 768w\" sizes=\"(max-width: 1000px) 100vw, 1000px\" \/><\/li>\n<\/ul>\n<\/li>\n<li><strong>Application Example<\/strong><br \/>\nAnalyzing the bulk density and flow rate of various metal powders used in additive manufacturing (AM).<br \/>\nHFlow 1 with Hall, Carney and Gustavsson funnels with different openings and angles can be used to test the bulk density and flow rate of various metal AM powders, assessing their compressibility.<\/li>\n<li><strong>Compatibility<\/strong><br \/>\nThe combination of the Bettersizer 2600 laser diffraction analyzer and HFlow 1 helps maintain the particle size distribution and flow properties of AM powders.<br \/>\nDuring the feed preparation process, small particles tend to agglomerate, which can impair the powder bed bonding processes. Agglomerates will impede powder flow by increasing interparticle friction.<\/li>\n<\/ol>\n<h3>Analyzers \u2013 <a href=\"http:\/\/labostera.lt\/en\/product-brand\/bettersize-instruments-ltd\/\" target=\"_blank\" rel=\"noopener\">Bettersize<\/a><\/h3>\n<p>More information: <a href=\"https:\/\/www.bettersizeinstruments.com\/products\/hflow-1-metal-powder-flowability-tester\/\" target=\"_blank\" rel=\"noopener nofollow\">on the manufacturer&#039;s website<\/a> or send us an inquiry!<\/p>","protected":false},"excerpt":{"rendered":"<p>&#8222;Bettersize Instruments Ltd.&#8221; HFlow 1 piltin\u0117s birios med\u017eiagos tankio ir srauto grei\u010dio analizatorius HFlow 1 srauto grei\u010dio matavimo analizatorius yra patikimas ir tikslus prietaisas, skirtas matuoti biri\u0173 med\u017eiag\u0173 piltin\u012f tank\u012f ir srauto greit\u012f farmaciniuose ir metaliniuose milteliuose. Jis leid\u017eia m\u0117giniui tek\u0117ti per \u012fprast\u0105 Hall piltuv\u0117l\u012f, Carney piltuv\u0117l\u012f arba Gustavsson piltuv\u0117l\u012f, suteikdamas tikslius ir patikimus milteli\u0173 [&hellip;]<\/p>\n","protected":false},"featured_media":17578,"template":"","meta":[],"product_cat":[82,76,101],"product_tag":[565,582,583,581,584],"class_list":{"0":"post-17564","1":"product","2":"type-product","3":"status-publish","4":"has-post-thumbnail","6":"product_brand-bettersize-instruments-ltd","7":"product_cat-analitine-iranga","8":"product_cat-laboratorine-iranga","9":"product_cat-medziagu-savybiu-nustatymo-prietaisai","10":"product_tag-bettersize-instruments-ltd","11":"product_tag-bulk-density-analyzers","12":"product_tag-flow-rate-analyzers","13":"product_tag-piltines-birios-medziagos-tankio-analizatoriai","14":"product_tag-srauto-greicio-analizatoriai","16":"first","17":"onbackorder","18":"shipping-taxable","19":"purchasable","20":"product-type-simple"},"_links":{"self":[{"href":"https:\/\/labostera.lt\/en\/wp-json\/wp\/v2\/product\/17564","targetHints":{"allow":["GET"]}}],"collection":[{"href":"https:\/\/labostera.lt\/en\/wp-json\/wp\/v2\/product"}],"about":[{"href":"https:\/\/labostera.lt\/en\/wp-json\/wp\/v2\/types\/product"}],"wp:featuredmedia":[{"embeddable":true,"href":"https:\/\/labostera.lt\/en\/wp-json\/wp\/v2\/media\/17578"}],"wp:attachment":[{"href":"https:\/\/labostera.lt\/en\/wp-json\/wp\/v2\/media?parent=17564"}],"wp:term":[{"taxonomy":"product_cat","embeddable":true,"href":"https:\/\/labostera.lt\/en\/wp-json\/wp\/v2\/product_cat?post=17564"},{"taxonomy":"product_tag","embeddable":true,"href":"https:\/\/labostera.lt\/en\/wp-json\/wp\/v2\/product_tag?post=17564"}],"curies":[{"name":"wp","href":"https:\/\/api.w.org\/{rel}","templated":true}]}}