{"id":17555,"date":"2024-01-10T13:34:50","date_gmt":"2024-01-10T13:34:50","guid":{"rendered":"http:\/\/labostera.lt\/?post_type=product&#038;p=17555"},"modified":"2024-01-23T17:34:55","modified_gmt":"2024-01-23T15:34:55","slug":"piltines-birios-medziagos-tankio-analizatorius-bettersize-instruments-bedensi-b-series-bulk-density-analyzer","status":"publish","type":"product","link":"https:\/\/labostera.lt\/en\/priemones-ir-iranga\/laboratorine-iranga\/analitine-iranga\/medziagu-savybiu-nustatymo-prietaisai\/piltines-birios-medziagos-tankio-analizatorius-bettersize-instruments-bedensi-b-series-bulk-density-analyzer\/","title":{"rendered":"Bulk Density Analyzer Bettersize Instruments BeDensi B Series Bulk Density Analyzer"},"content":{"rendered":"<h2><strong>Bettersize Instruments Ltd. BeDensi B Series Bulk Density Analyzer<\/strong><\/h2>\n<ol>\n<li><strong>BeDensi B1 \u2013 bulk density meter<\/strong><br \/>\nBeDensi B1 is a specialized density meter for evaluating the density of samples other than metal powders. Using the natural sedimentation method, it complies with GB\/T 16913-4.3 standards and is used in the fields of food, industrial chemistry, energy battery powder, scientific research institutes and quality control organizations.<\/p>\n<ul>\n<li style=\"list-style-type: none;\"><strong>Features and Benefits:<\/strong>\n<ul>\n<li>Measurement: Density<\/li>\n<li>Test sample: Except metal powder<\/li>\n<li>Technology: Natural precipitation method<\/li>\n<\/ul>\n<\/li>\n<\/ul>\n<ul>\n<li><strong>Sample Preparation:<\/strong> Dry at 105\u00b0C for 4 hours, pass through 80 mesh to remove impurities<\/li>\n<li><strong>Measurement Procedure:<\/strong> Bulk Density with three consecutive tests, average of results<br \/>\n<img fetchpriority=\"high\" decoding=\"async\" width=\"900\" height=\"324\" class=\"aligncenter size-medium wp-image-17580\" src=\"http:\/\/labostera.lt\/wp-content\/uploads\/2024\/01\/bulk_density_measurement_of_bedensi_b1_bulk_density_tester.jpg\" alt=\"Bulk Density Measurement of BeDensi B1 Bulk Density Tester\" srcset=\"https:\/\/labostera.lt\/wp-content\/uploads\/2024\/01\/bulk_density_measurement_of_bedensi_b1_bulk_density_tester.jpg 900w, https:\/\/labostera.lt\/wp-content\/uploads\/2024\/01\/bulk_density_measurement_of_bedensi_b1_bulk_density_tester-570x205.jpg 570w, https:\/\/labostera.lt\/wp-content\/uploads\/2024\/01\/bulk_density_measurement_of_bedensi_b1_bulk_density_tester-600x216.jpg 600w, https:\/\/labostera.lt\/wp-content\/uploads\/2024\/01\/bulk_density_measurement_of_bedensi_b1_bulk_density_tester-300x108.jpg 300w, https:\/\/labostera.lt\/wp-content\/uploads\/2024\/01\/bulk_density_measurement_of_bedensi_b1_bulk_density_tester-768x276.jpg 768w\" sizes=\"(max-width: 900px) 100vw, 900px\" \/><\/li>\n<\/ul>\n<\/li>\n<li><strong>BeDensi B1-S - Scott Volumemeter<\/strong><br \/>\nThe BeDensi B1-S is a Scott volimeter for measuring the density of metal powders and granular materials. With a compact and durable design, the B1-S is ideal for laboratories and factories, allowing the evaluation of powder flow and packing properties. It is recommended for use in various pharmacopoeias, including USP and Ph. Eur. standards.<\/p>\n<ul>\n<li style=\"list-style-type: none;\"><strong>Features and Benefits:<\/strong>\n<ul>\n<li>Measurement: Density<\/li>\n<li>Technology: Scott Volimeter<\/li>\n<\/ul>\n<\/li>\n<\/ul>\n<ul>\n<li><strong>Principle:<\/strong> The powder enters the sieve of the top-mounted discharge and slides naturally or by external force into the collection box. It travels through four glass plates inclined at an angle of 25\u00b0 and the square discharge of the discharge box, finally entering the cylindrical cups with a volume of 25 ml, maintaining a loose state. The mass of the powder in the cylindrical cup is weighed to determine the density of the powder.<\/li>\n<li><strong>Measurement Procedure:<\/strong> Bulk Density with three consecutive tests, average of results<br \/>\n<img decoding=\"async\" width=\"900\" height=\"365\" class=\"aligncenter size-medium wp-image-17579\" src=\"http:\/\/labostera.lt\/wp-content\/uploads\/2024\/01\/bulk_density_measurement_procedure_ofbedensi_b1_s_scott_volumeter.jpg\" alt=\"Bulk Density Measurement Procedure of BeDensi B1 S Scott Volumeter\" srcset=\"https:\/\/labostera.lt\/wp-content\/uploads\/2024\/01\/bulk_density_measurement_procedure_ofbedensi_b1_s_scott_volumeter.jpg 900w, https:\/\/labostera.lt\/wp-content\/uploads\/2024\/01\/bulk_density_measurement_procedure_ofbedensi_b1_s_scott_volumeter-570x231.jpg 570w, https:\/\/labostera.lt\/wp-content\/uploads\/2024\/01\/bulk_density_measurement_procedure_ofbedensi_b1_s_scott_volumeter-600x243.jpg 600w, https:\/\/labostera.lt\/wp-content\/uploads\/2024\/01\/bulk_density_measurement_procedure_ofbedensi_b1_s_scott_volumeter-300x122.jpg 300w, https:\/\/labostera.lt\/wp-content\/uploads\/2024\/01\/bulk_density_measurement_procedure_ofbedensi_b1_s_scott_volumeter-768x311.jpg 768w\" sizes=\"(max-width: 900px) 100vw, 900px\" \/><\/li>\n<li><strong>Compatibility:<\/strong> The collaboration between the Bettersizer ST laser diffraction analyzer and the BeDensi B1-S is investigating the relationship between particle size and density in the case of alloy materials.<\/li>\n<\/ul>\n<\/li>\n<\/ol>\n<h3>Analyzers \u2013 <a href=\"http:\/\/labostera.lt\/en\/product-brand\/bettersize-instruments-ltd\/\" target=\"_blank\" rel=\"noopener\">Bettersize<\/a><\/h3>\n<p>More information: <a href=\"https:\/\/www.bettersizeinstruments.com\/products\/by-series\/bedensi\/\" target=\"_blank\" rel=\"noopener nofollow\">on the manufacturer&#039;s website<\/a> or send us an inquiry!<\/p>","protected":false},"excerpt":{"rendered":"<p>&#8222;Bettersize Instruments Ltd.&#8221; BeDensi B Series piltin\u0117s birios med\u017eiagos tankio analizatorius BeDensi B1 &#8211; piltin\u0117s birios med\u017eiagos tankio matuoklis BeDensi B1 yra specializuotas tankio matuoklis, skirtas vertinti m\u0117gini\u0173 tank\u012f, i\u0161skyrus metalinius miltelius. Naudodamas nat\u016bral\u0173 nusodinimo metod\u0105, jis laikosi GB\/T 16913-4.3 standart\u0173 ir naudojamas maisto, pramon\u0117s chemijos, energijos baterij\u0173 milteli\u0173, mokslini\u0173 tyrim\u0173 institut\u0173 ir kokyb\u0117s kontrol\u0117s [&hellip;]<\/p>\n","protected":false},"featured_media":17559,"template":"","meta":[],"product_cat":[82,76,101],"product_tag":[565,582,581],"class_list":{"0":"post-17555","1":"product","2":"type-product","3":"status-publish","4":"has-post-thumbnail","6":"product_brand-bettersize-instruments-ltd","7":"product_cat-analitine-iranga","8":"product_cat-laboratorine-iranga","9":"product_cat-medziagu-savybiu-nustatymo-prietaisai","10":"product_tag-bettersize-instruments-ltd","11":"product_tag-bulk-density-analyzers","12":"product_tag-piltines-birios-medziagos-tankio-analizatoriai","14":"first","15":"onbackorder","16":"shipping-taxable","17":"purchasable","18":"product-type-variable"},"_links":{"self":[{"href":"https:\/\/labostera.lt\/en\/wp-json\/wp\/v2\/product\/17555","targetHints":{"allow":["GET"]}}],"collection":[{"href":"https:\/\/labostera.lt\/en\/wp-json\/wp\/v2\/product"}],"about":[{"href":"https:\/\/labostera.lt\/en\/wp-json\/wp\/v2\/types\/product"}],"wp:featuredmedia":[{"embeddable":true,"href":"https:\/\/labostera.lt\/en\/wp-json\/wp\/v2\/media\/17559"}],"wp:attachment":[{"href":"https:\/\/labostera.lt\/en\/wp-json\/wp\/v2\/media?parent=17555"}],"wp:term":[{"taxonomy":"product_cat","embeddable":true,"href":"https:\/\/labostera.lt\/en\/wp-json\/wp\/v2\/product_cat?post=17555"},{"taxonomy":"product_tag","embeddable":true,"href":"https:\/\/labostera.lt\/en\/wp-json\/wp\/v2\/product_tag?post=17555"}],"curies":[{"name":"wp","href":"https:\/\/api.w.org\/{rel}","templated":true}]}}