{"id":17547,"date":"2024-01-10T11:38:18","date_gmt":"2024-01-10T11:38:18","guid":{"rendered":"http:\/\/labostera.lt\/?post_type=product&#038;p=17547"},"modified":"2024-01-23T17:35:44","modified_gmt":"2024-01-23T15:35:44","slug":"suspaustos-birios-medziagos-tankio-analizatorius-bettersize-instruments-bedensi-t-pro-series-tap-density-analyzer","status":"publish","type":"product","link":"https:\/\/labostera.lt\/en\/priemones-ir-iranga\/laboratorine-iranga\/analitine-iranga\/medziagu-savybiu-nustatymo-prietaisai\/suspaustos-birios-medziagos-tankio-analizatorius-bettersize-instruments-bedensi-t-pro-series-tap-density-analyzer\/","title":{"rendered":"Compacted Bulk Density Analyzer Bettersize Instruments BeDensi T Pro Series Tap Density Analyzer"},"content":{"rendered":"<h2><strong>\u201eBettersize Instruments Ltd. BeDensi T Pro Series Compressed Bulk Density Analyzer<\/strong><\/h2>\n<p>The BeDensi T Pro Series is a reliable compacted density meter developed by Bettersize. It features intuitive operation and complies with USP (USP&lt;616&gt;), EP (EP2.9.34), ASTM and ISO standards. It can measure bulk density and compacted density with a repeatability of 1.0%, helping you understand the flow of various bulk materials.<\/p>\n<ol>\n<li><strong>COMPLIANCE<\/strong><br \/>\nThe BeDensi T Pro Series supports 25, 100 and 250 ml cylinders, 3 mm or 14 mm drop heights and 100-300 drops\/min speeds, meeting various industry standards.<\/p>\n<ul style=\"list-style-type: none;\">\n<li><strong>USP and EP Methods II<\/strong>\n<ul>\n<li>Drop Height \/ Speed: 3 mm \/ 100-300 drops min\u22121<\/li>\n<li>Cylinder: 25 or 100 or 250 ml<\/li>\n<\/ul>\n<\/li>\n<li><strong>USP and EP Methods I<\/strong>\n<ul>\n<li>Drop Height \/ Speed: 3 mm \/ 250 drops min\u22121<\/li>\n<li>Cylinder: 25 or 100 or 250 ml<\/li>\n<\/ul>\n<\/li>\n<li><strong>ASTM<\/strong>\n<ul>\n<li>Drop Height\/Speed: 3 mm or 14 mm; 100-300 drops min\u22121<\/li>\n<li>Cylinder: 25 or 100 or 250 ml<\/li>\n<\/ul>\n<\/li>\n<li><strong>ISO<\/strong>\n<ul>\n<li>Drop Height \/ Speed: 3 mm \/ 250 drops min\u22121 ; 14 mm \/ 300 drops min\u22121<\/li>\n<li>Cylinder: 250 or 100 ml<\/li>\n<\/ul>\n<\/li>\n<li><strong>User Defined<\/strong>\n<ul>\n<li>Drop Height \/ Speed: 3 mm \/ 250 drops min\u22121<\/li>\n<li>Cylinder: 250 or 100 ml<\/li>\n<\/ul>\n<\/li>\n<\/ul>\n<\/li>\n<li><strong>STANDARDIZED MEASUREMENT PROCEDURES<\/strong>\n<ol>\n<li><strong>Select Cylinder Size<\/strong><br \/>\nDepending on the type and density of your samples, you should choose the appropriate cylinder size. (25 ml, 100 ml and 250 ml are available). Place the cylinder on the support and lock it with the holder.<\/li>\n<li><strong>Set Test Conditions<\/strong><br \/>\nEnter the number of drops and the speed. Number of drops: 1-99999 Speed: 100 \u2013 300 drops\/min Example: The number of drops is 10, 500 and 1250 and the speed is 250 drops\/min (drop height 3 mm), according to USP and EP.<\/li>\n<li><strong>Weight Sample<\/strong><br \/>\nFilter the sample through a 1.0 mm sieve. Weigh the sample in grams and pour it carefully into the cylinder. Then start the test.<\/li>\n<li><strong>Scan Volume<\/strong><br \/>\nThe average value is obtained from three readings.<\/li>\n<li><strong>Print Report<\/strong><br \/>\nEnter the weight and compressed volume values, the BeDensi T Pro Series will automatically calculate the compressed density value and print a report by pressing the print button. The results can be used to calculate the Hausner Ratio (HR) and Compressibility Index (CI), and further evaluate your sample flow.<\/li>\n<\/ol>\n<\/li>\n<\/ol>\n<h3>Analyzers \u2013 <a href=\"http:\/\/labostera.lt\/en\/product-brand\/bettersize-instruments-ltd\/\" target=\"_blank\" rel=\"noopener\">Bettersize<\/a><\/h3>\n<p>More information: <a href=\"https:\/\/www.bettersizeinstruments.com\/products\/bedensi-t-series-tapped-density-meter\/\" target=\"_blank\" rel=\"noopener nofollow\">on the manufacturer&#039;s website<\/a> or send us an inquiry!<\/p>","protected":false},"excerpt":{"rendered":"<p>&#8222;Bettersize Instruments Ltd.&#8221; BeDensi T Pro Series suspaustos birios med\u017eiagos tankio analizatorius BeDensi T Pro Serija yra patikimas suspausto tankio matuoklis, sukurtas \u201eBettersize\u201c. Jis i\u0161siskiria intuityviu veikimu, laikantis USP (USP&lt;616&gt;), EP (EP2.9.34), ASTM ir ISO standart\u0173. Jis gali matuoti biri\u0173 med\u017eiag\u0173 tank\u012f ir suspaudimo tank\u012f su 1,0% pakartojamumu, padedant suprasti \u012fvairi\u0173 biri\u0173 med\u017eiag\u0173 sraut\u0105. ATITIKTIS [&hellip;]<\/p>\n","protected":false},"featured_media":17549,"template":"","meta":[],"product_cat":[82,76,101],"product_tag":[565,578,579],"class_list":{"0":"post-17547","1":"product","2":"type-product","3":"status-publish","4":"has-post-thumbnail","6":"product_brand-bettersize-instruments-ltd","7":"product_cat-analitine-iranga","8":"product_cat-laboratorine-iranga","9":"product_cat-medziagu-savybiu-nustatymo-prietaisai","10":"product_tag-bettersize-instruments-ltd","11":"product_tag-suspaustos-birios-medziagos-tankio-analizatoriai","12":"product_tag-tap-density-analyzers","14":"first","15":"onbackorder","16":"shipping-taxable","17":"purchasable","18":"product-type-variable"},"_links":{"self":[{"href":"https:\/\/labostera.lt\/en\/wp-json\/wp\/v2\/product\/17547","targetHints":{"allow":["GET"]}}],"collection":[{"href":"https:\/\/labostera.lt\/en\/wp-json\/wp\/v2\/product"}],"about":[{"href":"https:\/\/labostera.lt\/en\/wp-json\/wp\/v2\/types\/product"}],"wp:featuredmedia":[{"embeddable":true,"href":"https:\/\/labostera.lt\/en\/wp-json\/wp\/v2\/media\/17549"}],"wp:attachment":[{"href":"https:\/\/labostera.lt\/en\/wp-json\/wp\/v2\/media?parent=17547"}],"wp:term":[{"taxonomy":"product_cat","embeddable":true,"href":"https:\/\/labostera.lt\/en\/wp-json\/wp\/v2\/product_cat?post=17547"},{"taxonomy":"product_tag","embeddable":true,"href":"https:\/\/labostera.lt\/en\/wp-json\/wp\/v2\/product_tag?post=17547"}],"curies":[{"name":"wp","href":"https:\/\/api.w.org\/{rel}","templated":true}]}}