{"id":17536,"date":"2024-01-10T08:29:23","date_gmt":"2024-01-10T08:29:23","guid":{"rendered":"http:\/\/labostera.lt\/?post_type=product&#038;p=17536"},"modified":"2024-01-23T17:13:33","modified_gmt":"2024-01-23T15:13:33","slug":"lazerinis-difrakcijos-daleliu-dydzio-analizatorius-bettersize-instruments-bettersizer-st-laser-diffraction-particle-size-analyzer","status":"publish","type":"product","link":"https:\/\/labostera.lt\/en\/priemones-ir-iranga\/laboratorine-iranga\/analitine-iranga\/medziagu-savybiu-nustatymo-prietaisai\/lazerinis-difrakcijos-daleliu-dydzio-analizatorius-bettersize-instruments-bettersizer-st-laser-diffraction-particle-size-analyzer\/","title":{"rendered":"Laser Diffraction Particle Size Analyzer Bettersize Instruments Bettersizer ST Laser Diffraction Particle Size Analyzer"},"content":{"rendered":"<h2><strong>Bettersize Instruments Ltd. Bettersizer ST Laser Diffraction Particle Size Analyzer<\/strong><\/h2>\n<p>The Bettersizer ST is an automated laser diffraction particle size analyzer for industrial quality control purposes. Its patented DLOS (Dual Lens Optical System) ensures that the instrument provides consistent and reliable particle size distribution results. SOP (Standard Operating Procedure) and automated analysis procedures are designed to save you valuable time for quality control purposes. Skip the complicated steps with the Bettersizer ST: just click \u201cStart\u201d, add a sample and the Bettersizer ST will provide you with a particle size distribution analysis.<\/p>\n<ol style=\"list-style-type: upper-roman;\">\n<li><strong>INNOVATIVE DLOS TECHNOLOGY<\/strong><br \/>\nDLOS (Dual Lens Optical System) is a patented optical system designed by Bettersize Instruments. DLOS uses a single laser source and two large Fourier lenses, while wide-angle forward, side and back photodetectors ensure consistent and accurate results, with a measurement range from 0.1 to 1000 \u03bcm.<\/p>\n<ul>\n<li style=\"list-style-type: none;\"><strong>Features<\/strong>\n<ul>\n<li>High resolution and accuracy ensured by two large Fourier lenses<\/li>\n<li>Extended measurement range with 86 high-speed photodetectors<\/li>\n<li>Compact design that eliminates the need for bendable optics<\/li>\n<li>Coherent laser source provides a continuous scattering spectrum with consistent wavelengths<\/li>\n<\/ul>\n<\/li>\n<\/ul>\n<ul>\n<li style=\"list-style-type: none;\"><strong>Advantages<\/strong>\n<ul>\n<li>Measuring range: 0.1 \u2013 1000 \u03bcm<\/li>\n<li>Avoiding deviations from the line<\/li>\n<li>DLOS compact design eliminates bending optics that are prone to line aberrations<\/li>\n<li>The use of a single laser source ensures reliable results and efficiency<\/li>\n<\/ul>\n<\/li>\n<\/ul>\n<\/li>\n<li><strong>EXCELLENT REPEATABILITY<\/strong><br \/>\nThe Bettersizer ST&#039;s excellent repeatability ensures reliable results. Fast measurements with consistent and reliable results can ease your quality control burden.<\/p>\n<ul>\n<li>Signal transmission system stability<\/li>\n<li>Efficient dispersion system<\/li>\n<li>Automatic routing always keeps the device in optimal condition<\/li>\n<li>Signal acquisition frequency up to 3500 times per second<\/li>\n<\/ul>\n<\/li>\n<li><strong>EFFICIENCY AND DURABILITY<\/strong><br \/>\nThe exceptional durability provided by the Bettersizer ST ensures reliable results. Accurate measurements can be achieved even after the durability test.<\/p>\n<ul>\n<li>Integrated bottom plate molding for device protection<\/li>\n<li>Precise measurements can be achieved even after durability testing<\/li>\n<li>Long service life of the fiber semicircular laser source<\/li>\n<li>Long-lasting circulation tank with Lithuanian steel casting<\/li>\n<li>Power-adjustable ultrasonic dispersion device with dry-running protection<\/li>\n<\/ul>\n<\/li>\n<li><strong>COMPACT DESIGN<\/strong><br \/>\nSave valuable workspace in factories and laboratories with an in-house wet dispersion system. DLOS ensures accurate and reliable results by avoiding bending optics that are prone to line aberrations.<\/p>\n<ul>\n<li>Simple disassembly of the sample cells allows for quick cleaning, which can be easily done without professional tools and excessive cleaning formulas.<\/li>\n<li>The automatic cleaning function for the circulation tank greatly facilitates the maintenance of the device.<\/li>\n<li>The automatic cleaning procedure can be easily adapted to the software.<\/li>\n<\/ul>\n<\/li>\n<li><strong>BENEFITS OF OWNERSHIP<\/strong><br \/>\nSave valuable workspace in factories and laboratories with an in-house wet dispersion system. DLOS ensures accurate and reliable results by avoiding bending optics that are prone to line aberrations.<\/p>\n<ul>\n<li>Affordable price for installing a laser particle size analyzer<\/li>\n<li>Measurement ranges covering most applications can be achieved with DLOS, without the additional cost of a second laser source<\/li>\n<\/ul>\n<\/li>\n<\/ol>\n<h3>Laser Diffraction Particle Size Analyzers \u2013 <a href=\"http:\/\/labostera.lt\/en\/product-brand\/bettersize-instruments-ltd\/\" target=\"_blank\" rel=\"noopener\">Bettersize<\/a><\/h3>\n<p>More information: <a href=\"https:\/\/www.bettersizeinstruments.com\/products\/bettersizer-st-laser-particle-size-analyzer\/\" target=\"_blank\" rel=\"noopener nofollow\">on the manufacturer&#039;s website<\/a> or send us an inquiry!<\/p>","protected":false},"excerpt":{"rendered":"<p>&#8222;Bettersize Instruments Ltd.&#8221; Bettersizer ST lazerinis difrakcijos daleli\u0173 dyd\u017eio analizatorius Bettersizer ST yra automatizuotas lazerin\u0117s difrakcijos daleli\u0173 dyd\u017eio analizatorius, skirtas pramoniniam kokyb\u0117s kontrol\u0117s tikslui. Jo patentuota DLOS (Dual Lens Optical System) u\u017etikrina, kad prietaisas teikt\u0173 nuoseklius ir patikimus daleli\u0173 dyd\u017eio pasiskirstymo rezultatus. SOP (Standartin\u0117 darbo proced\u016bra) ir automatizuotos analiz\u0117s proced\u016bros sukurtos, siekiant jums sutaupyti verting\u0105 [&hellip;]<\/p>\n","protected":false},"featured_media":17537,"template":"","meta":[],"product_cat":[82,76,101],"product_tag":[565,568,567,566,569],"class_list":{"0":"post-17536","1":"product","2":"type-product","3":"status-publish","4":"has-post-thumbnail","6":"product_brand-bettersize-instruments-ltd","7":"product_cat-analitine-iranga","8":"product_cat-laboratorine-iranga","9":"product_cat-medziagu-savybiu-nustatymo-prietaisai","10":"product_tag-bettersize-instruments-ltd","11":"product_tag-daleliu-dydzio-analizatoriai","12":"product_tag-laser-diffraction-analyzers","13":"product_tag-lazeriniai-difrakcijos-analizatoriai","14":"product_tag-particle-size-analyzers","16":"first","17":"onbackorder","18":"shipping-taxable","19":"purchasable","20":"product-type-simple"},"_links":{"self":[{"href":"https:\/\/labostera.lt\/en\/wp-json\/wp\/v2\/product\/17536","targetHints":{"allow":["GET"]}}],"collection":[{"href":"https:\/\/labostera.lt\/en\/wp-json\/wp\/v2\/product"}],"about":[{"href":"https:\/\/labostera.lt\/en\/wp-json\/wp\/v2\/types\/product"}],"wp:featuredmedia":[{"embeddable":true,"href":"https:\/\/labostera.lt\/en\/wp-json\/wp\/v2\/media\/17537"}],"wp:attachment":[{"href":"https:\/\/labostera.lt\/en\/wp-json\/wp\/v2\/media?parent=17536"}],"wp:term":[{"taxonomy":"product_cat","embeddable":true,"href":"https:\/\/labostera.lt\/en\/wp-json\/wp\/v2\/product_cat?post=17536"},{"taxonomy":"product_tag","embeddable":true,"href":"https:\/\/labostera.lt\/en\/wp-json\/wp\/v2\/product_tag?post=17536"}],"curies":[{"name":"wp","href":"https:\/\/api.w.org\/{rel}","templated":true}]}}