{"id":16464,"date":"2023-11-15T08:35:01","date_gmt":"2023-11-15T08:35:01","guid":{"rendered":"http:\/\/labostera.lt\/?post_type=product&#038;p=16464"},"modified":"2024-01-30T14:12:36","modified_gmt":"2024-01-30T12:12:36","slug":"bekontaktis-radaras-seba-hydrometrie-sebapuls-series-non-contact-radar","status":"publish","type":"product","link":"https:\/\/labostera.lt\/en\/priemones-ir-iranga\/laboratorine-iranga\/aplinkotyra\/hidrologine-meteorologine-iranga\/bekontaktis-radaras-seba-hydrometrie-sebapuls-series-non-contact-radar\/","title":{"rendered":"SEBA Hydrometrie SEBAPuls Series Non-Contact Radar"},"content":{"rendered":"<h2><strong>\u201eSEBA Hydrometrie GmbH & Co. KG\u201d SEBAPuls bekontaktis radaras<\/strong><\/h2>\n<p>\u201eSEBA Hydrometrie GmbH & Co. KG\u201d SEBAPuls bekontaktis radaras yra radarinis daviklis, skirtas nekontaktiniam lygio matavimui tekan\u010diuose vandenyse, e\u017eeruose, tvenkiniuose ir sulaikymo baseinuose. \u0160ios \u012frenginio savyb\u0117s apima:<\/p>\n<ul>\n<li>Measurement ranges and accuracy: 0-8 m (\u00b1 5 mm), 0-15 m (\u00b1 2 mm), 0-30 m (\u00b1 2 mm), 0-35 m (\u00b1 2 mm), 0-120 m (\u00b1 5 mm).<\/li>\n<li>Protection class IP 66 \/ IP 68.<\/li>\n<li>With adjustable mounting structure (100mm, 300mm or customized) for installation on bridges, abutments, poles and walkways.<\/li>\n<li>Support with RS 485 (SDI-12, Modbus) or 4-20 mA output signal (optional).<\/li>\n<\/ul>\n<h3>Bekontak\u010diai Radarai \u2013 <a href=\"http:\/\/labostera.lt\/en\/product-brand\/seba-hydrometrie-gmbh-and-co-kg\/\" target=\"_blank\" rel=\"noopener\">SEBA Hydrometrie SEBAPuls Series Non-Contact Radar<\/a>.<\/h3>\n<p>More information: <strong><a href=\"https:\/\/www.seba-hydrometrie.com\/en\/products?tx_sebaproducts_sebaproducts%5Baction%5D=show&tx_sebaproducts_sebaproducts%5Bcontroller%5D=Product&tx_sebaproducts_sebaproducts%5Bprimarycategory%5D=2&tx_sebaproducts_sebaproducts%5Bproduct%5D=43&tx_sebaproducts_sebaproducts%5Bsecondarycategory%5D=2&cHash=24bd68b25822b76500114051e5234339\" target=\"_blank\" rel=\"noopener nofollow\">on the manufacturer&#039;s website<\/a><\/strong> or send us an inquiry!<\/p>","protected":false},"excerpt":{"rendered":"<p><strong>We offer a wide selection of equipment from the German manufacturer SEBA Hydrometrie GmbH &amp; Co. KG<\/strong>, whose company is focused on continuous improvement of product and process efficiency, aiming to offer the best technological solutions to the medical, technical-scientific research and industrial sectors in general.<\/p>","protected":false},"featured_media":16465,"template":"","meta":[],"product_cat":[83,108,76],"product_tag":[425,395,426],"class_list":{"0":"post-16464","1":"product","2":"type-product","3":"status-publish","4":"has-post-thumbnail","6":"product_brand-seba-hydrometrie-gmbh-and-co-kg","7":"product_cat-aplinkotyra","8":"product_cat-hidrologine-meteorologine-iranga","9":"product_cat-laboratorine-iranga","10":"product_tag-pavirsiaus-vandenu-lygio-daviklis","11":"product_tag-seba-hydrometrie-gmbh-co-kg","12":"product_tag-surface-water-level-radar","14":"first","15":"onbackorder","16":"shipping-taxable","17":"purchasable","18":"product-type-variable"},"_links":{"self":[{"href":"https:\/\/labostera.lt\/en\/wp-json\/wp\/v2\/product\/16464","targetHints":{"allow":["GET"]}}],"collection":[{"href":"https:\/\/labostera.lt\/en\/wp-json\/wp\/v2\/product"}],"about":[{"href":"https:\/\/labostera.lt\/en\/wp-json\/wp\/v2\/types\/product"}],"wp:featuredmedia":[{"embeddable":true,"href":"https:\/\/labostera.lt\/en\/wp-json\/wp\/v2\/media\/16465"}],"wp:attachment":[{"href":"https:\/\/labostera.lt\/en\/wp-json\/wp\/v2\/media?parent=16464"}],"wp:term":[{"taxonomy":"product_cat","embeddable":true,"href":"https:\/\/labostera.lt\/en\/wp-json\/wp\/v2\/product_cat?post=16464"},{"taxonomy":"product_tag","embeddable":true,"href":"https:\/\/labostera.lt\/en\/wp-json\/wp\/v2\/product_tag?post=16464"}],"curies":[{"name":"wp","href":"https:\/\/api.w.org\/{rel}","templated":true}]}}