{"id":16463,"date":"2023-11-15T08:29:53","date_gmt":"2023-11-15T08:29:53","guid":{"rendered":"http:\/\/labostera.lt\/?post_type=product&#038;p=16463"},"modified":"2024-01-30T14:12:41","modified_gmt":"2024-01-30T12:12:41","slug":"kampinis-koduotuvas-seba-hydrometrie-levelsense-shaft-encoder","status":"publish","type":"product","link":"https:\/\/labostera.lt\/en\/priemones-ir-iranga\/laboratorine-iranga\/aplinkotyra\/hidrologine-meteorologine-iranga\/kampinis-koduotuvas-seba-hydrometrie-levelsense-shaft-encoder\/","title":{"rendered":"Angular Encoder SEBA Hydrometrie LevelSense Shaft Encoder"},"content":{"rendered":"<h2><strong>\u201eSEBA Hydrometrie GmbH & Co. KG\u201d LevelSense kampinio koduotuvas<\/strong><\/h2>\n<p>\u201eSEBA Hydrometrie GmbH & Co. KG\u201d LevelSense kampinis koduotuvas yra skirtas tiksliai nustatyti vandens lygio svyravimus su pl\u016bdu ir svoriu. \u0160ios \u012frenginio savyb\u0117s apima:<\/p>\n<ul>\n<li>Draugi\u0161kas vartotojo s\u0105saja \u2013 \u0161afto kampinis koduotuvas gali tiksliai nustatyti vandens lygio svyravimus su pl\u016bdu ir svoriu.<\/li>\n<li>Measuring range: 0-15 m with ball chain or 0-100 m with buoy rope.<\/li>\n<li>Measurement accuracy: 2.5 mm (depends on the size of the float).<\/li>\n<li>3-line display, showing current measured values.<\/li>\n<li>Output signals: RS485 (SHWP), SDI-12, MODBUS, 0\/4-20 mA.<\/li>\n<li>Internal 9V backup battery.<\/li>\n<li>Help with integrated data logger: <a href=\"http:\/\/labostera.lt\/en\/produktas\/duomenu-registratorius-seba-hydrometrie-unilog-light-data-logger\/\" target=\"_blank\" rel=\"noopener\">UniLog Light<\/a> ENC (optional).<\/li>\n<\/ul>\n<h3>Kampinis Koduotuvas \u2013 <a href=\"http:\/\/labostera.lt\/en\/product-brand\/seba-hydrometrie-gmbh-and-co-kg\/\" target=\"_blank\" rel=\"noopener\">SEBA Hydrometrie LevelSense Shaft Encoder<\/a>.<\/h3>\n<p>More information: <strong><a href=\"https:\/\/www.seba-hydrometrie.com\/en\/products?tx_sebaproducts_sebaproducts%5Baction%5D=show&tx_sebaproducts_sebaproducts%5Bcontroller%5D=Product&tx_sebaproducts_sebaproducts%5Bprimarycategory%5D=2&tx_sebaproducts_sebaproducts%5Bproduct%5D=44&tx_sebaproducts_sebaproducts%5Bsecondarycategory%5D=2&cHash=0ffb84313fa2de5b6bf14516988f457e\" target=\"_blank\" rel=\"noopener nofollow\">on the manufacturer&#039;s website<\/a><\/strong> or send us an inquiry!<\/p>","protected":false},"excerpt":{"rendered":"<p><strong>We offer a wide selection of equipment from the German manufacturer SEBA Hydrometrie GmbH &amp; Co. KG<\/strong>, whose company is focused on continuous improvement of product and process efficiency, aiming to offer the best technological solutions to the medical, technical-scientific research and industrial sectors in general.<\/p>","protected":false},"featured_media":16462,"template":"","meta":[],"product_cat":[83,108,76],"product_tag":[425,395,424],"class_list":{"0":"post-16463","1":"product","2":"type-product","3":"status-publish","4":"has-post-thumbnail","6":"product_brand-seba-hydrometrie-gmbh-and-co-kg","7":"product_cat-aplinkotyra","8":"product_cat-hidrologine-meteorologine-iranga","9":"product_cat-laboratorine-iranga","10":"product_tag-pavirsiaus-vandenu-lygio-daviklis","11":"product_tag-seba-hydrometrie-gmbh-co-kg","12":"product_tag-surface-water-level-float","14":"first","15":"onbackorder","16":"shipping-taxable","17":"purchasable","18":"product-type-simple"},"_links":{"self":[{"href":"https:\/\/labostera.lt\/en\/wp-json\/wp\/v2\/product\/16463","targetHints":{"allow":["GET"]}}],"collection":[{"href":"https:\/\/labostera.lt\/en\/wp-json\/wp\/v2\/product"}],"about":[{"href":"https:\/\/labostera.lt\/en\/wp-json\/wp\/v2\/types\/product"}],"wp:featuredmedia":[{"embeddable":true,"href":"https:\/\/labostera.lt\/en\/wp-json\/wp\/v2\/media\/16462"}],"wp:attachment":[{"href":"https:\/\/labostera.lt\/en\/wp-json\/wp\/v2\/media?parent=16463"}],"wp:term":[{"taxonomy":"product_cat","embeddable":true,"href":"https:\/\/labostera.lt\/en\/wp-json\/wp\/v2\/product_cat?post=16463"},{"taxonomy":"product_tag","embeddable":true,"href":"https:\/\/labostera.lt\/en\/wp-json\/wp\/v2\/product_tag?post=16463"}],"curies":[{"name":"wp","href":"https:\/\/api.w.org\/{rel}","templated":true}]}}