{"id":7084,"date":"2020-12-30T03:22:01","date_gmt":"2020-12-30T03:22:01","guid":{"rendered":"https:\/\/demo4.drfuri.com\/razzi\/?page_id=7084"},"modified":"2020-12-30T03:22:01","modified_gmt":"2020-12-30T03:22:01","slug":"best-selling","status":"publish","type":"page","link":"https:\/\/labostera.lt\/en\/best-selling\/","title":{"rendered":"Best Selling"},"content":{"rendered":"<div data-elementor-type=\"wp-page\" data-elementor-id=\"7084\" class=\"elementor elementor-7084\">\n\t\t\t\t\t\t<section class=\"elementor-section elementor-top-section elementor-element elementor-element-0197311 elementor-section-boxed elementor-section-height-default elementor-section-height-default\" data-id=\"0197311\" data-element_type=\"section\" data-e-type=\"section\">\n\t\t\t\t\t\t<div class=\"elementor-container elementor-column-gap-default\">\n\t\t\t\t\t<div class=\"elementor-column elementor-col-100 elementor-top-column elementor-element elementor-element-475a50c\" data-id=\"475a50c\" data-element_type=\"column\" data-e-type=\"column\">\n\t\t\t<div class=\"elementor-widget-wrap elementor-element-populated\">\n\t\t\t\t\t\t<div class=\"elementor-element elementor-element-8d741b9 elementor-widget elementor-widget-razzi-products-grid\" data-id=\"8d741b9\" data-element_type=\"widget\" data-e-type=\"widget\" data-settings=\"{&quot;products&quot;:&quot;best_selling&quot;,&quot;per_page&quot;:8,&quot;columns&quot;:4}\" data-widget_type=\"razzi-products-grid.default\">\n\t\t\t\t<div class=\"elementor-widget-container\">\n\t\t\t\t\t\t\t<div class=\"razzi-products-grid woocommerce\">\r\n\t\t\t<div class=\"product-content\"><ul class=\"products columns-4\">\n<li class=\"product type-product post-19530 status-publish first onbackorder product_cat-modeliai-manekenai-muliazai product_cat-mokymo-priemones-ir-iranga product_tag-3d-printed-models product_tag-3d-spausdinti-modeliai product_tag-bronchu-modeliai product_tag-erler-zimmer-gmbh-co-kg product_tag-modeliai product_tag-models has-post-thumbnail shipping-taxable purchasable product-type-simple\">\n\t<a href=\"https:\/\/labostera.lt\/en\/priemones-ir-iranga\/mokymo-priemones-ir-iranga\/modeliai-manekenai-muliazai\/zmogaus-bronchu-3d-modelis-erler-zimmer-human-bronchi-3d-printed-model\/\" class=\"woocommerce-LoopProduct-link woocommerce-loop-product__link\"><img fetchpriority=\"high\" decoding=\"async\" width=\"570\" height=\"570\" src=\"https:\/\/labostera.lt\/wp-content\/uploads\/2024\/02\/Erler-Zimmer-MP1690-570x570.png\" class=\"attachment-woocommerce_thumbnail size-woocommerce_thumbnail\" alt=\"Erler-Zimmer MP1690 \u017dmogaus Bronch\u0173 3D Modelis\" srcset=\"https:\/\/labostera.lt\/wp-content\/uploads\/2024\/02\/Erler-Zimmer-MP1690-570x570.png 570w, https:\/\/labostera.lt\/wp-content\/uploads\/2024\/02\/Erler-Zimmer-MP1690-100x100.png 100w, https:\/\/labostera.lt\/wp-content\/uploads\/2024\/02\/Erler-Zimmer-MP1690-600x600.png 600w, https:\/\/labostera.lt\/wp-content\/uploads\/2024\/02\/Erler-Zimmer-MP1690-300x300.png 300w, https:\/\/labostera.lt\/wp-content\/uploads\/2024\/02\/Erler-Zimmer-MP1690-150x150.png 150w, https:\/\/labostera.lt\/wp-content\/uploads\/2024\/02\/Erler-Zimmer-MP1690-768x768.png 768w, https:\/\/labostera.lt\/wp-content\/uploads\/2024\/02\/Erler-Zimmer-MP1690.png 1000w\" sizes=\"(max-width: 570px) 100vw, 570px\" \/><h2 class=\"woocommerce-loop-product__title\">Human Bronchi 3D Model Erler-Zimmer Human Bronchi 3D Printed Model<\/h2><\/a><\/li>\n<li class=\"product type-product post-21243 status-publish onbackorder product_cat-medicininiai-simuliatoriai product_cat-modeliai-manekenai-muliazai product_cat-mokymo-priemones-ir-iranga product_tag-erler-zimmer-gmbh-co-kg product_tag-kvepavimo-taku-modeliavimo-lentos product_tag-medical-models product_tag-medical-simulators product_tag-medicininiai-modeliai product_tag-medicininiai-simuliatoriai product_tag-modeliai product_tag-models product_tag-simulatoriai product_tag-simulators has-post-thumbnail shipping-taxable purchasable product-type-simple\">\n\t<a href=\"https:\/\/labostera.lt\/en\/priemones-ir-iranga\/mokymo-priemones-ir-iranga\/medicininiai-simuliatoriai\/kvepavimo-taku-modeliavimo-lenta-erler-zimmer-airway-simulation-board\/\" class=\"woocommerce-LoopProduct-link woocommerce-loop-product__link\"><img decoding=\"async\" width=\"570\" height=\"570\" src=\"https:\/\/labostera.lt\/wp-content\/uploads\/2024\/05\/Erler-Zimmer-R10142-570x570.png\" class=\"attachment-woocommerce_thumbnail size-woocommerce_thumbnail\" alt=\"Erler-Zimmer R10142 Kv\u0117pavimo Tak\u0173 Modeliavimo Lenta\" srcset=\"https:\/\/labostera.lt\/wp-content\/uploads\/2024\/05\/Erler-Zimmer-R10142-570x570.png 570w, https:\/\/labostera.lt\/wp-content\/uploads\/2024\/05\/Erler-Zimmer-R10142-100x100.png 100w, https:\/\/labostera.lt\/wp-content\/uploads\/2024\/05\/Erler-Zimmer-R10142-600x600.png 600w, https:\/\/labostera.lt\/wp-content\/uploads\/2024\/05\/Erler-Zimmer-R10142-300x300.png 300w, https:\/\/labostera.lt\/wp-content\/uploads\/2024\/05\/Erler-Zimmer-R10142-150x150.png 150w, https:\/\/labostera.lt\/wp-content\/uploads\/2024\/05\/Erler-Zimmer-R10142-768x768.png 768w, https:\/\/labostera.lt\/wp-content\/uploads\/2024\/05\/Erler-Zimmer-R10142.png 1000w\" sizes=\"(max-width: 570px) 100vw, 570px\" \/><h2 class=\"woocommerce-loop-product__title\">Erler-Zimmer Airway Simulation Board<\/h2><\/a><\/li>\n<li class=\"product type-product post-21442 status-publish onbackorder product_cat-dirvozemio-tyrimo-iranga product_cat-aplinkotyra has-post-thumbnail shipping-taxable product-type-simple\">\n\t<a href=\"https:\/\/labostera.lt\/en\/priemones-ir-iranga\/laboratorine-iranga\/aplinkotyra\/dirvozemio-tyrimo-iranga\/nesiojama-dirvozemio-co2-apykaitos-sistema-srs2000-t\/\" class=\"woocommerce-LoopProduct-link woocommerce-loop-product__link\"><img decoding=\"async\" width=\"450\" height=\"310\" src=\"https:\/\/labostera.lt\/wp-content\/uploads\/2024\/06\/DSCF2494-450x310-1.jpg\" class=\"attachment-woocommerce_thumbnail size-woocommerce_thumbnail\" alt=\"Ne\u0161iojama Dirvo\u017eemio CO2 Apykaitos Sistema SRS2000T\" srcset=\"https:\/\/labostera.lt\/wp-content\/uploads\/2024\/06\/DSCF2494-450x310-1.jpg 450w, https:\/\/labostera.lt\/wp-content\/uploads\/2024\/06\/DSCF2494-450x310-1-300x207.jpg 300w, https:\/\/labostera.lt\/wp-content\/uploads\/2024\/06\/DSCF2494-450x310-1-18x12.jpg 18w\" sizes=\"(max-width: 450px) 100vw, 450px\" \/><h2 class=\"woocommerce-loop-product__title\">Portable Soil CO2 Circulation System SRS2000T<\/h2><\/a><\/li>\n<li class=\"product type-product post-21638 status-publish last instock product_cat-mechaniniu-savybiu-tyrimo-iranga product_cat-medziagotyra has-post-thumbnail shipping-taxable product-type-simple\">\n\t<a href=\"https:\/\/labostera.lt\/en\/priemones-ir-iranga\/laboratorine-iranga\/medziagotyra\/mechaniniu-savybiu-tyrimo-iranga\/daugiafunkcines-dinamines-ir-nuovargio-testavimo-sistemos-lfv\/\" class=\"woocommerce-LoopProduct-link woocommerce-loop-product__link\"><img loading=\"lazy\" decoding=\"async\" width=\"528\" height=\"528\" src=\"https:\/\/labostera.lt\/wp-content\/uploads\/2024\/09\/400_kN_Servohydraulic_Fatigue_Testing_Machine.png\" class=\"attachment-woocommerce_thumbnail size-woocommerce_thumbnail\" alt=\"Daugiafunkcin\u0117s dinamin\u0117s ir nuovargio testavimo sistemos LFV\" srcset=\"https:\/\/labostera.lt\/wp-content\/uploads\/2024\/09\/400_kN_Servohydraulic_Fatigue_Testing_Machine.png 528w, https:\/\/labostera.lt\/wp-content\/uploads\/2024\/09\/400_kN_Servohydraulic_Fatigue_Testing_Machine-100x100.png 100w, https:\/\/labostera.lt\/wp-content\/uploads\/2024\/09\/400_kN_Servohydraulic_Fatigue_Testing_Machine-300x300.png 300w, https:\/\/labostera.lt\/wp-content\/uploads\/2024\/09\/400_kN_Servohydraulic_Fatigue_Testing_Machine-150x150.png 150w, https:\/\/labostera.lt\/wp-content\/uploads\/2024\/09\/400_kN_Servohydraulic_Fatigue_Testing_Machine-12x12.png 12w\" sizes=\"(max-width: 528px) 100vw, 528px\" \/><h2 class=\"woocommerce-loop-product__title\">Multifunctional dynamic and fatigue testing systems LFV<\/h2><\/a><\/li>\n<li class=\"product type-product post-21818 status-publish first instock product_cat-medicinines-priemones-ir-iranga product_cat-priemones-tracheostomijai has-post-thumbnail shipping-taxable product-type-simple\">\n\t<a href=\"https:\/\/labostera.lt\/en\/priemones-ir-iranga\/medicinines-priemones-ir-iranga\/priemones-tracheostomijai\/tracheostominiai-vamzdeliai-tracoe-mini-ped\/\" class=\"woocommerce-LoopProduct-link woocommerce-loop-product__link\"><img loading=\"lazy\" decoding=\"async\" width=\"450\" height=\"450\" src=\"https:\/\/labostera.lt\/wp-content\/uploads\/2024\/11\/Tracoe-Mini.png\" class=\"attachment-woocommerce_thumbnail size-woocommerce_thumbnail\" alt=\"Tracheostominiai vamzdeliai Tracoe Mini Ped\" srcset=\"https:\/\/labostera.lt\/wp-content\/uploads\/2024\/11\/Tracoe-Mini.png 450w, https:\/\/labostera.lt\/wp-content\/uploads\/2024\/11\/Tracoe-Mini-300x300.png 300w, https:\/\/labostera.lt\/wp-content\/uploads\/2024\/11\/Tracoe-Mini-150x150.png 150w, https:\/\/labostera.lt\/wp-content\/uploads\/2024\/11\/Tracoe-Mini-12x12.png 12w, https:\/\/labostera.lt\/wp-content\/uploads\/2024\/11\/Tracoe-Mini-100x100.png 100w\" sizes=\"(max-width: 450px) 100vw, 450px\" \/><h2 class=\"woocommerce-loop-product__title\">Tracheostomy tubes Tracoe Mini Ped<\/h2><\/a><\/li>\n<li class=\"product type-product post-21913 status-publish instock product_cat-mokymo-priemones-ir-iranga product_cat-didaktine-iranga-techniniam-ugdymui has-post-thumbnail shipping-taxable product-type-simple\">\n\t<a href=\"https:\/\/labostera.lt\/en\/priemones-ir-iranga\/mokymo-priemones-ir-iranga\/suspausto-oro-slegio-nuostoliu-tyrimo-irenginys\/\" class=\"woocommerce-LoopProduct-link woocommerce-loop-product__link\"><img loading=\"lazy\" decoding=\"async\" width=\"570\" height=\"494\" src=\"https:\/\/labostera.lt\/wp-content\/uploads\/2024\/12\/49A-ACPL-570x494.jpg\" class=\"attachment-woocommerce_thumbnail size-woocommerce_thumbnail\" alt=\"Suspausto oro sl\u0117gio nuostoli\u0173 tyrimo \u012frenginys ACPL\/EV\" srcset=\"https:\/\/labostera.lt\/wp-content\/uploads\/2024\/12\/49A-ACPL-570x494.jpg 570w, https:\/\/labostera.lt\/wp-content\/uploads\/2024\/12\/49A-ACPL-300x260.jpg 300w, https:\/\/labostera.lt\/wp-content\/uploads\/2024\/12\/49A-ACPL-14x12.jpg 14w, https:\/\/labostera.lt\/wp-content\/uploads\/2024\/12\/49A-ACPL-600x520.jpg 600w, https:\/\/labostera.lt\/wp-content\/uploads\/2024\/12\/49A-ACPL.jpg 701w\" sizes=\"(max-width: 570px) 100vw, 570px\" \/><h2 class=\"woocommerce-loop-product__title\">Compressed air pressure loss testing device ACPL\/EV<\/h2><\/a><\/li>\n<li class=\"product type-product post-22017 status-publish instock product_cat-medziagotyra product_cat-medziagu-testavimo-kameros has-post-thumbnail shipping-taxable product-type-simple\">\n\t<a href=\"https:\/\/labostera.lt\/en\/priemones-ir-iranga\/laboratorine-iranga\/medziagotyra\/atsparumo-lietui-patikros-sistema-ipx-5-6\/\" class=\"woocommerce-LoopProduct-link woocommerce-loop-product__link\"><img loading=\"lazy\" decoding=\"async\" width=\"570\" height=\"428\" src=\"https:\/\/labostera.lt\/wp-content\/uploads\/2025\/02\/IPX-5-6-equipment-570x428.png\" class=\"attachment-woocommerce_thumbnail size-woocommerce_thumbnail\" alt=\"Atsparumo lietui patikros sistema IPX 5-6\" srcset=\"https:\/\/labostera.lt\/wp-content\/uploads\/2025\/02\/IPX-5-6-equipment-570x428.png 570w, https:\/\/labostera.lt\/wp-content\/uploads\/2025\/02\/IPX-5-6-equipment-300x225.png 300w, https:\/\/labostera.lt\/wp-content\/uploads\/2025\/02\/IPX-5-6-equipment-768x576.png 768w, https:\/\/labostera.lt\/wp-content\/uploads\/2025\/02\/IPX-5-6-equipment-16x12.png 16w, https:\/\/labostera.lt\/wp-content\/uploads\/2025\/02\/IPX-5-6-equipment-600x450.png 600w, https:\/\/labostera.lt\/wp-content\/uploads\/2025\/02\/IPX-5-6-equipment.png 800w\" sizes=\"(max-width: 570px) 100vw, 570px\" \/><h2 class=\"woocommerce-loop-product__title\">Rain resistance test system IPX 5-6<\/h2><\/a><\/li>\n<li class=\"product type-product post-14352 status-publish last onbackorder product_cat-bendra-laboratorine-iranga product_cat-industrines-svarstykles product_cat-laboratorine-iranga product_cat-stalines-svarstykles product_cat-svarstykles product_cat-vienetu-skaiciavimo-svarstykles product_tag-bench-scales product_tag-counting-scales product_tag-gram-precision-s-l product_tag-industrial-scales product_tag-industrines-svarstykles product_tag-stalines-svarstykles product_tag-vienetu-skaiciavimo-svarstykles has-post-thumbnail shipping-taxable purchasable product-type-variable\">\n\t<a href=\"https:\/\/labostera.lt\/en\/priemones-ir-iranga\/laboratorine-iranga\/bendra-laboratorine-iranga\/svarstykles\/industrines-svarstykles\/stalines-svarstykles-gram-rk-series-bench-scales\/\" class=\"woocommerce-LoopProduct-link woocommerce-loop-product__link\"><img loading=\"lazy\" decoding=\"async\" width=\"570\" height=\"570\" src=\"https:\/\/labostera.lt\/wp-content\/uploads\/2023\/10\/gram-RK-570x570.jpg\" class=\"attachment-woocommerce_thumbnail size-woocommerce_thumbnail\" alt=\"GRAM RK Stalin\u0117s Svarstykl\u0117s\" srcset=\"https:\/\/labostera.lt\/wp-content\/uploads\/2023\/10\/gram-RK-570x570.jpg 570w, https:\/\/labostera.lt\/wp-content\/uploads\/2023\/10\/gram-RK-100x100.jpg 100w, https:\/\/labostera.lt\/wp-content\/uploads\/2023\/10\/gram-RK-600x600.jpg 600w, https:\/\/labostera.lt\/wp-content\/uploads\/2023\/10\/gram-RK-300x300.jpg 300w, https:\/\/labostera.lt\/wp-content\/uploads\/2023\/10\/gram-RK-150x150.jpg 150w, https:\/\/labostera.lt\/wp-content\/uploads\/2023\/10\/gram-RK-768x768.jpg 768w, https:\/\/labostera.lt\/wp-content\/uploads\/2023\/10\/gram-RK.jpg 1000w\" sizes=\"(max-width: 570px) 100vw, 570px\" \/><h2 class=\"woocommerce-loop-product__title\">GRAM RK Series Bench Scales<\/h2><\/a><\/li>\n<\/ul>\n<\/div><a href=\"#\" class=\"ajax-load-products razzi-button button-larger\" data-page=\"2\" rel=\"nofollow\">\r\n\t\t\t\t\t\t\t\t\t<span class=\"button-text\">Load More<\/span>\r\n\t\t\t\t\t\t\t\t\t<span class=\"dots razzi-gooey\">\r\n\t\t\t\t\t\t\t\t\t\t<span><\/span>\r\n\t\t\t\t\t\t\t\t\t\t<span><\/span>\r\n\t\t\t\t\t\t\t\t\t\t<span><\/span>\r\n\t\t\t\t\t\t\t\t\t<\/span>\r\n\t\t\t\t\t\t\t\t<\/a>\t\t<\/div>\r\n\t\t\t\t\t\t<\/div>\n\t\t\t\t<\/div>\n\t\t\t\t\t<\/div>\n\t\t<\/div>\n\t\t\t\t\t<\/div>\n\t\t<\/section>\n\t\t\t\t<\/div>","protected":false},"excerpt":{"rendered":"<p>NewAdd to cart Quick View Add to wishlist T-Shirts Crew Neck T-shirt &pound;&nbsp;98.96 -9% Add to cart Quick View Add to wishlist Dresses Basic Dress Green &pound;&nbsp;174.30 &pound;&nbsp;158.79 NewAdd to cart Quick View Add to wishlist Kids Hiking Boots &pound;&nbsp;56.87 Add to cart Quick View Add to wishlist Bag Cross Body Mini Bag &pound;&nbsp;29.54 NewAdd [&hellip;]<\/p>\n","protected":false},"author":1,"featured_media":0,"parent":0,"menu_order":0,"comment_status":"closed","ping_status":"closed","template":"","meta":{"footnotes":""},"class_list":["post-7084","page","type-page","status-publish","hentry"],"_links":{"self":[{"href":"https:\/\/labostera.lt\/en\/wp-json\/wp\/v2\/pages\/7084","targetHints":{"allow":["GET"]}}],"collection":[{"href":"https:\/\/labostera.lt\/en\/wp-json\/wp\/v2\/pages"}],"about":[{"href":"https:\/\/labostera.lt\/en\/wp-json\/wp\/v2\/types\/page"}],"author":[{"embeddable":true,"href":"https:\/\/labostera.lt\/en\/wp-json\/wp\/v2\/users\/1"}],"replies":[{"embeddable":true,"href":"https:\/\/labostera.lt\/en\/wp-json\/wp\/v2\/comments?post=7084"}],"version-history":[{"count":0,"href":"https:\/\/labostera.lt\/en\/wp-json\/wp\/v2\/pages\/7084\/revisions"}],"wp:attachment":[{"href":"https:\/\/labostera.lt\/en\/wp-json\/wp\/v2\/media?parent=7084"}],"curies":[{"name":"wp","href":"https:\/\/api.w.org\/{rel}","templated":true}]}}