{"id":17561,"date":"2024-01-11T13:17:41","date_gmt":"2024-01-11T13:17:41","guid":{"rendered":"http:\/\/labostera.lt\/?page_id=17561"},"modified":"2024-01-12T14:06:31","modified_gmt":"2024-01-12T14:06:31","slug":"elementor-17561","status":"publish","type":"page","link":"https:\/\/labostera.lt\/en\/elementor-17561\/","title":{"rendered":"Elementor #17561"},"content":{"rendered":"<div data-elementor-type=\"wp-page\" data-elementor-id=\"17561\" class=\"elementor elementor-17561\">\n\t\t\t\t\t\t<section class=\"elementor-section elementor-top-section elementor-element elementor-element-a66ac4c elementor-section-boxed elementor-section-height-default elementor-section-height-default\" data-id=\"a66ac4c\" data-element_type=\"section\" data-e-type=\"section\">\n\t\t\t\t\t\t<div class=\"elementor-container elementor-column-gap-extended\">\n\t\t\t\t\t<div class=\"elementor-column elementor-col-50 elementor-top-column elementor-element elementor-element-3b71501\" data-id=\"3b71501\" data-element_type=\"column\" data-e-type=\"column\">\n\t\t\t<div class=\"elementor-widget-wrap elementor-element-populated\">\n\t\t\t\t\t\t<div class=\"elementor-element elementor-element-e7a838f elementor-widget elementor-widget-image\" data-id=\"e7a838f\" data-element_type=\"widget\" data-e-type=\"widget\" data-widget_type=\"image.default\">\n\t\t\t\t<div class=\"elementor-widget-container\">\n\t\t\t\t\t\t\t\t\t\t\t\t\t\t\t<img fetchpriority=\"high\" decoding=\"async\" width=\"1000\" height=\"667\" src=\"https:\/\/labostera.lt\/wp-content\/uploads\/2023\/07\/analysis-g14eebe62e_1920-1.jpg\" class=\"attachment-2048x2048 size-2048x2048 wp-image-13701\" alt=\"\" srcset=\"https:\/\/labostera.lt\/wp-content\/uploads\/2023\/07\/analysis-g14eebe62e_1920-1.jpg 1000w, https:\/\/labostera.lt\/wp-content\/uploads\/2023\/07\/analysis-g14eebe62e_1920-1-570x380.jpg 570w, https:\/\/labostera.lt\/wp-content\/uploads\/2023\/07\/analysis-g14eebe62e_1920-1-600x400.jpg 600w, https:\/\/labostera.lt\/wp-content\/uploads\/2023\/07\/analysis-g14eebe62e_1920-1-300x200.jpg 300w, https:\/\/labostera.lt\/wp-content\/uploads\/2023\/07\/analysis-g14eebe62e_1920-1-768x512.jpg 768w\" sizes=\"(max-width: 1000px) 100vw, 1000px\" \/>\t\t\t\t\t\t\t\t\t\t\t\t\t\t\t<\/div>\n\t\t\t\t<\/div>\n\t\t\t\t\t<\/div>\n\t\t<\/div>\n\t\t\t\t<div class=\"elementor-column elementor-col-50 elementor-top-column elementor-element elementor-element-3e762fc\" data-id=\"3e762fc\" data-element_type=\"column\" data-e-type=\"column\">\n\t\t\t<div class=\"elementor-widget-wrap elementor-element-populated\">\n\t\t\t\t\t\t<div class=\"elementor-element elementor-element-356181d elementor-widget elementor-widget-heading\" data-id=\"356181d\" data-element_type=\"widget\" data-e-type=\"widget\" data-widget_type=\"heading.default\">\n\t\t\t\t<div class=\"elementor-widget-container\">\n\t\t\t\t\t<h6 class=\"elementor-heading-title elementor-size-default\">labrador<\/h6>\t\t\t\t<\/div>\n\t\t\t\t<\/div>\n\t\t\t\t<div class=\"elementor-element elementor-element-365f6e7 elementor-widget elementor-widget-heading\" data-id=\"365f6e7\" data-element_type=\"widget\" data-e-type=\"widget\" data-widget_type=\"heading.default\">\n\t\t\t\t<div class=\"elementor-widget-container\">\n\t\t\t\t\t<h3 class=\"elementor-heading-title elementor-size-default\">About us<\/h3>\t\t\t\t<\/div>\n\t\t\t\t<\/div>\n\t\t\t\t<div class=\"elementor-element elementor-element-292af05 elementor-widget elementor-widget-text-editor\" data-id=\"292af05\" data-element_type=\"widget\" data-e-type=\"widget\" data-widget_type=\"text-editor.default\">\n\t\t\t\t<div class=\"elementor-widget-container\">\n\t\t\t\t\t\t\t\t\t<p><strong>Labostera Private Limited Liability Company was established in 2005.<\/strong>\u00a0The company&#039;s main activities are the supply of various laboratory equipment to scientific research, education, healthcare, forensic medicine institutions, industrial enterprises and other institutions in the country. We carry out installation, warranty service and repair of the supplied equipment, provide service services, carry out equipment renovation and automation work. We consult, organize seminars and trainings both in Lithuania and abroad.<\/p><p>\u00a0<\/p>\t\t\t\t\t\t\t\t<\/div>\n\t\t\t\t<\/div>\n\t\t\t\t\t<\/div>\n\t\t<\/div>\n\t\t\t\t\t<\/div>\n\t\t<\/section>\n\t\t\t\t<section class=\"elementor-section elementor-top-section elementor-element elementor-element-173f64f elementor-section-boxed elementor-section-height-default elementor-section-height-default\" data-id=\"173f64f\" data-element_type=\"section\" data-e-type=\"section\">\n\t\t\t\t\t\t<div class=\"elementor-container elementor-column-gap-default\">\n\t\t\t\t\t<div class=\"elementor-column elementor-col-100 elementor-top-column elementor-element elementor-element-63a9eb1\" data-id=\"63a9eb1\" data-element_type=\"column\" data-e-type=\"column\">\n\t\t\t<div class=\"elementor-widget-wrap elementor-element-populated\">\n\t\t\t\t\t\t<div class=\"elementor-element elementor-element-ec81d86 elementor-widget elementor-widget-heading\" data-id=\"ec81d86\" data-element_type=\"widget\" data-e-type=\"widget\" data-widget_type=\"heading.default\">\n\t\t\t\t<div class=\"elementor-widget-container\">\n\t\t\t\t\t<h3 class=\"elementor-heading-title elementor-size-default\">Sectors<br><\/h3>\t\t\t\t<\/div>\n\t\t\t\t<\/div>\n\t\t\t\t\t<\/div>\n\t\t<\/div>\n\t\t\t\t\t<\/div>\n\t\t<\/section>\n\t\t\t\t<section class=\"elementor-section elementor-top-section elementor-element elementor-element-d4c473f elementor-section-boxed elementor-section-height-default elementor-section-height-default\" data-id=\"d4c473f\" data-element_type=\"section\" data-e-type=\"section\">\n\t\t\t\t\t\t<div class=\"elementor-container elementor-column-gap-default\">\n\t\t\t\t\t<div class=\"elementor-column elementor-col-25 elementor-top-column elementor-element elementor-element-7fc8f8e\" data-id=\"7fc8f8e\" data-element_type=\"column\" data-e-type=\"column\">\n\t\t\t<div class=\"elementor-widget-wrap elementor-element-populated\">\n\t\t\t\t\t\t<div class=\"elementor-element elementor-element-f983300 elementor-view-default elementor-position-top elementor-vertical-align-top elementor-widget elementor-widget-razzi-icon-box\" data-id=\"f983300\" data-element_type=\"widget\" data-e-type=\"widget\" data-widget_type=\"razzi-icon-box.default\">\n\t\t\t\t<div class=\"elementor-widget-container\">\n\t\t\t\t\t\t\t<div class=\"razzi-icon-box\">\r\n\t\t\t\t\t\t<div class=\"razzi-icon-box__icon\">\r\n\t\t\t\t<span class=\"razzi-svg-icon razzi-icon__icon elementor-animation-\" >\r\n\t\t\t\t<i aria-hidden=\"true\" class=\"far fa-hospital\"><\/i>\t\t\t\t<\/span>\r\n\t\t\t<\/div>\r\n\t\t\t\t\t\t<div class=\"razzi-icon-box__content\">\r\n\t\t\t\t<div class=\"razzi-icon-box__item\">\r\n\t\t\t\t\t<h5 class=\"razzi-icon-box__title\">\r\n\t\t\t\t\t\t<span  >\r\n\t\t\t\t\t\t\tMedicine\t\t\t\t\t\t<\/span>\r\n\t\t\t\t\t<\/h5>\r\n\t\t\t\t\t\t\t\t\t\t\t<p class=\"razzi-icon-box__description\">\r\n\t\t\t\t\t\t\tInstalling, maintaining and operating healthcare facilities and specialized healthcare equipment according to the specific needs of each client\t\t\t\t\t\t<\/p>\r\n\t\t\t\t\t\t\t\t\t<\/div>\r\n\t\t\t\t\t\t\t<\/div>\r\n\t\t<\/div>\r\n\t\t\t\t\t\t<\/div>\n\t\t\t\t<\/div>\n\t\t\t\t\t<\/div>\n\t\t<\/div>\n\t\t\t\t<div class=\"elementor-column elementor-col-25 elementor-top-column elementor-element elementor-element-106cb0a\" data-id=\"106cb0a\" data-element_type=\"column\" data-e-type=\"column\">\n\t\t\t<div class=\"elementor-widget-wrap elementor-element-populated\">\n\t\t\t\t\t\t<div class=\"elementor-element elementor-element-d274589 elementor-view-default elementor-position-top elementor-vertical-align-top elementor-widget elementor-widget-razzi-icon-box\" data-id=\"d274589\" data-element_type=\"widget\" data-e-type=\"widget\" data-widget_type=\"razzi-icon-box.default\">\n\t\t\t\t<div class=\"elementor-widget-container\">\n\t\t\t\t\t\t\t<div class=\"razzi-icon-box\">\r\n\t\t\t\t\t\t<div class=\"razzi-icon-box__icon\">\r\n\t\t\t\t<span class=\"razzi-svg-icon razzi-icon__icon elementor-animation-\" >\r\n\t\t\t\t<i aria-hidden=\"true\" class=\"fas fa-graduation-cap\"><\/i>\t\t\t\t<\/span>\r\n\t\t\t<\/div>\r\n\t\t\t\t\t\t<div class=\"razzi-icon-box__content\">\r\n\t\t\t\t<div class=\"razzi-icon-box__item\">\r\n\t\t\t\t\t<h5 class=\"razzi-icon-box__title\">\r\n\t\t\t\t\t\t<span  >\r\n\t\t\t\t\t\t\tEducation\t\t\t\t\t\t<\/span>\r\n\t\t\t\t\t<\/h5>\r\n\t\t\t\t\t\t\t\t\t\t\t<p class=\"razzi-icon-box__description\">\r\n\t\t\t\t\t\t\tAssisting our diverse clients in developing educational solutions from the concept of a specific project to further support such as supervision and management\t\t\t\t\t\t<\/p>\r\n\t\t\t\t\t\t\t\t\t<\/div>\r\n\t\t\t\t\t\t\t<\/div>\r\n\t\t<\/div>\r\n\t\t\t\t\t\t<\/div>\n\t\t\t\t<\/div>\n\t\t\t\t\t<\/div>\n\t\t<\/div>\n\t\t\t\t<div class=\"elementor-column elementor-col-25 elementor-top-column elementor-element elementor-element-711e546\" data-id=\"711e546\" data-element_type=\"column\" data-e-type=\"column\">\n\t\t\t<div class=\"elementor-widget-wrap elementor-element-populated\">\n\t\t\t\t\t\t<div class=\"elementor-element elementor-element-39061bb elementor-view-default elementor-position-top elementor-vertical-align-top elementor-widget elementor-widget-razzi-icon-box\" data-id=\"39061bb\" data-element_type=\"widget\" data-e-type=\"widget\" data-widget_type=\"razzi-icon-box.default\">\n\t\t\t\t<div class=\"elementor-widget-container\">\n\t\t\t\t\t\t\t<div class=\"razzi-icon-box\">\r\n\t\t\t\t\t\t<div class=\"razzi-icon-box__icon\">\r\n\t\t\t\t<span class=\"razzi-svg-icon razzi-icon__icon elementor-animation-\" >\r\n\t\t\t\t<i aria-hidden=\"true\" class=\"fas fa-flask\"><\/i>\t\t\t\t<\/span>\r\n\t\t\t<\/div>\r\n\t\t\t\t\t\t<div class=\"razzi-icon-box__content\">\r\n\t\t\t\t<div class=\"razzi-icon-box__item\">\r\n\t\t\t\t\t<h5 class=\"razzi-icon-box__title\">\r\n\t\t\t\t\t\t<span  >\r\n\t\t\t\t\t\t\tLaboratories\t\t\t\t\t\t<\/span>\r\n\t\t\t\t\t<\/h5>\r\n\t\t\t\t\t\t\t\t\t\t\t<p class=\"razzi-icon-box__description\">\r\n\t\t\t\t\t\t\tWe provide our clients with a wide range of solutions \u2013 from turnkey projects to specific customer requests and always provide ongoing support where needed.\t\t\t\t\t\t<\/p>\r\n\t\t\t\t\t\t\t\t\t<\/div>\r\n\t\t\t\t\t\t\t<\/div>\r\n\t\t<\/div>\r\n\t\t\t\t\t\t<\/div>\n\t\t\t\t<\/div>\n\t\t\t\t\t<\/div>\n\t\t<\/div>\n\t\t\t\t<div class=\"elementor-column elementor-col-25 elementor-top-column elementor-element elementor-element-2c23f35\" data-id=\"2c23f35\" data-element_type=\"column\" data-e-type=\"column\">\n\t\t\t<div class=\"elementor-widget-wrap elementor-element-populated\">\n\t\t\t\t\t\t<div class=\"elementor-element elementor-element-875b35c elementor-view-default elementor-position-top elementor-vertical-align-top elementor-widget elementor-widget-razzi-icon-box\" data-id=\"875b35c\" data-element_type=\"widget\" data-e-type=\"widget\" data-widget_type=\"razzi-icon-box.default\">\n\t\t\t\t<div class=\"elementor-widget-container\">\n\t\t\t\t\t\t\t<div class=\"razzi-icon-box\">\r\n\t\t\t\t\t\t<div class=\"razzi-icon-box__icon\">\r\n\t\t\t\t<span class=\"razzi-svg-icon razzi-icon__icon elementor-animation-\" >\r\n\t\t\t\t<i aria-hidden=\"true\" class=\"fas fa-warehouse\"><\/i>\t\t\t\t<\/span>\r\n\t\t\t<\/div>\r\n\t\t\t\t\t\t<div class=\"razzi-icon-box__content\">\r\n\t\t\t\t<div class=\"razzi-icon-box__item\">\r\n\t\t\t\t\t<h5 class=\"razzi-icon-box__title\">\r\n\t\t\t\t\t\t<span  >\r\n\t\t\t\t\t\t\tIndustry\t\t\t\t\t\t<\/span>\r\n\t\t\t\t\t<\/h5>\r\n\t\t\t\t\t\t\t\t\t\t\t<p class=\"razzi-icon-box__description\">\r\n\t\t\t\t\t\t\tLorem ipsum dolor sit amet, consectetur adipiscing elit. Ut elit tellus, luctus nec ullamcorper mattis, pulvinar dapibus leo.\t\t\t\t\t\t<\/p>\r\n\t\t\t\t\t\t\t\t\t<\/div>\r\n\t\t\t\t\t\t\t<\/div>\r\n\t\t<\/div>\r\n\t\t\t\t\t\t<\/div>\n\t\t\t\t<\/div>\n\t\t\t\t\t<\/div>\n\t\t<\/div>\n\t\t\t\t\t<\/div>\n\t\t<\/section>\n\t\t\t\t<\/div>","protected":false},"excerpt":{"rendered":"<p>labostera Apie mus U\u017edaroji akcin\u0117 bendrov\u0117 Labostera \u012fsteigta 2005 metais.\u00a0Bendrov\u0117s pagrindin\u0117s veiklos kryptys yra \u012fvairios laboratorin\u0117s \u012frangos tiekimas mokslini\u0173 tyrim\u0173, mokymo, sveikatos prie\u017ei\u016bros, teismo medicinos \u012fstaigoms, pramon\u0117s \u012fmon\u0117ms ir kitoms \u0161alies institucijoms. Atliekame pateiktos \u012frangos montavim\u0105, garantin\u012f aptarnavim\u0105 ir remont\u0105, teikiame serviso paslaugas, vykdome \u012frengim\u0173 renovacijos ir automatizavimo darbus. Konsultuojame, organizuojame seminarus ir mokymus tiek [&hellip;]<\/p>\n","protected":false},"author":1,"featured_media":0,"parent":0,"menu_order":0,"comment_status":"closed","ping_status":"closed","template":"","meta":{"footnotes":""},"class_list":["post-17561","page","type-page","status-publish","hentry"],"_links":{"self":[{"href":"https:\/\/labostera.lt\/en\/wp-json\/wp\/v2\/pages\/17561","targetHints":{"allow":["GET"]}}],"collection":[{"href":"https:\/\/labostera.lt\/en\/wp-json\/wp\/v2\/pages"}],"about":[{"href":"https:\/\/labostera.lt\/en\/wp-json\/wp\/v2\/types\/page"}],"author":[{"embeddable":true,"href":"https:\/\/labostera.lt\/en\/wp-json\/wp\/v2\/users\/1"}],"replies":[{"embeddable":true,"href":"https:\/\/labostera.lt\/en\/wp-json\/wp\/v2\/comments?post=17561"}],"version-history":[{"count":0,"href":"https:\/\/labostera.lt\/en\/wp-json\/wp\/v2\/pages\/17561\/revisions"}],"wp:attachment":[{"href":"https:\/\/labostera.lt\/en\/wp-json\/wp\/v2\/media?parent=17561"}],"curies":[{"name":"wp","href":"https:\/\/api.w.org\/{rel}","templated":true}]}}